{"id":1302,"date":"2016-04-05T13:33:03","date_gmt":"2016-04-05T13:33:03","guid":{"rendered":"http:\/\/gurusiyagyoga.com\/de\/?page_id=1302"},"modified":"2021-09-08T15:08:32","modified_gmt":"2021-09-08T15:08:32","slug":"wh-is-gsy","status":"publish","type":"page","link":"https:\/\/gurusiyagyoga.org\/de\/wh-is-gsy\/","title":{"rendered":"Was beinhaltet die Praxis von GSY"},"content":{"rendered":"<p style=\"text-align: justify;\"><span style=\"color: #000000;\">Die Praxis des GSY beinhaltet die Rezitation (geistige Wiederholung) eines g\u00f6ttlichen Mantras und Meditation. Guru Siyag initiiert den Suchenden in GSY als seinen Sch\u00fcler, indem er ihm\/ihr ein Mantra \u2013 ein g\u00f6ttliches Wort \u2013 gibt, das lautlos rund um die Uhr wiederholt wird, sowie er auch eine Methode zur Meditation lehrt. Das Wiederholen des Mantras <em>(J\u0101pa)<\/em> geschieht automatisch, wenn es stetig \u00fcber einen gewissen Zeitraum wiederholt wird. Dies ist jedoch direkt vom Grad der Intensit\u00e4t, dem Glauben und der Aufrichtigkeit abh\u00e4ngig, mit dem die Rezitation ausgef\u00fchrt wird. In einigen F\u00e4llen geschieht die automatische Rezitation nach etwas mehr als einer Woche der \u00dcbung, w\u00e4hrend es in einigen anderen F\u00e4llen vierzehn Tage oder sogar einige Monate dauern kann. Neben dem Wiederholen des Mantras, wird vom Sch\u00fcler au\u00dferdem verlangt, f\u00fcr jeweils 15 Minuten, zwei bis drei Mal t\u00e4glich zu meditieren.<\/span><\/p>\n","protected":false},"excerpt":{"rendered":"<p>Die Praxis des GSY beinhaltet die Rezitation (geistige Wiederholung) eines g\u00f6ttlichen Mantras und Meditation. Guru Siyag initiiert den Suchenden in GSY als seinen Sch\u00fcler, indem er ihm\/ihr ein Mantra \u2013 ein g\u00f6ttliches Wort \u2013 gibt, das lautlos rund um die Uhr wiederholt wird, sowie er auch eine Methode zur Meditation lehrt. Das Wiederholen des Mantras (J\u0101pa) geschieht automatisch, wenn es stetig \u00fcber einen gewissen Zeitraum wiederholt wird. Dies ist jedoch direkt vom Grad der Intensit\u00e4t, dem Glauben und der Aufrichtigkeit abh\u00e4ngig, mit dem die Rezitation ausgef\u00fchrt wird. In einigen F\u00e4llen geschieht die automatische Rezitation nach etwas mehr als einer Woche der \u00dcbung, w\u00e4hrend es in einigen anderen F\u00e4llen vierzehn Tage oder sogar einige Monate dauern kann. Neben dem Wiederholen des Mantras, wird vom Sch\u00fcler au\u00dferdem verlangt, f\u00fcr jeweils 15 Minuten, zwei bis drei Mal t\u00e4glich zu meditieren.<\/p>\n","protected":false},"author":1,"featured_media":0,"parent":0,"menu_order":0,"comment_status":"closed","ping_status":"closed","template":"","meta":{"footnotes":""},"class_list":["post-1302","page","type-page","status-publish","hentry"],"aioseo_notices":[],"ams_acf":[],"_links":{"self":[{"href":"https:\/\/gurusiyagyoga.org\/de\/wp-json\/wp\/v2\/pages\/1302","targetHints":{"allow":["GET"]}}],"collection":[{"href":"https:\/\/gurusiyagyoga.org\/de\/wp-json\/wp\/v2\/pages"}],"about":[{"href":"https:\/\/gurusiyagyoga.org\/de\/wp-json\/wp\/v2\/types\/page"}],"author":[{"embeddable":true,"href":"https:\/\/gurusiyagyoga.org\/de\/wp-json\/wp\/v2\/users\/1"}],"replies":[{"embeddable":true,"href":"https:\/\/gurusiyagyoga.org\/de\/wp-json\/wp\/v2\/comments?post=1302"}],"version-history":[{"count":1,"href":"https:\/\/gurusiyagyoga.org\/de\/wp-json\/wp\/v2\/pages\/1302\/revisions"}],"predecessor-version":[{"id":1303,"href":"https:\/\/gurusiyagyoga.org\/de\/wp-json\/wp\/v2\/pages\/1302\/revisions\/1303"}],"wp:attachment":[{"href":"https:\/\/gurusiyagyoga.org\/de\/wp-json\/wp\/v2\/media?parent=1302"}],"curies":[{"name":"wp","href":"https:\/\/api.w.org\/{rel}","templated":true}]}}