{"id":1592,"date":"2026-01-27T10:19:49","date_gmt":"2026-01-27T10:19:49","guid":{"rendered":"https:\/\/gurusiyagyoga.org\/de\/?page_id=1592"},"modified":"2026-02-03T11:07:23","modified_gmt":"2026-02-03T11:07:23","slug":"uniqueness","status":"publish","type":"page","link":"https:\/\/gurusiyagyoga.org\/de\/uniqueness\/","title":{"rendered":"2. Einzigartigkeit"},"content":{"rendered":"<ul style=\"font-weight: 400;\">\n<li>Praktizierende k\u00f6nnen ihren gew\u00fcnschten Lebensstil befolgen. GSY verlangt keine \u00c4nderung des Lebensstils der Praktizierenden.<\/li>\n<li>Es werden keine di\u00e4tetischen Einschr\u00e4nkungen auferlegt.<\/li>\n<li>Guru Siyag hat keinen Moralkodex festgelegt, dem die J\u00fcnger folgen m\u00fcssen. Ein solches System ist nach seiner Ansicht unn\u00f6tig. Guru Siyag sagt, dass, wenn J\u00fcnger die Praxis ernsthaft aus\u00fcben, der Guru in ihnen beginnt, ihnen g\u00f6ttliche F\u00fchrung zu bieten, die ihre spirituelle Evolution f\u00f6rdert.<\/li>\n<li>Die Praxis umfasst keine Rituale, ritualistische Praktiken, Br\u00e4uche oder Opfergaben (Kokosn\u00fcsse, R\u00e4ucherwerk, Blumen usw.).<\/li>\n<li>Ein Suchender an jedem Ort der Welt kann tiefe Meditation erleben, indem er einfach auf das Foto von Guru Siyag meditiert.<\/li>\n<li>Es wird nicht darauf bestanden, dass Suchende ihn pers\u00f6nlich f\u00fcr die Einweihung treffen.<\/li>\n<li>Einweihung \u00fcber Video-\/Audio-CD, TV-Sendung oder Internetvideo ist genauso wirksam wie pers\u00f6nliche Einweihung.<\/li>\n<li>Falls ein Suchender aus irgendeinem Grund (Praktizierender ist ein kleines Kind, bewusstlos oder geistig behindert) nicht in der Lage ist, Guru Siyags Mantra zu chanten und zu meditieren, kann ein anderer eingewiehte naher Verwandter oder Freund f\u00fcr ihn chanten und die Praxis ausf\u00fchren.<\/li>\n<li>Es werden keine Kurse angeboten oder Klassen abgehalten.<\/li>\n<li>Vollst\u00e4ndig kostenlos<\/li>\n<li>Keine Registrierung f\u00fcr GSY erforderlich.<\/li>\n<li>Es werden keine Geschenke in bar oder Sachleistungen von Suchenden f\u00fcr die GSY-Einweihung verlangt.<\/li>\n<li>Es wird seine J\u00fcnger nicht daran gehindert, nach der Einweihung anderen Gurus oder Praktiken zu folgen. F\u00fcr weitere Fragen per E-Mail <a href=\"mailto:gssyworld@gmail.com\">gssyworld@gmail.com<\/a>, WhatsApp (+91) 9468623528 oder Anruf (+91)8369754399<\/li>\n<li>Es werden keine religi\u00f6sen Predigten gehalten. Er erkl\u00e4rt nur die Philosophie von GSY.<\/li>\n<li>Es werden keine Medikamente, Kr\u00e4uter oder Produkte jeglicher Art verkauft\/angeboten.<\/li>\n<li>Suchende jeder Rasse, Religion, Nationalit\u00e4t, Kaste, Glaubensrichtung oder Geschlechts sind in die GSY-Gemeinschaft willkommen.<\/li>\n<\/ul>\n","protected":false},"excerpt":{"rendered":"<p>Praktizierende k\u00f6nnen ihren gew\u00fcnschten Lebensstil befolgen. GSY verlangt keine \u00c4nderung des Lebensstils der Praktizierenden. Es werden keine di\u00e4tetischen Einschr\u00e4nkungen auferlegt. Guru Siyag hat keinen Moralkodex festgelegt, dem die J\u00fcnger folgen m\u00fcssen. Ein solches System ist nach seiner Ansicht unn\u00f6tig. Guru Siyag sagt, dass, wenn J\u00fcnger die Praxis ernsthaft aus\u00fcben, der Guru in ihnen beginnt, ihnen g\u00f6ttliche F\u00fchrung zu bieten, die ihre spirituelle Evolution f\u00f6rdert. Die Praxis umfasst keine Rituale, ritualistische Praktiken, Br\u00e4uche oder Opfergaben (Kokosn\u00fcsse, R\u00e4ucherwerk, Blumen usw.). Ein Suchender an jedem Ort der Welt kann tiefe Meditation erleben, indem er einfach auf das Foto von Guru Siyag meditiert. Es wird nicht darauf bestanden, dass Suchende ihn pers\u00f6nlich f\u00fcr die Einweihung treffen. Einweihung \u00fcber Video-\/Audio-CD, TV-Sendung oder Internetvideo ist genauso wirksam wie pers\u00f6nliche Einweihung. Falls ein Suchender aus irgendeinem Grund (Praktizierender ist ein kleines Kind, bewusstlos oder geistig behindert) nicht in der Lage ist, Guru Siyags Mantra zu chanten und zu meditieren, kann ein anderer eingewiehte naher Verwandter oder Freund f\u00fcr ihn chanten und die Praxis ausf\u00fchren. Es werden keine Kurse angeboten oder Klassen abgehalten. Vollst\u00e4ndig kostenlos Keine Registrierung f\u00fcr GSY erforderlich. Es werden keine Geschenke in bar oder Sachleistungen von Suchenden f\u00fcr die GSY-Einweihung verlangt. Es wird seine J\u00fcnger nicht daran gehindert, nach der Einweihung anderen Gurus oder Praktiken zu folgen. F\u00fcr weitere Fragen per E-Mail gssyworld@gmail.com, WhatsApp (+91) 9468623528 oder Anruf (+91)8369754399 Es werden keine religi\u00f6sen Predigten gehalten. Er erkl\u00e4rt nur die Philosophie von GSY. Es werden keine Medikamente, Kr\u00e4uter oder Produkte jeglicher Art verkauft\/angeboten. Suchende jeder Rasse, Religion, Nationalit\u00e4t, Kaste, Glaubensrichtung oder Geschlechts sind in die GSY-Gemeinschaft willkommen.<\/p>\n","protected":false},"author":2,"featured_media":0,"parent":0,"menu_order":0,"comment_status":"closed","ping_status":"closed","template":"","meta":{"footnotes":""},"class_list":["post-1592","page","type-page","status-publish","hentry"],"aioseo_notices":[],"ams_acf":[],"_links":{"self":[{"href":"https:\/\/gurusiyagyoga.org\/de\/wp-json\/wp\/v2\/pages\/1592","targetHints":{"allow":["GET"]}}],"collection":[{"href":"https:\/\/gurusiyagyoga.org\/de\/wp-json\/wp\/v2\/pages"}],"about":[{"href":"https:\/\/gurusiyagyoga.org\/de\/wp-json\/wp\/v2\/types\/page"}],"author":[{"embeddable":true,"href":"https:\/\/gurusiyagyoga.org\/de\/wp-json\/wp\/v2\/users\/2"}],"replies":[{"embeddable":true,"href":"https:\/\/gurusiyagyoga.org\/de\/wp-json\/wp\/v2\/comments?post=1592"}],"version-history":[{"count":2,"href":"https:\/\/gurusiyagyoga.org\/de\/wp-json\/wp\/v2\/pages\/1592\/revisions"}],"predecessor-version":[{"id":1641,"href":"https:\/\/gurusiyagyoga.org\/de\/wp-json\/wp\/v2\/pages\/1592\/revisions\/1641"}],"wp:attachment":[{"href":"https:\/\/gurusiyagyoga.org\/de\/wp-json\/wp\/v2\/media?parent=1592"}],"curies":[{"name":"wp","href":"https:\/\/api.w.org\/{rel}","templated":true}]}}