{"id":1609,"date":"2026-01-27T10:37:43","date_gmt":"2026-01-27T10:37:43","guid":{"rendered":"https:\/\/gurusiyagyoga.org\/de\/?page_id=1609"},"modified":"2026-02-03T11:20:12","modified_gmt":"2026-02-03T11:20:12","slug":"brief","status":"publish","type":"page","link":"https:\/\/gurusiyagyoga.org\/de\/brief\/","title":{"rendered":"6.1 GSY im \u00dcberblick"},"content":{"rendered":"<p style=\"font-weight: 400;\"><strong>Botschaft an die Jugend<\/strong><\/p>\n<p style=\"font-weight: 400;\">Kindheit oder Jugend ist die richtige Zeit, um eure spirituelle Reise zu beginnen. Eine spirituelle Transformation in jungem Alter ist notwendig. Fast 90 Prozent meiner Sch\u00fcler sind junge Menschen.<\/p>\n<p style=\"font-weight: 400;\">Ich bin fest davon \u00fcberzeugt, dass eine spirituelle Revolution (Erweckung) in der Welt nicht stattfinden kann, solange die Jugend nicht spirituell bewusst wird. Die Jugend wird die Transformation in die Welt bringen. Sie hat es in der Vergangenheit getan und wird es in der Zukunft tun.<\/p>\n<p style=\"font-weight: 400;\">\n<p style=\"font-weight: 400;\"><strong>Was ist GSY?<\/strong><\/p>\n<p style=\"font-weight: 400;\">Die Praxis von GSY stammt aus einer alten Form des Yoga, bekannt als \u201eSiddha Yoga\u201c. Aufgrund der vielen Yoga-Schulen, die im Westen wie Pilze aus dem Boden schie\u00dfen, wird der Begriff \u201eYoga\u201c heute oft mit k\u00f6rperlicher \u00dcbung oder einer Methode zur St\u00e4rkung des K\u00f6rpers gleichgesetzt. Tats\u00e4chlich bezieht sich \u201eYoga\u201c jedoch auf eine \u201eVereinigung mit dem H\u00f6chsten\u201c. Das Wort \u201eSiddha\u201c bedeutet \u201evollst\u00e4ndig\u201c, \u201evollendet\u201c oder \u201eerm\u00e4chtigt\u201c. Siddha Yoga ist der Weg, durch den Yoga (Vereinigung) m\u00fchelos erreicht werden kann. Dieses Yoga kann nur durch die Gnade des Siddha (Vollendeten) Gurus verwirklicht werden, ohne jegliche Anstrengung des Sch\u00fclers.<\/p>\n<p style=\"font-weight: 400;\">Siddha Yoga wurde der Menschheit von der alten Nath-Sekte der Yoga-Tradition geschenkt. Der alte Weise Matsyendra Nath erlangte vor Tausenden von Jahren direkt von Lord Shiva im himmlischen Aufenthalt in den Himalayas das Wissen \u00fcber Yoga. Lord Shiva wies Matsyendra Nath an, dieses Yoga-Wissen der gesamten Menschheit f\u00fcr ihre spirituelle Evolution zu vermitteln. Seitdem wird dieses System voller Wissen und Weisheit durch die Guru-Sch\u00fcler-Tradition von Generation zu Generation weitergegeben. Es ist so umfassend, dass es alle Yoga-Systeme wie Bhakti Yoga, Karma Yoga, Raj Yoga, Kriya Yoga, Gyan Yoga, Laya Yoga, Bhava Yoga, Hatha Yoga usw. integriert. Daher wird es auch Purna Yoga (vollst\u00e4ndiges Yoga) oder Maha Yoga (gro\u00dfes Yoga) genannt.<\/p>\n<p style=\"font-weight: 400;\">Siddha Yoga ist der Weg, durch den Yoga (Vereinigung) m\u00fchelos erreicht werden kann. Dieses Yoga kann nur durch die Gnade des Siddha (Vollendeten) Gurus verwirklicht werden, ohne bewusste Anstrengung des Sch\u00fclers. \u201eM\u00fchelos\u201c bedeutet hier, dass der Sch\u00fcler nur die Praxis ausf\u00fchren muss, ohne spezifische Ziele zu setzen. Die spirituelle Transformation geschieht von selbst.<\/p>\n<p style=\"font-weight: 400;\">\n<p style=\"font-weight: 400;\"><strong>Was umfasst die Praxis von GSY?<\/strong><\/p>\n<p style=\"font-weight: 400;\">Die GSY-Praxis umfasst das Chanten (mentales Wiederholen) eines g\u00f6ttlichen Mantras und Meditation. Guru Siyag initiiert einen Sucher in GSY als seinen Sch\u00fcler, indem er ihm\/ihre ein Mantra \u2013 ein g\u00f6ttliches Wort \u2013 zum st\u00e4ndigen stillen Chanten rund um die Uhr gibt und eine Meditationsmethode lehrt. Das Chanten (Japa) des Mantras wird unwillk\u00fcrlich, wenn es \u00fcber eine gewisse Zeit konstant wiederholt wird. Dies h\u00e4ngt jedoch direkt vom Grad an Intensit\u00e4t, Glauben und Aufrichtigkeit ab, mit dem gechantet wird. In manchen F\u00e4llen wird das Chanten nach etwas mehr als einer Woche unwillk\u00fcrlich, in anderen nach zwei Wochen oder sogar Monaten. Neben dem Mantra-Chanten muss der Sch\u00fcler 15 Minuten zweimal bis dreimal t\u00e4glich meditieren. Meditation und Chanten erwecken zusammen die schlafende Kundalini, eine Energiekraft im K\u00f6rper des Praktizierenden, die unwillk\u00fcrliche Yoga-Asanas, Kriya, Bandhas, Pranayama und Mudras ausl\u00f6st.<\/p>\n<p style=\"font-weight: 400;\">\n<p style=\"font-weight: 400;\"><strong>Bedeutung von GSY<\/strong><\/p>\n<p style=\"font-weight: 400;\">Wir bringen einen kleinen Auszug aus Gurudevs Rede von 1999. Hier spricht er dar\u00fcber, was Yoga ist, insbesondere die Geschichte und Wirkungen seiner Yoga-Sekte, Siddha Yoga. Am Ende seine Botschaft an die Jugend und wie sie durch Yoga eine Transformation herbeif\u00fchren wird.\u00a0Guru Siyag \u00fcber Yoga\u00a0\u201eWie definieren Sie Yoga? Der Weise Patanjali definiert in der zweiten Aforisme seiner Abhandlung \u201aYoga Sutra\u2018 Yoga einfach als \u201aNeutralisierung der inneren Tendenzen des Geistes, genannt Vrittis\u2018. Solange der Geist, der unstet ist und ziellos umherl\u00e4uft, nicht ruhig und stabil wird, kann der Sucher weder meditieren noch Yoga (Vereinigung mit dem h\u00f6chsten Bewusstsein) erleben. In der Praxis des Siddha Yoga, von dem ich spreche, ist es der Guru, der den Geist des Sch\u00fclers subtil davon abh\u00e4lt, abzuschweifen, ihn beruhigt und gedankenfrei macht.<\/p>\n<p style=\"font-weight: 400;\">Die Nath-Sekte der Yoga-Tradition, der wir folgen (durch Siddha Yoga), wird von neun unsterblichen Nath (asketischen Yogis) gef\u00fchrt. Machhindra Nathji war der Erste im Pantheon gro\u00dfer Gurus, als die aktuelle Epoche des Kaliyuga vor Millionen von Jahren begann.<\/p>\n<p style=\"font-weight: 400;\">Gorakhnathji war einer der Sch\u00fcler von Machhindranathji. Gorakhnathji verglich die Veden mit dem Kalpataru (mythischer Wunsch erf\u00fcllender Baum) und beschrieb Yoga als \u201adie unsterbliche Frucht der Veden\u2018. Die Siddha-Yoga-Praxis befreit den Praktizierenden von einem Triumvirat von Leiden: physisch, mental und spirituell. Es gibt keine Leiden jenseits dieser drei breiten Kategorien. Siddha Yoga hat Hunderttausende von Praktizierenden von allen Arten physischer Krankheiten befreit.<br \/>\nDiese Transformation (durch Beseitigung des dreifachen Leids) basiert auf einer greifbaren Philosophie. Sie ist keine Fantasie kreativer Einbildung. Ich wei\u00df, dass einige Menschen Fiktion in yogische Philosophie einflie\u00dfen lassen, weil ihr Rat rein theoretisch ist und praktische Erfahrung fehlt. Manche \u201aGurus\u2018 gehen sogar so weit zu sagen, Kundalini k\u00f6nne durch 20 Jahre Yoga-Praxis erweckt werden! Darauf sage ich: Was ist die Garantie, dass ein Guru und sein Sch\u00fcler 20 Jahre leben? Warum 20 Jahre schuften f\u00fcr etwas, das man heute erreichen kann? Warum nicht hier und jetzt spirituelles Bewusstsein erlangen? Dieses Gerede von 20 Jahren ist purer Unsinn.<\/p>\n<p style=\"font-weight: 400;\">\n<p style=\"font-weight: 400;\"><strong>Wer ist ein Guru?<\/strong><\/p>\n<p style=\"font-weight: 400;\">Ein Guru ist nicht nur die Person, die du in einem sterblichen K\u00f6rper siehst. Sein sterblicher K\u00f6rper wird welken und enden. Aber der Guru ist die g\u00f6ttliche Kraft, die nie stirbt; er ist ewig und zeitlos. Der Guru w\u00e4chst im Inneren (in den Tiefen des Bewusstseins des Suchers). In der yogischen Wissenschaft haben Zeit und Raum keinen Wert. Du bist in mir; und ich bin in dir. Wann immer du an mich denkst, findest du mich in dir. Wenn ein Guru echt ist, ist er allgegenw\u00e4rtig \u2013 er ist gleichzeitig \u00fcberall; er ist nicht durch Grenzen von Zeit und Raum eingeschr\u00e4nkt.<\/p>\n","protected":false},"excerpt":{"rendered":"<p>Botschaft an die Jugend Kindheit oder Jugend ist die richtige Zeit, um eure spirituelle Reise zu beginnen. Eine spirituelle Transformation in jungem Alter ist notwendig. Fast 90 Prozent meiner Sch\u00fcler sind junge Menschen. Ich bin fest davon \u00fcberzeugt, dass eine spirituelle Revolution (Erweckung) in der Welt nicht stattfinden kann, solange die Jugend nicht spirituell bewusst wird. Die Jugend wird die Transformation in die Welt bringen. Sie hat es in der Vergangenheit getan und wird es in der Zukunft tun. Was ist GSY? Die Praxis von GSY stammt aus einer alten Form des Yoga, bekannt als \u201eSiddha Yoga\u201c. Aufgrund der vielen Yoga-Schulen, die im Westen wie Pilze aus dem Boden schie\u00dfen, wird der Begriff \u201eYoga\u201c heute oft mit k\u00f6rperlicher \u00dcbung oder einer Methode zur St\u00e4rkung des K\u00f6rpers gleichgesetzt. Tats\u00e4chlich bezieht sich \u201eYoga\u201c jedoch auf eine \u201eVereinigung mit dem H\u00f6chsten\u201c. Das Wort \u201eSiddha\u201c bedeutet \u201evollst\u00e4ndig\u201c, \u201evollendet\u201c oder \u201eerm\u00e4chtigt\u201c. Siddha Yoga ist der Weg, durch den Yoga (Vereinigung) m\u00fchelos erreicht werden kann. Dieses Yoga kann nur durch die Gnade des Siddha (Vollendeten) Gurus verwirklicht werden, ohne jegliche Anstrengung des Sch\u00fclers. Siddha Yoga wurde der Menschheit von der alten Nath-Sekte der Yoga-Tradition geschenkt. Der alte Weise Matsyendra Nath erlangte vor Tausenden von Jahren direkt von Lord Shiva im himmlischen Aufenthalt in den Himalayas das Wissen \u00fcber Yoga. Lord Shiva wies Matsyendra Nath an, dieses Yoga-Wissen der gesamten Menschheit f\u00fcr ihre spirituelle Evolution zu vermitteln. Seitdem wird dieses System voller Wissen und Weisheit durch die Guru-Sch\u00fcler-Tradition von Generation zu Generation weitergegeben. Es ist so umfassend, dass es alle Yoga-Systeme wie Bhakti Yoga, Karma Yoga, Raj Yoga, Kriya Yoga, Gyan Yoga, Laya Yoga, Bhava Yoga, Hatha Yoga usw. integriert. Daher wird es auch Purna Yoga (vollst\u00e4ndiges Yoga) oder Maha Yoga (gro\u00dfes Yoga) genannt. Siddha Yoga ist der Weg, durch den Yoga (Vereinigung) m\u00fchelos erreicht werden kann. Dieses Yoga kann nur durch die Gnade des Siddha (Vollendeten) Gurus verwirklicht werden, ohne bewusste Anstrengung des Sch\u00fclers. \u201eM\u00fchelos\u201c bedeutet hier, dass der Sch\u00fcler nur die Praxis ausf\u00fchren muss, ohne spezifische Ziele zu setzen. Die spirituelle Transformation geschieht von selbst. Was umfasst die Praxis von GSY? Die GSY-Praxis umfasst das Chanten (mentales Wiederholen) eines g\u00f6ttlichen Mantras und Meditation. Guru Siyag initiiert einen Sucher in GSY als seinen Sch\u00fcler, indem er ihm\/ihre ein Mantra \u2013 ein g\u00f6ttliches Wort \u2013 zum st\u00e4ndigen stillen Chanten rund um die Uhr gibt und eine Meditationsmethode lehrt. Das Chanten (Japa) des Mantras wird unwillk\u00fcrlich, wenn es \u00fcber eine gewisse Zeit konstant wiederholt wird. Dies h\u00e4ngt jedoch direkt vom Grad an Intensit\u00e4t, Glauben und Aufrichtigkeit ab, mit dem gechantet wird. In manchen F\u00e4llen wird das Chanten nach etwas mehr als einer Woche unwillk\u00fcrlich, in anderen nach zwei Wochen oder sogar Monaten. Neben dem Mantra-Chanten muss der Sch\u00fcler 15 Minuten zweimal bis dreimal t\u00e4glich meditieren. Meditation und Chanten erwecken zusammen die schlafende Kundalini, eine Energiekraft im K\u00f6rper des Praktizierenden, die unwillk\u00fcrliche Yoga-Asanas, Kriya, Bandhas, Pranayama und Mudras ausl\u00f6st. Bedeutung von GSY Wir bringen einen kleinen Auszug aus Gurudevs Rede von 1999. Hier spricht er dar\u00fcber, was Yoga ist, insbesondere die Geschichte und Wirkungen seiner Yoga-Sekte, Siddha Yoga. Am Ende seine Botschaft an die Jugend und wie sie durch Yoga eine Transformation herbeif\u00fchren wird.\u00a0Guru Siyag \u00fcber Yoga\u00a0\u201eWie definieren Sie Yoga? Der Weise Patanjali definiert in der zweiten Aforisme seiner Abhandlung \u201aYoga Sutra\u2018 Yoga einfach als \u201aNeutralisierung der inneren Tendenzen des Geistes, genannt Vrittis\u2018. Solange der Geist, der unstet ist und ziellos umherl\u00e4uft, nicht ruhig und stabil wird, kann der Sucher weder meditieren noch Yoga (Vereinigung mit dem h\u00f6chsten Bewusstsein) erleben. In der Praxis des Siddha Yoga, von dem ich spreche, ist es der Guru, der den Geist des Sch\u00fclers subtil davon abh\u00e4lt, abzuschweifen, ihn beruhigt und gedankenfrei macht. Die Nath-Sekte der Yoga-Tradition, der wir folgen (durch Siddha Yoga), wird von neun unsterblichen Nath (asketischen Yogis) gef\u00fchrt. Machhindra Nathji war der Erste im Pantheon gro\u00dfer Gurus, als die aktuelle Epoche des Kaliyuga vor Millionen von Jahren begann. Gorakhnathji war einer der Sch\u00fcler von Machhindranathji. Gorakhnathji verglich die Veden mit dem Kalpataru (mythischer Wunsch erf\u00fcllender Baum) und beschrieb Yoga als \u201adie unsterbliche Frucht der Veden\u2018. Die Siddha-Yoga-Praxis befreit den Praktizierenden von einem Triumvirat von Leiden: physisch, mental und spirituell. Es gibt keine Leiden jenseits dieser drei breiten Kategorien. Siddha Yoga hat Hunderttausende von Praktizierenden von allen Arten physischer Krankheiten befreit. Diese Transformation (durch Beseitigung des dreifachen Leids) basiert auf einer greifbaren Philosophie. Sie ist keine Fantasie kreativer Einbildung. Ich wei\u00df, dass einige Menschen Fiktion in yogische Philosophie einflie\u00dfen lassen, weil ihr Rat rein theoretisch ist und praktische Erfahrung fehlt. Manche \u201aGurus\u2018 gehen sogar so weit zu sagen, Kundalini k\u00f6nne durch 20 Jahre Yoga-Praxis erweckt werden! Darauf sage ich: Was ist die Garantie, dass ein Guru und sein Sch\u00fcler 20 Jahre leben? Warum 20 Jahre schuften f\u00fcr etwas, das man heute erreichen kann? Warum nicht hier und jetzt spirituelles Bewusstsein erlangen? Dieses Gerede von 20 Jahren ist purer Unsinn. Wer ist ein Guru? Ein Guru ist nicht nur die Person, die du in einem sterblichen K\u00f6rper siehst. Sein sterblicher K\u00f6rper wird welken und enden. Aber der Guru ist die g\u00f6ttliche Kraft, die nie stirbt; er ist ewig und zeitlos. Der Guru w\u00e4chst im Inneren (in den Tiefen des Bewusstseins des Suchers). In der yogischen Wissenschaft haben Zeit und Raum keinen Wert. Du bist in mir; und ich bin in dir. Wann immer du an mich denkst, findest du mich in dir. Wenn ein Guru echt ist, ist er allgegenw\u00e4rtig \u2013 er ist gleichzeitig \u00fcberall; er ist nicht durch Grenzen von Zeit und Raum eingeschr\u00e4nkt.<\/p>\n","protected":false},"author":2,"featured_media":0,"parent":0,"menu_order":0,"comment_status":"closed","ping_status":"closed","template":"","meta":{"footnotes":""},"class_list":["post-1609","page","type-page","status-publish","hentry"],"aioseo_notices":[],"ams_acf":[],"_links":{"self":[{"href":"https:\/\/gurusiyagyoga.org\/de\/wp-json\/wp\/v2\/pages\/1609","targetHints":{"allow":["GET"]}}],"collection":[{"href":"https:\/\/gurusiyagyoga.org\/de\/wp-json\/wp\/v2\/pages"}],"about":[{"href":"https:\/\/gurusiyagyoga.org\/de\/wp-json\/wp\/v2\/types\/page"}],"author":[{"embeddable":true,"href":"https:\/\/gurusiyagyoga.org\/de\/wp-json\/wp\/v2\/users\/2"}],"replies":[{"embeddable":true,"href":"https:\/\/gurusiyagyoga.org\/de\/wp-json\/wp\/v2\/comments?post=1609"}],"version-history":[{"count":2,"href":"https:\/\/gurusiyagyoga.org\/de\/wp-json\/wp\/v2\/pages\/1609\/revisions"}],"predecessor-version":[{"id":1650,"href":"https:\/\/gurusiyagyoga.org\/de\/wp-json\/wp\/v2\/pages\/1609\/revisions\/1650"}],"wp:attachment":[{"href":"https:\/\/gurusiyagyoga.org\/de\/wp-json\/wp\/v2\/media?parent=1609"}],"curies":[{"name":"wp","href":"https:\/\/api.w.org\/{rel}","templated":true}]}}