{"id":1613,"date":"2026-01-27T10:38:57","date_gmt":"2026-01-27T10:38:57","guid":{"rendered":"https:\/\/gurusiyagyoga.org\/de\/?page_id=1613"},"modified":"2026-02-03T11:22:39","modified_gmt":"2026-02-03T11:22:39","slug":"shaktipat","status":"publish","type":"page","link":"https:\/\/gurusiyagyoga.org\/de\/shaktipat\/","title":{"rendered":"6.3 Shaktipat-Einweihung"},"content":{"rendered":"<p style=\"font-weight: 400;\">Guru Siyag leitet seine Sch\u00fcler in sein Siddha Yoga ein, indem er ihre Kundalini durch einen Einweihungsprozess namens Shaktipat Diksha erweckt. Es gibt vier Wege, auf denen ein Siddha Guru Shaktipat vermittelt: durch physische Ber\u00fchrung, durch Blick, g\u00f6ttliches Wort und festen Willen. Guru Siyag bietet Diksha durch ein g\u00f6ttliches Wort (Mantra) an.<\/p>\n<p style=\"font-weight: 400;\">Shaktipat ist ein Sanskrit-Begriff, der zwei W\u00f6rter kombiniert \u2013 Shakti (weibliche g\u00f6ttliche Energie) und Pat (fallen). Shaktipat bedeutet w\u00f6rtlich \u00dcbergang g\u00f6ttlicher Energie. Yogische Praktizierende interpretieren Shaktipat oft als \u00dcbertragung der g\u00f6ttlichen Energie des Gurus in den K\u00f6rper des Suchenden. Laut Guru Siyag ist dies ein begrenztes Verst\u00e4ndnis des Prozesses. Dies liegt daran, dass es in yogischen Schriften ein anerkanntes Faktum ist, dass die Kundalini in jedem menschlichen K\u00f6rper vorhanden ist, auch wenn sie schlafend liegt. Daher gibt es keine Frage einer \u00dcbertragung von Shakti von einer Person zur anderen. Im Shaktipat wirkt der Guru lediglich als Katalysator, indem er seine g\u00f6ttliche Kraft nutzt, um die Kundalini zu erwecken.<\/p>\n<p style=\"font-weight: 400;\">Wie Guru Siyag erkl\u00e4rt: \u201eEs ist nicht so, als ob der Guru etwas in den K\u00f6rper des Suchenden gie\u00dft. Die Methode der Diksha, die ich anwende, wurde der Menschheit von der Nath-Sekte in der yogischen Tradition geschenkt. Sie hei\u00dft \u201aShaktipat\u2018. Shaktipat bedeutet nicht, dass der Suchende eine externe Kraft durch den Guru erh\u00e4lt (wie allgemein geglaubt wird). Um eine einfache Analogie zu verwenden: Shaktipat ist wie das Anz\u00fcnden einer unbeleuchteten Lampe mit einer brennenden Lampe. Du bist wie die unbeleuchtete Lampe, die alles hat \u2013 Docht und \u00d6l. Du brauchst nur eine andere brennende Quelle, um die Flamme in deiner Lampe zu entz\u00fcnden. Sobald du dich der brennenden Quelle anschlie\u00dft, wirst du selbst zum Licht. So kann ich den Shaktipat-Prozess in groben Z\u00fcgen beschreiben.\u201c<\/p>\n<p style=\"font-weight: 400;\">Shaktipat ist eine Tat ungeheurer Gnade (Anugraha) seitens des Gurus. Guru Siyag sagt, dass menschliche Handlungen immer eine gewisse Motivation haben, w\u00e4hrend Shaktipat absolut keine Absicht tr\u00e4gt. F\u00fcr weitere Anfragen per E-Mail an <a href=\"mailto:gssyworld@gmail.com\">gssyworld@gmail.com<\/a>, WhatsApp (+91) 9468623528 oder Anruf (+91) 8369754399.<\/p>\n<p style=\"font-weight: 400;\"><strong>Verschiedene Methoden des Shaktipat<\/strong><\/p>\n<p style=\"font-weight: 400;\">Ein Siddha Guru kann Shaktipat durch eine der folgenden vier Methoden durchf\u00fchren:<\/p>\n<ul style=\"font-weight: 400;\">\n<li><strong>Physische Ber\u00fchrung:<\/strong> Ein Siddha Guru kann die Kundalini durch einfaches Ber\u00fchren eines Suchenden erwecken. Er kann dies tun, indem er seine Hand auf den Kopf des Suchenden legt oder das Ajnachakra oder Muladhara (Basis der Wirbels\u00e4ule) ber\u00fchrt. Laut dem mythologischen Text \u201aMahabharata\u2018 weihte Herr Krishna seinen Lieblingssch\u00fcler Arjun in Yoga ein, indem er ihn umarmte und einen Moment lang eng an sein Herz dr\u00fcckte. Krishna weihte einen weiteren legend\u00e4ren Sch\u00fcler Dhruva ein, indem er leicht dessen Wange mit seiner Muschel ber\u00fchrte.<\/li>\n<li><strong>Durch Blick:<\/strong> Ein Siddha Guru kann den Suchenden einweihen, indem er einfach in dessen Augen schaut. Die indische spirituelle Literatur ist voll von Anekdoten \u00fcber verschiedene Siddha Gurus, die die Kundalini ihrer Sch\u00fcler durch blo\u00dfen mitf\u00fchlenden Blick erweckten.<\/li>\n<li><strong>G\u00f6ttliches Wort:<\/strong> Ein Siddha Guru kann die Kundalini eines Suchenden erwecken, indem er ihm ein g\u00f6ttliches Wort oder ein potentes Mantra zum Chanten gibt. Hier ist das Wort g\u00f6ttlich, weil es mit dem kosmischen Bewusstsein aufgeladen ist, das der Guru verk\u00f6rpert.<\/li>\n<li><strong>Fester Wille:<\/strong> Dies ist die seltenste Form der Kundalini-Erweckung, da hier die Initiative beim Suchenden und nicht beim Guru liegt. Ein Suchender in dieser Methode sucht den Guru nicht f\u00fcr eine formelle Einweihung zur Kundalini-Erweckung auf. Er f\u00e4llt lediglich einen unersch\u00fctterlichen Vorsatz, bekannt als Sankalpa, sich vom Guru einweihen zu lassen, dem er folgen m\u00f6chte. Da der Guru die Verk\u00f6rperung des g\u00f6ttlichen kosmischen Bewusstseins ist, wird der starke Vorsatz des Suchenden sofort vom Guru empfangen. Sankalpa ist die Manifestation der totalen Hingabe des Suchenden oder der Hingabe seines Egos an den Guru. Da diese Art von Hingabe die Hauptvoraussetzung f\u00fcr das Empfangen g\u00f6ttlicher Gnade ist, ist der Guru in diesem Fall verpflichtet, den Suchenden einzuleiten, der einen solchen Sankalpa fasst. Das \u201aMahabharata\u2018 erw\u00e4hnt einen seltenen Fall, in dem Eklavya, der legend\u00e4re Bogensch\u00fctze, in Yoga eingeweiht wurde, indem er lediglich einen entschlossenen Appell vor einer Idole machte, das er in der Gestalt von Guru Dronacharya geschaffen hatte, um ihn mit Einweihung zu beg\u00fcnstigen. Eklavyas Appell war so intensiv aufrichtig, dass das Bewusstsein von Guru Dronacharya positiv darauf reagieren musste, obwohl er nicht pers\u00f6nlich anwesend war oder von Eklavyas Vorsatz wusste.<\/li>\n<\/ul>\n","protected":false},"excerpt":{"rendered":"<p>Guru Siyag leitet seine Sch\u00fcler in sein Siddha Yoga ein, indem er ihre Kundalini durch einen Einweihungsprozess namens Shaktipat Diksha erweckt. Es gibt vier Wege, auf denen ein Siddha Guru Shaktipat vermittelt: durch physische Ber\u00fchrung, durch Blick, g\u00f6ttliches Wort und festen Willen. Guru Siyag bietet Diksha durch ein g\u00f6ttliches Wort (Mantra) an. Shaktipat ist ein Sanskrit-Begriff, der zwei W\u00f6rter kombiniert \u2013 Shakti (weibliche g\u00f6ttliche Energie) und Pat (fallen). Shaktipat bedeutet w\u00f6rtlich \u00dcbergang g\u00f6ttlicher Energie. Yogische Praktizierende interpretieren Shaktipat oft als \u00dcbertragung der g\u00f6ttlichen Energie des Gurus in den K\u00f6rper des Suchenden. Laut Guru Siyag ist dies ein begrenztes Verst\u00e4ndnis des Prozesses. Dies liegt daran, dass es in yogischen Schriften ein anerkanntes Faktum ist, dass die Kundalini in jedem menschlichen K\u00f6rper vorhanden ist, auch wenn sie schlafend liegt. Daher gibt es keine Frage einer \u00dcbertragung von Shakti von einer Person zur anderen. Im Shaktipat wirkt der Guru lediglich als Katalysator, indem er seine g\u00f6ttliche Kraft nutzt, um die Kundalini zu erwecken. Wie Guru Siyag erkl\u00e4rt: \u201eEs ist nicht so, als ob der Guru etwas in den K\u00f6rper des Suchenden gie\u00dft. Die Methode der Diksha, die ich anwende, wurde der Menschheit von der Nath-Sekte in der yogischen Tradition geschenkt. Sie hei\u00dft \u201aShaktipat\u2018. Shaktipat bedeutet nicht, dass der Suchende eine externe Kraft durch den Guru erh\u00e4lt (wie allgemein geglaubt wird). Um eine einfache Analogie zu verwenden: Shaktipat ist wie das Anz\u00fcnden einer unbeleuchteten Lampe mit einer brennenden Lampe. Du bist wie die unbeleuchtete Lampe, die alles hat \u2013 Docht und \u00d6l. Du brauchst nur eine andere brennende Quelle, um die Flamme in deiner Lampe zu entz\u00fcnden. Sobald du dich der brennenden Quelle anschlie\u00dft, wirst du selbst zum Licht. So kann ich den Shaktipat-Prozess in groben Z\u00fcgen beschreiben.\u201c Shaktipat ist eine Tat ungeheurer Gnade (Anugraha) seitens des Gurus. Guru Siyag sagt, dass menschliche Handlungen immer eine gewisse Motivation haben, w\u00e4hrend Shaktipat absolut keine Absicht tr\u00e4gt. F\u00fcr weitere Anfragen per E-Mail an gssyworld@gmail.com, WhatsApp (+91) 9468623528 oder Anruf (+91) 8369754399. Verschiedene Methoden des Shaktipat Ein Siddha Guru kann Shaktipat durch eine der folgenden vier Methoden durchf\u00fchren: Physische Ber\u00fchrung: Ein Siddha Guru kann die Kundalini durch einfaches Ber\u00fchren eines Suchenden erwecken. Er kann dies tun, indem er seine Hand auf den Kopf des Suchenden legt oder das Ajnachakra oder Muladhara (Basis der Wirbels\u00e4ule) ber\u00fchrt. Laut dem mythologischen Text \u201aMahabharata\u2018 weihte Herr Krishna seinen Lieblingssch\u00fcler Arjun in Yoga ein, indem er ihn umarmte und einen Moment lang eng an sein Herz dr\u00fcckte. Krishna weihte einen weiteren legend\u00e4ren Sch\u00fcler Dhruva ein, indem er leicht dessen Wange mit seiner Muschel ber\u00fchrte. Durch Blick: Ein Siddha Guru kann den Suchenden einweihen, indem er einfach in dessen Augen schaut. Die indische spirituelle Literatur ist voll von Anekdoten \u00fcber verschiedene Siddha Gurus, die die Kundalini ihrer Sch\u00fcler durch blo\u00dfen mitf\u00fchlenden Blick erweckten. G\u00f6ttliches Wort: Ein Siddha Guru kann die Kundalini eines Suchenden erwecken, indem er ihm ein g\u00f6ttliches Wort oder ein potentes Mantra zum Chanten gibt. Hier ist das Wort g\u00f6ttlich, weil es mit dem kosmischen Bewusstsein aufgeladen ist, das der Guru verk\u00f6rpert. Fester Wille: Dies ist die seltenste Form der Kundalini-Erweckung, da hier die Initiative beim Suchenden und nicht beim Guru liegt. Ein Suchender in dieser Methode sucht den Guru nicht f\u00fcr eine formelle Einweihung zur Kundalini-Erweckung auf. Er f\u00e4llt lediglich einen unersch\u00fctterlichen Vorsatz, bekannt als Sankalpa, sich vom Guru einweihen zu lassen, dem er folgen m\u00f6chte. Da der Guru die Verk\u00f6rperung des g\u00f6ttlichen kosmischen Bewusstseins ist, wird der starke Vorsatz des Suchenden sofort vom Guru empfangen. Sankalpa ist die Manifestation der totalen Hingabe des Suchenden oder der Hingabe seines Egos an den Guru. Da diese Art von Hingabe die Hauptvoraussetzung f\u00fcr das Empfangen g\u00f6ttlicher Gnade ist, ist der Guru in diesem Fall verpflichtet, den Suchenden einzuleiten, der einen solchen Sankalpa fasst. Das \u201aMahabharata\u2018 erw\u00e4hnt einen seltenen Fall, in dem Eklavya, der legend\u00e4re Bogensch\u00fctze, in Yoga eingeweiht wurde, indem er lediglich einen entschlossenen Appell vor einer Idole machte, das er in der Gestalt von Guru Dronacharya geschaffen hatte, um ihn mit Einweihung zu beg\u00fcnstigen. Eklavyas Appell war so intensiv aufrichtig, dass das Bewusstsein von Guru Dronacharya positiv darauf reagieren musste, obwohl er nicht pers\u00f6nlich anwesend war oder von Eklavyas Vorsatz wusste.<\/p>\n","protected":false},"author":2,"featured_media":0,"parent":0,"menu_order":0,"comment_status":"closed","ping_status":"closed","template":"","meta":{"footnotes":""},"class_list":["post-1613","page","type-page","status-publish","hentry"],"aioseo_notices":[],"ams_acf":[],"_links":{"self":[{"href":"https:\/\/gurusiyagyoga.org\/de\/wp-json\/wp\/v2\/pages\/1613","targetHints":{"allow":["GET"]}}],"collection":[{"href":"https:\/\/gurusiyagyoga.org\/de\/wp-json\/wp\/v2\/pages"}],"about":[{"href":"https:\/\/gurusiyagyoga.org\/de\/wp-json\/wp\/v2\/types\/page"}],"author":[{"embeddable":true,"href":"https:\/\/gurusiyagyoga.org\/de\/wp-json\/wp\/v2\/users\/2"}],"replies":[{"embeddable":true,"href":"https:\/\/gurusiyagyoga.org\/de\/wp-json\/wp\/v2\/comments?post=1613"}],"version-history":[{"count":3,"href":"https:\/\/gurusiyagyoga.org\/de\/wp-json\/wp\/v2\/pages\/1613\/revisions"}],"predecessor-version":[{"id":1653,"href":"https:\/\/gurusiyagyoga.org\/de\/wp-json\/wp\/v2\/pages\/1613\/revisions\/1653"}],"wp:attachment":[{"href":"https:\/\/gurusiyagyoga.org\/de\/wp-json\/wp\/v2\/media?parent=1613"}],"curies":[{"name":"wp","href":"https:\/\/api.w.org\/{rel}","templated":true}]}}