{"id":1618,"date":"2026-01-27T10:40:09","date_gmt":"2026-01-27T10:40:09","guid":{"rendered":"https:\/\/gurusiyagyoga.org\/de\/?page_id=1618"},"modified":"2026-02-03T11:24:33","modified_gmt":"2026-02-03T11:24:33","slug":"ajapa","status":"publish","type":"page","link":"https:\/\/gurusiyagyoga.org\/de\/ajapa\/","title":{"rendered":"6.5 Ajapa Japa"},"content":{"rendered":"<p style=\"font-weight: 400;\">Dies ist ein Sanskrit-Begriff, der w\u00f6rtlich \u201edas Chanten, das nicht gechantet wird\u201c bedeutet. Wenn ein Praktizierender das von Guru Siyag gegebene Mantra konsequent \u00fcber einen Zeitraum von wenigen Wochen chantet, wird das Mantra-Japa (geistiges Chanten) m\u00fchelos und wird unwillk\u00fcrlich im Inneren gechantet. Der Suchende muss nur darauf achten. Dieser Zustand wird als Ajapa Japa bezeichnet. Kriyas werden von der Kundalini ausgel\u00f6st, ohne Willen oder Anstrengung des Praktizierenden. Ebenso ist Ajapa Japa eines der vielen g\u00f6ttlichen Erlebnisse, die von der Kundalini bewirkt werden. Ajapa Japa wird von allen Praktizierenden erlebt, die Guru Siyags Mantra hingebungsvoll \u00fcber einen konstanten Zeitraum chanten. Es gibt keine spezifische Dauer (seit Beginn des Chantings), in der dieses Erlebnis eintritt; es unterscheidet sich f\u00fcr jeden Einzelnen. Gewiss ist, dass es von denen erlebt wird, die so konstant wie m\u00f6glich den ganzen Tag chanten (siehe unseren fr\u00fcheren Beitrag \u00fcber Rund-um-die-Uhr-Chanten). Wenn es Unterbrechungen von ein paar Tagen zwischen dem Chanten gibt, ist die Praxis inkonsistent, und es dauert f\u00fcr den Praktizierenden umso l\u00e4nger, Ajapa Japa zu erleben.<\/p>\n<p style=\"font-weight: 400;\">Japa bedeutet das Chanten eines Mantras. Es ist das erste und wichtigste Werkzeug f\u00fcr den Praktizierenden auf dem spirituellen Pfad, um h\u00f6heres Bewusstsein zu erreichen, hin zum ultimativen Ziel der Moksha.<\/p>\n<p style=\"font-weight: 400;\">Der Praktizierende ist in den anf\u00e4nglichen Phasen der Praxis verpflichtet, das Mantra unerm\u00fcdlich zu wiederholen. Dies dient dazu, im Geist des Praktizierenden das Bewusstsein f\u00fcr das Mantra und die g\u00f6ttliche Kraft, die es repr\u00e4sentiert, zu etablieren. Anhaltendes Chanten f\u00fchrt letztendlich dazu, dass das Mantra ohne bewusste Anstrengung des Praktizierenden wiederholt wird. Er wird sich dann voll bewusst der st\u00e4ndigen Pr\u00e4senz des Mantras in seinem Geist. Dies kann innerhalb von Wochen geschehen, abh\u00e4ngig von der Entschlossenheit und Hingabe des Praktizierenden. Dies wird Ajapa Japa genannt. Das Pr\u00e4fix \u201eA\u201c vor dem Wort Japa bedeutet w\u00f6rtlich Chanten, das ohne die eigenen bewussten Anstrengungen des Praktizierenden stattfindet.<\/p>\n<p style=\"font-weight: 400;\">Ajapa Japa wird \u00fcblicherweise als \u201eautomatisches\u201c Chanten bezeichnet. Tats\u00e4chlich geschieht in dieser Phase jedoch, dass der Praktizierende sich voll bewusst wird des g\u00f6ttlichen Wortes, das ewig pr\u00e4sent ist und spontan in das innere Bewusstsein aller Wesen durchdringt und resoniert. Ajapa Japa ist eine entscheidende Schwelle, nach der der Praktizierende zu h\u00f6heren Stufen spirituellen Bewusstseins fortschreitet. F\u00fcr weitere Anfragen per E-Mail an <a href=\"mailto:gssyworld@gmail.com\">gssyworld@gmail.com<\/a>, WhatsApp (+91) 9468623528 oder Anruf (+91) 8369754399.<\/p>\n<p style=\"font-weight: 400;\">Um diese Stufe zu erleben, muss der Sch\u00fcler das Mantra (geistig wiederholen) unerm\u00fcdlich w\u00e4hrend seiner Wachstunden chanten, w\u00e4hrend er seine Routineaufgaben und Aktivit\u00e4ten ausf\u00fchrt (Essen, Baden, Laufen, Fahren, Kochen usw.). Da das Chanten still im Geist erfolgt, unterbricht es die Aktivit\u00e4ten des Praktizierenden nicht und st\u00f6rt auch nicht die Umstehenden. Wenn das Japa herzlich (nicht mechanisch) ist, bemerkt der Praktizierende fr\u00fch in der Praxis signifikante Ver\u00e4nderungen in der Pers\u00f6nlichkeit.<\/p>\n<p style=\"font-weight: 400;\">\n<p style=\"font-weight: 400;\"><strong>Anzeichen f\u00fcr Ajapa Japa<\/strong><\/p>\n<p style=\"font-weight: 400;\">Ist es Ajapa Japa? Wie kann man sicher sein?<\/p>\n<p style=\"font-weight: 400;\">Zwei Anzeichen best\u00e4tigen das Erlebnis von Ajapa Japa:<\/p>\n<ul style=\"font-weight: 400;\">\n<li>Normalerweise ist es nicht m\u00f6glich, das Mantra zu chanten, wenn wir in eine Aktivit\u00e4t vertieft sind, die geistige Konzentration erfordert. Wenn jedoch Ajapa Japa eintritt, geht das Chanten weiter, obwohl unser Geist woanders ist. Es ist fast so, als ob die Kundalini, die Hingabe des Praktizierenden sehend, die Verantwortung f\u00fcr das Chanten selbst \u00fcbernimmt.<\/li>\n<li>Wenn wir in der Mitte der Nacht aufwachen, werden wir fast sofort gewahr, dass das Mantra gechantet wird.<\/li>\n<\/ul>\n<p>&nbsp;<\/p>\n<p>&nbsp;<\/p>\n<p style=\"font-weight: 400;\"><strong>Was tun, wenn dieses Erlebnis eintritt?<\/strong><\/p>\n<ul style=\"font-weight: 400;\">\n<li>Zuerst und vor allem: Genie\u00dfen Sie es! Wenn Praktizierende ein Erlebnis mit Offenheit und Freude (statt Misstrauen und Angst) begegnen, w\u00e4chst die Wirkung dieser Gnade. Im Fall von Ajapa Japa f\u00fchrt die Positivit\u00e4t des Suchenden zu einem Erlebnis tiefer Freude.<\/li>\n<li>Guru Siyag r\u00e4t den Sch\u00fclern, 7-8 Mal am Tag auf das Chanten zu achten. Er sagt: \u201eWenn Sie das Mantra, das ich gegeben habe, unerm\u00fcdlich chanten, wird das Chanten unwillk\u00fcrlich. Sie k\u00f6nnen es nicht stoppen, selbst wenn Sie es versuchen. Sie werden f\u00fchlen, als ob \u201ajemand\u2018 in Ihrem inneren Wesen die Pflicht des Chantings \u00fcbernommen hat und Sie von der Anstrengung befreit. Achten Sie tags\u00fcber 7-8 Mal auf dieses Chanten. Das ist alles. Sie m\u00fcssen Ihren Lebensstil oder Essgewohnheiten in keiner Weise \u00e4ndern. Nichts ist verboten. Die Transformation geschieht von selbst\u201d.<\/li>\n<\/ul>\n","protected":false},"excerpt":{"rendered":"<p>Dies ist ein Sanskrit-Begriff, der w\u00f6rtlich \u201edas Chanten, das nicht gechantet wird\u201c bedeutet. Wenn ein Praktizierender das von Guru Siyag gegebene Mantra konsequent \u00fcber einen Zeitraum von wenigen Wochen chantet, wird das Mantra-Japa (geistiges Chanten) m\u00fchelos und wird unwillk\u00fcrlich im Inneren gechantet. Der Suchende muss nur darauf achten. Dieser Zustand wird als Ajapa Japa bezeichnet. Kriyas werden von der Kundalini ausgel\u00f6st, ohne Willen oder Anstrengung des Praktizierenden. Ebenso ist Ajapa Japa eines der vielen g\u00f6ttlichen Erlebnisse, die von der Kundalini bewirkt werden. Ajapa Japa wird von allen Praktizierenden erlebt, die Guru Siyags Mantra hingebungsvoll \u00fcber einen konstanten Zeitraum chanten. Es gibt keine spezifische Dauer (seit Beginn des Chantings), in der dieses Erlebnis eintritt; es unterscheidet sich f\u00fcr jeden Einzelnen. Gewiss ist, dass es von denen erlebt wird, die so konstant wie m\u00f6glich den ganzen Tag chanten (siehe unseren fr\u00fcheren Beitrag \u00fcber Rund-um-die-Uhr-Chanten). Wenn es Unterbrechungen von ein paar Tagen zwischen dem Chanten gibt, ist die Praxis inkonsistent, und es dauert f\u00fcr den Praktizierenden umso l\u00e4nger, Ajapa Japa zu erleben. Japa bedeutet das Chanten eines Mantras. Es ist das erste und wichtigste Werkzeug f\u00fcr den Praktizierenden auf dem spirituellen Pfad, um h\u00f6heres Bewusstsein zu erreichen, hin zum ultimativen Ziel der Moksha. Der Praktizierende ist in den anf\u00e4nglichen Phasen der Praxis verpflichtet, das Mantra unerm\u00fcdlich zu wiederholen. Dies dient dazu, im Geist des Praktizierenden das Bewusstsein f\u00fcr das Mantra und die g\u00f6ttliche Kraft, die es repr\u00e4sentiert, zu etablieren. Anhaltendes Chanten f\u00fchrt letztendlich dazu, dass das Mantra ohne bewusste Anstrengung des Praktizierenden wiederholt wird. Er wird sich dann voll bewusst der st\u00e4ndigen Pr\u00e4senz des Mantras in seinem Geist. Dies kann innerhalb von Wochen geschehen, abh\u00e4ngig von der Entschlossenheit und Hingabe des Praktizierenden. Dies wird Ajapa Japa genannt. Das Pr\u00e4fix \u201eA\u201c vor dem Wort Japa bedeutet w\u00f6rtlich Chanten, das ohne die eigenen bewussten Anstrengungen des Praktizierenden stattfindet. Ajapa Japa wird \u00fcblicherweise als \u201eautomatisches\u201c Chanten bezeichnet. Tats\u00e4chlich geschieht in dieser Phase jedoch, dass der Praktizierende sich voll bewusst wird des g\u00f6ttlichen Wortes, das ewig pr\u00e4sent ist und spontan in das innere Bewusstsein aller Wesen durchdringt und resoniert. Ajapa Japa ist eine entscheidende Schwelle, nach der der Praktizierende zu h\u00f6heren Stufen spirituellen Bewusstseins fortschreitet. F\u00fcr weitere Anfragen per E-Mail an gssyworld@gmail.com, WhatsApp (+91) 9468623528 oder Anruf (+91) 8369754399. Um diese Stufe zu erleben, muss der Sch\u00fcler das Mantra (geistig wiederholen) unerm\u00fcdlich w\u00e4hrend seiner Wachstunden chanten, w\u00e4hrend er seine Routineaufgaben und Aktivit\u00e4ten ausf\u00fchrt (Essen, Baden, Laufen, Fahren, Kochen usw.). Da das Chanten still im Geist erfolgt, unterbricht es die Aktivit\u00e4ten des Praktizierenden nicht und st\u00f6rt auch nicht die Umstehenden. Wenn das Japa herzlich (nicht mechanisch) ist, bemerkt der Praktizierende fr\u00fch in der Praxis signifikante Ver\u00e4nderungen in der Pers\u00f6nlichkeit. Anzeichen f\u00fcr Ajapa Japa Ist es Ajapa Japa? Wie kann man sicher sein? Zwei Anzeichen best\u00e4tigen das Erlebnis von Ajapa Japa: Normalerweise ist es nicht m\u00f6glich, das Mantra zu chanten, wenn wir in eine Aktivit\u00e4t vertieft sind, die geistige Konzentration erfordert. Wenn jedoch Ajapa Japa eintritt, geht das Chanten weiter, obwohl unser Geist woanders ist. Es ist fast so, als ob die Kundalini, die Hingabe des Praktizierenden sehend, die Verantwortung f\u00fcr das Chanten selbst \u00fcbernimmt. Wenn wir in der Mitte der Nacht aufwachen, werden wir fast sofort gewahr, dass das Mantra gechantet wird. &nbsp; &nbsp; Was tun, wenn dieses Erlebnis eintritt? Zuerst und vor allem: Genie\u00dfen Sie es! Wenn Praktizierende ein Erlebnis mit Offenheit und Freude (statt Misstrauen und Angst) begegnen, w\u00e4chst die Wirkung dieser Gnade. Im Fall von Ajapa Japa f\u00fchrt die Positivit\u00e4t des Suchenden zu einem Erlebnis tiefer Freude. Guru Siyag r\u00e4t den Sch\u00fclern, 7-8 Mal am Tag auf das Chanten zu achten. Er sagt: \u201eWenn Sie das Mantra, das ich gegeben habe, unerm\u00fcdlich chanten, wird das Chanten unwillk\u00fcrlich. Sie k\u00f6nnen es nicht stoppen, selbst wenn Sie es versuchen. Sie werden f\u00fchlen, als ob \u201ajemand\u2018 in Ihrem inneren Wesen die Pflicht des Chantings \u00fcbernommen hat und Sie von der Anstrengung befreit. Achten Sie tags\u00fcber 7-8 Mal auf dieses Chanten. Das ist alles. Sie m\u00fcssen Ihren Lebensstil oder Essgewohnheiten in keiner Weise \u00e4ndern. Nichts ist verboten. Die Transformation geschieht von selbst\u201d.<\/p>\n","protected":false},"author":2,"featured_media":0,"parent":0,"menu_order":0,"comment_status":"closed","ping_status":"closed","template":"","meta":{"footnotes":""},"class_list":["post-1618","page","type-page","status-publish","hentry"],"aioseo_notices":[],"ams_acf":[],"_links":{"self":[{"href":"https:\/\/gurusiyagyoga.org\/de\/wp-json\/wp\/v2\/pages\/1618","targetHints":{"allow":["GET"]}}],"collection":[{"href":"https:\/\/gurusiyagyoga.org\/de\/wp-json\/wp\/v2\/pages"}],"about":[{"href":"https:\/\/gurusiyagyoga.org\/de\/wp-json\/wp\/v2\/types\/page"}],"author":[{"embeddable":true,"href":"https:\/\/gurusiyagyoga.org\/de\/wp-json\/wp\/v2\/users\/2"}],"replies":[{"embeddable":true,"href":"https:\/\/gurusiyagyoga.org\/de\/wp-json\/wp\/v2\/comments?post=1618"}],"version-history":[{"count":2,"href":"https:\/\/gurusiyagyoga.org\/de\/wp-json\/wp\/v2\/pages\/1618\/revisions"}],"predecessor-version":[{"id":1655,"href":"https:\/\/gurusiyagyoga.org\/de\/wp-json\/wp\/v2\/pages\/1618\/revisions\/1655"}],"wp:attachment":[{"href":"https:\/\/gurusiyagyoga.org\/de\/wp-json\/wp\/v2\/media?parent=1618"}],"curies":[{"name":"wp","href":"https:\/\/api.w.org\/{rel}","templated":true}]}}