{"id":1620,"date":"2026-01-27T11:15:07","date_gmt":"2026-01-27T11:15:07","guid":{"rendered":"https:\/\/gurusiyagyoga.org\/de\/?page_id=1620"},"modified":"2026-02-03T11:25:57","modified_gmt":"2026-02-03T11:25:57","slug":"nad","status":"publish","type":"page","link":"https:\/\/gurusiyagyoga.org\/de\/nad\/","title":{"rendered":"6.6 Anahat Nada"},"content":{"rendered":"<ul>\n<li>Nad bedeutet im gew\u00f6hnlichen Sinn Klang jeglicher Art. Er entsteht, wenn ein Objekt ein anderes ber\u00fchrt, schl\u00e4gt, rascheln l\u00e4sst oder trifft. Donner am Himmel, Rauschen des Windes, Zwitschern von V\u00f6geln, Kl\u00e4nge instrumenteller oder vokaler Musik, Surren von Maschinen und viele andere nat\u00fcrliche oder von Menschen gemachte Kl\u00e4nge fallen in diese Kategorie physischer Kl\u00e4nge.<\/li>\n<li>Der Begriff Nad hat jedoch in der yogischen Literatur und Praxis eine andere und besondere Konnotation. Nad im spirituellen Sinn ist ein ungeschlagener Klang \u2013 ein Klang, der nicht durch Reibung zwischen Objekten entstanden ist. Es ist ein unaufh\u00f6rlicher Klang, der das gesamte Universum durchdringt. Laut alten Schriften wie den Veden und Upanishaden entstand das gesamte Universum aus diesem Anahat (ewigen\/unendlichen) Klang. Tats\u00e4chlich wird auch gesagt, dass Nad die Manifestation des g\u00f6ttlichen Absoluten selbst in Form des Klanges \u201eOm\u201c ist. Dieser g\u00f6ttliche Klang verbindet den Suchenden mit h\u00f6heren Bewussteinsebenen.<\/li>\n<li>Viele Praktizierende von Guru Siyags Yoga h\u00f6ren nach dem Erleben der Ajapa-Japa-Stufe (unwillk\u00fcrliches Chanten) einen eigenartigen nicht abrei\u00dfenden Klang in einem der Ohren. Dieser Klang \u00e4hnelt einer der unbeschr\u00e4nkten Varianten nat\u00fcrlicher oder k\u00fcnstlicher Kl\u00e4nge. Einige h\u00e4ufig erlebte Kl\u00e4nge sind: Zwitschern von Grillen, Summen von Hummeln, T\u00f6ne einer Fl\u00f6te, Zupfen einer Veena (ein gestrichenes indisches Musikinstrument), L\u00e4uten von Glocken, Klirren von Becken usw. Dieser Klang, den der Praktizierende h\u00f6rt, wird Anahat Nad (ewiger Klang) genannt. Obwohl dieser Nad Kl\u00e4ngen \u00e4hnelt, die wir in unserer physischen Welt gew\u00f6hnlich h\u00f6ren, ist er tats\u00e4chlich eine subtile Version des g\u00f6ttlichen Klanges, den das von Gurudev gegebene Mantra repr\u00e4sentiert (Vaikhari Vani oder das artikulierte Wort ist die gr\u00f6bste Form g\u00f6ttlicher Klangenergie). Der Praktizierende wird sich also des Nad bewusst (oder sp\u00fcrt ihn), anstatt ihn zu h\u00f6ren. Da der Nad eine subtilere Form des Mantras von Gurudev ist und der Suchende immer bestrebt ist, zu subtileren Bewussteinsebenen aufzusteigen, muss der Praktizierende das Chanten stoppen, sobald der Anahat Nad beginnt. Bevor man das Chanten stoppt, ist es wichtig sicherzustellen, dass der Nad tats\u00e4chlich unaufh\u00f6rlich h\u00f6rbar ist und nicht nur ein kurzes Erlebnis. H\u00f6ren Sie den Klang ein paar Tage sorgf\u00e4ltig zu. Wenn die Intensit\u00e4t zunimmt und er selbst in lauter Umgebung h\u00f6rbar ist, wissen Sie, dass das, was Sie h\u00f6ren, der Anahat Nad ist.<\/li>\n<li>Gurudev r\u00e4t den Sch\u00fclern, diesen Nad so intensiv wie m\u00f6glich zu h\u00f6ren. Durch langes konzentriertes H\u00f6ren stimmt sich der schwankende Geist des Praktizierenden auf den g\u00f6ttlichen Klang ein und verschmilzt letztendlich mit ihm. W\u00e4hrend der Meditation dient der menschliche K\u00f6rper als Medium, um Vibrationen von subtilen Ebenen zu empfangen und zu erleben, die weit jenseits unserer physischen Welt liegen. Daher ist der Nad, den ein Suchender in seinem Ohr h\u00f6rt, kein physischer Klang, sondern ein subtiler Klang, der von seiner urspr\u00fcnglichen g\u00f6ttlichen Quelle ausgeht.<\/li>\n<li>Die Bedeutung des Nad l\u00e4sst sich im Kontext der klaren Erkl\u00e4rung von Gurudev erkennen, wie die spirituelle Evolution eines Individuums direkt mit dem Abstieg des G\u00f6ttlichen in die Materie verbunden ist, als das Universum durch \u201eOm\u201c, den ungeschlagenen Klang, geschaffen wurde. Die Sch\u00f6pfung des physischen Universums erfolgte durch f\u00fcnf aufeinanderfolgende Stufen, als Om, das G\u00f6ttliche selbst, von Akash (Himmel\/Ether), der h\u00f6chsten Ebene, durch Vayu (Wind), Agni (Feuer) und Jal (Wasser) auf Prithvi (Erde) abstieg. Jedes der f\u00fcnf absteigenden Elemente repr\u00e4sentierte eine gr\u00f6bere Form des G\u00f6ttlichen als das vorherige. Prithvi repr\u00e4sentiert die gr\u00f6bste Form der Materie, in der das G\u00f6ttliche sich niederl\u00e4sst und unz\u00e4hlige Formen annimmt \u2013 vom Menschen bis zum winzigsten Insekt und Keim.<\/li>\n<li>Hinter jedem nat\u00fcrlichen Element steht ein subtiles Element namens Tanmatra. Diese Tanmatras verleihen uns unsere f\u00fcnf physischen Sinne. So hat der Himmel Shabd (Rede), das g\u00f6ttliche Wort oder den Klang als subtiles Element; Wind hat Sparsh (Ber\u00fchrung); Feuer hat Wahrnehmung (Sehen); Wasser hat Swad (Geschmack) und Erde hat Gandh (Geruch). Diese physischen Sinne binden uns an die materielle Ebene, wodurch wir unser wahres g\u00f6ttliches Selbst vergessen und in der Illusion von Freuden und Leiden versinken.<\/li>\n<li>Wir k\u00f6nnen aus dieser Falle entkommen, sagt Gurudev, indem wir den Prozess des g\u00f6ttlichen Abstiegs in die Materie umkehren. Wenn wir die Mantra-Meditation praktizieren, hilft unsere erwachte Kundalini uns, im Bewusstsein aufzusteigen, indem sie jedes Element zusammen mit seinem physischen Sinn erobert und letztendlich den Gipfel der spirituellen Evolution in Sahasrara erreicht. Der Nad ist dann der g\u00f6ttliche Klang, von dem wir abstiegen, und zu diesem g\u00f6ttlichen Klang kehren wir zur\u00fcck, in unser urspr\u00fcngliches Zuhause.<\/li>\n<\/ul>\n","protected":false},"excerpt":{"rendered":"<p>Nad bedeutet im gew\u00f6hnlichen Sinn Klang jeglicher Art. Er entsteht, wenn ein Objekt ein anderes ber\u00fchrt, schl\u00e4gt, rascheln l\u00e4sst oder trifft. Donner am Himmel, Rauschen des Windes, Zwitschern von V\u00f6geln, Kl\u00e4nge instrumenteller oder vokaler Musik, Surren von Maschinen und viele andere nat\u00fcrliche oder von Menschen gemachte Kl\u00e4nge fallen in diese Kategorie physischer Kl\u00e4nge. Der Begriff Nad hat jedoch in der yogischen Literatur und Praxis eine andere und besondere Konnotation. Nad im spirituellen Sinn ist ein ungeschlagener Klang \u2013 ein Klang, der nicht durch Reibung zwischen Objekten entstanden ist. Es ist ein unaufh\u00f6rlicher Klang, der das gesamte Universum durchdringt. Laut alten Schriften wie den Veden und Upanishaden entstand das gesamte Universum aus diesem Anahat (ewigen\/unendlichen) Klang. Tats\u00e4chlich wird auch gesagt, dass Nad die Manifestation des g\u00f6ttlichen Absoluten selbst in Form des Klanges \u201eOm\u201c ist. Dieser g\u00f6ttliche Klang verbindet den Suchenden mit h\u00f6heren Bewussteinsebenen. Viele Praktizierende von Guru Siyags Yoga h\u00f6ren nach dem Erleben der Ajapa-Japa-Stufe (unwillk\u00fcrliches Chanten) einen eigenartigen nicht abrei\u00dfenden Klang in einem der Ohren. Dieser Klang \u00e4hnelt einer der unbeschr\u00e4nkten Varianten nat\u00fcrlicher oder k\u00fcnstlicher Kl\u00e4nge. Einige h\u00e4ufig erlebte Kl\u00e4nge sind: Zwitschern von Grillen, Summen von Hummeln, T\u00f6ne einer Fl\u00f6te, Zupfen einer Veena (ein gestrichenes indisches Musikinstrument), L\u00e4uten von Glocken, Klirren von Becken usw. Dieser Klang, den der Praktizierende h\u00f6rt, wird Anahat Nad (ewiger Klang) genannt. Obwohl dieser Nad Kl\u00e4ngen \u00e4hnelt, die wir in unserer physischen Welt gew\u00f6hnlich h\u00f6ren, ist er tats\u00e4chlich eine subtile Version des g\u00f6ttlichen Klanges, den das von Gurudev gegebene Mantra repr\u00e4sentiert (Vaikhari Vani oder das artikulierte Wort ist die gr\u00f6bste Form g\u00f6ttlicher Klangenergie). Der Praktizierende wird sich also des Nad bewusst (oder sp\u00fcrt ihn), anstatt ihn zu h\u00f6ren. Da der Nad eine subtilere Form des Mantras von Gurudev ist und der Suchende immer bestrebt ist, zu subtileren Bewussteinsebenen aufzusteigen, muss der Praktizierende das Chanten stoppen, sobald der Anahat Nad beginnt. Bevor man das Chanten stoppt, ist es wichtig sicherzustellen, dass der Nad tats\u00e4chlich unaufh\u00f6rlich h\u00f6rbar ist und nicht nur ein kurzes Erlebnis. H\u00f6ren Sie den Klang ein paar Tage sorgf\u00e4ltig zu. Wenn die Intensit\u00e4t zunimmt und er selbst in lauter Umgebung h\u00f6rbar ist, wissen Sie, dass das, was Sie h\u00f6ren, der Anahat Nad ist. Gurudev r\u00e4t den Sch\u00fclern, diesen Nad so intensiv wie m\u00f6glich zu h\u00f6ren. Durch langes konzentriertes H\u00f6ren stimmt sich der schwankende Geist des Praktizierenden auf den g\u00f6ttlichen Klang ein und verschmilzt letztendlich mit ihm. W\u00e4hrend der Meditation dient der menschliche K\u00f6rper als Medium, um Vibrationen von subtilen Ebenen zu empfangen und zu erleben, die weit jenseits unserer physischen Welt liegen. Daher ist der Nad, den ein Suchender in seinem Ohr h\u00f6rt, kein physischer Klang, sondern ein subtiler Klang, der von seiner urspr\u00fcnglichen g\u00f6ttlichen Quelle ausgeht. Die Bedeutung des Nad l\u00e4sst sich im Kontext der klaren Erkl\u00e4rung von Gurudev erkennen, wie die spirituelle Evolution eines Individuums direkt mit dem Abstieg des G\u00f6ttlichen in die Materie verbunden ist, als das Universum durch \u201eOm\u201c, den ungeschlagenen Klang, geschaffen wurde. Die Sch\u00f6pfung des physischen Universums erfolgte durch f\u00fcnf aufeinanderfolgende Stufen, als Om, das G\u00f6ttliche selbst, von Akash (Himmel\/Ether), der h\u00f6chsten Ebene, durch Vayu (Wind), Agni (Feuer) und Jal (Wasser) auf Prithvi (Erde) abstieg. Jedes der f\u00fcnf absteigenden Elemente repr\u00e4sentierte eine gr\u00f6bere Form des G\u00f6ttlichen als das vorherige. Prithvi repr\u00e4sentiert die gr\u00f6bste Form der Materie, in der das G\u00f6ttliche sich niederl\u00e4sst und unz\u00e4hlige Formen annimmt \u2013 vom Menschen bis zum winzigsten Insekt und Keim. Hinter jedem nat\u00fcrlichen Element steht ein subtiles Element namens Tanmatra. Diese Tanmatras verleihen uns unsere f\u00fcnf physischen Sinne. So hat der Himmel Shabd (Rede), das g\u00f6ttliche Wort oder den Klang als subtiles Element; Wind hat Sparsh (Ber\u00fchrung); Feuer hat Wahrnehmung (Sehen); Wasser hat Swad (Geschmack) und Erde hat Gandh (Geruch). Diese physischen Sinne binden uns an die materielle Ebene, wodurch wir unser wahres g\u00f6ttliches Selbst vergessen und in der Illusion von Freuden und Leiden versinken. Wir k\u00f6nnen aus dieser Falle entkommen, sagt Gurudev, indem wir den Prozess des g\u00f6ttlichen Abstiegs in die Materie umkehren. Wenn wir die Mantra-Meditation praktizieren, hilft unsere erwachte Kundalini uns, im Bewusstsein aufzusteigen, indem sie jedes Element zusammen mit seinem physischen Sinn erobert und letztendlich den Gipfel der spirituellen Evolution in Sahasrara erreicht. Der Nad ist dann der g\u00f6ttliche Klang, von dem wir abstiegen, und zu diesem g\u00f6ttlichen Klang kehren wir zur\u00fcck, in unser urspr\u00fcngliches Zuhause.<\/p>\n","protected":false},"author":2,"featured_media":0,"parent":0,"menu_order":0,"comment_status":"closed","ping_status":"closed","template":"","meta":{"footnotes":""},"class_list":["post-1620","page","type-page","status-publish","hentry"],"aioseo_notices":[],"ams_acf":[],"_links":{"self":[{"href":"https:\/\/gurusiyagyoga.org\/de\/wp-json\/wp\/v2\/pages\/1620","targetHints":{"allow":["GET"]}}],"collection":[{"href":"https:\/\/gurusiyagyoga.org\/de\/wp-json\/wp\/v2\/pages"}],"about":[{"href":"https:\/\/gurusiyagyoga.org\/de\/wp-json\/wp\/v2\/types\/page"}],"author":[{"embeddable":true,"href":"https:\/\/gurusiyagyoga.org\/de\/wp-json\/wp\/v2\/users\/2"}],"replies":[{"embeddable":true,"href":"https:\/\/gurusiyagyoga.org\/de\/wp-json\/wp\/v2\/comments?post=1620"}],"version-history":[{"count":2,"href":"https:\/\/gurusiyagyoga.org\/de\/wp-json\/wp\/v2\/pages\/1620\/revisions"}],"predecessor-version":[{"id":1656,"href":"https:\/\/gurusiyagyoga.org\/de\/wp-json\/wp\/v2\/pages\/1620\/revisions\/1656"}],"wp:attachment":[{"href":"https:\/\/gurusiyagyoga.org\/de\/wp-json\/wp\/v2\/media?parent=1620"}],"curies":[{"name":"wp","href":"https:\/\/api.w.org\/{rel}","templated":true}]}}