{"id":1626,"date":"2026-01-27T11:29:15","date_gmt":"2026-01-27T11:29:15","guid":{"rendered":"https:\/\/gurusiyagyoga.org\/de\/?page_id=1626"},"modified":"2026-02-03T11:27:04","modified_gmt":"2026-02-03T11:27:04","slug":"khechri","status":"publish","type":"page","link":"https:\/\/gurusiyagyoga.org\/de\/khechri\/","title":{"rendered":"6.8 Khechari Mudra"},"content":{"rendered":"<ul>\n<li>In seinen eigenen Worten beschreibt Gurudev die Khechari Mudra, was sie bedeutet und die Bedeutung des Mantra-Chantens. Wenn ihr von Gurudews Worten inspiriert seid, teilt diesen Beitrag; bitte widersteht dem Kopieren und Einf\u00fcgen. Wenn ihr den Beitrag teilt, werden mehr Menschen zu unserer Seite hingezogen:<\/li>\n<li>&#8220;Eine Art Mudra (spirituelle Geste), die Praktizierende durchlaufen, ist die Khechari Mudra. Dabei wird die Zunge nach hinten zum Gaumen (Palette) gezogen und ber\u00fchrt dort einen Punkt. Wenn sie diesen Punkt ber\u00fchrt, wird eine nektar\u00e4hnliche Substanz abgesondert.<\/li>\n<li>Gorakshnathji (alter Nath-Yogi) bezeichnete diese Substanz als Amrit (Ambrosia\/Nektar oder Lebenselixier). In poetischer Form beschrieb er die Khechari Mudra als umgedrehten Brunnen im himmlischen Reich, der Nektar absonnert. Der Bewusste trinkt nach Herzenslust, der Unbewusste d\u00fcrstet. Wer diesen Amrit kostet, erlangt das Wissen, unsterblich zu sein. Und wenn es Amrit ist, stellt sich die Frage nach Wiedergeburt nicht.<\/li>\n<li>Heiliger Kabir verglich den K\u00f6rper mit einem irdenen Topf, gef\u00fcllt mit Wasser. Dieser Topf ist ins Wasser getaucht. Es gibt Wasser im Topf und auch drau\u00dfen. Der Ton des Topfes zerf\u00e4llt allm\u00e4hlich, und bald zerbricht der Topf vollst\u00e4ndig. Sobald der Topf zerbricht, werden das Wasser im Topf und drau\u00dfen eins. Diese Erkenntnis der \u201aEinheit\u2018 geschieht nur durch die Gnade des Gurus. Dieser K\u00f6rper, den ihr so sch\u00e4tzt, ist nichts als ein Topf, der nach einer Weile zerbricht. Wenn ihr euch von diesem Kreislauf von Leben und Tod befreien wollt, m\u00fcsst ihr das Mantra st\u00e4ndig chanten.<\/li>\n<li>Es hei\u00dft auch: \u201aIm Kali Yuga (Zeitalter der Falschheit) f\u00fchrt nur das Chanten des Namens Gottes zur Moksha (Befreiung).\u2018 Guru Nanak sagte, dass der Rausch durch Drogen am n\u00e4chsten Morgen vergeht, aber der Rausch durch Chanten nie. Heiliger Kabir sagte ebenfalls, dass der Rausch durch Chanten nicht vergeht. Stattdessen w\u00e4chst die berauschende Freude t\u00e4glich. Das von mir gegebene Mantra, das ihr chantet, schenkt euch berauschende Freude. Es ist Rausch ohne Drogen&#8221;.<\/li>\n<\/ul>\n","protected":false},"excerpt":{"rendered":"<p>In seinen eigenen Worten beschreibt Gurudev die Khechari Mudra, was sie bedeutet und die Bedeutung des Mantra-Chantens. Wenn ihr von Gurudews Worten inspiriert seid, teilt diesen Beitrag; bitte widersteht dem Kopieren und Einf\u00fcgen. Wenn ihr den Beitrag teilt, werden mehr Menschen zu unserer Seite hingezogen: &#8220;Eine Art Mudra (spirituelle Geste), die Praktizierende durchlaufen, ist die Khechari Mudra. Dabei wird die Zunge nach hinten zum Gaumen (Palette) gezogen und ber\u00fchrt dort einen Punkt. Wenn sie diesen Punkt ber\u00fchrt, wird eine nektar\u00e4hnliche Substanz abgesondert. Gorakshnathji (alter Nath-Yogi) bezeichnete diese Substanz als Amrit (Ambrosia\/Nektar oder Lebenselixier). In poetischer Form beschrieb er die Khechari Mudra als umgedrehten Brunnen im himmlischen Reich, der Nektar absonnert. Der Bewusste trinkt nach Herzenslust, der Unbewusste d\u00fcrstet. Wer diesen Amrit kostet, erlangt das Wissen, unsterblich zu sein. Und wenn es Amrit ist, stellt sich die Frage nach Wiedergeburt nicht. Heiliger Kabir verglich den K\u00f6rper mit einem irdenen Topf, gef\u00fcllt mit Wasser. Dieser Topf ist ins Wasser getaucht. Es gibt Wasser im Topf und auch drau\u00dfen. Der Ton des Topfes zerf\u00e4llt allm\u00e4hlich, und bald zerbricht der Topf vollst\u00e4ndig. Sobald der Topf zerbricht, werden das Wasser im Topf und drau\u00dfen eins. Diese Erkenntnis der \u201aEinheit\u2018 geschieht nur durch die Gnade des Gurus. Dieser K\u00f6rper, den ihr so sch\u00e4tzt, ist nichts als ein Topf, der nach einer Weile zerbricht. Wenn ihr euch von diesem Kreislauf von Leben und Tod befreien wollt, m\u00fcsst ihr das Mantra st\u00e4ndig chanten. Es hei\u00dft auch: \u201aIm Kali Yuga (Zeitalter der Falschheit) f\u00fchrt nur das Chanten des Namens Gottes zur Moksha (Befreiung).\u2018 Guru Nanak sagte, dass der Rausch durch Drogen am n\u00e4chsten Morgen vergeht, aber der Rausch durch Chanten nie. Heiliger Kabir sagte ebenfalls, dass der Rausch durch Chanten nicht vergeht. Stattdessen w\u00e4chst die berauschende Freude t\u00e4glich. Das von mir gegebene Mantra, das ihr chantet, schenkt euch berauschende Freude. Es ist Rausch ohne Drogen&#8221;.<\/p>\n","protected":false},"author":2,"featured_media":0,"parent":0,"menu_order":0,"comment_status":"closed","ping_status":"closed","template":"","meta":{"footnotes":""},"class_list":["post-1626","page","type-page","status-publish","hentry"],"aioseo_notices":[],"ams_acf":[],"_links":{"self":[{"href":"https:\/\/gurusiyagyoga.org\/de\/wp-json\/wp\/v2\/pages\/1626","targetHints":{"allow":["GET"]}}],"collection":[{"href":"https:\/\/gurusiyagyoga.org\/de\/wp-json\/wp\/v2\/pages"}],"about":[{"href":"https:\/\/gurusiyagyoga.org\/de\/wp-json\/wp\/v2\/types\/page"}],"author":[{"embeddable":true,"href":"https:\/\/gurusiyagyoga.org\/de\/wp-json\/wp\/v2\/users\/2"}],"replies":[{"embeddable":true,"href":"https:\/\/gurusiyagyoga.org\/de\/wp-json\/wp\/v2\/comments?post=1626"}],"version-history":[{"count":2,"href":"https:\/\/gurusiyagyoga.org\/de\/wp-json\/wp\/v2\/pages\/1626\/revisions"}],"predecessor-version":[{"id":1658,"href":"https:\/\/gurusiyagyoga.org\/de\/wp-json\/wp\/v2\/pages\/1626\/revisions\/1658"}],"wp:attachment":[{"href":"https:\/\/gurusiyagyoga.org\/de\/wp-json\/wp\/v2\/media?parent=1626"}],"curies":[{"name":"wp","href":"https:\/\/api.w.org\/{rel}","templated":true}]}}