{"id":1631,"date":"2026-01-27T13:13:42","date_gmt":"2026-01-27T13:13:42","guid":{"rendered":"https:\/\/gurusiyagyoga.org\/de\/?page_id=1631"},"modified":"2026-02-03T11:28:30","modified_gmt":"2026-02-03T11:28:30","slug":"sanatan","status":"publish","type":"page","link":"https:\/\/gurusiyagyoga.org\/de\/sanatan\/","title":{"rendered":"6.10 Sanatan-Aspekt"},"content":{"rendered":"<p style=\"font-weight: 400;\"><strong>Auszug \u00fcber Hinduismus aus einem Vortrag von Guru Siyag im Jahr 2000:<\/strong><\/p>\n<p style=\"font-weight: 400;\">\u201eWas ist Hindu Dharma? Wenn jemand uns diese Frage stellt, sagen wir einfach, wir sind Hindus. Aber wir k\u00f6nnen nicht erkl\u00e4ren, was es wirklich bedeutet, ein Hindu zu sein. Ein Hindu zu sein bedeutet, ein vollst\u00e4ndig entwickelter Mensch zu sein. Ich wei\u00df; das ist heute nicht der Fall. Aber so interpretiert unsere religi\u00f6se Philosophie die Bedeutung dessen, der dem Hinduismus folgt. Dies ist die Advaita-Philosophie (nicht-dual), die nur wir der Welt geschenkt haben. Alle anderen Religionen basieren auf Dualit\u00e4t, was bedeutet, dass Gott und Mensch zwei getrennte Wesen sind. Sie sagen, es sei unm\u00f6glich f\u00fcr den Menschen, Gott direkt zu erfahren und zu realisieren. Aber Gott direkt zu erfahren und zu realisieren ist genau das ultimative Ziel der hinduistischen Philosophie. Ohne Realisation Gottes kann das menschliche Leben nicht vollst\u00e4ndig sein.<\/p>\n<p style=\"font-weight: 400;\">Die Frage ist: Wenn die Advaita-Philosophie den Raum f\u00fcr die vollst\u00e4ndige Evolution des Menschen bietet, welcher Prozess oder Methode f\u00fchrt praktisch dazu? Nur die hinduistische Religion legt diesen Prozess fest. Sie sagt, der Mensch wird zweimal im selben Leben geboren. Die biologische Geburt durch die Eltern ist die erste, physische Geburt. Wenn er einen Guru trifft und von ihm in das spirituelle Leben eingeweiht wird, ist es die zweite, spirituelle Geburt. (Die spirituelle Praxis unter der F\u00fchrung des Gurus markiert den Prozess, das Prinzip der Nicht-Dualit\u00e4t praktisch zu erfahren.) Wenn eine Person die Siddha Yoga Diksha erh\u00e4lt und den spirituellen Pfad folgt, erlangt der Sch\u00fcler schlie\u00dflich Atma-Sakshatkar \u2013 Selbsterkenntnis. Der Sch\u00fcler erkennt dann sein wahres Selbst (deutlich verschieden davon, wie er sich als individuelles Selbst in materialer Hinsicht wahrnimmt).<\/p>\n<p style=\"font-weight: 400;\">Heute hat das buchst\u00e4bliche Wissen \u00fcber das philosophische Konzept der Selbsterkenntnis fast alle von uns dazu gebracht, einen Guru aufzusuchen, um das Prinzip der Nicht-Dualit\u00e4t praktisch zu erfahren. Allerdings finden wir keinen erkennbaren Unterschied in unserer mentalen Struktur, unserem Verhalten und unserem Alltagsleben vor und nach der Einweihung durch einen Guru.<\/p>\n<p style=\"font-weight: 400;\">Das bedeutet jedoch nicht, dass das hinduistische Konzept, dass eine Person zweimal im selben Leben geboren wird, eine Einbildung ist. Es ist Realit\u00e4t (wenn der Guru ein wahrhaft erleuchteter Mensch ist, der eine spirituelle Transformation bei seinem Sch\u00fcler bewirken kann). Die hinduistische Religion ist wahrhaft eine universelle Religion f\u00fcr die Menschheit. Meine Sch\u00fcler kommen aus verschiedenen Ethnien, Kasten, Rassen, Religionen und Nationalit\u00e4ten. Menschen haben unterschiedliche Hintergr\u00fcnde, aber denselben physischen Aufbau des menschlichen K\u00f6rpers. Trotz unterschiedlicher Hintergr\u00fcnde durchlaufen sie dieselbe spirituelle Transformation. Die hinduistische Philosophie glaubt nicht an Religionswechsel oder Missionierung. Sie spricht von innerer Ver\u00e4nderung, Transformation einer Person (nicht \u00e4u\u00dferer Identit\u00e4tswechsel, wie bei einem Wechsel der Loyalit\u00e4t von einer Religion zur anderen). Ich sage Leuten anderer Glaubensrichtungen, die zu mir kommen: \u201aGebt eure Religion nicht auf, sondern folgt der praktischen Methode, die ich euch zeige, um eure innere Energie zu wecken und euer Leben zu transformieren\u201d.<\/p>\n","protected":false},"excerpt":{"rendered":"<p>Auszug \u00fcber Hinduismus aus einem Vortrag von Guru Siyag im Jahr 2000: \u201eWas ist Hindu Dharma? Wenn jemand uns diese Frage stellt, sagen wir einfach, wir sind Hindus. Aber wir k\u00f6nnen nicht erkl\u00e4ren, was es wirklich bedeutet, ein Hindu zu sein. Ein Hindu zu sein bedeutet, ein vollst\u00e4ndig entwickelter Mensch zu sein. Ich wei\u00df; das ist heute nicht der Fall. Aber so interpretiert unsere religi\u00f6se Philosophie die Bedeutung dessen, der dem Hinduismus folgt. Dies ist die Advaita-Philosophie (nicht-dual), die nur wir der Welt geschenkt haben. Alle anderen Religionen basieren auf Dualit\u00e4t, was bedeutet, dass Gott und Mensch zwei getrennte Wesen sind. Sie sagen, es sei unm\u00f6glich f\u00fcr den Menschen, Gott direkt zu erfahren und zu realisieren. Aber Gott direkt zu erfahren und zu realisieren ist genau das ultimative Ziel der hinduistischen Philosophie. Ohne Realisation Gottes kann das menschliche Leben nicht vollst\u00e4ndig sein. Die Frage ist: Wenn die Advaita-Philosophie den Raum f\u00fcr die vollst\u00e4ndige Evolution des Menschen bietet, welcher Prozess oder Methode f\u00fchrt praktisch dazu? Nur die hinduistische Religion legt diesen Prozess fest. Sie sagt, der Mensch wird zweimal im selben Leben geboren. Die biologische Geburt durch die Eltern ist die erste, physische Geburt. Wenn er einen Guru trifft und von ihm in das spirituelle Leben eingeweiht wird, ist es die zweite, spirituelle Geburt. (Die spirituelle Praxis unter der F\u00fchrung des Gurus markiert den Prozess, das Prinzip der Nicht-Dualit\u00e4t praktisch zu erfahren.) Wenn eine Person die Siddha Yoga Diksha erh\u00e4lt und den spirituellen Pfad folgt, erlangt der Sch\u00fcler schlie\u00dflich Atma-Sakshatkar \u2013 Selbsterkenntnis. Der Sch\u00fcler erkennt dann sein wahres Selbst (deutlich verschieden davon, wie er sich als individuelles Selbst in materialer Hinsicht wahrnimmt). Heute hat das buchst\u00e4bliche Wissen \u00fcber das philosophische Konzept der Selbsterkenntnis fast alle von uns dazu gebracht, einen Guru aufzusuchen, um das Prinzip der Nicht-Dualit\u00e4t praktisch zu erfahren. Allerdings finden wir keinen erkennbaren Unterschied in unserer mentalen Struktur, unserem Verhalten und unserem Alltagsleben vor und nach der Einweihung durch einen Guru. Das bedeutet jedoch nicht, dass das hinduistische Konzept, dass eine Person zweimal im selben Leben geboren wird, eine Einbildung ist. Es ist Realit\u00e4t (wenn der Guru ein wahrhaft erleuchteter Mensch ist, der eine spirituelle Transformation bei seinem Sch\u00fcler bewirken kann). Die hinduistische Religion ist wahrhaft eine universelle Religion f\u00fcr die Menschheit. Meine Sch\u00fcler kommen aus verschiedenen Ethnien, Kasten, Rassen, Religionen und Nationalit\u00e4ten. Menschen haben unterschiedliche Hintergr\u00fcnde, aber denselben physischen Aufbau des menschlichen K\u00f6rpers. Trotz unterschiedlicher Hintergr\u00fcnde durchlaufen sie dieselbe spirituelle Transformation. Die hinduistische Philosophie glaubt nicht an Religionswechsel oder Missionierung. Sie spricht von innerer Ver\u00e4nderung, Transformation einer Person (nicht \u00e4u\u00dferer Identit\u00e4tswechsel, wie bei einem Wechsel der Loyalit\u00e4t von einer Religion zur anderen). Ich sage Leuten anderer Glaubensrichtungen, die zu mir kommen: \u201aGebt eure Religion nicht auf, sondern folgt der praktischen Methode, die ich euch zeige, um eure innere Energie zu wecken und euer Leben zu transformieren\u201d.<\/p>\n","protected":false},"author":2,"featured_media":0,"parent":0,"menu_order":0,"comment_status":"closed","ping_status":"closed","template":"","meta":{"footnotes":""},"class_list":["post-1631","page","type-page","status-publish","hentry"],"aioseo_notices":[],"ams_acf":[],"_links":{"self":[{"href":"https:\/\/gurusiyagyoga.org\/de\/wp-json\/wp\/v2\/pages\/1631","targetHints":{"allow":["GET"]}}],"collection":[{"href":"https:\/\/gurusiyagyoga.org\/de\/wp-json\/wp\/v2\/pages"}],"about":[{"href":"https:\/\/gurusiyagyoga.org\/de\/wp-json\/wp\/v2\/types\/page"}],"author":[{"embeddable":true,"href":"https:\/\/gurusiyagyoga.org\/de\/wp-json\/wp\/v2\/users\/2"}],"replies":[{"embeddable":true,"href":"https:\/\/gurusiyagyoga.org\/de\/wp-json\/wp\/v2\/comments?post=1631"}],"version-history":[{"count":2,"href":"https:\/\/gurusiyagyoga.org\/de\/wp-json\/wp\/v2\/pages\/1631\/revisions"}],"predecessor-version":[{"id":1660,"href":"https:\/\/gurusiyagyoga.org\/de\/wp-json\/wp\/v2\/pages\/1631\/revisions\/1660"}],"wp:attachment":[{"href":"https:\/\/gurusiyagyoga.org\/de\/wp-json\/wp\/v2\/media?parent=1631"}],"curies":[{"name":"wp","href":"https:\/\/api.w.org\/{rel}","templated":true}]}}