{"id":1633,"date":"2026-01-27T13:15:02","date_gmt":"2026-01-27T13:15:02","guid":{"rendered":"https:\/\/gurusiyagyoga.org\/de\/?page_id=1633"},"modified":"2026-02-03T11:30:58","modified_gmt":"2026-02-03T11:30:58","slug":"bio","status":"publish","type":"page","link":"https:\/\/gurusiyagyoga.org\/de\/bio\/","title":{"rendered":"7.1 Biografie"},"content":{"rendered":"<p style=\"font-weight: 400;\"><strong>Fr\u00fches Leben<\/strong> \u2013 Guru Siyag wurde am 24. November 1926 im Dorf Palana geboren, 25 Kilometer n\u00f6rdlich der Stadt Bikaner im Bundesstaat Rajasthan (Indien). Guru Siyag absolvierte die Highschool und nahm mit 18 Jahren eine Stelle als Schreiber bei den Indian Railways an. Bald darauf heiratete er und gr\u00fcndete eine Familie. In den folgenden Jahren hatte er schlie\u00dflich f\u00fcnf Kinder \u2013 eine Tochter und vier S\u00f6hne.<\/p>\n<p style=\"font-weight: 400;\">\n<p style=\"font-weight: 400;\"><strong>G\u00f6ttliche Transformation<\/strong><\/p>\n<p style=\"font-weight: 400;\">Der Winter 1968 markierte einen Wendepunkt im Leben von Guru Siyag. Sein eint\u00f6niges Leben wurde pl\u00f6tzlich gest\u00f6rt, als ihn eine unerkl\u00e4rliche Todesangst \u00fcberfiel, obwohl er nicht krank war. Ein lokaler Wahrsager sagte Gurudev, er befinde sich unter <em>Markesh Dasha<\/em> \u2013 einer Planetenkonstellation, die einen Todeszauber wirkt. Die einzige M\u00f6glichkeit, dem nahenden Tod zu entkommen, sagten ihm einige lokale hinduistische Geistliche, sei es, die Segnungen der G\u00f6ttin Gayatri durch ein spezielles Ritual anzurufen. Gayatri, die G\u00f6ttin des kosmischen Lichts, sei die Einzige, die ihn aus den Klauen des Todes retten k\u00f6nne, hie\u00df es. Er wurde geraten, ein <em>Havan<\/em> \u2013 ein heiliges Reinigungsritual mit Feuerzeremonie \u2013 durchzuf\u00fchren und dabei das Gayatri-Mantra zu rezitieren. Um die Anrufung vollst\u00e4ndig zu machen und g\u00f6ttlichen Schutz zu erhalten, m\u00fcsse er das Ritual t\u00e4glich wiederholen, bis er das Mantra 125.000 Mal rezitiert habe.<\/p>\n<p style=\"font-weight: 400;\">Im Oktober 1968 begann Gurudev das Ritual ernsthaft w\u00e4hrend <em>Navratri<\/em>, einem neunt\u00e4gigen Fest zu Ehren der g\u00f6ttlichen Weiblichkeit, <em>Shakti<\/em>. Jeden Tag wachte er in den fr\u00fchen Morgenstunden auf und rezitierte das heilige Gayatri-Mantra \u00fcber dem <em>Havan<\/em>. Der Druck der irrationalen Panik war so intensiv, dass er das t\u00e4gliche Ritual mit h\u00f6chster Aufrichtigkeit und Konzentration ausf\u00fchrte. Es dauerte drei Monate, bis er es vollendet hatte. Sp\u00e4ter erinnerte sich Gurudev und sagte, es sei gewesen, als ob eine <a href=\"https:\/\/gurusiyagyoga.org\/divine-transformatoin\/\">g\u00f6ttliche Transformationskraft<\/a> ihn in einen k\u00fcnstlichen Angstzustand versetzt habe, nur um sein bisheriges profanes Leben zu ver\u00e4ndern und ihn auf den spirituellen Pfad zu sto\u00dfen. Am Tag der Vollendung des Rituals ging Gurudev mit dem Gedanken zu Bett, er werde am n\u00e4chsten Morgen zur \u00fcblichen Zeit aufwachen, nun da die anstrengende Gayatri-Verehrung beendet sei.<br \/>\nDoch gew\u00f6hnt an fr\u00fches Aufstehen, erwachte er fr\u00fch. Sobald er die Augen \u00f6ffnete und sich im Bett aufsetzte, sp\u00fcrte er, wie sein Inneres mit einem immens hellen wei\u00dfen Licht erstrahlte. Es war ein helles Licht, das er mit keinem anderen vergleichen konnte \u2013 nicht einmal mit Sonnenlicht. Er bemerkte, dass das Licht seinen K\u00f6rper von innen erleuchtete. Das Licht war weder warm noch kalt; es brachte nur eine Welle beruhigenden Friedens. Bald war er vollst\u00e4ndig in einen Zustand von Freude und Seligkeit versunken, den er nie f\u00fcr m\u00f6glich gehalten hatte. Das Licht schenkte ihm eine innere Vision. Gurudev sah, dass trotz des klaren, hellen Lichts, das seinen K\u00f6rper von innen erleuchtete, er keine Organe erkennen konnte, als w\u00e4re sein K\u00f6rper nur eine leere H\u00fclle! Da er gelegentlich als Helfer in der Leichenhalle des Bahnhospitals gearbeitet hatte, kannte Gurudev die Lage der inneren Organe, Muskeln und Knochen im menschlichen K\u00f6rper. Und doch sah er nichts davon in seinem eigenen K\u00f6rper!<\/p>\n<p style=\"font-weight: 400;\">Bald wurde er sich eines Summens bewusst, wie von einem Schwarm Hummeln. Als er sich darauf konzentrierte, erkannte er, dass es aus dem Zentrum seines Nabels kam. Zu seinem Erstaunen stellte er fest, dass das Summen nichts anderes war als das Gayatri-Mantra, das mit unglaublicher Geschwindigkeit wiederholt wurde und wie das Brummen von Hummeln klang! Sp\u00e4ter lernte er, dass das Gayatri-Mantra, das er zuvor bewusst rezitiert hatte, nun als nicht endender, selbstl\u00e4ufiger Prozess etabliert war, der ihn dauerhaft mit der g\u00f6ttlichen Kraft verband. Das g\u00f6ttliche Licht brachte eine weitere Entdeckung f\u00fcr Gurudev. Er erkannte, dass hinter der Fassade seiner Identit\u00e4t und Existenz in der materiellen Welt ein ganz anderes Wesen steckte. Er war weder an physische Grenzen gebunden noch sein pers\u00f6nliches Bewusstsein auf die physische Welt beschr\u00e4nkt, in der er lebte. Er f\u00fchlte, als ob sein pers\u00f6nliches Sein sich so weit ausgedehnt h\u00e4tte, dass er das gesamte Universum umfassen k\u00f6nnte. Tats\u00e4chlich f\u00fchlte er sich als das Universum selbst und sp\u00fcrte die Vibrationen aller belebten und unbelebten Wesen als seine eigenen. Durch diese einzigartige Erfahrung erkannte er auch, dass er genau das war, was die antiken vedischen Seher <em>Brahma<\/em> nannten \u2013 die absolute, allgegenw\u00e4rtige, unver\u00e4nderliche und formlose g\u00f6ttliche Kraft. Gerade als Gurudev diese au\u00dfergew\u00f6hnliche Erfahrung bestaunte und auf Wellen von Freude, Frieden und Liebe schwebte, brach die fantastische Vision so pl\u00f6tzlich ab, wie sie gekommen war. Das gurgelnde Ger\u00e4usch von Wasser, das pl\u00f6tzlich aus einem offenen Hahn im Badezimmer str\u00f6mte, hatte seinen tranceartigen Zustand gest\u00f6rt.<\/p>\n<p style=\"font-weight: 400;\">Als er einige <em>Pundits<\/em> (Weise), die gut in den heiligen Schriften bewandert waren, \u00fcber diese Erfahrung befragte, hie\u00df es, er sei tats\u00e4chlich von der G\u00f6ttin Gayatri mit einer <em>Siddhi<\/em> \u2013 einer speziellen g\u00f6ttlichen Kraft \u2013 gesegnet worden.<\/p>\n<p style=\"font-weight: 400;\">\n<p style=\"font-weight: 400;\"><strong>Begegnung mit Baba Gangainathji<\/strong><\/p>\n<p style=\"font-weight: 400;\">In den folgenden Monaten seiner spirituellen Suche stie\u00df Gurudev auf die Philosophie von Swami Vivekananda, einer der gr\u00f6\u00dften spirituellen Gestalten des 20. Jahrhunderts, der die Wiederbelebung des vedischen Erbes nicht nur in Indien, sondern auch in Amerika und Europa anf\u00fchrte. Vivekananda setzte sich stark f\u00fcr die Praxis vedischer Philosophie durch Wiederherstellung des Guru-Sch\u00fcler-Systems ein, das allein, so glaubte er, zu spiritueller Evolution weltweit f\u00fchren k\u00f6nne. Auf Swami Vivekanandas Rat hin begann Gurudev ernsthaft nach einem Guru zu suchen. Ein Verwandter von Gurudev schlug vor, zu Baba Shri Gangainathji zu gehen, einem asketischen Yogi, der im Dorf Jamsar lebte, 27 Kilometer n\u00f6rdlich von Bikaner. Im April 1983 besuchte Gurudev das Ashram.<br \/>\nAn diesem ersten Treffen war nichts Au\u00dfergew\u00f6hnliches \u2013 eine Gruppe von Menschen hatte sich versammelt, um in Gangainathjis Gegenwart zu meditieren. Gurudev sa\u00df hinten und beobachtete nur. Obwohl es keine Interaktion zwischen den beiden gab, trieb etwas Gurudev, einige Tage sp\u00e4ter das Ashram von Baba erneut zu besuchen. Bei diesem zweiten Besuch, als Gurudev sich verneigte und Babas F\u00fc\u00dfe ber\u00fchrte, ber\u00fchrte der Meister Gurudews Kopf als Segen. In dem Moment, als Baba ihn ber\u00fchrte, sp\u00fcrte Gurudev eine gewaltige Energie, wie einen Blitz, der durch seinen K\u00f6rper fuhr. Dies war Babas Art, <em>Diksha<\/em>(Einweihung) zu geben und das Mantel des \u2018Siddha Guru\u2019 an Guru Siyag weiterzureichen.<\/p>\n<p style=\"font-weight: 400;\">\n<p style=\"font-weight: 400;\"><strong>Gangainathji nimmt Samadhi<\/strong><\/p>\n<p style=\"font-weight: 400;\">Am 31. Dezember 1983 um 5 Uhr morgens wurde der gesamte Nordwesten Indiens von einem schweren Erdbeben ersch\u00fcttert. Gurudev erfuhr sp\u00e4ter, dass dies genau der Moment war, in dem Baba Gangainathji seinen sterblichen K\u00f6rper verlie\u00df. Viele Jahre sp\u00e4ter sagte Gurudev in einem Gespr\u00e4ch mit seinen Sch\u00fclern dazu: \u201eManchmal, wenn ein erleuchtetes Wesen seinen sterblichen K\u00f6rper verl\u00e4sst, erzittert sogar die Erde vor seinem Weggang, und so (durch das Erdbeben) dr\u00fcckt sie ihre Trauer aus.\u201c<\/p>\n<p style=\"font-weight: 400;\">Einige Tage nach diesem Ereignis rief ein lokaler Jugendlicher Gurudev auf der Stra\u00dfe an. Was er sagte, klang sehr seltsam. Der Jugendliche berichtete, Baba Gangainathji habe ihn bedr\u00e4ngt, Gurudev zu seinem <em>Samadhi<\/em>-Ort in Jamsar zu bringen (eine Art Grabmal oder Mausoleum). Gurudev widersprach, Baba sei nicht mehr am Leben und er k\u00f6nne ihn daher nicht getroffen haben, doch der Jugendliche sagte, Baba erscheine ihm im Traum und gebe diesen Befehl. Als g\u00f6ttlichen Ruf deutend, besuchte Gurudev Babas <em>Samadhi<\/em> und betete dort.<\/p>\n<p style=\"font-weight: 400;\">Ein zentrales Prinzip vedischen Denkens ist, dass die Seele ewig ist und nur der K\u00f6rper vergeht, wenn eine Person stirbt. W\u00e4hrend ein Unerleuchteter durch das Ausklingen seines Karmas stirbt, verl\u00e4sst ein Erleuchteter seinen K\u00f6rper bewusst und absichtlich zu einem bestimmten Zeitpunkt und Ort. Solch ein Siddha Guru leitet seine Sch\u00fcler auch nach dem Verlassen des K\u00f6rpers weiter. Der <em>Samadhi<\/em>-Ort eines Heiligen wird daher als Quelle g\u00f6ttlicher Segnungen verehrt.<\/p>\n<p style=\"font-weight: 400;\">\n<p style=\"font-weight: 400;\"><strong>Hingabe an Guru Gangainathji<\/strong><\/p>\n<p style=\"font-weight: 400;\">Ich erlebte eine vollst\u00e4ndige Verwandlung, als ich mich meinem Guru Gangainathji hingab. Auch ihr k\u00f6nnt diese Verwandlung erleben. Die gesamte Menschheit \u2013 M\u00e4nner und Frauen \u2013 kann diese Verwandlung erleben. Dazu m\u00fcsst ihr nur verstehen, wer ihr seid. Ich werde euch euer wahres Selbst vorstellen, damit ihr versteht, wer ihr seid. Ihr seid nicht dieser K\u00f6rper. Ihr seid die unsterbliche Seele. <em>Sanatana Dharma<\/em> sagt, dass Befreiung ohne einen erleuchteten Guru unm\u00f6glich ist. Doch Befreiung ist nicht einfach. Sie ist kein Spielzeug, das der Guru euch bei eurer Begegnung reicht. Der Guru zeigt euch nur den Weg und sagt euch: Wenn ihr diesen Pfad geht, erreicht ihr euer Ziel. Und der Weg ist das Rezitieren des g\u00f6ttlichen Mantras. In seinen Sprichw\u00f6rtern sagt Goswami Tulsidas, dass man im <em>Kali Yuga<\/em> (dem jetzigen Zeitalter der Falschheit) nur durch das Rezitieren des g\u00f6ttlichen Mantras von Leiden befreit werden kann.<\/p>\n<p style=\"font-weight: 400;\">\n<p style=\"font-weight: 400;\"><strong>Prophetische Vision<\/strong><\/p>\n<p style=\"font-weight: 400;\">Im Jahr 1984 erlebte Gurudev ein weiteres seltsames Ereignis, dessen Implikationen die Menschheit in den kommenden Jahren betreffen k\u00f6nnten. Eines Nachts nach dem Zubettgehen hatte Guru Siyag eine Vision im Traum. In der Vision wurde ihm ein Abschnitt aus einem heiligen Buch gezeigt, das er vage als solches erkannte, und eine Stimme verk\u00fcndete: \u201eDu bist das; du bist das. \u201c Am n\u00e4chsten Morgen gr\u00fcbelte Gurudev \u00fcber die seltsame Vision nach und versuchte zu verstehen, ob es eine Vision oder nur ein sonderner Traum war und was \u201eDu bist das\u201c bedeutete. Da der Abschnitt auf Hindi war, erinnerte er sich an einige W\u00f6rter, doch sie ergaben keinen Sinn.<\/p>\n<p style=\"font-weight: 400;\">Ein paar Tage sp\u00e4ter brachte Gurudews j\u00fcngster Sohn Rajendra ein altes, zerfleddertes Buch nach Hause. Auf dem Nachhauseweg von der Schule sp\u00fcrte der Junge einen seltsamen Drang, das Buch aufzuheben, das er verlassen an einem Haus am Stra\u00dfenrand liegen sah. Als Gurudev die Seiten ohne besonderes Interesse umbl\u00e4tterte, fuhr er zusammen, als er einen Abschnitt auf einer Seite bemerkte. Es war genau derselbe Abschnitt aus dem Traum. Er las das Buch mehrmals, konnte aber nicht erfassen, worum es ging. Alles, was er entnehmen konnte, war, dass das f\u00fcr Kinder bestimmte Buch mit Bildern illustriert war, um ihnen den christlichen Glauben einfach zu erkl\u00e4ren. Da er selbst nicht sehr religi\u00f6s war, kannte Gurudev die hinduistischen Schriften kaum, geschweige denn die Philosophie anderer Glaubensrichtungen. <em>F\u00fcr weitere Anfragen: E-Mail <\/em><a href=\"mailto:gssyworld@gmail.com\"><em>gssyworld@gmail.com<\/em><\/a><em> oder WhatsApp (+91) 9468623528 oder Tel. (+91)8369754399.<\/em><\/p>\n<p style=\"font-weight: 400;\">Gurudev fragte in seinem Freundeskreis, ob Christen ein heiliges Buch wie die <em>Bhagwat Geeta<\/em> der Hindus befolgten. So erfuhr er von der Bibel. Ihm wurde gesagt, der im Traum gezeigte Abschnitt aus dem heiligen Buch sei Teil des Johannesevangeliums, genauer Kapitel 15:26-27 und 16:7-15. Sp\u00e4ter schenkte ihm ein Freund eine gek\u00fcrzte Hindi-Version der Bibel, die Gurudev einen ersten Eindruck vom Christentum vermittelte.<\/p>\n<p style=\"font-weight: 400;\">Er borgte sich eine englische Bibel von einem Freund, der Dozent an einem lokalen Jurakolleg war. Das Lesen auf Englisch half nicht; er fand den gesuchten Abschnitt nicht. Er gab auf, gab das Buch zur\u00fcck und lie\u00df das Thema fallen, in dem Glauben, die Episode sei beendet. Doch dem war nicht so. Der innere Drang kehrte st\u00e4rker zur\u00fcck. Bei neuen Nachfragen erfuhr er etwas Erstaunliches: Das Christentum teilt sich in viele Sekten, die Hauptzweige sind Katholizismus und Protestantismus. Die zuvor gelesene Bibel folgte den Katholiken, w\u00e4hrend die protestantische die gesuchten Stellen aus dem Johannesevangelium enthielt.<\/p>\n<p style=\"font-weight: 400;\">Gurudev besorgte sich eine protestantische Bibel und las das Evangelium, zu dem er gedr\u00e4ngt wurde. Der relevante Teil enthielt eine Prophezeiung Jesu selbst \u00fcber das Kommen des Tr\u00f6sters, der, so prophezeite er, nur die wahrhaft Gl\u00e4ubigen vor dem sicheren Tod retten w\u00fcrde, w\u00e4hrend der Rest der Menschheit in einer globalen Katastrophe durch Krieg und Hungersnot im 21. Jahrhundert furchtbare g\u00f6ttliche Vergeltung erleiden w\u00fcrde! Sp\u00e4ter erfuhr Gurudev, dass das Alte Testament \u00e4hnliche Prophezeiungen des Propheten Maleachi \u00fcber das Kommen des Messias enth\u00e4lt, den er als Elija beschreibt. Das Lesen dieser Prophezeiungen lie\u00df Gurudev erkennen, dass sie mit den Lehren Krishnas in der <em>Geeta<\/em> vor Tausenden von Jahren vor der Geburt des Christentums und Judentums verbunden waren.<\/p>\n<p style=\"font-weight: 400;\">\n<p style=\"font-weight: 400;\"><strong>Leben als Siddha Guru<\/strong><\/p>\n<p style=\"font-weight: 400;\">Ein paar Jahre sp\u00e4ter erhielt Gurudev einen <em>Adesh<\/em> (g\u00f6ttlichen Befehl) von Gangainathji, seine Bahnjob aufzugeben und sich voll und ganz der spirituellen Mission zu widmen. Gurudev k\u00fcndigte am 30. Juni 1986 durch freiwilligen Ruhestand, fast sieben Jahre vor Erreichen des Pensionsalters. Sp\u00e4ter sagte er: \u201eFr\u00fcher diente ich der Bahn; nun diene ich meinem Guru. Das ist ein Job f\u00fcrs Leben, den ich nie aufgeben kann. Die materiellen Bed\u00fcrfnisse meiner Familie habe ich ganz Ihm (Gangainathji) \u00fcberlassen. Ich bin der treue Diener meines Gurus; Gewinn oder Verlust in dieser Mission geschieht nach Seinem Willen.\u201c F\u00fcr weitere Anfragen: E-Mail <a href=\"mailto:gssyworld@gmail.com\">gssyworld@gmail.com<\/a> oder Tel. (+91)8369754399.<\/p>\n<p style=\"font-weight: 400;\">Baba wies Guru Siyag auch an, Menschen in Siddha Yoga als Sch\u00fcler einzuleiten. Gurudev begann 1990 mit <em>Diksha<\/em>-Programmen zun\u00e4chst in Jodhpur und anderen St\u00e4dten Rajasthans. Wer zu Gurudev kam und Sch\u00fcler wurde, erlebte positive Ver\u00e4nderungen: Krankheiten heilten, und durch das Rezitieren des g\u00f6ttlichen Mantras und Meditation sp\u00fcrten sie spirituelles Erwachen. Als sich der Ruf von Gurudews einzigartiger Siddha Yoga und Heilkr\u00e4ften wie ein Lauffeuer verbreitete, wurde er in andere St\u00e4dte eingeladen. Gurudev reiste seitdem durch Indien, Israel und die USA und setzte Tausende auf den Pfad spiritueller Evolution und guter Gesundheit. Doch er sagt, er ist erst zur H\u00e4lfte durch mit seiner Mission. Er glaubt, erst wenn er Menschen im westlichen Globus erreicht und motiviert, dem von Baba Gangainathji gezeigten spirituellen Pfad zu folgen, wird es wahre Weltfrieden und Wohlstand geben. \u201eDer Spiritualismus des Ostens muss sich mit dem Materialismus des Westens verb\u00fcnden, sonst enden Konflikte und Zwietracht nie. Diese spirituelle Vereinigung von Ost und West ist meine Aufgabe, um dauerhaften Frieden zu bringen\u201c, sagt Gurudev.<\/p>\n","protected":false},"excerpt":{"rendered":"<p>Fr\u00fches Leben \u2013 Guru Siyag wurde am 24. November 1926 im Dorf Palana geboren, 25 Kilometer n\u00f6rdlich der Stadt Bikaner im Bundesstaat Rajasthan (Indien). Guru Siyag absolvierte die Highschool und nahm mit 18 Jahren eine Stelle als Schreiber bei den Indian Railways an. Bald darauf heiratete er und gr\u00fcndete eine Familie. In den folgenden Jahren hatte er schlie\u00dflich f\u00fcnf Kinder \u2013 eine Tochter und vier S\u00f6hne. G\u00f6ttliche Transformation Der Winter 1968 markierte einen Wendepunkt im Leben von Guru Siyag. Sein eint\u00f6niges Leben wurde pl\u00f6tzlich gest\u00f6rt, als ihn eine unerkl\u00e4rliche Todesangst \u00fcberfiel, obwohl er nicht krank war. Ein lokaler Wahrsager sagte Gurudev, er befinde sich unter Markesh Dasha \u2013 einer Planetenkonstellation, die einen Todeszauber wirkt. Die einzige M\u00f6glichkeit, dem nahenden Tod zu entkommen, sagten ihm einige lokale hinduistische Geistliche, sei es, die Segnungen der G\u00f6ttin Gayatri durch ein spezielles Ritual anzurufen. Gayatri, die G\u00f6ttin des kosmischen Lichts, sei die Einzige, die ihn aus den Klauen des Todes retten k\u00f6nne, hie\u00df es. Er wurde geraten, ein Havan \u2013 ein heiliges Reinigungsritual mit Feuerzeremonie \u2013 durchzuf\u00fchren und dabei das Gayatri-Mantra zu rezitieren. Um die Anrufung vollst\u00e4ndig zu machen und g\u00f6ttlichen Schutz zu erhalten, m\u00fcsse er das Ritual t\u00e4glich wiederholen, bis er das Mantra 125.000 Mal rezitiert habe. Im Oktober 1968 begann Gurudev das Ritual ernsthaft w\u00e4hrend Navratri, einem neunt\u00e4gigen Fest zu Ehren der g\u00f6ttlichen Weiblichkeit, Shakti. Jeden Tag wachte er in den fr\u00fchen Morgenstunden auf und rezitierte das heilige Gayatri-Mantra \u00fcber dem Havan. Der Druck der irrationalen Panik war so intensiv, dass er das t\u00e4gliche Ritual mit h\u00f6chster Aufrichtigkeit und Konzentration ausf\u00fchrte. Es dauerte drei Monate, bis er es vollendet hatte. Sp\u00e4ter erinnerte sich Gurudev und sagte, es sei gewesen, als ob eine g\u00f6ttliche Transformationskraft ihn in einen k\u00fcnstlichen Angstzustand versetzt habe, nur um sein bisheriges profanes Leben zu ver\u00e4ndern und ihn auf den spirituellen Pfad zu sto\u00dfen. Am Tag der Vollendung des Rituals ging Gurudev mit dem Gedanken zu Bett, er werde am n\u00e4chsten Morgen zur \u00fcblichen Zeit aufwachen, nun da die anstrengende Gayatri-Verehrung beendet sei. Doch gew\u00f6hnt an fr\u00fches Aufstehen, erwachte er fr\u00fch. Sobald er die Augen \u00f6ffnete und sich im Bett aufsetzte, sp\u00fcrte er, wie sein Inneres mit einem immens hellen wei\u00dfen Licht erstrahlte. Es war ein helles Licht, das er mit keinem anderen vergleichen konnte \u2013 nicht einmal mit Sonnenlicht. Er bemerkte, dass das Licht seinen K\u00f6rper von innen erleuchtete. Das Licht war weder warm noch kalt; es brachte nur eine Welle beruhigenden Friedens. Bald war er vollst\u00e4ndig in einen Zustand von Freude und Seligkeit versunken, den er nie f\u00fcr m\u00f6glich gehalten hatte. Das Licht schenkte ihm eine innere Vision. Gurudev sah, dass trotz des klaren, hellen Lichts, das seinen K\u00f6rper von innen erleuchtete, er keine Organe erkennen konnte, als w\u00e4re sein K\u00f6rper nur eine leere H\u00fclle! Da er gelegentlich als Helfer in der Leichenhalle des Bahnhospitals gearbeitet hatte, kannte Gurudev die Lage der inneren Organe, Muskeln und Knochen im menschlichen K\u00f6rper. Und doch sah er nichts davon in seinem eigenen K\u00f6rper! Bald wurde er sich eines Summens bewusst, wie von einem Schwarm Hummeln. Als er sich darauf konzentrierte, erkannte er, dass es aus dem Zentrum seines Nabels kam. Zu seinem Erstaunen stellte er fest, dass das Summen nichts anderes war als das Gayatri-Mantra, das mit unglaublicher Geschwindigkeit wiederholt wurde und wie das Brummen von Hummeln klang! Sp\u00e4ter lernte er, dass das Gayatri-Mantra, das er zuvor bewusst rezitiert hatte, nun als nicht endender, selbstl\u00e4ufiger Prozess etabliert war, der ihn dauerhaft mit der g\u00f6ttlichen Kraft verband. Das g\u00f6ttliche Licht brachte eine weitere Entdeckung f\u00fcr Gurudev. Er erkannte, dass hinter der Fassade seiner Identit\u00e4t und Existenz in der materiellen Welt ein ganz anderes Wesen steckte. Er war weder an physische Grenzen gebunden noch sein pers\u00f6nliches Bewusstsein auf die physische Welt beschr\u00e4nkt, in der er lebte. Er f\u00fchlte, als ob sein pers\u00f6nliches Sein sich so weit ausgedehnt h\u00e4tte, dass er das gesamte Universum umfassen k\u00f6nnte. Tats\u00e4chlich f\u00fchlte er sich als das Universum selbst und sp\u00fcrte die Vibrationen aller belebten und unbelebten Wesen als seine eigenen. Durch diese einzigartige Erfahrung erkannte er auch, dass er genau das war, was die antiken vedischen Seher Brahma nannten \u2013 die absolute, allgegenw\u00e4rtige, unver\u00e4nderliche und formlose g\u00f6ttliche Kraft. Gerade als Gurudev diese au\u00dfergew\u00f6hnliche Erfahrung bestaunte und auf Wellen von Freude, Frieden und Liebe schwebte, brach die fantastische Vision so pl\u00f6tzlich ab, wie sie gekommen war. Das gurgelnde Ger\u00e4usch von Wasser, das pl\u00f6tzlich aus einem offenen Hahn im Badezimmer str\u00f6mte, hatte seinen tranceartigen Zustand gest\u00f6rt. Als er einige Pundits (Weise), die gut in den heiligen Schriften bewandert waren, \u00fcber diese Erfahrung befragte, hie\u00df es, er sei tats\u00e4chlich von der G\u00f6ttin Gayatri mit einer Siddhi \u2013 einer speziellen g\u00f6ttlichen Kraft \u2013 gesegnet worden. Begegnung mit Baba Gangainathji In den folgenden Monaten seiner spirituellen Suche stie\u00df Gurudev auf die Philosophie von Swami Vivekananda, einer der gr\u00f6\u00dften spirituellen Gestalten des 20. Jahrhunderts, der die Wiederbelebung des vedischen Erbes nicht nur in Indien, sondern auch in Amerika und Europa anf\u00fchrte. Vivekananda setzte sich stark f\u00fcr die Praxis vedischer Philosophie durch Wiederherstellung des Guru-Sch\u00fcler-Systems ein, das allein, so glaubte er, zu spiritueller Evolution weltweit f\u00fchren k\u00f6nne. Auf Swami Vivekanandas Rat hin begann Gurudev ernsthaft nach einem Guru zu suchen. Ein Verwandter von Gurudev schlug vor, zu Baba Shri Gangainathji zu gehen, einem asketischen Yogi, der im Dorf Jamsar lebte, 27 Kilometer n\u00f6rdlich von Bikaner. Im April 1983 besuchte Gurudev das Ashram. An diesem ersten Treffen war nichts Au\u00dfergew\u00f6hnliches \u2013 eine Gruppe von Menschen hatte sich versammelt, um in Gangainathjis Gegenwart zu meditieren. Gurudev sa\u00df hinten und beobachtete nur. Obwohl es keine Interaktion zwischen den beiden gab, trieb etwas Gurudev, einige Tage sp\u00e4ter das Ashram von Baba erneut zu besuchen. Bei diesem zweiten Besuch, als Gurudev sich verneigte und Babas F\u00fc\u00dfe ber\u00fchrte, ber\u00fchrte der Meister Gurudews Kopf als Segen. In dem Moment, als Baba ihn ber\u00fchrte, sp\u00fcrte Gurudev eine gewaltige Energie, wie einen Blitz, der durch seinen K\u00f6rper fuhr. Dies war Babas Art, Diksha(Einweihung) zu geben und das Mantel des \u2018Siddha Guru\u2019 an Guru Siyag weiterzureichen. Gangainathji nimmt Samadhi Am 31. Dezember 1983 um [&hellip;]<\/p>\n","protected":false},"author":2,"featured_media":0,"parent":0,"menu_order":0,"comment_status":"closed","ping_status":"closed","template":"","meta":{"footnotes":""},"class_list":["post-1633","page","type-page","status-publish","hentry"],"aioseo_notices":[],"ams_acf":[],"_links":{"self":[{"href":"https:\/\/gurusiyagyoga.org\/de\/wp-json\/wp\/v2\/pages\/1633","targetHints":{"allow":["GET"]}}],"collection":[{"href":"https:\/\/gurusiyagyoga.org\/de\/wp-json\/wp\/v2\/pages"}],"about":[{"href":"https:\/\/gurusiyagyoga.org\/de\/wp-json\/wp\/v2\/types\/page"}],"author":[{"embeddable":true,"href":"https:\/\/gurusiyagyoga.org\/de\/wp-json\/wp\/v2\/users\/2"}],"replies":[{"embeddable":true,"href":"https:\/\/gurusiyagyoga.org\/de\/wp-json\/wp\/v2\/comments?post=1633"}],"version-history":[{"count":2,"href":"https:\/\/gurusiyagyoga.org\/de\/wp-json\/wp\/v2\/pages\/1633\/revisions"}],"predecessor-version":[{"id":1661,"href":"https:\/\/gurusiyagyoga.org\/de\/wp-json\/wp\/v2\/pages\/1633\/revisions\/1661"}],"wp:attachment":[{"href":"https:\/\/gurusiyagyoga.org\/de\/wp-json\/wp\/v2\/media?parent=1633"}],"curies":[{"name":"wp","href":"https:\/\/api.w.org\/{rel}","templated":true}]}}