{"id":1635,"date":"2026-01-27T13:15:52","date_gmt":"2026-01-27T13:15:52","guid":{"rendered":"https:\/\/gurusiyagyoga.org\/de\/?page_id=1635"},"modified":"2026-02-03T11:31:40","modified_gmt":"2026-02-03T11:31:40","slug":"empowered","status":"publish","type":"page","link":"https:\/\/gurusiyagyoga.org\/de\/empowered\/","title":{"rendered":"7.2 Der Beauftragte Guru Siyag"},"content":{"rendered":"<ul>\n<li>Das Wort \u201e<em>Samarth<\/em>\u201c bedeutet bevollm\u00e4chtigt (oder f\u00e4hig) und \u201e<em>Satguru<\/em>\u201c ist der wahre Guru. \u201e<em>Samarth Satguru<\/em>\u201c ist ein Titel, der einem g\u00f6ttlich bevollm\u00e4chtigten Guru verliehen wird, der die F\u00e4higkeit hat, einen eingeweihten Sch\u00fcler auf dem spirituellen Pfad zu f\u00fchren, der letztlich zur Selbsterkenntnis f\u00fchrt. Solch ein Guru zeigt den direktesten und praktischsten Weg zur Erkenntnis des G\u00f6ttlichen, ohne dass Sch\u00fcler Tempel besuchen, Riten, Rituale oder ritualistische Praktiken aus\u00fcben oder an sinnlosen Debatten und Predigten \u00fcber Spiritualit\u00e4t und Gotteserkenntnis teilnehmen m\u00fcssen. Der <em>Samarth Satguru<\/em> legt Suchenden keine Einschr\u00e4nkungen auf. Wie die Sonne leuchtet der <em>Samarth Satguru<\/em> f\u00fcr das gesamte Universum und unterscheidet nicht zwischen Suchenden, noch urteilt er \u00fcber sie nach ihrer vergangenen oder gegenw\u00e4rtigen Pers\u00f6nlichkeit, Religion, Geschlecht, Rasse, sexuellen Vorlieben oder gesellschaftlichen Stellung. Die g\u00f6ttliche Kraft eines <em>Samarth Satguru<\/em> wie Guru Siyag \u00fcberschreitet die Grenzen von Zeit und Raum. Jede Person \u00fcberall auf der Welt kann Guru Siyags Segen empfangen und Verwandlung erleben, indem sie aufrichtig die Mantra-Meditation von Guru Siyags Yoga (GSY) praktiziert.<\/li>\n<li>Der Guru ist auch nicht nur das physische Wesen, das wir \u00e4u\u00dferlich sehen. Er ist in uns allen. Guru Siyag erkl\u00e4rt: \u201eWer ist ein Guru? Ein Guru ist nicht nur der Einzelne, den du in einem sterblichen K\u00f6rper siehst. Sein sterblicher K\u00f6rper wird welken und einst vergehen. Doch der Guru (<em>ist die g\u00f6ttliche Kraft, die<\/em>) stirbt nie; er ist ewig und zeitlos. Der Guru w\u00e4chst in dir (<em>in den Tiefen des Bewusstseins des Suchenden<\/em>). In unserer yogischen Wissenschaft haben Zeit und Raum keinen Wert. Du bist in mir; und ich bin in dir. Wann immer du an mich denkst, findest du mich in dir. Wenn ein Guru ein echter ist, ist er allgegenw\u00e4rtig (<em>er ist gleichzeitig \u00fcberall; er ist nicht an Zeit und Raum gebunden<\/em>).<\/li>\n<li>\u201eWenn du mir hier zuh\u00f6rst, nimmst du meine Energie auf. Meine g\u00f6ttliche bewusste Energie wird jeden Moment durch meine Stimme, meine Augen und jedes Por meines Wesens ausgestrahlt. Diese Energie wird so lange ausgestrahlt, wie dieser K\u00f6rper existiert. Ob du ungebildet bist, weit entfernt oder in starken Schmerzen schwebst \u2013 wenn du zu mir betest: \u201aBitte hilf mir\u2018, reicht dieses Gebet aus, um mich zu erreichen. Verbeugungen, Bitten oder Geschenke \u2013 das hilft nicht\u201d.<\/li>\n<\/ul>\n","protected":false},"excerpt":{"rendered":"<p>Das Wort \u201eSamarth\u201c bedeutet bevollm\u00e4chtigt (oder f\u00e4hig) und \u201eSatguru\u201c ist der wahre Guru. \u201eSamarth Satguru\u201c ist ein Titel, der einem g\u00f6ttlich bevollm\u00e4chtigten Guru verliehen wird, der die F\u00e4higkeit hat, einen eingeweihten Sch\u00fcler auf dem spirituellen Pfad zu f\u00fchren, der letztlich zur Selbsterkenntnis f\u00fchrt. Solch ein Guru zeigt den direktesten und praktischsten Weg zur Erkenntnis des G\u00f6ttlichen, ohne dass Sch\u00fcler Tempel besuchen, Riten, Rituale oder ritualistische Praktiken aus\u00fcben oder an sinnlosen Debatten und Predigten \u00fcber Spiritualit\u00e4t und Gotteserkenntnis teilnehmen m\u00fcssen. Der Samarth Satguru legt Suchenden keine Einschr\u00e4nkungen auf. Wie die Sonne leuchtet der Samarth Satguru f\u00fcr das gesamte Universum und unterscheidet nicht zwischen Suchenden, noch urteilt er \u00fcber sie nach ihrer vergangenen oder gegenw\u00e4rtigen Pers\u00f6nlichkeit, Religion, Geschlecht, Rasse, sexuellen Vorlieben oder gesellschaftlichen Stellung. Die g\u00f6ttliche Kraft eines Samarth Satguru wie Guru Siyag \u00fcberschreitet die Grenzen von Zeit und Raum. Jede Person \u00fcberall auf der Welt kann Guru Siyags Segen empfangen und Verwandlung erleben, indem sie aufrichtig die Mantra-Meditation von Guru Siyags Yoga (GSY) praktiziert. Der Guru ist auch nicht nur das physische Wesen, das wir \u00e4u\u00dferlich sehen. Er ist in uns allen. Guru Siyag erkl\u00e4rt: \u201eWer ist ein Guru? Ein Guru ist nicht nur der Einzelne, den du in einem sterblichen K\u00f6rper siehst. Sein sterblicher K\u00f6rper wird welken und einst vergehen. Doch der Guru (ist die g\u00f6ttliche Kraft, die) stirbt nie; er ist ewig und zeitlos. Der Guru w\u00e4chst in dir (in den Tiefen des Bewusstseins des Suchenden). In unserer yogischen Wissenschaft haben Zeit und Raum keinen Wert. Du bist in mir; und ich bin in dir. Wann immer du an mich denkst, findest du mich in dir. Wenn ein Guru ein echter ist, ist er allgegenw\u00e4rtig (er ist gleichzeitig \u00fcberall; er ist nicht an Zeit und Raum gebunden). \u201eWenn du mir hier zuh\u00f6rst, nimmst du meine Energie auf. Meine g\u00f6ttliche bewusste Energie wird jeden Moment durch meine Stimme, meine Augen und jedes Por meines Wesens ausgestrahlt. Diese Energie wird so lange ausgestrahlt, wie dieser K\u00f6rper existiert. Ob du ungebildet bist, weit entfernt oder in starken Schmerzen schwebst \u2013 wenn du zu mir betest: \u201aBitte hilf mir\u2018, reicht dieses Gebet aus, um mich zu erreichen. Verbeugungen, Bitten oder Geschenke \u2013 das hilft nicht\u201d.<\/p>\n","protected":false},"author":2,"featured_media":0,"parent":0,"menu_order":0,"comment_status":"closed","ping_status":"closed","template":"","meta":{"footnotes":""},"class_list":["post-1635","page","type-page","status-publish","hentry"],"aioseo_notices":[],"ams_acf":[],"_links":{"self":[{"href":"https:\/\/gurusiyagyoga.org\/de\/wp-json\/wp\/v2\/pages\/1635","targetHints":{"allow":["GET"]}}],"collection":[{"href":"https:\/\/gurusiyagyoga.org\/de\/wp-json\/wp\/v2\/pages"}],"about":[{"href":"https:\/\/gurusiyagyoga.org\/de\/wp-json\/wp\/v2\/types\/page"}],"author":[{"embeddable":true,"href":"https:\/\/gurusiyagyoga.org\/de\/wp-json\/wp\/v2\/users\/2"}],"replies":[{"embeddable":true,"href":"https:\/\/gurusiyagyoga.org\/de\/wp-json\/wp\/v2\/comments?post=1635"}],"version-history":[{"count":2,"href":"https:\/\/gurusiyagyoga.org\/de\/wp-json\/wp\/v2\/pages\/1635\/revisions"}],"predecessor-version":[{"id":1662,"href":"https:\/\/gurusiyagyoga.org\/de\/wp-json\/wp\/v2\/pages\/1635\/revisions\/1662"}],"wp:attachment":[{"href":"https:\/\/gurusiyagyoga.org\/de\/wp-json\/wp\/v2\/media?parent=1635"}],"curies":[{"name":"wp","href":"https:\/\/api.w.org\/{rel}","templated":true}]}}