{"id":1637,"date":"2026-01-27T13:17:00","date_gmt":"2026-01-27T13:17:00","guid":{"rendered":"https:\/\/gurusiyagyoga.org\/de\/?page_id=1637"},"modified":"2026-02-03T11:33:15","modified_gmt":"2026-02-03T11:33:15","slug":"significance","status":"publish","type":"page","link":"https:\/\/gurusiyagyoga.org\/de\/significance\/","title":{"rendered":"7.3 Bedeutung der Meditation durch das Foto"},"content":{"rendered":"<p style=\"font-weight: 400;\">Guru Siyag ist ein <em>Siddha<\/em>: Ein spiritueller Meister, der beide g\u00f6ttlichen Zust\u00e4nde erreicht hat: <em>Sagun<\/em> (Gott in sichtbarer Form und Eigenschaften) und <em>Nirgun<\/em> (Gott in unsichtbarem Zustand ohne <em>Gunas<\/em> oder Attribute). Gurudews g\u00f6ttliche Kr\u00e4fte sind nicht auf seinen K\u00f6rper beschr\u00e4nkt. Sie existieren \u00fcberall im Universum in unsichtbarer, subtiler Form, weshalb die Meditation auf sein Foto dieselbe Wirkung hat wie seine pers\u00f6nliche Pr\u00e4senz. Die Meditation auf Guru Siyags Bild ist eine Anrufung seiner Gnade. Guru Siyag sagt: \u201eDer Guru ist eine Gravitationskraft. Dieser K\u00f6rper ist nicht der Guru. Dieser K\u00f6rper stirbt in ein paar Jahren. Der Guru ist in dir. Die Wissenschaft des Yoga sch\u00e4tzt Zeit und Raum nicht. Ich bin in dir und du bist in mir. Wann und wo immer du an mich denkst, bin ich da. Wenn ein Guru ein wahrer Guru ist, dann ist er allgegenw\u00e4rtig.<\/p>\n<p style=\"font-weight: 400;\">Sobald ein Suchender die Mantra-<em>Diksha<\/em> von Gurudev erh\u00e4lt \u2013 entweder pers\u00f6nlich oder per TV, CD oder Video-Clip per E-Mail \u2013 und Sch\u00fcler wird, stellt er eine dauerhafte Verbindung zu Gurudev auf subtiler Ebene her. Gurudev ist daher immer beim Sch\u00fcler, ob nah bei ihm oder fern. Gurudews sch\u00fctzende Pr\u00e4senz und F\u00fchrung stehen dem Sch\u00fcler jederzeit zur Verf\u00fcgung, wenn er ihn im Herzen erinnert oder betet. Deshalb ist ein einfaches Bild oder Foto von Gurudev genauso wirksam wie sein pers\u00f6nlicher Segen.<\/p>\n","protected":false},"excerpt":{"rendered":"<p>Guru Siyag ist ein Siddha: Ein spiritueller Meister, der beide g\u00f6ttlichen Zust\u00e4nde erreicht hat: Sagun (Gott in sichtbarer Form und Eigenschaften) und Nirgun (Gott in unsichtbarem Zustand ohne Gunas oder Attribute). Gurudews g\u00f6ttliche Kr\u00e4fte sind nicht auf seinen K\u00f6rper beschr\u00e4nkt. Sie existieren \u00fcberall im Universum in unsichtbarer, subtiler Form, weshalb die Meditation auf sein Foto dieselbe Wirkung hat wie seine pers\u00f6nliche Pr\u00e4senz. Die Meditation auf Guru Siyags Bild ist eine Anrufung seiner Gnade. Guru Siyag sagt: \u201eDer Guru ist eine Gravitationskraft. Dieser K\u00f6rper ist nicht der Guru. Dieser K\u00f6rper stirbt in ein paar Jahren. Der Guru ist in dir. Die Wissenschaft des Yoga sch\u00e4tzt Zeit und Raum nicht. Ich bin in dir und du bist in mir. Wann und wo immer du an mich denkst, bin ich da. Wenn ein Guru ein wahrer Guru ist, dann ist er allgegenw\u00e4rtig. Sobald ein Suchender die Mantra-Diksha von Gurudev erh\u00e4lt \u2013 entweder pers\u00f6nlich oder per TV, CD oder Video-Clip per E-Mail \u2013 und Sch\u00fcler wird, stellt er eine dauerhafte Verbindung zu Gurudev auf subtiler Ebene her. Gurudev ist daher immer beim Sch\u00fcler, ob nah bei ihm oder fern. Gurudews sch\u00fctzende Pr\u00e4senz und F\u00fchrung stehen dem Sch\u00fcler jederzeit zur Verf\u00fcgung, wenn er ihn im Herzen erinnert oder betet. Deshalb ist ein einfaches Bild oder Foto von Gurudev genauso wirksam wie sein pers\u00f6nlicher Segen.<\/p>\n","protected":false},"author":2,"featured_media":0,"parent":0,"menu_order":0,"comment_status":"closed","ping_status":"closed","template":"","meta":{"footnotes":""},"class_list":["post-1637","page","type-page","status-publish","hentry"],"aioseo_notices":[],"ams_acf":[],"_links":{"self":[{"href":"https:\/\/gurusiyagyoga.org\/de\/wp-json\/wp\/v2\/pages\/1637","targetHints":{"allow":["GET"]}}],"collection":[{"href":"https:\/\/gurusiyagyoga.org\/de\/wp-json\/wp\/v2\/pages"}],"about":[{"href":"https:\/\/gurusiyagyoga.org\/de\/wp-json\/wp\/v2\/types\/page"}],"author":[{"embeddable":true,"href":"https:\/\/gurusiyagyoga.org\/de\/wp-json\/wp\/v2\/users\/2"}],"replies":[{"embeddable":true,"href":"https:\/\/gurusiyagyoga.org\/de\/wp-json\/wp\/v2\/comments?post=1637"}],"version-history":[{"count":2,"href":"https:\/\/gurusiyagyoga.org\/de\/wp-json\/wp\/v2\/pages\/1637\/revisions"}],"predecessor-version":[{"id":1663,"href":"https:\/\/gurusiyagyoga.org\/de\/wp-json\/wp\/v2\/pages\/1637\/revisions\/1663"}],"wp:attachment":[{"href":"https:\/\/gurusiyagyoga.org\/de\/wp-json\/wp\/v2\/media?parent=1637"}],"curies":[{"name":"wp","href":"https:\/\/api.w.org\/{rel}","templated":true}]}}