{"id":57,"date":"2018-01-31T12:26:57","date_gmt":"2018-01-31T12:26:57","guid":{"rendered":"http:\/\/gurusiyagyoga.org\/du\/?page_id=57"},"modified":"2018-01-31T16:23:06","modified_gmt":"2018-01-31T16:23:06","slug":"shaktipatdiksha","status":"publish","type":"page","link":"https:\/\/gurusiyagyoga.org\/du\/shaktipatdiksha\/","title":{"rendered":"Shaktip\u0101tDiksh\u0101"},"content":{"rendered":"<p>Guru Siyag initieert discipelen in zijn Siddha Yoga door het ontwaken hun Kundalini door hetinitiatieprocesgenoemd <em>Shaktip\u0101t Diksh\u0101. <\/em>Er zijn vier wijzen waarop <em>Shaktip\u0101t <\/em>wordt gegeven door een Siddha Guru: fysieke aanraking, bij zijn aanblik, door een goddelijk woord en vastberadenheid\/wilsrecht van de discipel. Guru Siyag biedt <em>Diksh\u0101 <\/em>aan door een goddelijk woord (mantra).<\/p>\n<p><em>Shaktip\u0101t<\/em> is een term uit het Sanskrit en is ontstaan uit twee woorden \u2013 <em>Shakti<\/em> (vrouwelijk goddelijke energie) en <em>P\u0101t<\/em>(afdalen). <em>Shaktip\u0101t<\/em>betekend letterlijk afdaling van goddelijke energie. Yoga beoefenaars interpreteren Shaktip\u0101t vaak als transmissie van de Guru\u2019s goddelijke energie in het lichaam van de zoeker. Volgens Guru Siyag is hiermee het proces beperkt begrepen. Dit is omdat eenerkent feit dat volgens yoga geschriften de Kundalini aanwezig is in elke mens, maar het is slapend. Dus, er is geen sprake van het overdragen van <em>Shakti<\/em> van de ene persoon naar de ander. Bij <em>Shaktip\u0101t<\/em>is de<\/p>\n<p>Guru een catalysator door zijn goddelijke kracht te gebruiken voor het ontwaken van de Kundalini.<\/p>\n<p>Zoals Guru Siyag uitlegd; \u201chet is niet dat de Guru iets in de zoekers lichaam giet. De <em>Diksh\u0101<\/em>methode die ik gebruik is gegeven aan de mensheid door de <em>N\u0101th<\/em> sekte in de yoga traditie, genoemd <em>Shaktip\u0101t. Shaktip\u0101t<\/em> betekend niet dat de zoeker een externe kracht van de Guru ontvangt (zoals algemeen aangenomen wordt). Om een simpele analogie te gebruiken, <em>Shaktip\u0101t<\/em>is zoals met een kaars een andere kaars aansteken, je bent zoals de brandende kaars. Alles wat je nodig hebt is een andere ontstekingsbron om jou kaars te laten branden. Wanneer je samen komt met de ontstekingsbron, zul je zelf een licht worden. Dit is hoe ik het <em>Shaktip\u0101t <\/em>process in algemene zin kan omschrijven.\u201d<\/p>\n","protected":false},"excerpt":{"rendered":"<p>Guru Siyag initieert discipelen in zijn Siddha Yoga door het ontwaken hun Kundalini door hetinitiatieprocesgenoemd Shaktip\u0101t Diksh\u0101. Er zijn vier wijzen waarop Shaktip\u0101t wordt gegeven door een Siddha Guru: fysieke aanraking, bij zijn aanblik, door een goddelijk woord en vastberadenheid\/wilsrecht van de discipel. Guru Siyag biedt Diksh\u0101 aan door een goddelijk woord (mantra). Shaktip\u0101t is een term uit het Sanskrit en is ontstaan uit twee woorden \u2013 Shakti (vrouwelijk goddelijke energie) en P\u0101t(afdalen). Shaktip\u0101tbetekend letterlijk afdaling van goddelijke energie. Yoga beoefenaars interpreteren Shaktip\u0101t vaak als transmissie van de Guru\u2019s goddelijke energie in het lichaam van de zoeker. Volgens Guru Siyag is hiermee het proces beperkt begrepen. Dit is omdat eenerkent feit dat volgens yoga geschriften de Kundalini aanwezig is in elke mens, maar het is slapend. Dus, er is geen sprake van het overdragen van Shakti van de ene persoon naar de ander. Bij Shaktip\u0101tis de Guru een catalysator door zijn goddelijke kracht te gebruiken voor het ontwaken van de Kundalini. Zoals Guru Siyag uitlegd; \u201chet is niet dat de Guru iets in de zoekers lichaam giet. De Diksh\u0101methode die ik gebruik is gegeven aan de mensheid door de N\u0101th sekte in de yoga traditie, genoemd Shaktip\u0101t. Shaktip\u0101t betekend niet dat de zoeker een externe kracht van de Guru ontvangt (zoals algemeen aangenomen wordt). Om een simpele analogie te gebruiken, Shaktip\u0101tis zoals met een kaars een andere kaars aansteken, je bent zoals de brandende kaars. Alles wat je nodig hebt is een andere ontstekingsbron om jou kaars te laten branden. Wanneer je samen komt met de ontstekingsbron, zul je zelf een licht worden. Dit is hoe ik het Shaktip\u0101t process in algemene zin kan omschrijven.\u201d<\/p>\n","protected":false},"author":2,"featured_media":0,"parent":0,"menu_order":0,"comment_status":"closed","ping_status":"closed","template":"","meta":{"footnotes":""},"class_list":["post-57","page","type-page","status-publish","hentry"],"aioseo_notices":[],"ams_acf":[],"_links":{"self":[{"href":"https:\/\/gurusiyagyoga.org\/du\/wp-json\/wp\/v2\/pages\/57","targetHints":{"allow":["GET"]}}],"collection":[{"href":"https:\/\/gurusiyagyoga.org\/du\/wp-json\/wp\/v2\/pages"}],"about":[{"href":"https:\/\/gurusiyagyoga.org\/du\/wp-json\/wp\/v2\/types\/page"}],"author":[{"embeddable":true,"href":"https:\/\/gurusiyagyoga.org\/du\/wp-json\/wp\/v2\/users\/2"}],"replies":[{"embeddable":true,"href":"https:\/\/gurusiyagyoga.org\/du\/wp-json\/wp\/v2\/comments?post=57"}],"version-history":[{"count":2,"href":"https:\/\/gurusiyagyoga.org\/du\/wp-json\/wp\/v2\/pages\/57\/revisions"}],"predecessor-version":[{"id":107,"href":"https:\/\/gurusiyagyoga.org\/du\/wp-json\/wp\/v2\/pages\/57\/revisions\/107"}],"wp:attachment":[{"href":"https:\/\/gurusiyagyoga.org\/du\/wp-json\/wp\/v2\/media?parent=57"}],"curies":[{"name":"wp","href":"https:\/\/api.w.org\/{rel}","templated":true}]}}