{"id":63,"date":"2018-01-31T12:27:54","date_gmt":"2018-01-31T12:27:54","guid":{"rendered":"http:\/\/gurusiyagyoga.org\/du\/?page_id=63"},"modified":"2021-09-08T16:17:10","modified_gmt":"2021-09-08T16:17:10","slug":"physical-disease","status":"publish","type":"page","link":"https:\/\/gurusiyagyoga.org\/du\/physical-disease\/","title":{"rendered":"Genezing van lichamelijke ziekten"},"content":{"rendered":"<p>Ziektes waaraan mensen leiden zijn door de moderne medische wetenschap in twee brede categorie\u00ebn ingedeeld, fysieken mentaal. Deze ziektes worden behandeld met medicijnen of therapeutische middelen. In het verre verleden hebben Indische wijzen door meditatie diep in het mysterie van het leven gedelft en ontdekten dat ziektes worden veroorzaakt door de acties van elk invidu in zijn\/haar vorige leven. Elke actie leidt tot een reactie in de zelfde levens cyclus of het volgende. Omdat elk invidu is gevangen in een oneindige cyclus van leven en dood, duurt het leiden aan ziektes, en hoogte en diepte punten continu voort. Met andere woorden, de spirituele wet van Karma (acties in het verleden resulteren in een ziekte of een andere vorm van leiden in het huidige leven) regelt het menselijk bestaan, leven na leven in een oneindige cyclus.<\/p>\n<p>In zijn scriptie \u2018Yoga Sutra&#8217;, classificeerd de Indische wijze Pat\u0101njali ziektes in drie categorie\u00ebn: fysiek (<em>\u0100dhidehik<\/em>), mentaal (<em>\u0100dhibhautik<\/em>) en spiritueel (<em>\u0100dhidaivik<\/em>). \u00a0Voor een spirituele ziekte is een spirituele remedie nodig. Alleen het regelmatig beoefenen van meditatie en\u00a0 <em>J<\/em><em>\u0101pa <\/em>kan de beoefenaar helpen om een spirituele remedie te vinden voor alle aandoeningen. Het beoefenen van GSY helpt een discipel om door het web van het karmische verleden te snijden, om zich van ziekteste bevrijden en zijn warezin van zijn\/haarlevendoor zelfrealisatie (\u0101tma s\u0101ksh\u0101tk\u0101r) te realiseren.<\/p>\n","protected":false},"excerpt":{"rendered":"<p>Ziektes waaraan mensen leiden zijn door de moderne medische wetenschap in twee brede categorie\u00ebn ingedeeld, fysieken mentaal. Deze ziektes worden behandeld met medicijnen of therapeutische middelen. In het verre verleden hebben Indische wijzen door meditatie diep in het mysterie van het leven gedelft en ontdekten dat ziektes worden veroorzaakt door de acties van elk invidu in zijn\/haar vorige leven. Elke actie leidt tot een reactie in de zelfde levens cyclus of het volgende. Omdat elk invidu is gevangen in een oneindige cyclus van leven en dood, duurt het leiden aan ziektes, en hoogte en diepte punten continu voort. Met andere woorden, de spirituele wet van Karma (acties in het verleden resulteren in een ziekte of een andere vorm van leiden in het huidige leven) regelt het menselijk bestaan, leven na leven in een oneindige cyclus. In zijn scriptie \u2018Yoga Sutra&#8217;, classificeerd de Indische wijze Pat\u0101njali ziektes in drie categorie\u00ebn: fysiek (\u0100dhidehik), mentaal (\u0100dhibhautik) en spiritueel (\u0100dhidaivik). \u00a0Voor een spirituele ziekte is een spirituele remedie nodig. Alleen het regelmatig beoefenen van meditatie en\u00a0 J\u0101pa kan de beoefenaar helpen om een spirituele remedie te vinden voor alle aandoeningen. Het beoefenen van GSY helpt een discipel om door het web van het karmische verleden te snijden, om zich van ziekteste bevrijden en zijn warezin van zijn\/haarlevendoor zelfrealisatie (\u0101tma s\u0101ksh\u0101tk\u0101r) te realiseren.<\/p>\n","protected":false},"author":2,"featured_media":0,"parent":0,"menu_order":0,"comment_status":"closed","ping_status":"closed","template":"","meta":{"footnotes":""},"class_list":["post-63","page","type-page","status-publish","hentry"],"aioseo_notices":[],"ams_acf":[],"_links":{"self":[{"href":"https:\/\/gurusiyagyoga.org\/du\/wp-json\/wp\/v2\/pages\/63","targetHints":{"allow":["GET"]}}],"collection":[{"href":"https:\/\/gurusiyagyoga.org\/du\/wp-json\/wp\/v2\/pages"}],"about":[{"href":"https:\/\/gurusiyagyoga.org\/du\/wp-json\/wp\/v2\/types\/page"}],"author":[{"embeddable":true,"href":"https:\/\/gurusiyagyoga.org\/du\/wp-json\/wp\/v2\/users\/2"}],"replies":[{"embeddable":true,"href":"https:\/\/gurusiyagyoga.org\/du\/wp-json\/wp\/v2\/comments?post=63"}],"version-history":[{"count":2,"href":"https:\/\/gurusiyagyoga.org\/du\/wp-json\/wp\/v2\/pages\/63\/revisions"}],"predecessor-version":[{"id":101,"href":"https:\/\/gurusiyagyoga.org\/du\/wp-json\/wp\/v2\/pages\/63\/revisions\/101"}],"wp:attachment":[{"href":"https:\/\/gurusiyagyoga.org\/du\/wp-json\/wp\/v2\/media?parent=63"}],"curies":[{"name":"wp","href":"https:\/\/api.w.org\/{rel}","templated":true}]}}