{"id":1348,"date":"2016-03-25T07:49:44","date_gmt":"2016-03-25T02:19:44","guid":{"rendered":"http:\/\/gurusiyagyoga.com\/esp\/?page_id=1348"},"modified":"2016-03-25T07:49:44","modified_gmt":"2016-03-25T02:19:44","slug":"shaktipat-diksha","status":"publish","type":"page","link":"https:\/\/gurusiyagyoga.org\/es\/shaktipat-diksha\/","title":{"rendered":"Shaktipat Diksha"},"content":{"rendered":"<p style=\"text-align: justify;\">Gur\u00fa Siyag inicia a sus disc\u00edpulos en su Siddha Yoga despertando su Kundalini a trav\u00e9s de un proceso de iniciaci\u00f3n llamado <em>Shaktip\u0101t Diksh\u0101<\/em>. Hay cuatro formas en que <em>Shaktip\u0101t<\/em> es dado por un Siddha Gur\u00fa: contacto f\u00edsico, por la vista, la palabra divina y la firme determinaci\u00f3n. Gur\u00fa Siyag ofrece <em>Diksh\u0101<\/em> a trav\u00e9s de la palabra divina (mantra).<\/p>\n<p style=\"text-align: justify;\"><em>Shaktip\u0101t<\/em>\u00a0es un t\u00e9rmino en S\u00e1nscrito que combina dos palabras &#8211; <em>Shakti<\/em> (energ\u00eda femenina divina) y <em>P\u0101t<\/em> (caer). Literalmente <em>Shaktip\u0101t<\/em>\u00a0significa transici\u00f3n de la energ\u00eda divina. Los practicantes de Yoga a menudo interpretan <em>Shaktip\u0101t<\/em>\u00a0como la transmisi\u00f3n de la energ\u00eda divina del Gur\u00fa en el cuerpo del buscador. De acuerdo con Gur\u00fa Siyag esta es una comprensi\u00f3n limitada del proceso. Esto se debe a que es un hecho reconocido en las escrituras y\u00f3guicas que el <em>Kundalini<\/em> est\u00e1 presente en cada cuerpo humano, aunque permanezca dormido. Por lo tanto, no hay duda de <em>Shakti<\/em> \u00a0se transmite de una persona a otra. En <em>Shaktip\u0101t<\/em>, el Gur\u00fa act\u00faa como un mero catalizador, usando su fuerza divina para despertar el <em>Kundalini<\/em>.<\/p>\n<p style=\"text-align: justify;\">Como explica Gur\u00fa Siyag, \u201cNo es como si el Gur\u00fa derramara algo sobre el cuerpo de buscador. El m\u00e9todo <em>Diksh\u0101<\/em> que yo uso ha sido dado a la humanidad por la Secta N\u0101th en la tradici\u00f3n y\u00f3guica. Es llamada \u2018<em>Shaktip\u0101t<\/em>\u2019. <em>Shaktip\u0101t<\/em>\u00a0no significa que el buscador recibe alguna fuerza externa a trav\u00e9s del Gur\u00fa (como popularmente se cree). Para usar una simple analog\u00eda, <em>Shaktip\u0101t<\/em>\u00a0es como usar una l\u00e1mpara encendida para encender una que no lo est\u00e1. T\u00fa eres como una l\u00e1mpara apagada que tiene todo \u2013 la mecha y el aceite. Todo lo que necesitas es otra fuente encendida para prender la llama de tu l\u00e1mpara. Una vez que te unes a la fuente iluminada, t\u00fa mismo te convertir\u00e1s en luz. As\u00ed es como puedo describir el proceso <em>Shaktip\u0101t<\/em>\u00a0en un sentido amplio\u201d.<\/p>\n<p style=\"text-align: justify;\"><em>Shaktip\u0101t<\/em>\u00a0es un acto de inmensa gracia (<em>Anugraha<\/em>) de parte del Gur\u00fa. Gur\u00fa Siyag dice que mientras las acciones humanas siempre tienen cierta motivaci\u00f3n detr\u00e1s de ellas, <em>Shaktip\u0101t<\/em>\u00a0no tiene ninguna intenci\u00f3n en absoluto.<\/p>\n<p style=\"text-align: justify;\">Un Gur\u00fa Siddha puede llevar <em>Shaktip\u0101t<\/em>\u00a0a trav\u00e9s de cualquiera de los siguientes cuatro met\u00f3dos:<\/p>\n<p style=\"text-align: justify;\"><strong>Toque f\u00edsico: <\/strong>Un Siddha Gur\u00fa puede despertar el <em>Kundalini<\/em> simplemente con tocar al buscador. Puede hace esto colocando su mano en la cabeza del buscador o tocando el <em>\u0100jn\u0101chakra<\/em> o el <em>Mul\u0101dh\u0101ra <\/em>(base de la columna vertebral). De acuerdo al texto met\u00f3dico \u2018M\u0101h\u0101bh\u0101rata\u2019, El Se\u00f1or Krishna inici\u00f3 a su devoto favorito Arjun al Yoga, abraz\u00e1ndolo y sosteni\u00e9ndolo cerca de su coraz\u00f3n por un momento. Krishna inici\u00f3 a otro legendario devoto Dhruva, tocando ligeramente la mejilla con su concha.<\/p>\n<p style=\"text-align: justify;\"><strong>Por la vista:<\/strong> Un Siddha Gur\u00fa puede iniciar al buscador simplemente mir\u00e1ndolo a los ojos. La literatura espiritual India est\u00e1 repleta de an\u00e9cdotas acerca de c\u00f3mo varios Siddha Gur\u00fas despertaron el <em>Kundalini<\/em> de sus disc\u00edpulos solamente con mirarlos a los ojos con compasi\u00f3n.<\/p>\n<p style=\"text-align: justify;\"><strong>Palabra divina:<\/strong> Un Siddha Gur\u00fa puede despertar el <em>Kundalini<\/em> del buscador d\u00e1ndole una palabra divina o un potente mantra para repetir. Aqu\u00ed la palabra es divina porque est\u00e1 cargada con la consciencia c\u00f3smica personificada por el Gur\u00fa.<\/p>\n<p style=\"text-align: justify;\"><strong>\u00a0<\/strong><strong>Firme determinaci\u00f3n:<\/strong> Esta es la forma m\u00e1s rara de despertar el <em>Kundalini<\/em> porque aqu\u00ed la iniciativa recae en el buscador no en el Gur\u00fa. En este m\u00e9todo el buscador no recurre al Gur\u00fa para una iniciaci\u00f3n formal para despertar el Kundalini. Simplemente hace la firme resoluci\u00f3n, conocida como <em>Sankalpa<\/em>, para ser iniciado por el Gur\u00fa que desee seguir. Dado que el Gur\u00fa es la encarnaci\u00f3n misma de la conciencia c\u00f3smica divina, la firme determinaci\u00f3n del buscador es inmediatamente recibida por el Gur\u00fa. <em>Sankalpa<\/em>, es la manifestaci\u00f3n del buscador de la total devoci\u00f3n y rendici\u00f3n de su ego hacia el Gur\u00fa. Dado que este tipo de devoci\u00f3n es el requisito principal para recibir la gracia divina, en este caso el Gur\u00fa, tiene la obligaci\u00f3n de iniciar el buscador haciendo tal <em>Sankalpa.<\/em> El <em>\u00a0<\/em>\u2018M\u0101h\u0101bh\u0101rata\u2019 hace menci\u00f3n de un raro caso en el cual Eklavya, el legendario arquero, fue iniciado al Yoga al hacer una firme s\u00faplica frente a un \u00eddolo que hab\u00eda hecho a semejanza\u00a0 del Gur\u00fa Dronacharya\u00a0 para que lo favoreciera en la iniciaci\u00f3n. La s\u00faplica de Eklavya fue tan sincera e intensa que la consciencia de Gur\u00fa Dronacharya\u00a0 tuvo que responder positivamente a ella ya que no estuvo presente\u00a0 o tuvo consciencia de la resoluci\u00f3n de Eklavya.<\/p>\n","protected":false},"excerpt":{"rendered":"<p>Gur\u00fa Siyag inicia a sus disc\u00edpulos en su Siddha Yoga despertando su Kundalini a trav\u00e9s de un proceso de iniciaci\u00f3n llamado Shaktip\u0101t Diksh\u0101. Hay cuatro formas en que Shaktip\u0101t es dado por un Siddha Gur\u00fa: contacto f\u00edsico, por la vista, la palabra divina y la firme determinaci\u00f3n. Gur\u00fa Siyag ofrece Diksh\u0101 a trav\u00e9s de la palabra divina (mantra). Shaktip\u0101t\u00a0es un t\u00e9rmino en S\u00e1nscrito que combina dos palabras &#8211; Shakti (energ\u00eda femenina divina) y P\u0101t (caer). Literalmente Shaktip\u0101t\u00a0significa transici\u00f3n de la energ\u00eda divina. Los practicantes de Yoga a menudo interpretan Shaktip\u0101t\u00a0como la transmisi\u00f3n de la energ\u00eda divina del Gur\u00fa en el cuerpo del buscador. De acuerdo con Gur\u00fa Siyag esta es una comprensi\u00f3n limitada del proceso. Esto se debe a que es un hecho reconocido en las escrituras y\u00f3guicas que el Kundalini est\u00e1 presente en cada cuerpo humano, aunque permanezca dormido. Por lo tanto, no hay duda de Shakti \u00a0se transmite de una persona a otra. En Shaktip\u0101t, el Gur\u00fa act\u00faa como un mero catalizador, usando su fuerza divina para despertar el Kundalini. Como explica Gur\u00fa Siyag, \u201cNo es como si el Gur\u00fa derramara algo sobre el cuerpo de buscador. El m\u00e9todo Diksh\u0101 que yo uso ha sido dado a la humanidad por la Secta N\u0101th en la tradici\u00f3n y\u00f3guica. Es llamada \u2018Shaktip\u0101t\u2019. Shaktip\u0101t\u00a0no significa que el buscador recibe alguna fuerza externa a trav\u00e9s del Gur\u00fa (como popularmente se cree). Para usar una simple analog\u00eda, Shaktip\u0101t\u00a0es como usar una l\u00e1mpara encendida para encender una que no lo est\u00e1. T\u00fa eres como una l\u00e1mpara apagada que tiene todo \u2013 la mecha y el aceite. Todo lo que necesitas es otra fuente encendida para prender la llama de tu l\u00e1mpara. Una vez que te unes a la fuente iluminada, t\u00fa mismo te convertir\u00e1s en luz. As\u00ed es como puedo describir el proceso Shaktip\u0101t\u00a0en un sentido amplio\u201d. Shaktip\u0101t\u00a0es un acto de inmensa gracia (Anugraha) de parte del Gur\u00fa. Gur\u00fa Siyag dice que mientras las acciones humanas siempre tienen cierta motivaci\u00f3n detr\u00e1s de ellas, Shaktip\u0101t\u00a0no tiene ninguna intenci\u00f3n en absoluto. Un Gur\u00fa Siddha puede llevar Shaktip\u0101t\u00a0a trav\u00e9s de cualquiera de los siguientes cuatro met\u00f3dos: Toque f\u00edsico: Un Siddha Gur\u00fa puede despertar el Kundalini simplemente con tocar al buscador. Puede hace esto colocando su mano en la cabeza del buscador o tocando el \u0100jn\u0101chakra o el Mul\u0101dh\u0101ra (base de la columna vertebral). De acuerdo al texto met\u00f3dico \u2018M\u0101h\u0101bh\u0101rata\u2019, El Se\u00f1or Krishna inici\u00f3 a su devoto favorito Arjun al Yoga, abraz\u00e1ndolo y sosteni\u00e9ndolo cerca de su coraz\u00f3n por un momento. Krishna inici\u00f3 a otro legendario devoto Dhruva, tocando ligeramente la mejilla con su concha. Por la vista: Un Siddha Gur\u00fa puede iniciar al buscador simplemente mir\u00e1ndolo a los ojos. La literatura espiritual India est\u00e1 repleta de an\u00e9cdotas acerca de c\u00f3mo varios Siddha Gur\u00fas despertaron el Kundalini de sus disc\u00edpulos solamente con mirarlos a los ojos con compasi\u00f3n. Palabra divina: Un Siddha Gur\u00fa puede despertar el Kundalini del buscador d\u00e1ndole una palabra divina o un potente mantra para repetir. Aqu\u00ed la palabra es divina porque est\u00e1 cargada con la consciencia c\u00f3smica personificada por el Gur\u00fa. \u00a0Firme determinaci\u00f3n: Esta es la forma m\u00e1s rara de despertar el Kundalini porque aqu\u00ed la iniciativa recae en el buscador no en el Gur\u00fa. En este m\u00e9todo el buscador no recurre al Gur\u00fa para una iniciaci\u00f3n formal para despertar el Kundalini. Simplemente hace la firme resoluci\u00f3n, conocida como Sankalpa, para ser iniciado por el Gur\u00fa que desee seguir. Dado que el Gur\u00fa es la encarnaci\u00f3n misma de la conciencia c\u00f3smica divina, la firme determinaci\u00f3n del buscador es inmediatamente recibida por el Gur\u00fa. Sankalpa, es la manifestaci\u00f3n del buscador de la total devoci\u00f3n y rendici\u00f3n de su ego hacia el Gur\u00fa. Dado que este tipo de devoci\u00f3n es el requisito principal para recibir la gracia divina, en este caso el Gur\u00fa, tiene la obligaci\u00f3n de iniciar el buscador haciendo tal Sankalpa. El \u00a0\u2018M\u0101h\u0101bh\u0101rata\u2019 hace menci\u00f3n de un raro caso en el cual Eklavya, el legendario arquero, fue iniciado al Yoga al hacer una firme s\u00faplica frente a un \u00eddolo que hab\u00eda hecho a semejanza\u00a0 del Gur\u00fa Dronacharya\u00a0 para que lo favoreciera en la iniciaci\u00f3n. La s\u00faplica de Eklavya fue tan sincera e intensa que la consciencia de Gur\u00fa Dronacharya\u00a0 tuvo que responder positivamente a ella ya que no estuvo presente\u00a0 o tuvo consciencia de la resoluci\u00f3n de Eklavya.<\/p>\n","protected":false},"author":1,"featured_media":0,"parent":0,"menu_order":0,"comment_status":"closed","ping_status":"closed","template":"","meta":{"footnotes":""},"class_list":["post-1348","page","type-page","status-publish","hentry"],"aioseo_notices":[],"ams_acf":[],"_links":{"self":[{"href":"https:\/\/gurusiyagyoga.org\/es\/wp-json\/wp\/v2\/pages\/1348","targetHints":{"allow":["GET"]}}],"collection":[{"href":"https:\/\/gurusiyagyoga.org\/es\/wp-json\/wp\/v2\/pages"}],"about":[{"href":"https:\/\/gurusiyagyoga.org\/es\/wp-json\/wp\/v2\/types\/page"}],"author":[{"embeddable":true,"href":"https:\/\/gurusiyagyoga.org\/es\/wp-json\/wp\/v2\/users\/1"}],"replies":[{"embeddable":true,"href":"https:\/\/gurusiyagyoga.org\/es\/wp-json\/wp\/v2\/comments?post=1348"}],"version-history":[{"count":1,"href":"https:\/\/gurusiyagyoga.org\/es\/wp-json\/wp\/v2\/pages\/1348\/revisions"}],"predecessor-version":[{"id":1349,"href":"https:\/\/gurusiyagyoga.org\/es\/wp-json\/wp\/v2\/pages\/1348\/revisions\/1349"}],"wp:attachment":[{"href":"https:\/\/gurusiyagyoga.org\/es\/wp-json\/wp\/v2\/media?parent=1348"}],"curies":[{"name":"wp","href":"https:\/\/api.w.org\/{rel}","templated":true}]}}