{"id":1786,"date":"2026-01-27T11:20:34","date_gmt":"2026-01-27T05:50:34","guid":{"rendered":"https:\/\/gurusiyagyoga.org\/es\/?page_id=1786"},"modified":"2026-01-30T22:02:05","modified_gmt":"2026-01-30T16:32:05","slug":"uniqueness","status":"publish","type":"page","link":"https:\/\/gurusiyagyoga.org\/es\/uniqueness\/","title":{"rendered":"2. Unicidad Singularidades del Yoga del Gur\u00fa Siyag (Uniqueness)"},"content":{"rendered":"<ul>\n<li>El practicante de GSY puede seguir el estilo de vida que elija. GYS no requiere que el practicante cambie su estilo de vida en ninguna forma.<\/li>\n<li>GSY no impone restricciones en la dieta.<\/li>\n<li>Gur\u00fa Siyag no ha establecido ning\u00fan c\u00f3digo de conducta moral que el disc\u00edpulo deba acatar. Este sistema, seg\u00fan \u00e9l, no es necesario. El Gur\u00fa Siyag dice que cuando los disc\u00edpulos hacen la pr\u00e1ctica con seriedad, el Gur\u00fa dentro de ellos comienza a ofrecerles la gu\u00eda divina que promueve su evoluci\u00f3n espiritual.<\/li>\n<li>La pr\u00e1ctica del GSY no implica rituales, pr\u00e1cticas rituales, costumbres ni ofrendas (coco, incienso, flores, etc).<\/li>\n<li>El buscador puede experimentar la meditaci\u00f3n profunda solamente al evocar la fotograf\u00eda del Gur\u00fa Siyag, en cualquier parte del mundo donde se encuentre.<\/li>\n<li>El Gur\u00fa Siyag no insiste en que los buscadores lo conozcan en persona para su iniciaci\u00f3n.<\/li>\n<li>La iniciaci\u00f3n en GSY por medio de video\/audio. CD, transmisi\u00f3n televisiva o video por internet es tan eficaz como la iniciaci\u00f3n en persona.<\/li>\n<li>Si un buscador no puede por alguna raz\u00f3n (el practicante es un ni\u00f1o o est\u00e1 inconsciente o incapacitado mentalmente) de repetir mentalmente el mantra del Gur\u00fa Siyag y hacer la meditaci\u00f3n, cualquier otro pariente cercano o amigo iniciado puede hacer la repetici\u00f3n mental y la pr\u00e1ctica en su nombre.<\/li>\n<li>El Gur\u00fa Siyag no ofrece cursos o dicta clases.<\/li>\n<li>GSY es completamente gratuito.<\/li>\n<li>Ning\u00fan registro es requerido por GSY.<\/li>\n<li>Gur\u00fa Siyag no pide donaciones en efectivo o especie a los seguidores para la iniciaci\u00f3n de GSY.<\/li>\n<li>Gur\u00fa Siyag no limita a sus disc\u00edpulos a seguir a otros gur\u00fas o pr\u00e1cticas despu\u00e9s de haber sido iniciados.<\/li>\n<li>Gur\u00fa Siyag no da sermones religiosos. \u00c9l solamente explica la filosof\u00eda GSY.<\/li>\n<li>Gur\u00fa no vende u ofrece medicinas, hierbas o productos de ninguna naturaleza.<\/li>\n<li>Buscadores pertenecientes a cualquier raza, religi\u00f3n, nacionalidad, casta, credo o g\u00e9nero son bienvenidos al redil de GSY.<\/li>\n<\/ul>\n","protected":false},"excerpt":{"rendered":"<p>El practicante de GSY puede seguir el estilo de vida que elija. GYS no requiere que el practicante cambie su estilo de vida en ninguna forma. GSY no impone restricciones en la dieta. Gur\u00fa Siyag no ha establecido ning\u00fan c\u00f3digo de conducta moral que el disc\u00edpulo deba acatar. Este sistema, seg\u00fan \u00e9l, no es necesario. El Gur\u00fa Siyag dice que cuando los disc\u00edpulos hacen la pr\u00e1ctica con seriedad, el Gur\u00fa dentro de ellos comienza a ofrecerles la gu\u00eda divina que promueve su evoluci\u00f3n espiritual. La pr\u00e1ctica del GSY no implica rituales, pr\u00e1cticas rituales, costumbres ni ofrendas (coco, incienso, flores, etc). El buscador puede experimentar la meditaci\u00f3n profunda solamente al evocar la fotograf\u00eda del Gur\u00fa Siyag, en cualquier parte del mundo donde se encuentre. El Gur\u00fa Siyag no insiste en que los buscadores lo conozcan en persona para su iniciaci\u00f3n. La iniciaci\u00f3n en GSY por medio de video\/audio. CD, transmisi\u00f3n televisiva o video por internet es tan eficaz como la iniciaci\u00f3n en persona. Si un buscador no puede por alguna raz\u00f3n (el practicante es un ni\u00f1o o est\u00e1 inconsciente o incapacitado mentalmente) de repetir mentalmente el mantra del Gur\u00fa Siyag y hacer la meditaci\u00f3n, cualquier otro pariente cercano o amigo iniciado puede hacer la repetici\u00f3n mental y la pr\u00e1ctica en su nombre. El Gur\u00fa Siyag no ofrece cursos o dicta clases. GSY es completamente gratuito. Ning\u00fan registro es requerido por GSY. Gur\u00fa Siyag no pide donaciones en efectivo o especie a los seguidores para la iniciaci\u00f3n de GSY. Gur\u00fa Siyag no limita a sus disc\u00edpulos a seguir a otros gur\u00fas o pr\u00e1cticas despu\u00e9s de haber sido iniciados. Gur\u00fa Siyag no da sermones religiosos. \u00c9l solamente explica la filosof\u00eda GSY. Gur\u00fa no vende u ofrece medicinas, hierbas o productos de ninguna naturaleza. Buscadores pertenecientes a cualquier raza, religi\u00f3n, nacionalidad, casta, credo o g\u00e9nero son bienvenidos al redil de GSY.<\/p>\n","protected":false},"author":2,"featured_media":0,"parent":0,"menu_order":0,"comment_status":"closed","ping_status":"closed","template":"","meta":{"footnotes":""},"class_list":["post-1786","page","type-page","status-publish","hentry"],"aioseo_notices":[],"ams_acf":[],"_links":{"self":[{"href":"https:\/\/gurusiyagyoga.org\/es\/wp-json\/wp\/v2\/pages\/1786","targetHints":{"allow":["GET"]}}],"collection":[{"href":"https:\/\/gurusiyagyoga.org\/es\/wp-json\/wp\/v2\/pages"}],"about":[{"href":"https:\/\/gurusiyagyoga.org\/es\/wp-json\/wp\/v2\/types\/page"}],"author":[{"embeddable":true,"href":"https:\/\/gurusiyagyoga.org\/es\/wp-json\/wp\/v2\/users\/2"}],"replies":[{"embeddable":true,"href":"https:\/\/gurusiyagyoga.org\/es\/wp-json\/wp\/v2\/comments?post=1786"}],"version-history":[{"count":2,"href":"https:\/\/gurusiyagyoga.org\/es\/wp-json\/wp\/v2\/pages\/1786\/revisions"}],"predecessor-version":[{"id":1834,"href":"https:\/\/gurusiyagyoga.org\/es\/wp-json\/wp\/v2\/pages\/1786\/revisions\/1834"}],"wp:attachment":[{"href":"https:\/\/gurusiyagyoga.org\/es\/wp-json\/wp\/v2\/media?parent=1786"}],"curies":[{"name":"wp","href":"https:\/\/api.w.org\/{rel}","templated":true}]}}