{"id":1788,"date":"2026-01-27T12:34:09","date_gmt":"2026-01-27T07:04:09","guid":{"rendered":"https:\/\/gurusiyagyoga.org\/es\/?page_id=1788"},"modified":"2026-01-30T22:15:46","modified_gmt":"2026-01-30T16:45:46","slug":"material","status":"publish","type":"page","link":"https:\/\/gurusiyagyoga.org\/es\/material\/","title":{"rendered":"3.1 Beneficios materiales"},"content":{"rendered":"<p style=\"font-weight: 400;\">La meditaci\u00f3n GSY y la repetici\u00f3n mental durante las 24 horas del mantra divino dadas por el Gur\u00fa Siyag, trae consigo los siguientes cambios en la vida material del practicante:<\/p>\n<ul>\n<li>Librarlo de todo tipo de enfermedades f\u00edsicas incluyendo el VIH \/ SIDA, c\u00e1ncer, asma, hipertensi\u00f3n, artritis, diabetes, espondilitis, hemofilia, obesidad, enfermedades del coraz\u00f3n, derrame cerebral, enfermedades de la piel, etc.<\/li>\n<li>Lo libra de las adicciones a cualquier clase de drogas intoxicantes y sustancias, alcohol, cigarrillo, mascar tabaco, etc. GSY tambi\u00e9n libera al practicante de una dependencia da\u00f1ina de los alimentos.<\/li>\n<li>Lo libera de la depresi\u00f3n, insomnio, estr\u00e9s y otros des\u00f3rdenes sicol\u00f3gicos.<\/li>\n<li>Lo libera de problemas relacionados con asuntos de familia, trabajo, matrimonio, educaci\u00f3n, finanzas, etc.<\/li>\n<li>Lo libera del Vud\u00fa, magia negra y rituales t\u00e1ntricos.<\/li>\n<li>Beneficioso para los estudiantes de GSY causa un aumento en la fijaci\u00f3n, retenci\u00f3n y habilidad para concentrarse o enfocar su mente en cualquier objeto o sujeto deseado.<\/li>\n<\/ul>\n<p style=\"font-weight: 400;\"><span style=\"color: #0000ff;\"><strong>Cura de enfermedades f\u00edsicas<\/strong><\/span><\/p>\n<ul>\n<li>Las enfermedades que los seres humanos sufren son clasificadas por la ciencia m\u00e9dica moderna en dos categor\u00edas \u2013 f\u00edsicas y mentales. Son tratadas con medicamentos externos o aplicaciones terap\u00e9uticas. Sabios de la antigua India se adentraron profundamente en los misterios de la vida a trav\u00e9s de la meditaci\u00f3n y descubrieron que las enfermedades no son causadas la exposici\u00f3n accidental a g\u00e9rmenes o pat\u00f3genos, como los cient\u00edficos m\u00e9dicos creen. Ellos aprendieron que muchos de los sufrimientos humanos son causados por las acciones de cada individuo en su vida pasada y presente. Cada acci\u00f3n conlleva una reacci\u00f3n en el mismo ciclo de vida o en la siguiente. Debido a que cada persona se encuentra atrapada en un ciclo sin fin de la vida y la muerte, el sufrimiento por enfermedades y las altas y bajas en la vida contin\u00faan incesantemente. En otras palabras, la Ley Espiritual del karma \u2013 acciones del pasado que se reflejan en enfermedades y otras formas de sufrimiento en la vida presente \u2013 gobiernan la existencia humana, vida tras vida en un ciclo sin fin.<\/li>\n<li>En su tratado \u201cYoga Sutra\u201d, el sabio indio Pat\u00e3njali clasific\u00f3 las enfermedades en tres categor\u00edas \u2013 f\u00edsicas (\u00c3dhidehik), mentales (\u00c3dhibhautik) y espirituales (\u00c3adhidaivik). Una enfermedad espiritual necesita un remedio espiritual. En la pr\u00e1ctica regular del yoga bajo la gu\u00eda de un maestro como el Gur\u00fa Siyag, el practicante puede encontrar un remedio espiritual para sus aflicciones. La pr\u00e1ctica del GSY ayuda al disc\u00edpulo a cortar el hilo de la ley del Karma pasado, deshacerse de enfermedades y alcanzar el verdadero prop\u00f3sito de su vida a trav\u00e9s de la auto realizaci\u00f3n (atma s\u00e3ksh\u00e3tkar).<\/li>\n<\/ul>\n<p style=\"font-weight: 400;\"><span style=\"color: #0000ff;\"><strong>Libre del Estr\u00e9s<\/strong><\/span><\/p>\n<p style=\"font-weight: 400;\">La ciencia m\u00e9dica trata el estr\u00e9s con medicinas adictivas (sedantes, pastillas para dormir, inhibidores, etc.) que rara vez pueden curar a un paciente. GSY tambi\u00e9n ve la intoxicaci\u00f3n como tratamiento, pero es una clase de intoxicaci\u00f3n <em>\u00c3nanda<\/em> (felicidad o j\u00fabilo) provocada por la repetici\u00f3n mental regular del mantra divino del Gur\u00fa Siyag. Los sabios se han referido a esta felicidad divina como una \u201cintoxicaci\u00f3n sin drogas\u201d. El <em>\u00c3nanda<\/em> libera al practicante del estr\u00e9s y de las enfermedades relacionadas con el estr\u00e9s como la depresi\u00f3n, hipertensi\u00f3n, insomnio, fobias, etc. en cuesti\u00f3n de d\u00edas.<\/p>\n<p style=\"font-weight: 400;\"><span style=\"color: #0000ff;\"><strong>Meditaci\u00f3n de Yoga de Guru Siyag (GSY) para estudiantes (For Students) *<\/strong><\/span><\/p>\n<p style=\"font-weight: 400;\">En la edad adulta, la mayor\u00eda de las personas recuerdan su infancia como una \u00e9poca hermosa y despreocupada. Los adultos suelen aconsejar a los ni\u00f1os que disfruten de su infancia porque es el \u00fanico momento de la vida en el que no est\u00e1n agobiados por las preocupaciones del futuro.<\/p>\n<p style=\"font-weight: 400;\">Sin embargo, esto solo es parcialmente cierto. Si bien los ni\u00f1os no tienen la madurez suficiente para pensar en las consecuencias de sus acciones o en lo que les depara el futuro, s\u00ed tienen sus propios problemas: rendimiento acad\u00e9mico, presi\u00f3n de grupo, trato por parte de los adultos, entorno social y expectativas, y mucho m\u00e1s.<\/p>\n<p style=\"font-weight: 400;\">Estas tensiones afectan negativamente el comportamiento, los h\u00e1bitos alimenticios, el crecimiento f\u00edsico, la salud, el rendimiento escolar y las interacciones de los ni\u00f1os con otros ni\u00f1os.<\/p>\n<p style=\"font-weight: 400;\">El Yoga de Guru Siyag (GSY) puede aliviar el efecto negativo que estos problemas tienen en los ni\u00f1os, y tambi\u00e9n cultivar sus habilidades y talentos latentes. GSY es una pr\u00e1ctica de meditaci\u00f3n y canto f\u00e1cil de realizar que se puede incorporar f\u00e1cilmente a las actividades diarias de los ni\u00f1os en la escuela y en casa.<\/p>\n<p style=\"font-weight: 400;\">La pr\u00e1ctica consiste en el canto (repetici\u00f3n mental silenciosa) de un mantra y la meditaci\u00f3n dos veces al d\u00eda durante 15 minutos cada vez. Cuando se practica con regularidad, se observa que GSY beneficia a los ni\u00f1os de las siguientes maneras:<\/p>\n<p style=\"font-weight: 400;\"><span style=\"color: #0000ff;\"><strong>*<\/strong><strong>Reduce<\/strong> <\/span><strong><span style=\"color: #0000ff;\">el estr\u00e9s:<\/span> *<\/strong> Se suele suponer, err\u00f3neamente, que meditar significa dejar de pensar. En realidad, significa calmar la mente. Entend\u00e1moslo con un ejemplo: se a\u00f1ade suciedad a un vaso de agua limpia y se remueve bien. La suciedad gira en el vaso durante un rato y luego comienza a depositarse gradualmente en el fondo. Despu\u00e9s de un tiempo, el agua limpia vuelve a ser visible. De manera similar, cuando se medita, los pensamientos giran en la mente durante un tiempo. El practicante contin\u00faa concentr\u00e1ndose en cantar el mantra. Pronto, los pensamientos se calman y la mente se aquieta. Cuando la mente se aquieta, tiene un efecto calmante en todo el cuerpo y el estr\u00e9s se reduce de inmediato.<\/p>\n<p style=\"font-weight: 400;\"><strong><span style=\"color: #0000ff;\">*Mejora el rendimiento acad\u00e9mico:<\/span> *<\/strong> La reducci\u00f3n del estr\u00e9s, a su vez, aumenta el estado de alerta y agudiza la concentraci\u00f3n. Los estudiantes que practican GSY informan de un aumento en su capacidad para comprender incluso los temas m\u00e1s complejos con facilidad. Una mayor concentraci\u00f3n tambi\u00e9n significa que pueden memorizar y retener las lecciones r\u00e1pidamente.<\/p>\n<p style=\"font-weight: 400;\"><strong><span style=\"color: #0000ff;\">*Reduce la ansiedad y la depresi\u00f3n:<\/span> *<\/strong> Cada poco d\u00eda nos encontramos con casos de estudiantes que se ven paralizados por el miedo al fracaso acad\u00e9mico y se suicidan.\u00a0 Si sus escuelas o universidades incluyeran un descanso de 15 minutos para meditar, se podr\u00edan evitar tragedias como estas. Los estudiantes que practican GSY son m\u00e1s capaces de lidiar con el estr\u00e9s de los ex\u00e1menes y la ansiedad por el rendimiento. Meditar antes de un examen, e incluso antes de estudiar, ayuda a calmar la mente y el cuerpo, y a concentrarse en la tarea. GSY fortalece el equilibrio emocional: ante el fracaso, el estudiante que lo practica puede evaluar la situaci\u00f3n con calma y, en lugar de deprimirse o dejarse llevar por las emociones, se prepara para un mejor desempe\u00f1o. Puede contactarnos para obtener informaci\u00f3n sobre GSY por correo electr\u00f3nico a gssyworld@gmail.com, por WhatsApp al (+91)9468623528 o llamando al (+91)8369754399 o al (+91)7976251916.<\/p>\n<p style=\"font-weight: 400;\"><span style=\"color: #0000ff;\"><strong>*<\/strong><\/span><strong><span style=\"color: #0000ff;\">Ideas innovadoras:<\/span> *<\/strong> El pensamiento creativo recibe un gran impulso a trav\u00e9s de GSY. Los estudiantes son capaces de generar ideas y conceptos novedosos. Esto es especialmente crucial para los estudiantes que desean dedicarse a la investigaci\u00f3n, la innovaci\u00f3n, el dise\u00f1o o cualquier campo creativo.<\/p>\n<p style=\"font-weight: 400;\"><strong><span style=\"color: #0000ff;\">*Estado de \u00e1nimo m\u00e1s feliz:<\/span> *<\/strong> La meditaci\u00f3n GSY tiene un impacto positivo en la personalidad general del estudiante. Se sienten m\u00e1s felices y seguros de s\u00ed mismos. Muchos ni\u00f1os describen un aumento en su optimismo, confianza y capacidad para afrontar desaf\u00edos y aprender nuevas habilidades. Un estado de \u00e1nimo feliz tambi\u00e9n indica que los ni\u00f1os se sienten menos amenazados por sus compa\u00f1eros y muestran menos inter\u00e9s en el comportamiento agresivo. Son m\u00e1s capaces de empatizar con las personas que los rodean, lo que a su vez resulta en mejores habilidades sociales y relaciones interpersonales.<\/p>\n<p style=\"font-weight: 400;\"><strong><span style=\"color: #0000ff;\">*Promueve el pensamiento avanzado:<\/span> *<\/strong> Al desarrollar una mayor empat\u00eda, los ni\u00f1os comienzan a ser m\u00e1s perceptivos a las necesidades de los dem\u00e1s y a responder a ellas de manera adecuada. En muchos casos, los ni\u00f1os renuncian a una posesi\u00f3n preciada o a sus ahorros para ayudar a los menos afortunados. En otros, los ni\u00f1os reconocen el acoso escolar y son capaces de defenderse a s\u00ed mismos o a sus amigos.<\/p>\n<p style=\"font-weight: 400;\"><span style=\"color: #0000ff;\"><strong>Libre de Adicciones<\/strong><\/span><\/p>\n<p style=\"font-weight: 400;\">Cada persona tiene tres tendencias intr\u00ednsecas: <em>S\u00e3ttavic <\/em>(pureza, luz), <em>Rajasic <\/em>(pasi\u00f3n) y <em>Tamasic<\/em> (aburrimiento, inercia). Estas tendencias determinan no s\u00f3lo la estructura mental general de la persona, la visi\u00f3n de la vida y acciones, pero tambi\u00e9n sus preferencias alimenticias o la elecci\u00f3n de los alimentos y las bebidas que consume. La pr\u00e1ctica regular de GSY facilita el domino de la tendencia <em>S\u00e3ttavic, <\/em>sobre la<em> Rajasic <\/em>y <em>Tamasic<\/em> lo que lleva a un cambio en las caracter\u00edsticas asociadas a estas dos \u00faltimas tendencias. El dominio sobre la naturaleza <em>S\u00e3ttavic<\/em> transforma las tendencias interiores de la persona hacia lo positivo, consciente, inteligente y al pensamiento y acciones puras. Esto tambi\u00e9n produce un cambio sobre las preferencias en comida y bebida. El resultado global de este cambio es que todo lo que es negativo y perjudicial para el bienestar f\u00edsico y mental de la persona y su evoluci\u00f3n espiritual, lo abandona por su propia cuenta &#8211; sin esfuerzo consciente esto sucede. Por lo tanto, si la persona sufre de adicci\u00f3n a las drogas, el alcohol o al cigarrillo, la adicci\u00f3n lo dejara involuntariamente. Si el practicante esta enganchado a alimentos perjudiciales para su salud, gradualmente desarrollar\u00e1 un rechazo hacia ellos y buscar\u00e1 opciones m\u00e1s saludables, dado al cambio sufrido en sus actitudes internas y tendencias debido a la repetici\u00f3n mental del mantra y la meditaci\u00f3n. El Swami Vivekanand ha comentado acerca de la liberaci\u00f3n de la adicci\u00f3n sin esfuerzo, <strong>\u201cUsted no tiene que renunciar a las cosas; las cosas renunciaran a usted.\u201d<\/strong><\/p>\n","protected":false},"excerpt":{"rendered":"<p>La meditaci\u00f3n GSY y la repetici\u00f3n mental durante las 24 horas del mantra divino dadas por el Gur\u00fa Siyag, trae consigo los siguientes cambios en la vida material del practicante: Librarlo de todo tipo de enfermedades f\u00edsicas incluyendo el VIH \/ SIDA, c\u00e1ncer, asma, hipertensi\u00f3n, artritis, diabetes, espondilitis, hemofilia, obesidad, enfermedades del coraz\u00f3n, derrame cerebral, enfermedades de la piel, etc. Lo libra de las adicciones a cualquier clase de drogas intoxicantes y sustancias, alcohol, cigarrillo, mascar tabaco, etc. GSY tambi\u00e9n libera al practicante de una dependencia da\u00f1ina de los alimentos. Lo libera de la depresi\u00f3n, insomnio, estr\u00e9s y otros des\u00f3rdenes sicol\u00f3gicos. Lo libera de problemas relacionados con asuntos de familia, trabajo, matrimonio, educaci\u00f3n, finanzas, etc. Lo libera del Vud\u00fa, magia negra y rituales t\u00e1ntricos. Beneficioso para los estudiantes de GSY causa un aumento en la fijaci\u00f3n, retenci\u00f3n y habilidad para concentrarse o enfocar su mente en cualquier objeto o sujeto deseado. Cura de enfermedades f\u00edsicas Las enfermedades que los seres humanos sufren son clasificadas por la ciencia m\u00e9dica moderna en dos categor\u00edas \u2013 f\u00edsicas y mentales. Son tratadas con medicamentos externos o aplicaciones terap\u00e9uticas. Sabios de la antigua India se adentraron profundamente en los misterios de la vida a trav\u00e9s de la meditaci\u00f3n y descubrieron que las enfermedades no son causadas la exposici\u00f3n accidental a g\u00e9rmenes o pat\u00f3genos, como los cient\u00edficos m\u00e9dicos creen. Ellos aprendieron que muchos de los sufrimientos humanos son causados por las acciones de cada individuo en su vida pasada y presente. Cada acci\u00f3n conlleva una reacci\u00f3n en el mismo ciclo de vida o en la siguiente. Debido a que cada persona se encuentra atrapada en un ciclo sin fin de la vida y la muerte, el sufrimiento por enfermedades y las altas y bajas en la vida contin\u00faan incesantemente. En otras palabras, la Ley Espiritual del karma \u2013 acciones del pasado que se reflejan en enfermedades y otras formas de sufrimiento en la vida presente \u2013 gobiernan la existencia humana, vida tras vida en un ciclo sin fin. En su tratado \u201cYoga Sutra\u201d, el sabio indio Pat\u00e3njali clasific\u00f3 las enfermedades en tres categor\u00edas \u2013 f\u00edsicas (\u00c3dhidehik), mentales (\u00c3dhibhautik) y espirituales (\u00c3adhidaivik). Una enfermedad espiritual necesita un remedio espiritual. En la pr\u00e1ctica regular del yoga bajo la gu\u00eda de un maestro como el Gur\u00fa Siyag, el practicante puede encontrar un remedio espiritual para sus aflicciones. La pr\u00e1ctica del GSY ayuda al disc\u00edpulo a cortar el hilo de la ley del Karma pasado, deshacerse de enfermedades y alcanzar el verdadero prop\u00f3sito de su vida a trav\u00e9s de la auto realizaci\u00f3n (atma s\u00e3ksh\u00e3tkar). Libre del Estr\u00e9s La ciencia m\u00e9dica trata el estr\u00e9s con medicinas adictivas (sedantes, pastillas para dormir, inhibidores, etc.) que rara vez pueden curar a un paciente. GSY tambi\u00e9n ve la intoxicaci\u00f3n como tratamiento, pero es una clase de intoxicaci\u00f3n \u00c3nanda (felicidad o j\u00fabilo) provocada por la repetici\u00f3n mental regular del mantra divino del Gur\u00fa Siyag. Los sabios se han referido a esta felicidad divina como una \u201cintoxicaci\u00f3n sin drogas\u201d. El \u00c3nanda libera al practicante del estr\u00e9s y de las enfermedades relacionadas con el estr\u00e9s como la depresi\u00f3n, hipertensi\u00f3n, insomnio, fobias, etc. en cuesti\u00f3n de d\u00edas. Meditaci\u00f3n de Yoga de Guru Siyag (GSY) para estudiantes (For Students) * En la edad adulta, la mayor\u00eda de las personas recuerdan su infancia como una \u00e9poca hermosa y despreocupada. Los adultos suelen aconsejar a los ni\u00f1os que disfruten de su infancia porque es el \u00fanico momento de la vida en el que no est\u00e1n agobiados por las preocupaciones del futuro. Sin embargo, esto solo es parcialmente cierto. Si bien los ni\u00f1os no tienen la madurez suficiente para pensar en las consecuencias de sus acciones o en lo que les depara el futuro, s\u00ed tienen sus propios problemas: rendimiento acad\u00e9mico, presi\u00f3n de grupo, trato por parte de los adultos, entorno social y expectativas, y mucho m\u00e1s. Estas tensiones afectan negativamente el comportamiento, los h\u00e1bitos alimenticios, el crecimiento f\u00edsico, la salud, el rendimiento escolar y las interacciones de los ni\u00f1os con otros ni\u00f1os. El Yoga de Guru Siyag (GSY) puede aliviar el efecto negativo que estos problemas tienen en los ni\u00f1os, y tambi\u00e9n cultivar sus habilidades y talentos latentes. GSY es una pr\u00e1ctica de meditaci\u00f3n y canto f\u00e1cil de realizar que se puede incorporar f\u00e1cilmente a las actividades diarias de los ni\u00f1os en la escuela y en casa. La pr\u00e1ctica consiste en el canto (repetici\u00f3n mental silenciosa) de un mantra y la meditaci\u00f3n dos veces al d\u00eda durante 15 minutos cada vez. Cuando se practica con regularidad, se observa que GSY beneficia a los ni\u00f1os de las siguientes maneras: *Reduce el estr\u00e9s: * Se suele suponer, err\u00f3neamente, que meditar significa dejar de pensar. En realidad, significa calmar la mente. Entend\u00e1moslo con un ejemplo: se a\u00f1ade suciedad a un vaso de agua limpia y se remueve bien. La suciedad gira en el vaso durante un rato y luego comienza a depositarse gradualmente en el fondo. Despu\u00e9s de un tiempo, el agua limpia vuelve a ser visible. De manera similar, cuando se medita, los pensamientos giran en la mente durante un tiempo. El practicante contin\u00faa concentr\u00e1ndose en cantar el mantra. Pronto, los pensamientos se calman y la mente se aquieta. Cuando la mente se aquieta, tiene un efecto calmante en todo el cuerpo y el estr\u00e9s se reduce de inmediato. *Mejora el rendimiento acad\u00e9mico: * La reducci\u00f3n del estr\u00e9s, a su vez, aumenta el estado de alerta y agudiza la concentraci\u00f3n. Los estudiantes que practican GSY informan de un aumento en su capacidad para comprender incluso los temas m\u00e1s complejos con facilidad. Una mayor concentraci\u00f3n tambi\u00e9n significa que pueden memorizar y retener las lecciones r\u00e1pidamente. *Reduce la ansiedad y la depresi\u00f3n: * Cada poco d\u00eda nos encontramos con casos de estudiantes que se ven paralizados por el miedo al fracaso acad\u00e9mico y se suicidan.\u00a0 Si sus escuelas o universidades incluyeran un descanso de 15 minutos para meditar, se podr\u00edan evitar tragedias como estas. Los estudiantes que practican GSY son m\u00e1s capaces de lidiar con el estr\u00e9s de los ex\u00e1menes y la ansiedad por el [&hellip;]<\/p>\n","protected":false},"author":2,"featured_media":0,"parent":0,"menu_order":0,"comment_status":"closed","ping_status":"closed","template":"","meta":{"footnotes":""},"class_list":["post-1788","page","type-page","status-publish","hentry"],"aioseo_notices":[],"ams_acf":[],"_links":{"self":[{"href":"https:\/\/gurusiyagyoga.org\/es\/wp-json\/wp\/v2\/pages\/1788","targetHints":{"allow":["GET"]}}],"collection":[{"href":"https:\/\/gurusiyagyoga.org\/es\/wp-json\/wp\/v2\/pages"}],"about":[{"href":"https:\/\/gurusiyagyoga.org\/es\/wp-json\/wp\/v2\/types\/page"}],"author":[{"embeddable":true,"href":"https:\/\/gurusiyagyoga.org\/es\/wp-json\/wp\/v2\/users\/2"}],"replies":[{"embeddable":true,"href":"https:\/\/gurusiyagyoga.org\/es\/wp-json\/wp\/v2\/comments?post=1788"}],"version-history":[{"count":4,"href":"https:\/\/gurusiyagyoga.org\/es\/wp-json\/wp\/v2\/pages\/1788\/revisions"}],"predecessor-version":[{"id":1837,"href":"https:\/\/gurusiyagyoga.org\/es\/wp-json\/wp\/v2\/pages\/1788\/revisions\/1837"}],"wp:attachment":[{"href":"https:\/\/gurusiyagyoga.org\/es\/wp-json\/wp\/v2\/media?parent=1788"}],"curies":[{"name":"wp","href":"https:\/\/api.w.org\/{rel}","templated":true}]}}