{"id":1790,"date":"2026-01-27T12:34:53","date_gmt":"2026-01-27T07:04:53","guid":{"rendered":"https:\/\/gurusiyagyoga.org\/es\/?page_id=1790"},"modified":"2026-01-30T22:17:06","modified_gmt":"2026-01-30T16:47:06","slug":"spiritual","status":"publish","type":"page","link":"https:\/\/gurusiyagyoga.org\/es\/spiritual\/","title":{"rendered":"3.2 Aspecto espiritual"},"content":{"rendered":"<ul>\n<li>GSY est\u00e1 basado en las (ocho-veces \/ ocho-ramas) de la filosof\u00eda Asht\u00e3nga, codificada por Sage Pant\u00e3njali en el Yoga Sutra. La pr\u00e1ctica de GSY conduce a una comprensi\u00f3n f\u00e1cil y sin esfuerzo de estas ocho ramas.<\/li>\n<li>Despu\u00e9s de una pr\u00e1ctica sostenida, la repetici\u00f3n mental del mantra se vuelve involuntaria. Esta experiencia es conocida como Ajap\u00e3 J\u00e3pa. En este estado el practicante encuentra que el mantra se repite sin cesar dentro de s\u00ed mismo sin ning\u00fan esfuerzo de su parte.<\/li>\n<li>Cuando el buscador repite mentalmente el mantra sin cesar (o experimenta Ajap\u00e3 J\u00e3pa), se transforma en un sonido divino. Esto es conocido como Anhad N\u00e3da. El sonido f\u00edsico se crea cuando un objeto golpea a otro. Anhad N\u00e3da no tiene ese origen f\u00edsico; es un no-golpe, incesante que impregna el Universo entero. El N\u00e3d es escuchado por el buscador en uno de sus o\u00eddos y es una indicaci\u00f3n de que el practicante ha cruzado un umbral importante en su desarrollo espiritual.<\/li>\n<li>A trav\u00e9s de la pr\u00e1ctica del GSY, el practicante alcanza muchos poderes divinos. Uno de esos poderes es conocido como Pr\u00e3tibh Gy\u00e3na (Conocimiento Intuitivo). Cuando se alcanza este conocimiento, el practicante es capaz de predecir y conocer acontecimientos del futuro ilimitado y del pasado.<\/li>\n<li>Durante la meditaci\u00f3n, el practicante puede experimentar Khechri Mudr\u00e3, una postura de yoga donde la lengua es echada hacia atr\u00e1s en un punto en el paladar que segrega Amrit el n\u00e9ctar divino, o el elixir de la vida. Amrit fortifica la inmunidad del cuerpo y libera al practicante de enfermedades incurables.<\/li>\n<li>La pr\u00e1ctica del GSY provoca un cambio en el Vrittis (tendencias internas) del practicante, de T\u00e3masica (oscuro, opaco, inerte) a R\u00e3jasic (apasionado, energ\u00e9tico) y a S\u00e3ttavic (positivo, puro, iluminado). Una transformaci\u00f3n en el Vrittis significa esencialmente un cambio total en la personalidad del practicante.<\/li>\n<li>El practicante finalmente alcanza Moksha (la liberaci\u00f3n del ciclo de la vida y la muerte), la transformaci\u00f3n divina.<\/li>\n<\/ul>\n","protected":false},"excerpt":{"rendered":"<p>GSY est\u00e1 basado en las (ocho-veces \/ ocho-ramas) de la filosof\u00eda Asht\u00e3nga, codificada por Sage Pant\u00e3njali en el Yoga Sutra. La pr\u00e1ctica de GSY conduce a una comprensi\u00f3n f\u00e1cil y sin esfuerzo de estas ocho ramas. Despu\u00e9s de una pr\u00e1ctica sostenida, la repetici\u00f3n mental del mantra se vuelve involuntaria. Esta experiencia es conocida como Ajap\u00e3 J\u00e3pa. En este estado el practicante encuentra que el mantra se repite sin cesar dentro de s\u00ed mismo sin ning\u00fan esfuerzo de su parte. Cuando el buscador repite mentalmente el mantra sin cesar (o experimenta Ajap\u00e3 J\u00e3pa), se transforma en un sonido divino. Esto es conocido como Anhad N\u00e3da. El sonido f\u00edsico se crea cuando un objeto golpea a otro. Anhad N\u00e3da no tiene ese origen f\u00edsico; es un no-golpe, incesante que impregna el Universo entero. El N\u00e3d es escuchado por el buscador en uno de sus o\u00eddos y es una indicaci\u00f3n de que el practicante ha cruzado un umbral importante en su desarrollo espiritual. A trav\u00e9s de la pr\u00e1ctica del GSY, el practicante alcanza muchos poderes divinos. Uno de esos poderes es conocido como Pr\u00e3tibh Gy\u00e3na (Conocimiento Intuitivo). Cuando se alcanza este conocimiento, el practicante es capaz de predecir y conocer acontecimientos del futuro ilimitado y del pasado. Durante la meditaci\u00f3n, el practicante puede experimentar Khechri Mudr\u00e3, una postura de yoga donde la lengua es echada hacia atr\u00e1s en un punto en el paladar que segrega Amrit el n\u00e9ctar divino, o el elixir de la vida. Amrit fortifica la inmunidad del cuerpo y libera al practicante de enfermedades incurables. La pr\u00e1ctica del GSY provoca un cambio en el Vrittis (tendencias internas) del practicante, de T\u00e3masica (oscuro, opaco, inerte) a R\u00e3jasic (apasionado, energ\u00e9tico) y a S\u00e3ttavic (positivo, puro, iluminado). Una transformaci\u00f3n en el Vrittis significa esencialmente un cambio total en la personalidad del practicante. El practicante finalmente alcanza Moksha (la liberaci\u00f3n del ciclo de la vida y la muerte), la transformaci\u00f3n divina.<\/p>\n","protected":false},"author":2,"featured_media":0,"parent":0,"menu_order":0,"comment_status":"closed","ping_status":"closed","template":"","meta":{"footnotes":""},"class_list":["post-1790","page","type-page","status-publish","hentry"],"aioseo_notices":[],"ams_acf":[],"_links":{"self":[{"href":"https:\/\/gurusiyagyoga.org\/es\/wp-json\/wp\/v2\/pages\/1790","targetHints":{"allow":["GET"]}}],"collection":[{"href":"https:\/\/gurusiyagyoga.org\/es\/wp-json\/wp\/v2\/pages"}],"about":[{"href":"https:\/\/gurusiyagyoga.org\/es\/wp-json\/wp\/v2\/types\/page"}],"author":[{"embeddable":true,"href":"https:\/\/gurusiyagyoga.org\/es\/wp-json\/wp\/v2\/users\/2"}],"replies":[{"embeddable":true,"href":"https:\/\/gurusiyagyoga.org\/es\/wp-json\/wp\/v2\/comments?post=1790"}],"version-history":[{"count":3,"href":"https:\/\/gurusiyagyoga.org\/es\/wp-json\/wp\/v2\/pages\/1790\/revisions"}],"predecessor-version":[{"id":1838,"href":"https:\/\/gurusiyagyoga.org\/es\/wp-json\/wp\/v2\/pages\/1790\/revisions\/1838"}],"wp:attachment":[{"href":"https:\/\/gurusiyagyoga.org\/es\/wp-json\/wp\/v2\/media?parent=1790"}],"curies":[{"name":"wp","href":"https:\/\/api.w.org\/{rel}","templated":true}]}}