{"id":1814,"date":"2026-01-27T12:59:04","date_gmt":"2026-01-27T07:29:04","guid":{"rendered":"https:\/\/gurusiyagyoga.org\/es\/?page_id=1814"},"modified":"2026-01-30T23:55:11","modified_gmt":"2026-01-30T18:25:11","slug":"ajapa","status":"publish","type":"page","link":"https:\/\/gurusiyagyoga.org\/es\/ajapa\/","title":{"rendered":"6.5 Ajapa Japa"},"content":{"rendered":"<p><span style=\"color: #008000;\"><strong> \u00bfQu\u00e9 es <em>Aj\u0101pa J\u0101pa <\/em>(canto sin esfuerzo)? (<\/strong><strong>Ajapa Japa)<\/strong><\/span><\/p>\n<p style=\"font-weight: 400;\">J\u0101pa significa recitar mentalmente el mantra. Es la primera y m\u00e1s importante herramienta para que el practicante use en su camino espiritual, para alcanzar una consciencia superior hasta llegar al objetivo final que es el Moksha.<\/p>\n<p style=\"font-weight: 400;\">Se requiere que el practicante lo repita mentalmente sin descanso en la etapa inicial de la pr\u00e1ctica. Esto se hace para establecer en la mente de practicante una consciencia del mantra y la fuerza divina que representa. Eventualmente, la repetici\u00f3n sostenida lleva a que el mantra se repita sin ning\u00fan esfuerzo consciente por parte del practicante. Luego se vuelve plenamente consciente de la presencia del mantra en su mente. Esto puede pasar en cuesti\u00f3n de semanas, dependiendo de la determinaci\u00f3n y devoci\u00f3n del practicante. Esto se llama Aj\u0101pa J\u0101pa. El prefijo A antes de la palabra J\u0101pa quiere decir literalmente repetici\u00f3n que se lleva a cabo sin esfuerzo consciente del practicante.<\/p>\n<p style=\"font-weight: 400;\">Aj\u0101pa J\u0101pa se refiere usualmente a repetici\u00f3n \u201cautom\u00e1tica\u201d. Sin embargo, lo que realmente sucede en esta etapa es que el practicante toma total consciencia de la palabra divina que est\u00e1 eternamente presente y que se impregna y resuena espont\u00e1neamente en la consciencia interior de todos los seres. Aj\u0101pa J\u0101pa es un umbral de vital importancia, despu\u00e9s de lo cual el practicante pasa a niveles superiores de consciencia espiritual.<\/p>\n<p style=\"font-weight: 400;\">Para experimentar esta etapa, el disc\u00edpulo debe recitar (repetir mentalmente) sin descanso el mantra durante sus horas de vigilia mientras desempe\u00f1a sus tareas y actividades rutinarias (comer, ba\u00f1arse, correr, manejar, cocinar, etc.). Ya que la repetici\u00f3n es silenciosa en la mente, no interrumpe las actividades del practicante o molesta a los dem\u00e1s a su alrededor. Cuando el J\u0101pa es sincero (en vez de mec\u00e1nico), el practicante nota cambios significativos en su personalidad desde el inicio de la pr\u00e1ctica.<\/p>\n<p style=\"font-weight: 400;\">Este es un t\u00e9rmino s\u00e1nscrito que literalmente se traduce como &#8220;el canto que no se canta&#8221;. Cuando un practicante canta el mantra dado por Guru Siyag constantemente durante un per\u00edodo de unas pocas semanas, el mantra Japa (canto mental) se vuelve sin esfuerzo, y se canta dentro involuntariamente. El buscador solo necesita prestarle atenci\u00f3n. Este estado es conocido como Ajapa Japa. Los kriyas son inducidos por el Kundalini sin la voluntad o el esfuerzo del practicante. Del mismo modo, Ajapa Japa es una de las muchas experiencias divinas efectuadas por el Kundalini. Por favor, vea nuestro post anterior para una explicaci\u00f3n completa sobre Ajapa Japa: \u00bfCu\u00e1ndo ocurre?<\/p>\n<p style=\"font-weight: 400;\">Ajapa Japa es experimentado por todos aquellos practicantes que recitan el mantra de Guru Siyag con dedicaci\u00f3n durante un per\u00edodo de tiempo constante. No hay una duraci\u00f3n espec\u00edfica (desde el comienzo del canto) dentro del cual ocurre esta experiencia; Es diferente para cada individuo. Lo que es seguro es que es experimentado por aquellos practicantes que cantan constantemente tanto como sea posible a lo largo del d\u00eda (vea nuestro post anterior sobre el canto durante todo el d\u00eda). Si hay un descanso de unos pocos d\u00edas entre el canto, entonces la pr\u00e1ctica es inconsistente, y al practicante le lleva mucho m\u00e1s tiempo experimentar Ajapa Japa.<\/p>\n<p style=\"font-weight: 400;\"><span style=\"color: #008000;\"><strong>\u00bfEs Ajapa Japa? \u00bfC\u00f3mo estar seguro?\u00a0\u00a0 <\/strong><\/span><\/p>\n<p style=\"font-weight: 400;\">Dos indicaciones confirman la experiencia de Ajapa Japa:<\/p>\n<ul>\n<li>Por lo general, cuando estamos involucrados en cualquier actividad que requiera un enfoque mental, no es posible cantar el mantra. Sin embargo, cuando se produce Ajapa Japa, el canto contin\u00faa a pesar de que nuestra mente est\u00e1 involucrada en otra parte. Es casi como si al ver la dedicaci\u00f3n de la practicante, la Kundalini asuma la responsabilidad de cantarse a s\u00ed misma.<\/li>\n<li>Cuando nos despertamos en medio de la noche, nos damos cuenta casi instant\u00e1neamente de que se est\u00e1 cantando el mantra.<\/li>\n<\/ul>\n<p style=\"font-weight: 400;\"><span style=\"color: #008000;\"><strong>\u00bfQu\u00e9 hacer cuando se produce esta experiencia?<\/strong><\/span><\/p>\n<ul>\n<li>En primer lugar: \u00a1disfr\u00fatalo! Cuando los practicantes tratan una experiencia con franqueza y felicidad (en lugar de sospecha y temor), el impacto de esa gracia crece. En el caso de Ajapa Japa, la positividad por parte del buscador conduce a una experiencia de profunda alegr\u00eda. Para obtener m\u00e1s informaci\u00f3n, visite el sitio web\u00a0<a href=\"http:\/\/www.gurusiyagyoga.org\/\">gurusiyagyoga.org<\/a>o llame al (+91)8369754399<\/li>\n<li>Guru Siyag aconseja a los disc\u00edpulos que presten atenci\u00f3n al canto 7-8 veces al d\u00eda. \u00c9l dice: \u201cCuando cantas implacablemente el mantra que te he dado, el canto se vuelve involuntario. No puedes detenerlo incluso si intentas hacerlo. Sentir\u00e1s que \u201calguien\u201d en tu ser interior ha asumido el deber de cantar y te ha liberado del esfuerzo. Durante el transcurso del d\u00eda, preste atenci\u00f3n a este canto 7-8 veces. Eso es todo. No necesitas cambiar tu estilo de vida o tus h\u00e1bitos alimenticios de ninguna manera. Nada est\u00e1 prohibido. La transformaci\u00f3n suceder\u00e1 si es por propia voluntad.\u201d<\/li>\n<\/ul>\n","protected":false},"excerpt":{"rendered":"<p>\u00bfQu\u00e9 es Aj\u0101pa J\u0101pa (canto sin esfuerzo)? (Ajapa Japa) J\u0101pa significa recitar mentalmente el mantra. Es la primera y m\u00e1s importante herramienta para que el practicante use en su camino espiritual, para alcanzar una consciencia superior hasta llegar al objetivo final que es el Moksha. Se requiere que el practicante lo repita mentalmente sin descanso en la etapa inicial de la pr\u00e1ctica. Esto se hace para establecer en la mente de practicante una consciencia del mantra y la fuerza divina que representa. Eventualmente, la repetici\u00f3n sostenida lleva a que el mantra se repita sin ning\u00fan esfuerzo consciente por parte del practicante. Luego se vuelve plenamente consciente de la presencia del mantra en su mente. Esto puede pasar en cuesti\u00f3n de semanas, dependiendo de la determinaci\u00f3n y devoci\u00f3n del practicante. Esto se llama Aj\u0101pa J\u0101pa. El prefijo A antes de la palabra J\u0101pa quiere decir literalmente repetici\u00f3n que se lleva a cabo sin esfuerzo consciente del practicante. Aj\u0101pa J\u0101pa se refiere usualmente a repetici\u00f3n \u201cautom\u00e1tica\u201d. Sin embargo, lo que realmente sucede en esta etapa es que el practicante toma total consciencia de la palabra divina que est\u00e1 eternamente presente y que se impregna y resuena espont\u00e1neamente en la consciencia interior de todos los seres. Aj\u0101pa J\u0101pa es un umbral de vital importancia, despu\u00e9s de lo cual el practicante pasa a niveles superiores de consciencia espiritual. Para experimentar esta etapa, el disc\u00edpulo debe recitar (repetir mentalmente) sin descanso el mantra durante sus horas de vigilia mientras desempe\u00f1a sus tareas y actividades rutinarias (comer, ba\u00f1arse, correr, manejar, cocinar, etc.). Ya que la repetici\u00f3n es silenciosa en la mente, no interrumpe las actividades del practicante o molesta a los dem\u00e1s a su alrededor. Cuando el J\u0101pa es sincero (en vez de mec\u00e1nico), el practicante nota cambios significativos en su personalidad desde el inicio de la pr\u00e1ctica. Este es un t\u00e9rmino s\u00e1nscrito que literalmente se traduce como &#8220;el canto que no se canta&#8221;. Cuando un practicante canta el mantra dado por Guru Siyag constantemente durante un per\u00edodo de unas pocas semanas, el mantra Japa (canto mental) se vuelve sin esfuerzo, y se canta dentro involuntariamente. El buscador solo necesita prestarle atenci\u00f3n. Este estado es conocido como Ajapa Japa. Los kriyas son inducidos por el Kundalini sin la voluntad o el esfuerzo del practicante. Del mismo modo, Ajapa Japa es una de las muchas experiencias divinas efectuadas por el Kundalini. Por favor, vea nuestro post anterior para una explicaci\u00f3n completa sobre Ajapa Japa: \u00bfCu\u00e1ndo ocurre? Ajapa Japa es experimentado por todos aquellos practicantes que recitan el mantra de Guru Siyag con dedicaci\u00f3n durante un per\u00edodo de tiempo constante. No hay una duraci\u00f3n espec\u00edfica (desde el comienzo del canto) dentro del cual ocurre esta experiencia; Es diferente para cada individuo. Lo que es seguro es que es experimentado por aquellos practicantes que cantan constantemente tanto como sea posible a lo largo del d\u00eda (vea nuestro post anterior sobre el canto durante todo el d\u00eda). Si hay un descanso de unos pocos d\u00edas entre el canto, entonces la pr\u00e1ctica es inconsistente, y al practicante le lleva mucho m\u00e1s tiempo experimentar Ajapa Japa. \u00bfEs Ajapa Japa? \u00bfC\u00f3mo estar seguro?\u00a0\u00a0 Dos indicaciones confirman la experiencia de Ajapa Japa: Por lo general, cuando estamos involucrados en cualquier actividad que requiera un enfoque mental, no es posible cantar el mantra. Sin embargo, cuando se produce Ajapa Japa, el canto contin\u00faa a pesar de que nuestra mente est\u00e1 involucrada en otra parte. Es casi como si al ver la dedicaci\u00f3n de la practicante, la Kundalini asuma la responsabilidad de cantarse a s\u00ed misma. Cuando nos despertamos en medio de la noche, nos damos cuenta casi instant\u00e1neamente de que se est\u00e1 cantando el mantra. \u00bfQu\u00e9 hacer cuando se produce esta experiencia? En primer lugar: \u00a1disfr\u00fatalo! Cuando los practicantes tratan una experiencia con franqueza y felicidad (en lugar de sospecha y temor), el impacto de esa gracia crece. En el caso de Ajapa Japa, la positividad por parte del buscador conduce a una experiencia de profunda alegr\u00eda. Para obtener m\u00e1s informaci\u00f3n, visite el sitio web\u00a0gurusiyagyoga.orgo llame al (+91)8369754399 Guru Siyag aconseja a los disc\u00edpulos que presten atenci\u00f3n al canto 7-8 veces al d\u00eda. \u00c9l dice: \u201cCuando cantas implacablemente el mantra que te he dado, el canto se vuelve involuntario. No puedes detenerlo incluso si intentas hacerlo. Sentir\u00e1s que \u201calguien\u201d en tu ser interior ha asumido el deber de cantar y te ha liberado del esfuerzo. Durante el transcurso del d\u00eda, preste atenci\u00f3n a este canto 7-8 veces. Eso es todo. No necesitas cambiar tu estilo de vida o tus h\u00e1bitos alimenticios de ninguna manera. Nada est\u00e1 prohibido. La transformaci\u00f3n suceder\u00e1 si es por propia voluntad.\u201d<\/p>\n","protected":false},"author":2,"featured_media":0,"parent":0,"menu_order":0,"comment_status":"closed","ping_status":"closed","template":"","meta":{"footnotes":""},"class_list":["post-1814","page","type-page","status-publish","hentry"],"aioseo_notices":[],"ams_acf":[],"_links":{"self":[{"href":"https:\/\/gurusiyagyoga.org\/es\/wp-json\/wp\/v2\/pages\/1814","targetHints":{"allow":["GET"]}}],"collection":[{"href":"https:\/\/gurusiyagyoga.org\/es\/wp-json\/wp\/v2\/pages"}],"about":[{"href":"https:\/\/gurusiyagyoga.org\/es\/wp-json\/wp\/v2\/types\/page"}],"author":[{"embeddable":true,"href":"https:\/\/gurusiyagyoga.org\/es\/wp-json\/wp\/v2\/users\/2"}],"replies":[{"embeddable":true,"href":"https:\/\/gurusiyagyoga.org\/es\/wp-json\/wp\/v2\/comments?post=1814"}],"version-history":[{"count":3,"href":"https:\/\/gurusiyagyoga.org\/es\/wp-json\/wp\/v2\/pages\/1814\/revisions"}],"predecessor-version":[{"id":1857,"href":"https:\/\/gurusiyagyoga.org\/es\/wp-json\/wp\/v2\/pages\/1814\/revisions\/1857"}],"wp:attachment":[{"href":"https:\/\/gurusiyagyoga.org\/es\/wp-json\/wp\/v2\/media?parent=1814"}],"curies":[{"name":"wp","href":"https:\/\/api.w.org\/{rel}","templated":true}]}}