{"id":1816,"date":"2026-01-27T12:59:45","date_gmt":"2026-01-27T07:29:45","guid":{"rendered":"https:\/\/gurusiyagyoga.org\/es\/?page_id=1816"},"modified":"2026-01-31T00:03:07","modified_gmt":"2026-01-30T18:33:07","slug":"nad","status":"publish","type":"page","link":"https:\/\/gurusiyagyoga.org\/es\/nad\/","title":{"rendered":"6.6 Anahat Nada"},"content":{"rendered":"<p><span style=\"color: #0000ff;\"><strong> Anahat N\u0101d &#8211; El sonido primordial Anahata Nada<\/strong><\/span><\/p>\n<p style=\"font-weight: 400;\">Muchos de los disc\u00edpulos de Guru Siyag experimentan el Anahat N\u0101d. Se nos ha preguntado varias veces qu\u00e9 es y qu\u00e9 implica su experiencia. A continuaci\u00f3n se muestra una breve nota sobre este tema. Si te gusta lo que lees, por favor comparte el post!<\/p>\n<p style=\"font-weight: 400;\">N\u0101d en el sentido ordinario significa sonido de cualquier tipo. Se crea cuando un objeto toca, golpea, desplaza o golpea a otro objeto. El trueno en el cielo, el susurro del viento, el canto de los p\u00e1jaros, la m\u00fasica vocal instrumental, el zumbido de las m\u00e1quinas y muchos otros sonidos naturales o creados por el hombre pertenecen a esta categor\u00eda de sonido f\u00edsico.<\/p>\n<p style=\"font-weight: 400;\">El t\u00e9rmino Anahat N\u0101d, sin embargo, tiene una connotaci\u00f3n diferente y especial en la literatura y la pr\u00e1ctica y\u00f3guicas. N\u0101d en sentido espiritual es un sonido no estruendoso, un sonido que no ha sido creado por la fricci\u00f3n entre ning\u00fan objeto. Es un sonido incesante que impregna todo el universo. Es a partir de este sonido Anahat (eterno \/ sin fin) que surgi\u00f3 todo el universo. De hecho, tambi\u00e9n se dice que N\u0101d es la manifestaci\u00f3n del absoluto divino en s\u00ed mismo en forma de sonido, &#8220;Om&#8221;. Es este sonido divino el que conecta al buscador con los planos superiores de conciencia.<\/p>\n<p style=\"font-weight: 400;\">Muchos practicantes de yoga de Guru Siyag, despu\u00e9s de experimentar la etapa Ajap\u0101 J\u0101pa (canto involuntario), comienzan a escuchar un sonido peculiar e ininterrumpido en uno de los o\u00eddos. Este sonido se asemeja a cualquiera de las infinitas variedades de sonidos naturales o artificiales. Algunos de los sonidos com\u00fanmente experimentados son: el canto de los grillos, el zumbido de abejorros, las notas de una flauta, el rasgueo de Veena (un instrumento musical indio de cuerdas), el repique de campanas, el choque de los platillos, etc. Este sonido que escucha el practicante es llamado el Anahat N\u0101d (sonido sin fin). Aunque este N\u0101d se parece a los sonidos que se escuchan com\u00fanmente en nuestro mundo f\u00edsico, en realidad es una versi\u00f3n sutil del sonido divino que representa el mantra dado por Gurudev. Vaikhari V\u0101ni o la palabra articulada es la forma m\u00e1s burda (m\u00e1s pesada) de energ\u00eda sonora divina.<\/p>\n<p style=\"font-weight: 400;\">As\u00ed que el practicante realmente se da cuenta de (o siente) en lugar de escuchar el N\u0101d. Como el N\u0101d es una forma m\u00e1s sutil del mantra de Gurudev, y siempre es un esfuerzo del buscador ascender a planos m\u00e1s sutiles de conciencia, el practicante debe dejar de cantar una vez que comienza el Anahat N\u0101d. Antes de que uno deje de cantar, es importante asegurarse de que el N\u0101d pueda escucharse sin cesar y no sea una experiencia breve. Escucha el sonido con atenci\u00f3n durante un par de d\u00edas. Si la intensidad del sonido crece y se puede escuchar incluso en un entorno ruidoso, entonces sepa que lo que escucha es el Anahat N\u0101d.<\/p>\n<p style=\"font-weight: 400;\">Gurudev aconseja a los disc\u00edpulos que escuchen a N\u0101d con la mayor atenci\u00f3n posible. Al escuchar al N\u0101d con concentraci\u00f3n durante largos per\u00edodos, la mente vacilante del practicante se sintoniza con el sonido divino y, finalmente, se convierte en uno con \u00e9l. Durante la meditaci\u00f3n, el cuerpo humano act\u00faa como el medio para recibir y experimentar vibraciones de planos sutiles que se encuentran mucho m\u00e1s all\u00e1 de nuestro mundo f\u00edsico. Por lo tanto, N\u0101d que un buscador oye en su o\u00eddo no es un sonido f\u00edsico, sino un sonido sutil que emana de su fuente divina original.<\/p>\n<p style=\"font-weight: 400;\">El significado de N\u0101d se puede ver en el contexto de la l\u00facida explicaci\u00f3n de Gurudev de c\u00f3mo la evoluci\u00f3n espiritual de un individuo est\u00e1 directamente relacionada con el descenso de lo divino a la materia cuando el universo fue creado a trav\u00e9s del &#8220;Om&#8221;, el sonido sin obst\u00e1culos. La creaci\u00f3n del universo f\u00edsico pas\u00f3 por cinco etapas secuenciales cuando Om, el divino mismo, descendi\u00f3 de \u0100k\u0101sh (cielo \/ \u00e9ter), el plano m\u00e1s alto, a trav\u00e9s de V\u0101yu (viento), Agni (fuego) y Jal (agua) sobre Prithvi (tierra). ). Cada uno de los cinco elementos descendentes representaba una forma m\u00e1s gruesa de lo divino que la anterior. Prithvi representa la forma m\u00e1s burda (m\u00e1s pesada) de materia donde lo divino se establece y asume innumerables formas, desde humanos hasta los m\u00e1s peque\u00f1os de insectos y g\u00e9rmenes.<\/p>\n<p style=\"font-weight: 400;\">Hay un elemento sutil llamado Tanm\u0101tra detr\u00e1s de cada elemento natural. Estos Tanmatras nos dan nuestros cinco sentidos f\u00edsicos. As\u00ed, el cielo tiene Shabd (discurso), la palabra o sonido divino como un elemento sutil; el viento tiene dureza (toque); el fuego tiene percepci\u00f3n (ver); el agua tiene Sw\u0101d (sabor) y la tierra tiene Gandh (olor). Estos sentidos f\u00edsicos nos atan al plano material, como resultado de lo cual olvidamos nuestro verdadero ser divino y quedamos atrapados en la ilusi\u00f3n de alegr\u00edas y tristezas.<\/p>\n<p style=\"font-weight: 400;\">Podemos salir de esta trampa, dice Gurudev, invirtiendo el proceso del descenso divino en la materia. Cuando practicamos el mantra-meditaci\u00f3n, nuestro Kundalini despierto nos ayuda a elevar la conciencia al conquistar cada elemento junto con su sentido f\u00edsico y, finalmente, alcanzar el pin\u00e1culo de la evoluci\u00f3n espiritual en Sahasrara (la corona de la cabeza). El N\u0101d entonces es el sonido divino del cual descendimos y es a este sonido divino al que regresamos, a nuestro hogar original.<\/p>\n","protected":false},"excerpt":{"rendered":"<p>Anahat N\u0101d &#8211; El sonido primordial Anahata Nada Muchos de los disc\u00edpulos de Guru Siyag experimentan el Anahat N\u0101d. Se nos ha preguntado varias veces qu\u00e9 es y qu\u00e9 implica su experiencia. A continuaci\u00f3n se muestra una breve nota sobre este tema. Si te gusta lo que lees, por favor comparte el post! N\u0101d en el sentido ordinario significa sonido de cualquier tipo. Se crea cuando un objeto toca, golpea, desplaza o golpea a otro objeto. El trueno en el cielo, el susurro del viento, el canto de los p\u00e1jaros, la m\u00fasica vocal instrumental, el zumbido de las m\u00e1quinas y muchos otros sonidos naturales o creados por el hombre pertenecen a esta categor\u00eda de sonido f\u00edsico. El t\u00e9rmino Anahat N\u0101d, sin embargo, tiene una connotaci\u00f3n diferente y especial en la literatura y la pr\u00e1ctica y\u00f3guicas. N\u0101d en sentido espiritual es un sonido no estruendoso, un sonido que no ha sido creado por la fricci\u00f3n entre ning\u00fan objeto. Es un sonido incesante que impregna todo el universo. Es a partir de este sonido Anahat (eterno \/ sin fin) que surgi\u00f3 todo el universo. De hecho, tambi\u00e9n se dice que N\u0101d es la manifestaci\u00f3n del absoluto divino en s\u00ed mismo en forma de sonido, &#8220;Om&#8221;. Es este sonido divino el que conecta al buscador con los planos superiores de conciencia. Muchos practicantes de yoga de Guru Siyag, despu\u00e9s de experimentar la etapa Ajap\u0101 J\u0101pa (canto involuntario), comienzan a escuchar un sonido peculiar e ininterrumpido en uno de los o\u00eddos. Este sonido se asemeja a cualquiera de las infinitas variedades de sonidos naturales o artificiales. Algunos de los sonidos com\u00fanmente experimentados son: el canto de los grillos, el zumbido de abejorros, las notas de una flauta, el rasgueo de Veena (un instrumento musical indio de cuerdas), el repique de campanas, el choque de los platillos, etc. Este sonido que escucha el practicante es llamado el Anahat N\u0101d (sonido sin fin). Aunque este N\u0101d se parece a los sonidos que se escuchan com\u00fanmente en nuestro mundo f\u00edsico, en realidad es una versi\u00f3n sutil del sonido divino que representa el mantra dado por Gurudev. Vaikhari V\u0101ni o la palabra articulada es la forma m\u00e1s burda (m\u00e1s pesada) de energ\u00eda sonora divina. As\u00ed que el practicante realmente se da cuenta de (o siente) en lugar de escuchar el N\u0101d. Como el N\u0101d es una forma m\u00e1s sutil del mantra de Gurudev, y siempre es un esfuerzo del buscador ascender a planos m\u00e1s sutiles de conciencia, el practicante debe dejar de cantar una vez que comienza el Anahat N\u0101d. Antes de que uno deje de cantar, es importante asegurarse de que el N\u0101d pueda escucharse sin cesar y no sea una experiencia breve. Escucha el sonido con atenci\u00f3n durante un par de d\u00edas. Si la intensidad del sonido crece y se puede escuchar incluso en un entorno ruidoso, entonces sepa que lo que escucha es el Anahat N\u0101d. Gurudev aconseja a los disc\u00edpulos que escuchen a N\u0101d con la mayor atenci\u00f3n posible. Al escuchar al N\u0101d con concentraci\u00f3n durante largos per\u00edodos, la mente vacilante del practicante se sintoniza con el sonido divino y, finalmente, se convierte en uno con \u00e9l. Durante la meditaci\u00f3n, el cuerpo humano act\u00faa como el medio para recibir y experimentar vibraciones de planos sutiles que se encuentran mucho m\u00e1s all\u00e1 de nuestro mundo f\u00edsico. Por lo tanto, N\u0101d que un buscador oye en su o\u00eddo no es un sonido f\u00edsico, sino un sonido sutil que emana de su fuente divina original. El significado de N\u0101d se puede ver en el contexto de la l\u00facida explicaci\u00f3n de Gurudev de c\u00f3mo la evoluci\u00f3n espiritual de un individuo est\u00e1 directamente relacionada con el descenso de lo divino a la materia cuando el universo fue creado a trav\u00e9s del &#8220;Om&#8221;, el sonido sin obst\u00e1culos. La creaci\u00f3n del universo f\u00edsico pas\u00f3 por cinco etapas secuenciales cuando Om, el divino mismo, descendi\u00f3 de \u0100k\u0101sh (cielo \/ \u00e9ter), el plano m\u00e1s alto, a trav\u00e9s de V\u0101yu (viento), Agni (fuego) y Jal (agua) sobre Prithvi (tierra). ). Cada uno de los cinco elementos descendentes representaba una forma m\u00e1s gruesa de lo divino que la anterior. Prithvi representa la forma m\u00e1s burda (m\u00e1s pesada) de materia donde lo divino se establece y asume innumerables formas, desde humanos hasta los m\u00e1s peque\u00f1os de insectos y g\u00e9rmenes. Hay un elemento sutil llamado Tanm\u0101tra detr\u00e1s de cada elemento natural. Estos Tanmatras nos dan nuestros cinco sentidos f\u00edsicos. As\u00ed, el cielo tiene Shabd (discurso), la palabra o sonido divino como un elemento sutil; el viento tiene dureza (toque); el fuego tiene percepci\u00f3n (ver); el agua tiene Sw\u0101d (sabor) y la tierra tiene Gandh (olor). Estos sentidos f\u00edsicos nos atan al plano material, como resultado de lo cual olvidamos nuestro verdadero ser divino y quedamos atrapados en la ilusi\u00f3n de alegr\u00edas y tristezas. Podemos salir de esta trampa, dice Gurudev, invirtiendo el proceso del descenso divino en la materia. Cuando practicamos el mantra-meditaci\u00f3n, nuestro Kundalini despierto nos ayuda a elevar la conciencia al conquistar cada elemento junto con su sentido f\u00edsico y, finalmente, alcanzar el pin\u00e1culo de la evoluci\u00f3n espiritual en Sahasrara (la corona de la cabeza). El N\u0101d entonces es el sonido divino del cual descendimos y es a este sonido divino al que regresamos, a nuestro hogar original.<\/p>\n","protected":false},"author":2,"featured_media":0,"parent":0,"menu_order":0,"comment_status":"closed","ping_status":"closed","template":"","meta":{"footnotes":""},"class_list":["post-1816","page","type-page","status-publish","hentry"],"aioseo_notices":[],"ams_acf":[],"_links":{"self":[{"href":"https:\/\/gurusiyagyoga.org\/es\/wp-json\/wp\/v2\/pages\/1816","targetHints":{"allow":["GET"]}}],"collection":[{"href":"https:\/\/gurusiyagyoga.org\/es\/wp-json\/wp\/v2\/pages"}],"about":[{"href":"https:\/\/gurusiyagyoga.org\/es\/wp-json\/wp\/v2\/types\/page"}],"author":[{"embeddable":true,"href":"https:\/\/gurusiyagyoga.org\/es\/wp-json\/wp\/v2\/users\/2"}],"replies":[{"embeddable":true,"href":"https:\/\/gurusiyagyoga.org\/es\/wp-json\/wp\/v2\/comments?post=1816"}],"version-history":[{"count":2,"href":"https:\/\/gurusiyagyoga.org\/es\/wp-json\/wp\/v2\/pages\/1816\/revisions"}],"predecessor-version":[{"id":1858,"href":"https:\/\/gurusiyagyoga.org\/es\/wp-json\/wp\/v2\/pages\/1816\/revisions\/1858"}],"wp:attachment":[{"href":"https:\/\/gurusiyagyoga.org\/es\/wp-json\/wp\/v2\/media?parent=1816"}],"curies":[{"name":"wp","href":"https:\/\/api.w.org\/{rel}","templated":true}]}}