{"id":1820,"date":"2026-01-27T13:01:22","date_gmt":"2026-01-27T07:31:22","guid":{"rendered":"https:\/\/gurusiyagyoga.org\/es\/?page_id=1820"},"modified":"2026-01-31T00:21:16","modified_gmt":"2026-01-30T18:51:16","slug":"khechri","status":"publish","type":"page","link":"https:\/\/gurusiyagyoga.org\/es\/khechri\/","title":{"rendered":"6.8 Khechari Mudra"},"content":{"rendered":"<p style=\"font-weight: 400;\">En sus propias palabras, Gurudev describe el Khechari Mudra, su significado y la importancia de cantar el mantra. Si te inspiran las palabras de Gurudev, comparte esta publicaci\u00f3n; por favor, evita copiarla y pegarla. Al compartirla, m\u00e1s personas se sentir\u00e1n atra\u00eddas por nuestra p\u00e1gina:<\/p>\n<p style=\"font-weight: 400;\">&#8220;Un tipo de mudra (gesto espiritual) que realizan los practicantes es el Khechari Mudra. En este mudra, la lengua se retrae hacia el paladar y luego toca un punto all\u00ed. Al tocar este punto, se secreta una sustancia similar al n\u00e9ctar.<\/p>\n<p style=\"font-weight: 400;\">Gorakshnathji (antiguo Nath Yogi) se refiri\u00f3 a esta sustancia como Amrit (Ambros\u00eda \/ N\u00e9ctar o elixir de la vida). En forma po\u00e9tica, describi\u00f3 el Khechari Mudra como un pozo invertido en la esfera celestial que secreta n\u00e9ctar.<\/p>\n<p style=\"font-weight: 400;\">El consciente bebe hasta saciarse, mientras que el inconsciente siente sed. Quien prueba este Amrit obtiene el conocimiento de su inmortalidad. Y si es Amrit, no surge la cuesti\u00f3n del renacimiento.<\/p>\n<p style=\"font-weight: 400;\">El Santo Kabir compar\u00f3 el cuerpo con una vasija de barro llena de agua. Esta vasija est\u00e1 sumergida en agua. Por lo tanto, hay agua dentro y fuera de ella. La arcilla de la vasija comienza a desintegrarse poco a poco y pronto la vasija se desmorona por completo. En cuanto la vasija se desmorona, el agua dentro y fuera de ella se unifican. Esta comprensi\u00f3n de la &#8220;unidad&#8221; ocurre solo con la gracia del Gur\u00fa. Este cuerpo que tanto valoras no es m\u00e1s que una vasija que se desmoronar\u00e1 con el tiempo. Si quieres liberarte de este ciclo de vida y muerte, debes cantar el mantra constantemente.<\/p>\n<p style=\"font-weight: 400;\">Tambi\u00e9n se dice: \u201cEn Kali Yuga (Era de la Falsedad), solo cantar el nombre de Dios puede guiarte hacia Moksha (liberaci\u00f3n)\u201d. Gur\u00fa Nanak dijo que la intoxicaci\u00f3n por drogas desaparece a la ma\u00f1ana siguiente, pero la intoxicaci\u00f3n por cantar nunca desaparece. San Kabir tambi\u00e9n dijo que la intoxicaci\u00f3n por cantar no desaparece. Al contrario, la alegr\u00eda embriagadora que brinda crece cada d\u00eda. El mantra que cantas, que te he dado, te brindar\u00e1 una alegr\u00eda embriagadora. Es una intoxicaci\u00f3n sin drogas.<\/p>\n","protected":false},"excerpt":{"rendered":"<p>En sus propias palabras, Gurudev describe el Khechari Mudra, su significado y la importancia de cantar el mantra. Si te inspiran las palabras de Gurudev, comparte esta publicaci\u00f3n; por favor, evita copiarla y pegarla. Al compartirla, m\u00e1s personas se sentir\u00e1n atra\u00eddas por nuestra p\u00e1gina: &#8220;Un tipo de mudra (gesto espiritual) que realizan los practicantes es el Khechari Mudra. En este mudra, la lengua se retrae hacia el paladar y luego toca un punto all\u00ed. Al tocar este punto, se secreta una sustancia similar al n\u00e9ctar. Gorakshnathji (antiguo Nath Yogi) se refiri\u00f3 a esta sustancia como Amrit (Ambros\u00eda \/ N\u00e9ctar o elixir de la vida). En forma po\u00e9tica, describi\u00f3 el Khechari Mudra como un pozo invertido en la esfera celestial que secreta n\u00e9ctar. El consciente bebe hasta saciarse, mientras que el inconsciente siente sed. Quien prueba este Amrit obtiene el conocimiento de su inmortalidad. Y si es Amrit, no surge la cuesti\u00f3n del renacimiento. El Santo Kabir compar\u00f3 el cuerpo con una vasija de barro llena de agua. Esta vasija est\u00e1 sumergida en agua. Por lo tanto, hay agua dentro y fuera de ella. La arcilla de la vasija comienza a desintegrarse poco a poco y pronto la vasija se desmorona por completo. En cuanto la vasija se desmorona, el agua dentro y fuera de ella se unifican. Esta comprensi\u00f3n de la &#8220;unidad&#8221; ocurre solo con la gracia del Gur\u00fa. Este cuerpo que tanto valoras no es m\u00e1s que una vasija que se desmoronar\u00e1 con el tiempo. Si quieres liberarte de este ciclo de vida y muerte, debes cantar el mantra constantemente. Tambi\u00e9n se dice: \u201cEn Kali Yuga (Era de la Falsedad), solo cantar el nombre de Dios puede guiarte hacia Moksha (liberaci\u00f3n)\u201d. Gur\u00fa Nanak dijo que la intoxicaci\u00f3n por drogas desaparece a la ma\u00f1ana siguiente, pero la intoxicaci\u00f3n por cantar nunca desaparece. San Kabir tambi\u00e9n dijo que la intoxicaci\u00f3n por cantar no desaparece. Al contrario, la alegr\u00eda embriagadora que brinda crece cada d\u00eda. El mantra que cantas, que te he dado, te brindar\u00e1 una alegr\u00eda embriagadora. Es una intoxicaci\u00f3n sin drogas.<\/p>\n","protected":false},"author":2,"featured_media":0,"parent":0,"menu_order":0,"comment_status":"closed","ping_status":"closed","template":"","meta":{"footnotes":""},"class_list":["post-1820","page","type-page","status-publish","hentry"],"aioseo_notices":[],"ams_acf":[],"_links":{"self":[{"href":"https:\/\/gurusiyagyoga.org\/es\/wp-json\/wp\/v2\/pages\/1820","targetHints":{"allow":["GET"]}}],"collection":[{"href":"https:\/\/gurusiyagyoga.org\/es\/wp-json\/wp\/v2\/pages"}],"about":[{"href":"https:\/\/gurusiyagyoga.org\/es\/wp-json\/wp\/v2\/types\/page"}],"author":[{"embeddable":true,"href":"https:\/\/gurusiyagyoga.org\/es\/wp-json\/wp\/v2\/users\/2"}],"replies":[{"embeddable":true,"href":"https:\/\/gurusiyagyoga.org\/es\/wp-json\/wp\/v2\/comments?post=1820"}],"version-history":[{"count":2,"href":"https:\/\/gurusiyagyoga.org\/es\/wp-json\/wp\/v2\/pages\/1820\/revisions"}],"predecessor-version":[{"id":1861,"href":"https:\/\/gurusiyagyoga.org\/es\/wp-json\/wp\/v2\/pages\/1820\/revisions\/1861"}],"wp:attachment":[{"href":"https:\/\/gurusiyagyoga.org\/es\/wp-json\/wp\/v2\/media?parent=1820"}],"curies":[{"name":"wp","href":"https:\/\/api.w.org\/{rel}","templated":true}]}}