{"id":1827,"date":"2026-01-27T13:05:48","date_gmt":"2026-01-27T07:35:48","guid":{"rendered":"https:\/\/gurusiyagyoga.org\/es\/?page_id=1827"},"modified":"2026-01-31T00:30:49","modified_gmt":"2026-01-30T19:00:49","slug":"bio","status":"publish","type":"page","link":"https:\/\/gurusiyagyoga.org\/es\/bio\/","title":{"rendered":"7.1 Biograf\u00eda"},"content":{"rendered":"<p style=\"font-weight: 400;\"><span style=\"color: #0000ff;\"><strong>Biograf\u00eda de Guru Siyag\u00a0<\/strong><\/span><\/p>\n<p style=\"font-weight: 400;\"><span style=\"color: #008000;\"><strong>Comienzos de su vida<\/strong><\/span><\/p>\n<p style=\"font-weight: 400;\">Gur\u00fa Siyag naci\u00f3 en el pueblo de Palana, 25 Km. al Norte de la ciudad de Bikaner en el estado de Rajasthan (India) el 24 de Noviembre de 1926. Gur\u00fa Siyag se gradu\u00f3 de secundaria y a los 18 a\u00f1os tom\u00f3 un trabajo como empleado de los Ferrocarriles de la India. Prontamente se cas\u00f3 y empez\u00f3 una familia y tuvo 5 hijos \u2013 una hija y cuatro hijos.<\/p>\n<p style=\"font-weight: 400;\"><strong>\u00a0<\/strong><\/p>\n<p style=\"font-weight: 400;\"><span style=\"color: #008000;\"><strong>Transformaci\u00f3n Divina<\/strong><\/span><\/p>\n<p style=\"font-weight: 400;\">El invierno de 1968 result\u00f3 ser un momento clave en la en la vida de Gur\u00fa Siyag. Su rutinaria vida fue repentinamente interrumpida por un temor inexplicable hacia la muerte que se apoder\u00f3 de \u00e9l, sin que sufriera ninguna enfermedad. Un adivino local dijo a Gurudev que estaba bajo M\u0101rkesh Dasha &#8211; una constelaci\u00f3n de planetas que lanzan el hechizo de la muerte. Algunos cl\u00e9rigos locales hind\u00faes le dijeron que la \u00fanica forma de escapar de una muerte inminente,\u00a0 era invocar las bendiciones de la Diosa Gayatri a trav\u00e9s de un ritual especial. Gayatri, la diosa de la luz c\u00f3smica, era la \u00fanica que\u00a0 podr\u00eda rescatarlo de las garras de la muerte. Se le aconsej\u00f3 realizar una Havan &#8211; un ritual de purificaci\u00f3n sagrada que involucra una ceremonia de fuego &#8211; y repetir mentalmente el Gayatri Mantra durante el proceso. Se le dijo que para que la invocaci\u00f3n fuera completa y se recibiera la protecci\u00f3n divina, deber\u00eda celebrar el ritual diariamente hasta que repitiera mentalmente el mantra 125,000 veces.<\/p>\n<p style=\"font-weight: 400;\">En octubre de 1968, Gurudev comenz\u00f3 seriamente con el ritual durante Navratri, un festival de 9 d\u00edas de duraci\u00f3n dedicado a la divinidad femenina, Shakti. Se levantaba en las madrugadas de cada d\u00eda y repet\u00eda el sagrado Mantra Gayatri durante el Havan. La presi\u00f3n del p\u00e1nico que se apoderaba de \u00e9l\u00a0 era tan intensa que llev\u00f3 a cabo el ritual con la mayor sinceridad y concentraci\u00f3n. Le tom\u00f3 3 meses completar el ritual. Recordando esos d\u00edas, Gurudev\u00a0 ha comentado que fue como si una fuerza divina lo hubiera impulsado a un estado artificial de temor, s\u00f3lo para cambiar la vida mundana que hab\u00eda llevado hasta entonces y estimularlo hacia el\u00a0 camino espiritual. El d\u00eda que termin\u00f3 el ritual, Gurudev fue a dormir esa noche pensando que despertar\u00eda a la hora habitual del d\u00eda siguiente, ahora que ya hab\u00eda finalizado el arduo culto Gayatri. Sin embargo, se despert\u00f3 muy temprano como se hab\u00eda acostumbrado. Justo cuando abri\u00f3 los ojos y se sent\u00f3 en la cama, sinti\u00f3 que en el interior de su cuerpo se encend\u00eda\u00a0 una luz inmensamente blanca y brillante. Era una especie de luz brillante que no pod\u00eda compararse con ninguna otra &#8211; ni siquiera con la luz solar. Se dio cuenta que la luz iluminaba su cuerpo desde dentro. La luz no era ni caliente ni fr\u00eda, s\u00f3lo trajo una ola de paz relajante.\u00a0 Pronto se sinti\u00f3 sumergido\u00a0 completamente en un estado de alegr\u00eda y felicidad que nunca pens\u00f3 que existiera. La luz le dio una visi\u00f3n interior. Gurudev vio que a pesar de la luz clara y brillante que iluminaba su cuerpo desde el interior, no pod\u00eda detectar la presencia de sus \u00f3rganos, como si su cuerpo fuera una mera concha vac\u00eda!<\/p>\n<p style=\"font-weight: 400;\">Habiendo trabajado ocasionalmente como ayudante en la morgue de los ferrocarriles, Gurudev sab\u00eda la ubicaci\u00f3n de los \u00f3rganos internos, m\u00fasculos y huesos en el cuerpo humano. Y sin embargo, no pod\u00eda ver nada dentro de su propio cuerpo!<\/p>\n<p style=\"font-weight: 400;\">Pronto se percato de un zumbido como el de un enjambre de abejas. Cuando se concentr\u00f3 en el sonido, se dio cuenta que emanaba del centro de su ombligo. A medida que se concentraba, not\u00f3 con asombro que el zumbido no era m\u00e1s que el Gayatri Mantra que se repet\u00eda a una velocidad asombrosa, y era lo que produc\u00eda el sonido del enjambre de abejorros!\u00a0 Entendi\u00f3 m\u00e1s adelante que el Gayatri Mantra que hab\u00eda repetido previamente con esfuerzos deliberados, ya se hab\u00eda establecido como un proceso ininterrumpido, y autom\u00e1ticamente generado, que lo vinculaban permanentemente con la Fuerza Divina. La luz divina le trajo otro descubrimiento a Gurudev. Se dio cuenta que detr\u00e1s de la fachada de su identidad y existencia en el mundo material, hab\u00eda una identidad diferente. El no estaba limitado ni por sus limitaciones f\u00edsicas ni por su conciencia, ni restringido al mundo f\u00edsico que \u00e9l habitaba. Sent\u00eda como si su ser se hubiese expandido tan ampliamente que pod\u00eda abarcar todo el universo. De hecho, sent\u00eda que era el universo y pod\u00eda sentir las vibraciones de todos los seres animados e inanimados, como si fueran los suyas propias. Se dio cuenta tambi\u00e9n, a trav\u00e9s de esta experiencia \u00fanica, que lo que le hab\u00eda pasado era precisamente lo que los antiguos videntes V\u00e9dicos llamaban Brahma, el absoluto, lo omnipresente, la fuerza divina inmutable y amorfa.<\/p>\n<p style=\"font-weight: 400;\">As\u00ed como Gurudev se maravillaban de esta experiencia extraordinaria y estaba flotando en olas de alegr\u00eda, paz y amor; la visi\u00f3n fant\u00e1stica se interrumpi\u00f3 tan repentinamente como hab\u00eda ocurrido. El gorgoteo del agua de un grifo abierto, brotando repentinamente en el ba\u00f1o hab\u00eda perturbado este estado de trance en el que \u00e9l estaba.<\/p>\n<p style=\"font-weight: 400;\">Cuando consult\u00f3 algunos <em>pundits <\/em>(hombres sabios) versados en escrituras sagradas acerca de estas experiencias, le dijeron que efectivamente hab\u00eda sido bendecido por la Diosa G\u0101yatri con un <em>Siddhi<\/em> \u2013 poder especial divino.<\/p>\n<p style=\"font-weight: 400;\"><strong>\u00a0<\/strong><\/p>\n<p style=\"font-weight: 400;\"><span style=\"color: #008000;\"><strong>Encuentro con el Yogi Baba Shri Gangainathji<\/strong><\/span><\/p>\n<p style=\"font-weight: 400;\">Durante su b\u00fasqueda espiritual en los meses siguientes, Gurudev estudi\u00f3 sobre la filosof\u00eda propuesta por Swami Vivekananda, una de las m\u00e1s grandes figuras espirituales del siglo XX, quien gui\u00f3 el renacimiento de la herencia espiritual v\u00e9dica no s\u00f3lo en India sino tambi\u00e9n en Am\u00e9rica y Europa. Vivekananda abog\u00f3 firmemente por\u00a0 la pr\u00e1ctica de la filosof\u00eda v\u00e9dica a trav\u00e9s de la restauraci\u00f3n del sistema de Gur\u00fa-disc\u00edpulo que es la \u00fanica forma, a su juicio, que podr\u00eda conducir a la evoluci\u00f3n espiritual de todo el mundo. Siguiendo el consejo de Swami Vivekananda, Gurudev comenz\u00f3 la b\u00fasqueda con toda intensidad de un Gur\u00fa. Un pariente de Gurudev le sugiri\u00f3 que fuera donde Baba Shri Gangainathji, un yogui asc\u00e9tico que viv\u00eda en el pueblo de Jamsar, 27 Kms al Norte de Bikaner. En abril de 1983 Gurudev visito el ashram.<\/p>\n<p style=\"font-weight: 400;\">No hubo nada de extraordinario en este primer encuentro \u2013 un grupo de personas se hab\u00eda reunido a meditar ante la presencia de Gangainathji. Gurudev se sent\u00f3 atr\u00e1s simplemente observando la multitud. Si bien no hubo interacci\u00f3n entre los dos en este encuentro, algo provoc\u00f3 a los pocos d\u00edas a Gurudev a visitar de nuevo el ashram de Baba. Fue durante la segunda visita, cuando Gurudev se inclin\u00f3 y toc\u00f3 los pies de Baba, el maestro toc\u00f3 la cabeza de Gurudev a modo de bendici\u00f3n. En el momento que Baba toc\u00f3 a Gurudev sinti\u00f3 una tremenda energ\u00eda, como un rayo atravesando su cuerpo. Esta fue la manera de Baba de\u00a0 dar Diksha (iniciaci\u00f3n) y transmitir el manto de &#8220;Siddha Gur\u00fa\u201d Gur\u00fa a Siyag.<\/p>\n<p style=\"font-weight: 400;\"><strong>\u00a0<\/strong><\/p>\n<p style=\"font-weight: 400;\"><span style=\"color: #008000;\"><strong>Gangainathji toma a Sam\u0101dhi<\/strong><\/span><\/p>\n<p style=\"font-weight: 400;\">Diciembre 31 de 1983, 5 a.m., todo el Noroeste de la India fue sacudido por un fuerte terremoto. Gurudev pudo darse cuenta m\u00e1s adelante que fue en el preciso momento en que Baba Gangainathji hab\u00eda dejado su cuerpo mortal. Muchos a\u00f1os despu\u00e9s, en una conversaci\u00f3n con sus disc\u00edpulos Gurudev les coment\u00f3 sobre este incidente. \u201cAlgunas veces cuando un ser iluminado deja su cuerpo, hasta la tierra se sacude por su partida y en \u00e9ste (terremoto) fue como expres\u00f3 su dolor\u201d.<\/p>\n<p style=\"font-weight: 400;\">Pocos d\u00edas despu\u00e9s de este incidente, cuando Gurudev caminaba por la carretera, un joven local lo llam\u00f3. Lo que le dijo a Gurudev le son\u00f3 muy extra\u00f1o. El joven le dijo que Baba Gangainathji lo hab\u00eda estado asediando para que Gurudev visitara su sitio en Jamsar<em>Sam\u0101dhi<\/em> (un tipo de monumento funerario o mausoleo). Cuando Gurudev le dijo que no era posible visitarlo porque Baba ya hab\u00eda muerto, el muchacho le dijo que Baba se le hab\u00eda aparecido en sus sue\u00f1os d\u00e1ndole esa orden. Tomando esto como un llamado divino, Gurudev visit\u00f3 a Baba en\u00a0 <em>Sam\u0101dhi<\/em> y le ofreci\u00f3 sus oraciones. Un principio fundamental en el pensamiento v\u00e9dico es que el alma es eterna, y que es el cuerpo el que muere cuando una persona fallece. Mientras que una persona no iluminada muere debido a la culminaci\u00f3n de sus karmas, un ser consciente e iluminado deja\u00a0 intencionalmente su cuerpo en un momento y lugar determinados. Como tal, Siddha Gur\u00fa sigue guiando a sus disc\u00edpulos, incluso despu\u00e9s de abandonar su cuerpo mortal. Por tanto, el sitio de Samadhi de un santo es venerado como fuente de\u00a0 bendiciones divinas.<\/p>\n<p style=\"font-weight: 400;\">\n<p style=\"font-weight: 400;\"><span style=\"color: #008000;\"><strong>Mensaje divino de Gangainathji<\/strong><\/span><\/p>\n<p style=\"font-weight: 400;\">A medida que su meditaci\u00f3n se hizo m\u00e1s profunda, Gurudev empez\u00f3 a recibir mensajes interiores de Gangainathji. Pronto Baba hizo que Gurudev se diera cuenta que no estaba destinado a llevar una vida mundana. Se le hizo claro a trav\u00e9s de sus meditaciones profundas, que Gurudev estaba destinado para dirigir una revoluci\u00f3n espiritual para transformar a toda la humanidad. La transformaci\u00f3n que hab\u00eda sufrido Gurudev, de hecho, lo preparaba para la tarea que ten\u00eda por delante. Se le dijo que la transformaci\u00f3n divina de un ser humano, podr\u00eda eventualmente anunciar la transformaci\u00f3n de todos los seres humanos guiados por esa persona iluminada. A Gurudev se le dijo que \u00e9l era el elegido para esta misi\u00f3n.<\/p>\n<p style=\"font-weight: 400;\"><strong>\u00a0<\/strong><\/p>\n<p style=\"font-weight: 400;\"><span style=\"color: #008000;\"><strong>Visiones Prof\u00e9ticas<\/strong><\/span><\/p>\n<p style=\"font-weight: 400;\">En el a\u00f1o de 1984 Gurudev fue tocado por otro extra\u00f1o suceso, cuyas consecuencias podr\u00edan afectar a la humanidad en los pr\u00f3ximos a\u00f1os. Una noche despu\u00e9s que se hab\u00eda retirado a descansar, Gur\u00fa Siyag tuvo una visi\u00f3n en sus sue\u00f1os. En su visi\u00f3n, se le mostr\u00f3 un pasaje de lo que vagamente podr\u00eda percibir como un libro sagrado y una voz pronunci\u00f3: &#8220;T\u00fa eres eso, t\u00fa eres eso&#8221;.\u00a0 A la ma\u00f1ana siguiente, Gurudev reflexion\u00f3 sobre la extra\u00f1a visi\u00f3n y trat\u00f3 de entender si lo que vio era una visi\u00f3n o un extra\u00f1o sue\u00f1o y lo que las palabras &#8220;T\u00fa eres eso&#8221; significaban. Dado que el pasaje era en Hindi, Gurudev pod\u00eda acordarse de algunas palabras, pero no les encontr\u00f3 ning\u00fan sentido.<\/p>\n<p style=\"font-weight: 400;\">Algunos d\u00edas despu\u00e9s, el hijo menor de Gurudev, Rajendra, trajo a casa un viejo libro manoseado. A su regreso a casa de la escuela, el muchacho sinti\u00f3 la urgente necesidad de recoger el libro al encontrarlo abandonado en una casa la orilla del camino. Cuando Gurudev oje\u00f3 el libro sin ning\u00fan inter\u00e9s particular, llam\u00f3 su atenci\u00f3n encontrar el pasaje en una de sus p\u00e1ginas. Era el mismo pasaje que le fue revelado en su sue\u00f1o. El ley\u00f3 el libro una y otra vez durante varios d\u00edas pero no pudo entender a lo que se refer\u00eda. Lo que pudo ver, era que el libro destinado a los ni\u00f1os, estaba ilustrado con im\u00e1genes para explicarles en t\u00e9rminos sencillos la fe cristiana.\u00a0 Gurudev al no ser muy religioso no estaba familiarizado con las escrituras Hind\u00faes y mucho menos con otras filosof\u00edas de otras creencias.<\/p>\n<p style=\"font-weight: 400;\">Gurudev hizo preguntas en su grupo social,\u00a0 si los cristianos segu\u00edan alg\u00fan libro como el <em>Bhaagwat Geeta <\/em>de\u00a0 los hind\u00faes. Fue en este momento que \u00e9l conoci\u00f3 la biblia. Le dijeron que el pasaje del libro santo que \u00e9l hab\u00eda visto en su visi\u00f3n era parte del Evangelio de Juan, y que lo que hab\u00eda visto en los cap\u00edtulos 15:26-27 y 16:7-15. Luego un amigo le dio una versi\u00f3n abreviada de\u00a0 la Biblia en Hindi. Esto le dio a Gurudev una idea de la Cristiandad.<\/p>\n<p style=\"font-weight: 400;\">Se las arregl\u00f3 para pedir prestada una copia de la Biblia en Ingl\u00e9s de un amigo profesor de leyes de una universidad local. La lectura de la Biblia en Ingl\u00e9s no result\u00f3 ser de gran ayuda; ya que no encontr\u00f3 el pasaje que buscaba. Se dio por vencido y devolvi\u00f3 el libro y dej\u00f3 as\u00ed el asunto, pensando que ah\u00ed se hab\u00eda acabado el episodio. Pero as\u00ed no fue. La necesidad interior volvi\u00f3 con gran intensidad. Haciendo preguntas de nuevo, encontr\u00f3 algo que lo sorprendi\u00f3. El Cristianismo se hab\u00eda dividido en varias sectas, las dos m\u00e1s importantes eran el Catolicismo y el Protestantismo. Mientras que la Biblia que hab\u00eda le\u00eddo anteriormente era la seguida por los cat\u00f3licos, la de los protestantes conten\u00eda el pasaje del Evangelio de San Juan que ve\u00eda en el sue\u00f1o.<\/p>\n<p style=\"font-weight: 400;\">Gurudev logr\u00f3 obtener una copia de la Biblia protestante y leer el Evangelio que lo intrigaba constantemente. La parte relevante del Evangelio conten\u00eda una profec\u00eda hecha nada m\u00e1s y nada menos que por el mismo Jes\u00fas sobre el advenimiento del Consolador, quien el profetiz\u00f3, salvar\u00eda de una muerte segura solamente a los verdaderos creyentes, mientras que el resto de la humanidad sufrir\u00eda graves calamidades en guerras y hambrunas en el Siglo XXI!\u00a0 Gurudev iba a descubrir m\u00e1s adelante que el Antiguo Testamento contiene profec\u00edas similares formuladas por el profeta Malaqu\u00edas sobre la llegada del Mes\u00edas, a quien describe como E-li&#8217;jah. Al leer las profec\u00edas en el Libro Sagrado, Gurudev se dio cuenta que estaban de alguna manera vinculadas a las ense\u00f1anzas dadas por el Se\u00f1or Krishna en el <em>Geeta<\/em> miles de a\u00f1os antes del nacimiento del cristianismo y el juda\u00edsmo.<\/p>\n<p style=\"font-weight: 400;\"><strong>\u00a0<\/strong><\/p>\n<p style=\"font-weight: 400;\"><span style=\"color: #008000;\"><strong>La vida como\u00a0 Siddha Guru <\/strong><\/span><\/p>\n<p style=\"font-weight: 400;\">Algunos a\u00f1os despu\u00e9s Gurudev recibi\u00f3 un <em>\u0100desh<\/em> (orden divina) por parte de Gangainathji indic\u00e1ndole que abandonara su trabajo en los ferrocarriles y se dedicara totalmente a la misi\u00f3n espiritual. Gurudev renunci\u00f3 voluntariamente a su trabajo el 30 de Junio de 1986, casi siete a\u00f1os antes de alcanzar la edad de jubilaci\u00f3n. Gurudev coment\u00f3 despu\u00e9s, \u201cYo serv\u00eda a los ferrocarriles anteriormente, ahora sirvo a mi Gur\u00fa. Este es un trabajo de toda la vida al cual no puedo renunciar. Le he dejado todas las necesidades materiales de mi familia enteramente a \u00c9l (Gangainathji). Soy fiel siervo de mi Gur\u00fa, y todo lo que puedo ganar o perder en esta misi\u00f3n ser\u00e1 de acuerdo a su deseo.&#8221;<\/p>\n<p style=\"font-weight: 400;\">Baba tambi\u00e9n dirigi\u00f3 a Gur\u00fa Siyag para iniciar personas en Siddha Yoga como sus disc\u00edpulos. Gurudev empez\u00f3 a iniciar gente en Siddha Yoga en 1990 a trav\u00e9s de programas Diksha organizados inicialmente en Jodhpur y algunas otras ciudades de Rajasthan. Las personas que vinieron hacia Gurudev y se convirtieron en sus disc\u00edpulos, experimentaron grandes cambios positivos en sus vidas; se dieron\u00a0 cuenta que sus\u00a0 enfermedades \/ dolencias cr\u00f3nicas se curaban, y sintieron el despertar espiritual al repetir el mantra divino que Gurudev les dio en estos programas y al hacer la meditaci\u00f3n junto con el mantra. Se corri\u00f3 la voz sobre el Yoga Siddha\u00a0 y los poderes curativos de Gurudev como fuego en paja, Gurudev fue invitado a otras ciudades y pueblos para conducir programas de Diksha. Desde este momento Gurudev ha viajado a diferentes ciudades de la India, tambi\u00e9n a Israel y Estados Unidos poniendo a miles de personas a meditar sobre su Evoluci\u00f3n Espiritual y buena salud. Sin embargo, Gurudev dice que est\u00e1 a mitad de camino en su misi\u00f3n. \u00c9l cree que hasta que no llegue a la gente de todo el mundo en el hemisferio occidental para motivarlos a unirse al camino espiritual que Baba Gangainathji ha demostrado, no habr\u00e1 verdadera paz ni prosperidad en el mundo. \u201cEl espiritualismo en Oriente necesita unir sus manos con el materialismo de Occidente, sin lo cual el mundo nunca ver\u00e1 el fin del conflicto y la discordia. Es esta uni\u00f3n espiritual de Oriente y Occidente que me he propuesto llevar a cabo para dar paso a una paz duradera en el mundo&#8221;, dice Gurudev.<\/p>\n","protected":false},"excerpt":{"rendered":"<p>Biograf\u00eda de Guru Siyag\u00a0 Comienzos de su vida Gur\u00fa Siyag naci\u00f3 en el pueblo de Palana, 25 Km. al Norte de la ciudad de Bikaner en el estado de Rajasthan (India) el 24 de Noviembre de 1926. Gur\u00fa Siyag se gradu\u00f3 de secundaria y a los 18 a\u00f1os tom\u00f3 un trabajo como empleado de los Ferrocarriles de la India. Prontamente se cas\u00f3 y empez\u00f3 una familia y tuvo 5 hijos \u2013 una hija y cuatro hijos. \u00a0 Transformaci\u00f3n Divina El invierno de 1968 result\u00f3 ser un momento clave en la en la vida de Gur\u00fa Siyag. Su rutinaria vida fue repentinamente interrumpida por un temor inexplicable hacia la muerte que se apoder\u00f3 de \u00e9l, sin que sufriera ninguna enfermedad. Un adivino local dijo a Gurudev que estaba bajo M\u0101rkesh Dasha &#8211; una constelaci\u00f3n de planetas que lanzan el hechizo de la muerte. Algunos cl\u00e9rigos locales hind\u00faes le dijeron que la \u00fanica forma de escapar de una muerte inminente,\u00a0 era invocar las bendiciones de la Diosa Gayatri a trav\u00e9s de un ritual especial. Gayatri, la diosa de la luz c\u00f3smica, era la \u00fanica que\u00a0 podr\u00eda rescatarlo de las garras de la muerte. Se le aconsej\u00f3 realizar una Havan &#8211; un ritual de purificaci\u00f3n sagrada que involucra una ceremonia de fuego &#8211; y repetir mentalmente el Gayatri Mantra durante el proceso. Se le dijo que para que la invocaci\u00f3n fuera completa y se recibiera la protecci\u00f3n divina, deber\u00eda celebrar el ritual diariamente hasta que repitiera mentalmente el mantra 125,000 veces. En octubre de 1968, Gurudev comenz\u00f3 seriamente con el ritual durante Navratri, un festival de 9 d\u00edas de duraci\u00f3n dedicado a la divinidad femenina, Shakti. Se levantaba en las madrugadas de cada d\u00eda y repet\u00eda el sagrado Mantra Gayatri durante el Havan. La presi\u00f3n del p\u00e1nico que se apoderaba de \u00e9l\u00a0 era tan intensa que llev\u00f3 a cabo el ritual con la mayor sinceridad y concentraci\u00f3n. Le tom\u00f3 3 meses completar el ritual. Recordando esos d\u00edas, Gurudev\u00a0 ha comentado que fue como si una fuerza divina lo hubiera impulsado a un estado artificial de temor, s\u00f3lo para cambiar la vida mundana que hab\u00eda llevado hasta entonces y estimularlo hacia el\u00a0 camino espiritual. El d\u00eda que termin\u00f3 el ritual, Gurudev fue a dormir esa noche pensando que despertar\u00eda a la hora habitual del d\u00eda siguiente, ahora que ya hab\u00eda finalizado el arduo culto Gayatri. Sin embargo, se despert\u00f3 muy temprano como se hab\u00eda acostumbrado. Justo cuando abri\u00f3 los ojos y se sent\u00f3 en la cama, sinti\u00f3 que en el interior de su cuerpo se encend\u00eda\u00a0 una luz inmensamente blanca y brillante. Era una especie de luz brillante que no pod\u00eda compararse con ninguna otra &#8211; ni siquiera con la luz solar. Se dio cuenta que la luz iluminaba su cuerpo desde dentro. La luz no era ni caliente ni fr\u00eda, s\u00f3lo trajo una ola de paz relajante.\u00a0 Pronto se sinti\u00f3 sumergido\u00a0 completamente en un estado de alegr\u00eda y felicidad que nunca pens\u00f3 que existiera. La luz le dio una visi\u00f3n interior. Gurudev vio que a pesar de la luz clara y brillante que iluminaba su cuerpo desde el interior, no pod\u00eda detectar la presencia de sus \u00f3rganos, como si su cuerpo fuera una mera concha vac\u00eda! Habiendo trabajado ocasionalmente como ayudante en la morgue de los ferrocarriles, Gurudev sab\u00eda la ubicaci\u00f3n de los \u00f3rganos internos, m\u00fasculos y huesos en el cuerpo humano. Y sin embargo, no pod\u00eda ver nada dentro de su propio cuerpo! Pronto se percato de un zumbido como el de un enjambre de abejas. Cuando se concentr\u00f3 en el sonido, se dio cuenta que emanaba del centro de su ombligo. A medida que se concentraba, not\u00f3 con asombro que el zumbido no era m\u00e1s que el Gayatri Mantra que se repet\u00eda a una velocidad asombrosa, y era lo que produc\u00eda el sonido del enjambre de abejorros!\u00a0 Entendi\u00f3 m\u00e1s adelante que el Gayatri Mantra que hab\u00eda repetido previamente con esfuerzos deliberados, ya se hab\u00eda establecido como un proceso ininterrumpido, y autom\u00e1ticamente generado, que lo vinculaban permanentemente con la Fuerza Divina. La luz divina le trajo otro descubrimiento a Gurudev. Se dio cuenta que detr\u00e1s de la fachada de su identidad y existencia en el mundo material, hab\u00eda una identidad diferente. El no estaba limitado ni por sus limitaciones f\u00edsicas ni por su conciencia, ni restringido al mundo f\u00edsico que \u00e9l habitaba. Sent\u00eda como si su ser se hubiese expandido tan ampliamente que pod\u00eda abarcar todo el universo. De hecho, sent\u00eda que era el universo y pod\u00eda sentir las vibraciones de todos los seres animados e inanimados, como si fueran los suyas propias. Se dio cuenta tambi\u00e9n, a trav\u00e9s de esta experiencia \u00fanica, que lo que le hab\u00eda pasado era precisamente lo que los antiguos videntes V\u00e9dicos llamaban Brahma, el absoluto, lo omnipresente, la fuerza divina inmutable y amorfa. As\u00ed como Gurudev se maravillaban de esta experiencia extraordinaria y estaba flotando en olas de alegr\u00eda, paz y amor; la visi\u00f3n fant\u00e1stica se interrumpi\u00f3 tan repentinamente como hab\u00eda ocurrido. El gorgoteo del agua de un grifo abierto, brotando repentinamente en el ba\u00f1o hab\u00eda perturbado este estado de trance en el que \u00e9l estaba. Cuando consult\u00f3 algunos pundits (hombres sabios) versados en escrituras sagradas acerca de estas experiencias, le dijeron que efectivamente hab\u00eda sido bendecido por la Diosa G\u0101yatri con un Siddhi \u2013 poder especial divino. \u00a0 Encuentro con el Yogi Baba Shri Gangainathji Durante su b\u00fasqueda espiritual en los meses siguientes, Gurudev estudi\u00f3 sobre la filosof\u00eda propuesta por Swami Vivekananda, una de las m\u00e1s grandes figuras espirituales del siglo XX, quien gui\u00f3 el renacimiento de la herencia espiritual v\u00e9dica no s\u00f3lo en India sino tambi\u00e9n en Am\u00e9rica y Europa. Vivekananda abog\u00f3 firmemente por\u00a0 la pr\u00e1ctica de la filosof\u00eda v\u00e9dica a trav\u00e9s de la restauraci\u00f3n del sistema de Gur\u00fa-disc\u00edpulo que es la \u00fanica forma, a su juicio, que podr\u00eda conducir a la evoluci\u00f3n espiritual de todo el mundo. Siguiendo el consejo de Swami Vivekananda, Gurudev comenz\u00f3 la b\u00fasqueda con toda intensidad de un Gur\u00fa. Un pariente de Gurudev le sugiri\u00f3 que fuera donde Baba [&hellip;]<\/p>\n","protected":false},"author":2,"featured_media":0,"parent":0,"menu_order":0,"comment_status":"closed","ping_status":"closed","template":"","meta":{"footnotes":""},"class_list":["post-1827","page","type-page","status-publish","hentry"],"aioseo_notices":[],"ams_acf":[],"_links":{"self":[{"href":"https:\/\/gurusiyagyoga.org\/es\/wp-json\/wp\/v2\/pages\/1827","targetHints":{"allow":["GET"]}}],"collection":[{"href":"https:\/\/gurusiyagyoga.org\/es\/wp-json\/wp\/v2\/pages"}],"about":[{"href":"https:\/\/gurusiyagyoga.org\/es\/wp-json\/wp\/v2\/types\/page"}],"author":[{"embeddable":true,"href":"https:\/\/gurusiyagyoga.org\/es\/wp-json\/wp\/v2\/users\/2"}],"replies":[{"embeddable":true,"href":"https:\/\/gurusiyagyoga.org\/es\/wp-json\/wp\/v2\/comments?post=1827"}],"version-history":[{"count":2,"href":"https:\/\/gurusiyagyoga.org\/es\/wp-json\/wp\/v2\/pages\/1827\/revisions"}],"predecessor-version":[{"id":1864,"href":"https:\/\/gurusiyagyoga.org\/es\/wp-json\/wp\/v2\/pages\/1827\/revisions\/1864"}],"wp:attachment":[{"href":"https:\/\/gurusiyagyoga.org\/es\/wp-json\/wp\/v2\/media?parent=1827"}],"curies":[{"name":"wp","href":"https:\/\/api.w.org\/{rel}","templated":true}]}}