{"id":1829,"date":"2026-01-27T13:06:37","date_gmt":"2026-01-27T07:36:37","guid":{"rendered":"https:\/\/gurusiyagyoga.org\/es\/?page_id=1829"},"modified":"2026-01-31T00:32:43","modified_gmt":"2026-01-30T19:02:43","slug":"empowered","status":"publish","type":"page","link":"https:\/\/gurusiyagyoga.org\/es\/empowered\/","title":{"rendered":"7.2 Guru Siyag empoderado"},"content":{"rendered":"<p style=\"font-weight: 400;\"><span style=\"color: #0000ff;\"><strong>Empoderamiento Guru Siyag\u00a0<\/strong><\/span><\/p>\n<p style=\"font-weight: 400;\"><span style=\"color: #008000;\"><strong>Pregunta: Qu\u00e9 significa el t\u00e9rmino \u2018Samarth Satguru\u2019?<\/strong><\/span><\/p>\n<p style=\"font-weight: 400;\">La palabra \u2018Samarth\u2019 significa empoderamiento (o ser capaz) y \u2018Satguru\u2019 es quien es un verdadero Gur\u00fa. \u2018Samarth Satguru\u2019 es un t\u00edtulo conferido al Gur\u00fa con poder divino que tiene la habilidad de guiar a un disc\u00edpulo iniciado a trav\u00e9s del camino espiritual que lo llevar\u00e1 a la realizaci\u00f3n del Ser. Dicho Gur\u00fa muestra la manera m\u00e1s directa y pr\u00e1ctica para alcanzar la Divinidad sin que sea necesario para el disc\u00edpulo visitar cualquier lugar de culto o para disfrutar de los ritos, rituales y pr\u00e1cticas rituales o participar en los debates sin sentido y sermones sobre la espiritualidad y la realizaci\u00f3n de Dios. El Samarth Satguru no impone restricciones a los buscadores. Al igual que el sol, Samarth Satguru brilla para todo el universo y no discrimina entre los buscadores ni los juzga sobre la base de su pasado o actual personalidad, religi\u00f3n, g\u00e9nero, orientaci\u00f3n sexual o estatus en la sociedad. El poder divino de un Samarth Satguru, como Gur\u00fa Siyag, trasciende los l\u00edmites del tiempo y el espacio. Cualquier persona en cualquier parte del mundo puede recibir las bendiciones de Gur\u00fa Siyag y experimentar la transformaci\u00f3n al practicar sinceramente la meditaci\u00f3n-mantra del Yoga de Gur\u00fa Siyag (GSY)<\/p>\n<p style=\"font-weight: 400;\">\n<p style=\"font-weight: 400;\"><span style=\"color: #008000;\"><strong>Pregunta: Hay muchos Gur\u00fas. \u00bfPor qu\u00e9 debemos recurrir solo a Gur\u00fa Siyag? \u00bfPor qu\u00e9 es \u00e9l diferente de otros Gur\u00fas?<\/strong><\/span><\/p>\n<p style=\"font-weight: 400;\"><strong>Respuesta:<\/strong> Hay millones de cient\u00edficos e ingenieros pero no todos ellos est\u00e1n entrenados en manejar la fuerza de la electricidad. Solamente aquellos que han desarrollado el conocimiento y la capacidad de entender y canalizar esta fuerza pueden ser confiables de manejar este poder sin ninguna dificultad o peligro. Por otra parte, estos expertos pueden aprovechar la electricidad solamente usando el tipo correcto de instrumentos, grupos electr\u00f3genos y cables. Sin los instrumentos apropiados ellos no pueden aplicar el conocimiento que poseen.<\/p>\n<p style=\"font-weight: 400;\">La misma premisa tambi\u00e9n se \u200b\u200b aplica a un Gur\u00fa. Un Gur\u00fa puede tener un buen conocimiento de las escrituras religiosas y ofrecer discursos maravillosos, pero si \u00e9l mismo no ha alcanzado la iluminaci\u00f3n, su conocimiento te\u00f3rico es insuficiente para mostrar a sus disc\u00edpulos la forma pr\u00e1ctica de alcanzar a Dios.<\/p>\n<p style=\"font-weight: 400;\">Al igual que un profesional competente puede aprovechar y regular la fuerza el\u00e9ctrica, Gur\u00fa Siyag al ser un maestro iluminado se convierte en un medio eficaz para que el disc\u00edpulo reciba la energ\u00eda divina de Dios, la <em>Kundalini Shakti<\/em>.<\/p>\n<p style=\"font-weight: 400;\">Este Shakti (energ\u00eda femenina) es un gran poder. Gur\u00fa Siyag tiene la habilidad de canalizarla apropiadamente y transferirla a sus disc\u00edpulos y controlar y regular su fuerza de acuerdo a la capacidad del disc\u00edpulo que la recibe y la absorbe.<\/p>\n<p style=\"font-weight: 400;\">Gur\u00fa Siyag es \u00fanico porque ha alcanzado a Dios en ambos estados \u2013<em> Sagun<\/em> (con forma y atriburos relevantes) y <em>Nirgun <\/em>(sin forma \u2013 infinito, eterno y conciencia suprema que est\u00e1 presente en todas partes pero no puede ser vista). En cualquier parte del mundo, los buscadores espirituales pueden experimentar meditaciones profundas y sorprendentes movimientos y\u00f3guicos involuntarios cuando meditan con la fotograf\u00eda de Gur\u00fa Siyag. Esto es porque, como lo ha dicho el mismo Gur\u00fa Siyag, \u00c9l no es un cuerpo f\u00edsico sino una conciencia que est\u00e1 presente en cualquier parte. As\u00ed que cualquiera que le ora a \u00c9l de todo coraz\u00f3n y medite a Su imagen va a experimentar las mismas bendiciones divinas que si lo hiciera personalmente.<\/p>\n<p style=\"font-weight: 400;\">\n<p style=\"font-weight: 400;\"><strong><span style=\"color: #008000;\">Pregunta: \u00bfEsto significa que otros gur\u00fas no son Gur\u00fas genuinos?<\/span><\/strong><\/p>\n<p style=\"font-weight: 400;\"><strong>Respuesta: <\/strong>Todos los gur\u00fas merecen respeto por est\u00e1n tratando de elevar espiritualmente a sus disc\u00edpulos. Sin embargo, no todos los Gur\u00fas han alcanzado el mismo nivel espiritual y tienen los poderes de transformar la vida de las personas de una manera sana. A este respecto, Gur\u00fa Siyag es \u00fanico porque\u00a0 despierta el <em>Kundalini<\/em> dormido, no solo en algunos buscadores, sino a gran escala, ya sea en persona (en un programa de iniciaci\u00f3n) o a trav\u00e9s del v\u00eddeo Mantra Diksha.<\/p>\n<p style=\"font-weight: 400;\"><strong>\u00a0<\/strong><\/p>\n<p style=\"font-weight: 400;\"><span style=\"color: #008000;\"><strong>Pregunta: \u00bfC\u00f3mo hace uno para dejar un Gur\u00fa y cambiarse por otro? \u00bfNo es malo hacerlo?<\/strong><\/span><\/p>\n<p style=\"font-weight: 400;\"><strong>Respuesta:<\/strong> Es una decisi\u00f3n totalmente suya si necesita ese cambio. Para ayudar a tomar esa decisi\u00f3n, hay que dar un vistazo a c\u00f3mo recibimos la educaci\u00f3n formal. En la escuela, dejamos atr\u00e1s a un maestro y nos cambiamos a otro a medida que avanzamos a trav\u00e9s de cada grado. Este proceso tambi\u00e9n continua a trav\u00e9s de la universidad. Cada profesor en cada nivel, ya sea en la escuela o en la Universidad es un Gur\u00fa. Estamos agradecidos con cada Gur\u00fa, pero sabemos que para progresar debemos pasar a un Gur\u00fa m\u00e1s capaz. Un alumno no puede insistir en apegarse a un profesor particular, despu\u00e9s de pasar un cierto grado. Si hace esto no recibir\u00e1 el conocimiento dado en el pr\u00f3ximo nivel. El mismo principio tambi\u00e9n se aplica en el mundo espiritual. Diferentes Gur\u00fas tienen diferentes niveles de logro espiritual. Si un gur\u00fa no es capaz de lograr el progreso deseado en un disc\u00edpulo, debe asesorar al disc\u00edpulo a buscar otro Gur\u00fa m\u00e1s capaz. El Gur\u00fa no debe desalentar o intimidar al disc\u00edpulo de buscar el cambio. Solo el Gur\u00fa que le da al disc\u00edpulo esa libertad en un genuino Gur\u00fa. En este sentido, cambiar de Gur\u00fa\u00a0 es como subir de un pelda\u00f1o a otro en la escalera para alcanzar una meta superior. Sin embargo, cuando uno por fin encuentra un Siddha Samarth Satguru (como Gur\u00fa Siyag), el buscador no necesita buscar m\u00e1s porque solamente \u00c9l puede dar lugar a una transformaci\u00f3n completa.<\/p>\n","protected":false},"excerpt":{"rendered":"<p>Empoderamiento Guru Siyag\u00a0 Pregunta: Qu\u00e9 significa el t\u00e9rmino \u2018Samarth Satguru\u2019? La palabra \u2018Samarth\u2019 significa empoderamiento (o ser capaz) y \u2018Satguru\u2019 es quien es un verdadero Gur\u00fa. \u2018Samarth Satguru\u2019 es un t\u00edtulo conferido al Gur\u00fa con poder divino que tiene la habilidad de guiar a un disc\u00edpulo iniciado a trav\u00e9s del camino espiritual que lo llevar\u00e1 a la realizaci\u00f3n del Ser. Dicho Gur\u00fa muestra la manera m\u00e1s directa y pr\u00e1ctica para alcanzar la Divinidad sin que sea necesario para el disc\u00edpulo visitar cualquier lugar de culto o para disfrutar de los ritos, rituales y pr\u00e1cticas rituales o participar en los debates sin sentido y sermones sobre la espiritualidad y la realizaci\u00f3n de Dios. El Samarth Satguru no impone restricciones a los buscadores. Al igual que el sol, Samarth Satguru brilla para todo el universo y no discrimina entre los buscadores ni los juzga sobre la base de su pasado o actual personalidad, religi\u00f3n, g\u00e9nero, orientaci\u00f3n sexual o estatus en la sociedad. El poder divino de un Samarth Satguru, como Gur\u00fa Siyag, trasciende los l\u00edmites del tiempo y el espacio. Cualquier persona en cualquier parte del mundo puede recibir las bendiciones de Gur\u00fa Siyag y experimentar la transformaci\u00f3n al practicar sinceramente la meditaci\u00f3n-mantra del Yoga de Gur\u00fa Siyag (GSY) Pregunta: Hay muchos Gur\u00fas. \u00bfPor qu\u00e9 debemos recurrir solo a Gur\u00fa Siyag? \u00bfPor qu\u00e9 es \u00e9l diferente de otros Gur\u00fas? Respuesta: Hay millones de cient\u00edficos e ingenieros pero no todos ellos est\u00e1n entrenados en manejar la fuerza de la electricidad. Solamente aquellos que han desarrollado el conocimiento y la capacidad de entender y canalizar esta fuerza pueden ser confiables de manejar este poder sin ninguna dificultad o peligro. Por otra parte, estos expertos pueden aprovechar la electricidad solamente usando el tipo correcto de instrumentos, grupos electr\u00f3genos y cables. Sin los instrumentos apropiados ellos no pueden aplicar el conocimiento que poseen. La misma premisa tambi\u00e9n se \u200b\u200b aplica a un Gur\u00fa. Un Gur\u00fa puede tener un buen conocimiento de las escrituras religiosas y ofrecer discursos maravillosos, pero si \u00e9l mismo no ha alcanzado la iluminaci\u00f3n, su conocimiento te\u00f3rico es insuficiente para mostrar a sus disc\u00edpulos la forma pr\u00e1ctica de alcanzar a Dios. Al igual que un profesional competente puede aprovechar y regular la fuerza el\u00e9ctrica, Gur\u00fa Siyag al ser un maestro iluminado se convierte en un medio eficaz para que el disc\u00edpulo reciba la energ\u00eda divina de Dios, la Kundalini Shakti. Este Shakti (energ\u00eda femenina) es un gran poder. Gur\u00fa Siyag tiene la habilidad de canalizarla apropiadamente y transferirla a sus disc\u00edpulos y controlar y regular su fuerza de acuerdo a la capacidad del disc\u00edpulo que la recibe y la absorbe. Gur\u00fa Siyag es \u00fanico porque ha alcanzado a Dios en ambos estados \u2013 Sagun (con forma y atriburos relevantes) y Nirgun (sin forma \u2013 infinito, eterno y conciencia suprema que est\u00e1 presente en todas partes pero no puede ser vista). En cualquier parte del mundo, los buscadores espirituales pueden experimentar meditaciones profundas y sorprendentes movimientos y\u00f3guicos involuntarios cuando meditan con la fotograf\u00eda de Gur\u00fa Siyag. Esto es porque, como lo ha dicho el mismo Gur\u00fa Siyag, \u00c9l no es un cuerpo f\u00edsico sino una conciencia que est\u00e1 presente en cualquier parte. As\u00ed que cualquiera que le ora a \u00c9l de todo coraz\u00f3n y medite a Su imagen va a experimentar las mismas bendiciones divinas que si lo hiciera personalmente. Pregunta: \u00bfEsto significa que otros gur\u00fas no son Gur\u00fas genuinos? Respuesta: Todos los gur\u00fas merecen respeto por est\u00e1n tratando de elevar espiritualmente a sus disc\u00edpulos. Sin embargo, no todos los Gur\u00fas han alcanzado el mismo nivel espiritual y tienen los poderes de transformar la vida de las personas de una manera sana. A este respecto, Gur\u00fa Siyag es \u00fanico porque\u00a0 despierta el Kundalini dormido, no solo en algunos buscadores, sino a gran escala, ya sea en persona (en un programa de iniciaci\u00f3n) o a trav\u00e9s del v\u00eddeo Mantra Diksha. \u00a0 Pregunta: \u00bfC\u00f3mo hace uno para dejar un Gur\u00fa y cambiarse por otro? \u00bfNo es malo hacerlo? Respuesta: Es una decisi\u00f3n totalmente suya si necesita ese cambio. Para ayudar a tomar esa decisi\u00f3n, hay que dar un vistazo a c\u00f3mo recibimos la educaci\u00f3n formal. En la escuela, dejamos atr\u00e1s a un maestro y nos cambiamos a otro a medida que avanzamos a trav\u00e9s de cada grado. Este proceso tambi\u00e9n continua a trav\u00e9s de la universidad. Cada profesor en cada nivel, ya sea en la escuela o en la Universidad es un Gur\u00fa. Estamos agradecidos con cada Gur\u00fa, pero sabemos que para progresar debemos pasar a un Gur\u00fa m\u00e1s capaz. Un alumno no puede insistir en apegarse a un profesor particular, despu\u00e9s de pasar un cierto grado. Si hace esto no recibir\u00e1 el conocimiento dado en el pr\u00f3ximo nivel. El mismo principio tambi\u00e9n se aplica en el mundo espiritual. Diferentes Gur\u00fas tienen diferentes niveles de logro espiritual. Si un gur\u00fa no es capaz de lograr el progreso deseado en un disc\u00edpulo, debe asesorar al disc\u00edpulo a buscar otro Gur\u00fa m\u00e1s capaz. El Gur\u00fa no debe desalentar o intimidar al disc\u00edpulo de buscar el cambio. Solo el Gur\u00fa que le da al disc\u00edpulo esa libertad en un genuino Gur\u00fa. En este sentido, cambiar de Gur\u00fa\u00a0 es como subir de un pelda\u00f1o a otro en la escalera para alcanzar una meta superior. Sin embargo, cuando uno por fin encuentra un Siddha Samarth Satguru (como Gur\u00fa Siyag), el buscador no necesita buscar m\u00e1s porque solamente \u00c9l puede dar lugar a una transformaci\u00f3n completa.<\/p>\n","protected":false},"author":2,"featured_media":0,"parent":0,"menu_order":0,"comment_status":"closed","ping_status":"closed","template":"","meta":{"footnotes":""},"class_list":["post-1829","page","type-page","status-publish","hentry"],"aioseo_notices":[],"ams_acf":[],"_links":{"self":[{"href":"https:\/\/gurusiyagyoga.org\/es\/wp-json\/wp\/v2\/pages\/1829","targetHints":{"allow":["GET"]}}],"collection":[{"href":"https:\/\/gurusiyagyoga.org\/es\/wp-json\/wp\/v2\/pages"}],"about":[{"href":"https:\/\/gurusiyagyoga.org\/es\/wp-json\/wp\/v2\/types\/page"}],"author":[{"embeddable":true,"href":"https:\/\/gurusiyagyoga.org\/es\/wp-json\/wp\/v2\/users\/2"}],"replies":[{"embeddable":true,"href":"https:\/\/gurusiyagyoga.org\/es\/wp-json\/wp\/v2\/comments?post=1829"}],"version-history":[{"count":2,"href":"https:\/\/gurusiyagyoga.org\/es\/wp-json\/wp\/v2\/pages\/1829\/revisions"}],"predecessor-version":[{"id":1865,"href":"https:\/\/gurusiyagyoga.org\/es\/wp-json\/wp\/v2\/pages\/1829\/revisions\/1865"}],"wp:attachment":[{"href":"https:\/\/gurusiyagyoga.org\/es\/wp-json\/wp\/v2\/media?parent=1829"}],"curies":[{"name":"wp","href":"https:\/\/api.w.org\/{rel}","templated":true}]}}