{"id":1831,"date":"2026-01-27T13:07:32","date_gmt":"2026-01-27T07:37:32","guid":{"rendered":"https:\/\/gurusiyagyoga.org\/es\/?page_id=1831"},"modified":"2026-01-31T00:34:19","modified_gmt":"2026-01-30T19:04:19","slug":"significance","status":"publish","type":"page","link":"https:\/\/gurusiyagyoga.org\/es\/significance\/","title":{"rendered":"7.3 Importancia de meditar a trav\u00e9s de la fotograf\u00eda"},"content":{"rendered":"<p style=\"font-weight: 400;\"><span style=\"color: #0000ff;\"><strong>Significado de meditar con la imagen de Gur\u00fa Siyag\u00a0<\/strong><\/span><\/p>\n<p style=\"font-weight: 400;\"><span style=\"color: #008000;\"><strong>\u00bfCu\u00e1l es el significado de meditar con la imagen de Gur\u00fa Siyag durante la meditaci\u00f3n GSY?<\/strong><\/span><\/p>\n<p style=\"font-weight: 400;\"><strong>Respuesta: <\/strong>Gur\u00fa Siyag es un Siddha \u2013 un maestro espiritual perfecto que ha alcanzado los dos estados divinos Sagun\u00a0(Dios en forma visible y cualidades) y Nirgun\u00a0(Dios en estado invisible sin ningun Gunas o atributos). Los poderes divinos de\u00a0 Gurudev no est\u00e1n restringidos solamente a su cuerpo. Sus poderes divinos existen en todas partes del universo en forma invisible y sutil, as\u00ed que meditar con su fotograf\u00eda tiene el mismo impacto que hacerlos en su presencia. Meditar con la imagen de Gur\u00fa Siyag es invocar su gracia. Gur\u00fa Siyag dice, \u201cEl Gur\u00fa es una fuerza gravitacional. Este cuerpo no es el Gur\u00fa. Este cuerpo morir\u00e1 en algunos a\u00f1os. El Gur\u00fa est\u00e1 dentro de ti. La ciencia del yoga toma en cuenta tiempo y espacio. Yo estoy dentro de ti y t\u00fa est\u00e1s dentro de m\u00ed. Cuando sea y en cualquier sitio que t\u00fa me evoques, Estar\u00e9 presente. Si el Gur\u00fa es un verdadero Gur\u00fa, este ser\u00e1 omnipresente.\u201d<\/p>\n<p style=\"font-weight: 400;\">Una vez que el buscador recibe el mantra Diksha (iniciaci\u00f3n) de parte de Gurudev ya sea en persona o a trav\u00e9s de un medio electr\u00f3nico (como el internet, TV, CD o un video clip por correo electr\u00f3nico) y llega a ser un disc\u00edpulo, establece un contacto permanente de manera sutil con Gurudev. As\u00ed Gurudev siempre estar\u00e1 presente para el disc\u00edpulo as\u00ed este cerca o lejos. La presencia protectora y de guianza de Gurudev siempre estar\u00e1 disponible para el disc\u00edpulo cada vez que \u00e9l lo evoque u ore de coraz\u00f3n. Es por esto que una mera foto de Gurudev es tan efectiva como si recibiera una bendici\u00f3n en persona.<\/p>\n","protected":false},"excerpt":{"rendered":"<p>Significado de meditar con la imagen de Gur\u00fa Siyag\u00a0 \u00bfCu\u00e1l es el significado de meditar con la imagen de Gur\u00fa Siyag durante la meditaci\u00f3n GSY? Respuesta: Gur\u00fa Siyag es un Siddha \u2013 un maestro espiritual perfecto que ha alcanzado los dos estados divinos Sagun\u00a0(Dios en forma visible y cualidades) y Nirgun\u00a0(Dios en estado invisible sin ningun Gunas o atributos). Los poderes divinos de\u00a0 Gurudev no est\u00e1n restringidos solamente a su cuerpo. Sus poderes divinos existen en todas partes del universo en forma invisible y sutil, as\u00ed que meditar con su fotograf\u00eda tiene el mismo impacto que hacerlos en su presencia. Meditar con la imagen de Gur\u00fa Siyag es invocar su gracia. Gur\u00fa Siyag dice, \u201cEl Gur\u00fa es una fuerza gravitacional. Este cuerpo no es el Gur\u00fa. Este cuerpo morir\u00e1 en algunos a\u00f1os. El Gur\u00fa est\u00e1 dentro de ti. La ciencia del yoga toma en cuenta tiempo y espacio. Yo estoy dentro de ti y t\u00fa est\u00e1s dentro de m\u00ed. Cuando sea y en cualquier sitio que t\u00fa me evoques, Estar\u00e9 presente. Si el Gur\u00fa es un verdadero Gur\u00fa, este ser\u00e1 omnipresente.\u201d Una vez que el buscador recibe el mantra Diksha (iniciaci\u00f3n) de parte de Gurudev ya sea en persona o a trav\u00e9s de un medio electr\u00f3nico (como el internet, TV, CD o un video clip por correo electr\u00f3nico) y llega a ser un disc\u00edpulo, establece un contacto permanente de manera sutil con Gurudev. As\u00ed Gurudev siempre estar\u00e1 presente para el disc\u00edpulo as\u00ed este cerca o lejos. La presencia protectora y de guianza de Gurudev siempre estar\u00e1 disponible para el disc\u00edpulo cada vez que \u00e9l lo evoque u ore de coraz\u00f3n. Es por esto que una mera foto de Gurudev es tan efectiva como si recibiera una bendici\u00f3n en persona.<\/p>\n","protected":false},"author":2,"featured_media":0,"parent":0,"menu_order":0,"comment_status":"closed","ping_status":"closed","template":"","meta":{"footnotes":""},"class_list":["post-1831","page","type-page","status-publish","hentry"],"aioseo_notices":[],"ams_acf":[],"_links":{"self":[{"href":"https:\/\/gurusiyagyoga.org\/es\/wp-json\/wp\/v2\/pages\/1831","targetHints":{"allow":["GET"]}}],"collection":[{"href":"https:\/\/gurusiyagyoga.org\/es\/wp-json\/wp\/v2\/pages"}],"about":[{"href":"https:\/\/gurusiyagyoga.org\/es\/wp-json\/wp\/v2\/types\/page"}],"author":[{"embeddable":true,"href":"https:\/\/gurusiyagyoga.org\/es\/wp-json\/wp\/v2\/users\/2"}],"replies":[{"embeddable":true,"href":"https:\/\/gurusiyagyoga.org\/es\/wp-json\/wp\/v2\/comments?post=1831"}],"version-history":[{"count":2,"href":"https:\/\/gurusiyagyoga.org\/es\/wp-json\/wp\/v2\/pages\/1831\/revisions"}],"predecessor-version":[{"id":1866,"href":"https:\/\/gurusiyagyoga.org\/es\/wp-json\/wp\/v2\/pages\/1831\/revisions\/1866"}],"wp:attachment":[{"href":"https:\/\/gurusiyagyoga.org\/es\/wp-json\/wp\/v2\/media?parent=1831"}],"curies":[{"name":"wp","href":"https:\/\/api.w.org\/{rel}","templated":true}]}}