{"id":1544,"date":"2026-01-27T13:19:10","date_gmt":"2026-01-27T07:49:10","guid":{"rendered":"https:\/\/gurusiyagyoga.org\/fr\/?page_id=1544"},"modified":"2026-02-01T16:31:32","modified_gmt":"2026-02-01T11:01:32","slug":"uniqueness","status":"publish","type":"page","link":"https:\/\/gurusiyagyoga.org\/fr\/uniqueness\/","title":{"rendered":"2. Unicit\u00e9"},"content":{"rendered":"<ul>\n<li>La pratique de GSSY n&#8217;implique pas de rituels, ou des offrandes (noix de coco, encens, fleurs, etc.)<\/li>\n<li>Tout chercheur spirituel dans n&#8217;importe quelle partie du monde peut exp\u00e9rimenter la m\u00e9ditation profonde, simplement en m\u00e9ditant sur la photographie de Guru Siyag.<\/li>\n<li>Le Guru Siyag n&#8217;insiste pas pour rencontrer en personne le demandeur pour l&#8217;initiation.<\/li>\n<li>L\u2019Initiation au Siddha Yoga du Guru Siyag via un CD vid\u00e9o \/ audio, t\u00e9l\u00e9vision t\u00e9l\u00e9diffus\u00e9 ou un clip vid\u00e9o par e-mail est aussi efficace que l&#8217;initiation de personne \u00e0 personne.<\/li>\n<li>Si un chercheur spirituel est incapable, pour une raison quelconque (le praticien est un jeune enfant, soit une personne inconsciente ou un handicap\u00e9 mental) pour le chant mantra Guru Siyag et faire la m\u00e9ditation, tout autre parent proche ou un ami initi\u00e9 peut chanter et faire la pratique en son nom.<\/li>\n<li>Le Guru Siyag n&#8217;offre pas de cours ou des classes de Siddha Yoga.<\/li>\n<li>Le Siddha Yoga du Guru Siyag est totalement exempt de co\u00fbts<\/li>\n<li>Aucune inscription n&#8217;est requise pour le Siddha Yoga du Guru Siyag<\/li>\n<li>Guru Siyag ne demande pas de dons en esp\u00e8ces ou en nature par les demandeurs de l&#8217;initiation.<\/li>\n<li>Il n&#8217;y a aucune restriction de style de vie di\u00e9t\u00e9tique ou autre dans le cas du Siddha Yoga du Guru Siyag<\/li>\n<li>Guru Siyag n\u2019interdit pas \u00e0 ses disciples de suivre un gourou ou pratiques apr\u00e8s avoir \u00e9t\u00e9 initi\u00e9<\/li>\n<li>Guru Siyag ne donne pas des sermons religieux. Il n\u2019explique que la philosophie du Siddha Yoga.<\/li>\n<li>Guru Siyag ne vend pas et n\u2019offre pas de m\u00e9decines, d\u2019herbes ou des produits de toute nature.<\/li>\n<li>Les chercheurs appartenant \u00e0 toute race, religion, nationalit\u00e9, caste, croyance ou sexe sont les bienvenus dans le giron du Siddha Yoga du Guru Siyag.<\/li>\n<\/ul>\n","protected":false},"excerpt":{"rendered":"<p>La pratique de GSSY n&#8217;implique pas de rituels, ou des offrandes (noix de coco, encens, fleurs, etc.) Tout chercheur spirituel dans n&#8217;importe quelle partie du monde peut exp\u00e9rimenter la m\u00e9ditation profonde, simplement en m\u00e9ditant sur la photographie de Guru Siyag. Le Guru Siyag n&#8217;insiste pas pour rencontrer en personne le demandeur pour l&#8217;initiation. L\u2019Initiation au Siddha Yoga du Guru Siyag via un CD vid\u00e9o \/ audio, t\u00e9l\u00e9vision t\u00e9l\u00e9diffus\u00e9 ou un clip vid\u00e9o par e-mail est aussi efficace que l&#8217;initiation de personne \u00e0 personne. Si un chercheur spirituel est incapable, pour une raison quelconque (le praticien est un jeune enfant, soit une personne inconsciente ou un handicap\u00e9 mental) pour le chant mantra Guru Siyag et faire la m\u00e9ditation, tout autre parent proche ou un ami initi\u00e9 peut chanter et faire la pratique en son nom. Le Guru Siyag n&#8217;offre pas de cours ou des classes de Siddha Yoga. Le Siddha Yoga du Guru Siyag est totalement exempt de co\u00fbts Aucune inscription n&#8217;est requise pour le Siddha Yoga du Guru Siyag Guru Siyag ne demande pas de dons en esp\u00e8ces ou en nature par les demandeurs de l&#8217;initiation. Il n&#8217;y a aucune restriction de style de vie di\u00e9t\u00e9tique ou autre dans le cas du Siddha Yoga du Guru Siyag Guru Siyag n\u2019interdit pas \u00e0 ses disciples de suivre un gourou ou pratiques apr\u00e8s avoir \u00e9t\u00e9 initi\u00e9 Guru Siyag ne donne pas des sermons religieux. Il n\u2019explique que la philosophie du Siddha Yoga. Guru Siyag ne vend pas et n\u2019offre pas de m\u00e9decines, d\u2019herbes ou des produits de toute nature. Les chercheurs appartenant \u00e0 toute race, religion, nationalit\u00e9, caste, croyance ou sexe sont les bienvenus dans le giron du Siddha Yoga du Guru Siyag.<\/p>\n","protected":false},"author":2,"featured_media":0,"parent":0,"menu_order":0,"comment_status":"closed","ping_status":"closed","template":"","meta":{"footnotes":""},"class_list":["post-1544","page","type-page","status-publish","hentry"],"aioseo_notices":[],"ams_acf":[],"_links":{"self":[{"href":"https:\/\/gurusiyagyoga.org\/fr\/wp-json\/wp\/v2\/pages\/1544","targetHints":{"allow":["GET"]}}],"collection":[{"href":"https:\/\/gurusiyagyoga.org\/fr\/wp-json\/wp\/v2\/pages"}],"about":[{"href":"https:\/\/gurusiyagyoga.org\/fr\/wp-json\/wp\/v2\/types\/page"}],"author":[{"embeddable":true,"href":"https:\/\/gurusiyagyoga.org\/fr\/wp-json\/wp\/v2\/users\/2"}],"replies":[{"embeddable":true,"href":"https:\/\/gurusiyagyoga.org\/fr\/wp-json\/wp\/v2\/comments?post=1544"}],"version-history":[{"count":2,"href":"https:\/\/gurusiyagyoga.org\/fr\/wp-json\/wp\/v2\/pages\/1544\/revisions"}],"predecessor-version":[{"id":1592,"href":"https:\/\/gurusiyagyoga.org\/fr\/wp-json\/wp\/v2\/pages\/1544\/revisions\/1592"}],"wp:attachment":[{"href":"https:\/\/gurusiyagyoga.org\/fr\/wp-json\/wp\/v2\/media?parent=1544"}],"curies":[{"name":"wp","href":"https:\/\/api.w.org\/{rel}","templated":true}]}}