{"id":1557,"date":"2026-01-27T13:25:20","date_gmt":"2026-01-27T07:55:20","guid":{"rendered":"https:\/\/gurusiyagyoga.org\/fr\/?page_id=1557"},"modified":"2026-02-02T15:44:23","modified_gmt":"2026-02-02T10:14:23","slug":"beginners","status":"publish","type":"page","link":"https:\/\/gurusiyagyoga.org\/fr\/beginners\/","title":{"rendered":"5.1 Pour les d\u00e9butants"},"content":{"rendered":"<p style=\"font-weight: 400;\"><span style=\"color: #0000ff;\"><strong>Q1. Y a-t-il un moment particulier appropri\u00e9 pour pratiquer la m\u00e9ditation GSY?<\/strong><\/span><\/p>\n<p style=\"font-weight: 400;\"><strong>Ans:<\/strong> Non, vous pouvez m\u00e9diter quand cela vous convient. Cependant, Gurudev conseille aux disciples de m\u00e9diter au moins une fois le matin et le soir.<\/p>\n<p style=\"font-weight: 400;\"><span style=\"color: #0000ff;\"><strong>Q2. Combien de temps dois-je m\u00e9diter? \u00bfY a-t-il une limite de temps sp\u00e9cifique?<\/strong><\/span><\/p>\n<p style=\"font-weight: 400;\"><strong>Ans:<\/strong> Guru Siyag conseille 15 minutes de m\u00e9ditation aux d\u00e9butants. La dur\u00e9e peut \u00eatre augment\u00e9e jusqu&#8217;\u00e0 30 minutes en hiver et dans les climats froids. La Kundalini est une forme d&#8217;\u00e9nergie tr\u00e8s puissante qui g\u00e9n\u00e8re de la chaleur dans le corps pendant la pratique. Cette chaleur accrue ne cause pas d&#8217;inconfort en hiver comme elle pourrait le faire en \u00e9t\u00e9.<\/p>\n<p style=\"font-weight: 400;\"><span style=\"color: #0000ff;\"><strong>Q3. Combien de fois dois-je m\u00e9diter par jour?<\/strong><\/span><\/p>\n<p style=\"font-weight: 400;\"><strong>Ans: <\/strong>Gurudev conseille aux disciples de m\u00e9diter au moins deux fois \u2014 matin et soir. Si vous vivez dans un climat froid, vous pouvez m\u00e9diter quatre \u00e0 cinq fois par jour et prolonger la dur\u00e9e \u00e0 30 minutes.<\/p>\n<p style=\"font-weight: 400;\"><strong><span style=\"color: #0000ff;\">Q4. Dois-je r\u00e9gler une alarme pour la dur\u00e9e d\u00e9sir\u00e9e avant de m&#8217;asseoir pour m\u00e9di<\/span>ter?<\/strong><\/p>\n<p style=\"font-weight: 400;\"><strong>Ans:<\/strong> Vous n&#8217;avez pas besoin de r\u00e9gler une alarme, sauf si vous le jugez n\u00e9cessaire. Tout ce que vous avez \u00e0 faire avant de commencer la m\u00e9ditation est de prier Gurudev de vous aider \u00e0 m\u00e9diter pendant la dur\u00e9e d\u00e9sir\u00e9e (15, 20, 30 minutes). Vous sortirez alors de l&#8217;\u00e9tat m\u00e9ditatif au moment pr\u00e9cis que vous avez fix\u00e9. Cependant, si votre m\u00e9ditation s&#8217;interrompt avant la limite ou se prolonge au-del\u00e0 occasionnellement, ne vous inqui\u00e9tez pas. Votre routine de m\u00e9ditation fonctionnera comme une horloge avec votre progression sur le chemin spirituel.<\/p>\n<p style=\"font-weight: 400;\"><span style=\"color: #0000ff;\"><strong>Q5. \u00bfPuis-je interrompre ma m\u00e9ditation si je dois m\u2019occuper de quelque chose d\u2019urgent?<\/strong><\/span><\/p>\n<p style=\"font-weight: 400;\"><strong>Ans:<\/strong> Oui, vous le pouvez. Dans ce cas, reprenez la m\u00e9ditation apr\u00e8s avoir termin\u00e9 la t\u00e2che.<\/p>\n<p style=\"font-weight: 400;\"><span style=\"color: #0000ff;\"><strong>Q6. \u00bfPuis-je m\u00e9diter imm\u00e9diatement apr\u00e8s un repa? Cela me causera-t-il du tort?<\/strong><\/span><\/p>\n<p style=\"font-weight: 400;\"><strong>Ans:<\/strong> \u00c9vitez de m\u00e9diter imm\u00e9diatement apr\u00e8s un repa. Il n&#8217;est pas conseill\u00e9 de m\u00e9diter le ventre plein. M\u00e9ditez 3 \u00e0 4 heures apr\u00e8s un repa. Si vous m\u00e9ditez le ventre plein et ressentez un pranayama (mouvements respiratoires) ou un shirshasan (\u00e9quilibre sur la t\u00eate), vous pourriez avoir la naus\u00e9e.<\/p>\n<p style=\"font-weight: 400;\"><span style=\"color: #0000ff;\"><strong>Q7. Dois-je faire un am\u00e9nagement sp\u00e9cial pour m&#8217;asseoir afin de pratiquer la m\u00e9ditation GSY?<\/strong><\/span><\/p>\n<p style=\"font-weight: 400;\"><strong>Ans:<\/strong> Non, il n&#8217;y a pas d&#8217;am\u00e9nagement assis prescrit pour la m\u00e9ditation GSY. S&#8217;asseoir en tailleur sur le sol est conseill\u00e9 mais pas obligatoire. Sur le sol, on peut s&#8217;asseoir sur une surface dure ou un tapis \u2014 aucune restriction. On peut s&#8217;asseoir sur une chaise, un canap\u00e9 ou un lit, selon le confort. Pour un d\u00e9butant (quelqu&#8217;un de nouveau au GSY et \u00e0 la spiritualit\u00e9 en g\u00e9n\u00e9ral), il n&#8217;est pas conseill\u00e9 de s&#8217;adosser \u00e0 un mur ou un support, ni de s&#8217;allonger pour m\u00e9diter. Le corps du pratiquant doit \u00eatre libre pour exp\u00e9rimenter les postures et kriyas yogiques pendant la m\u00e9ditation. Par exemple, s&#8217;incliner en avant ou en arri\u00e8re est courant pendant la m\u00e9ditation, et un support dorsal pourrait emp\u00eacher le pratiquant de vivre cette kriya. Le pratiquant pourrait sentir sa t\u00eate lourde si la kriya est obstru\u00e9e. C&#8217;est pourquoi, pendant les sessions de groupe, on demande aux pratiquants de garder une distance entre eux pour permettre des mouvements corporels libres. L&#8217;endroit de m\u00e9ditation peut \u00eatre chang\u00e9 aussi souvent qu&#8217;on le souhaite. Note: Si un handicap physique ou une douleur aigu\u00eb emp\u00eache le pratiquant de s&#8217;asseoir droit ou sans support, on peut m\u00e9diter dans la position el plus adapt\u00e9e ou confortable (par ex. allong\u00e9).<\/p>\n<p style=\"font-weight: 400;\"><span style=\"color: #0000ff;\"><strong>Q8. Dois-je me tourner dans une direction particuli\u00e8re, comme l&#8217;est ou l&#8217;ouest, pour pratiquer la m\u00e9ditation GSY?<\/strong><\/span><\/p>\n<p style=\"font-weight: 400;\"><strong>Ans:<\/strong> Non, vous n&#8217;avez pas \u00e0 vous tourner dans une direction sp\u00e9cifique. Vous pouvez vous orienter comme vous voulez. La gr\u00e2ce de Gurudev est omnipr\u00e9sente dans toutes les directions.<\/p>\n<p style=\"font-weight: 400;\"><span style=\"color: #0000ff;\"><strong>Q9. Le pratiquant doit-il s&#8217;asseoir dans un endroit calme ou isol\u00e9 pour m\u00e9diter?<\/strong><\/span><\/p>\n<p style=\"font-weight: 400;\"><strong>Ans:<\/strong> Un endroit calme est pr\u00e9f\u00e9rable mais pas obligatoire. Progressivement, vous pourrez m\u00e9diter n&#8217;importe o\u00f9 avec une pratique r\u00e9guli\u00e8re. Souvent, les d\u00e9butants ont du mal \u00e0 se concentrer dans un lieu bruyant. Quelqu&#8217;un qui parle fort \u00e0 proximit\u00e9, le bruit de la circulation, les klaxons, la TV\/radio \u00e0 fond, les bruits de chantier, la pluie sur le toit, le tic-tac des horloges, le vent fort, etc., peuvent facilement distraire un d\u00e9butant. Cependant, continuez la m\u00e9ditation sans perdre patience. Avec la pratique r\u00e9guli\u00e8re, les bruits externes ne vous d\u00e9rangeront plus, et vous pourrez m\u00e9diter dans n&#8217;importe quelle situation.<\/p>\n<p style=\"font-weight: 400;\"><span style=\"color: #0000ff;\"><strong>Q10. \u00bfPuis-je participer \u00e0 une m\u00e9ditation de groupe avec d\u2019autres disciples?<\/strong><\/span><\/p>\n<p style=\"font-weight: 400;\"><strong>Ans:<\/strong> Oui. Pendant la m\u00e9ditation de groupe, assurez-vous de laisser de l&#8217;espace autour de vous pour permettre les kriyas yogiques involontaires libres. La m\u00e9ditation de groupe est b\u00e9n\u00e9fique car elle permet aux participants de partager leurs exp\u00e9riences, ce qui renforce leur foi et leur enthousiasme pour la pratique spirituelle.<\/p>\n<p style=\"font-weight: 400;\"><span style=\"color: #0000ff;\"><strong>Q11. Quel est l&#8217;\u00e2ge appropri\u00e9 pour commencer la pratique du GSY?<\/strong><\/span><\/p>\n<p style=\"font-weight: 400;\"><strong>Ans:<\/strong> Il n&#8217;y a pas d&#8217;\u00e2ge sp\u00e9cifique \u2014 d\u00e8s qu&#8217;un enfant comprend la m\u00e9thode de m\u00e9ditation et la prononciation du mantra, il\/elle peut commencer le GSY. Enfants, jeunes, adultes d&#8217;\u00e2ge moyen et personnes \u00e2g\u00e9es peuvent pratiquer.<\/p>\n<p style=\"font-weight: 400;\"><span style=\"color: #0000ff;\"><strong>Q12. Dois-je m&#8217;habiller d&#8217;une mani\u00e8re particuli\u00e8re pour m\u00e9diter?<\/strong><\/span><\/p>\n<p style=\"font-weight: 400;\"><strong>Ans:<\/strong> Non, portez n&#8217;importe quel v\u00eatement confortable pour la m\u00e9ditation.<\/p>\n<p style=\"font-weight: 400;\"><span style=\"color: #0000ff;\"><strong>Q13. Si je suis accro \u00e0 l&#8217;alcool, au tabac, aux drogues intoxicantes\/substances ou \u00e0 certains aliments comme la viande, dois-je abandonner mes habitudes avant de commencer le GSY?<\/strong><\/span><\/p>\n<p style=\"font-weight: 400;\"><strong>Ans:<\/strong> Non, vous n&#8217;avez pas \u00e0 abandonner vos habitudes pour commencer. La divine Kundalini Shakti \u00e9veill\u00e9e par le GSY conna\u00eet les secrets les plus intimes de votre corps, ce dont il a besoin et ce qui lui est nocif. Avec la m\u00e9ditation r\u00e9guli\u00e8re, la Kundalini active change positivement vos Vrittis ou tendances, de sorte que les habitudes nocives vous quittent d&#8217;elles-m\u00eames sans effort volontaire.<\/p>\n<p style=\"font-weight: 400;\"><span style=\"color: #0000ff;\"><strong>Q14. \u00bfLa Diksha Mantra (initiation) du Yoga de Guru Siyag (GSY) est-elle payante? \u00bfY a-t-il un processus d\u2019inscription pr\u00e9alable pour recevoir la Diksha?<\/strong><\/span><\/p>\n<p style=\"font-weight: 400;\"><strong>Ans:<\/strong> La Diksha Mantra GSY est compl\u00e8tement gratuite. Pour recevoir la Diksha, le chercheur n&#8217;a pas \u00e0 passer par un processus d&#8217;inscription.<\/p>\n<p style=\"font-weight: 400;\"><span style=\"color: #0000ff;\"><strong>Q15. Le GSY est-il r\u00e9serv\u00e9 aux adeptes d&#8217;une religion\/croyance particuli\u00e8re?<\/strong><\/span><\/p>\n<p style=\"font-weight: 400;\"><strong>Ans:<\/strong> Non. Le GSY est ouvert \u00e0 tous, toutes religions, races, castes, sectes, nationalit\u00e9s, genres et \u00e2ges, sans discrimination. Le GSY appartient \u00e0 toute l&#8217;humanit\u00e9.<\/p>\n<p style=\"font-weight: 400;\"><span style=\"color: #0000ff;\"><strong>Q16. \u00bfY a-t-il des effets secondaires ou r\u00e9sultats n\u00e9gatifs de la pratique du Yoga de Guru Siyag?<\/strong><\/span><\/p>\n<p style=\"font-weight: 400;\"><strong>Ans:<\/strong> Absolument pas. Dans le GSY, Guru Siyag \u00e9veille la Kundalini du disciple, connue comme la M\u00e8re de l&#8217;Univers. Comme une m\u00e8re ne nuit pas \u00e0 son enfant, la Kundalini ne permettra jamais de mal aux disciples de Guru Siyag.<\/p>\n<p style=\"font-weight: 400;\"><span style=\"color: #0000ff;\"><strong>Q17. Comment savoir si ma Kundalini est \u00e9veill\u00e9e quand je pratique le Yoga de Guru Siyag?<\/strong><\/span><\/p>\n<p style=\"font-weight: 400;\"><strong>Ans:<\/strong> Quand la Kundalini s&#8217;\u00e9veille, vous sentirez sa pr\u00e9sence divine dans votre corps. Vous exp\u00e9rimenterez diverses postures et kriyas yogiques pendant la m\u00e9ditation sans effort. Vous verrez peut-\u00eatre une lumi\u00e8re divine ou des visions du pass\u00e9\/futur illimit\u00e9. Votre vision, comportement et personnalit\u00e9 changeront positivement. Ce sont des signes clairs d&#8217;une Kundalini \u00e9veill\u00e9e qui vous transforme. Il peut y avoir d&#8217;autres changements subtils. Ne vous pr\u00e9occupez pas de signes sp\u00e9cifiques; concentrez-vous sur la pratique sinc\u00e8re.<\/p>\n<p style=\"font-weight: 400;\"><span style=\"color: #0000ff;\"><strong>Q18. Quel mode de vie et routine dois-je adopter pour pratiquer le Yoga de Guru Siyag?<\/strong><\/span><\/p>\n<p style=\"font-weight: 400;\"><strong>Ans: <\/strong>Vous n&#8217;avez pas \u00e0 adopter un mode de vie sp\u00e9cial ou changer votre routine pour pratiquer le GSY. Vivez comme avant.<\/p>\n<p style=\"font-weight: 400;\"><span style=\"color: #0000ff;\"><strong>Q19. Quels exercices yogiques dois-je effectuer dans ce syst\u00e8me de yoga?<\/strong><\/span><\/p>\n<p style=\"font-weight: 400;\"><strong>Ans:<\/strong> Aucun exercice yogique n&#8217;est requis. Les postures ou mouvements n\u00e9cessaires seront induits par la Kundalini \u00e9veill\u00e9e sans effort du pratiquant.<\/p>\n<p style=\"font-weight: 400;\"><span style=\"color: #0000ff;\"><strong>Q20. \u00bfY a-t-il un code vestimentaire pour assister au programme de Diksha de Gurudev?<\/strong><\/span><\/p>\n<p style=\"font-weight: 400;\"><strong>Ans: <\/strong>Aucun code vestimentaire. Portez ce que vous voulez.<\/p>\n<p style=\"font-weight: 400;\"><span style=\"color: #0000ff;\"><strong>Q21. Est-il n\u00e9cessaire de lire ou apprendre sur le Yoga de Guru Siyag ou le Yoga en g\u00e9n\u00e9ral avant la Diksha de Gurudev?<\/strong><\/span><\/p>\n<p style=\"font-weight: 400;\"><strong>Ans:<\/strong> Non, aucune connaissance pr\u00e9alable n&#8217;est requise. Comme le soleil, le vent, la pluie favorisent tous sans discrimination \u2014 illettr\u00e9 ou scientifique \u2014, le GSY b\u00e9n\u00e9ficie \u00e0 tous, m\u00eame sans connaissance pr\u00e9alable.<\/p>\n<p style=\"font-weight: 400;\"><span style=\"color: #0000ff;\"><strong>Q22. \u00bfPuis-je recommander le Yoga de Guru Siyag \u00e0 d\u2019autres? \u00bfCe texte yogique est-il prot\u00e9g\u00e9 par copyright?<\/strong><\/span><\/p>\n<p style=\"font-weight: 400;\"><strong>Ans:<\/strong> Oui, vous pouvez recommander le GSY. Vous \u00eates libre de promouvoir le syst\u00e8me de yoga de Gurudev \u00e0 vos frais et ressources, en Inde ou \u00e0 l&#8217;\u00e9tranger. Aucune permission pr\u00e9alable n&#8217;est n\u00e9cessaire. Gurudev diffuse cette connaissance divine gratuitement, donc les autres aussi.<\/p>\n","protected":false},"excerpt":{"rendered":"<p>Q1. Y a-t-il un moment particulier appropri\u00e9 pour pratiquer la m\u00e9ditation GSY? Ans: Non, vous pouvez m\u00e9diter quand cela vous convient. Cependant, Gurudev conseille aux disciples de m\u00e9diter au moins une fois le matin et le soir. Q2. Combien de temps dois-je m\u00e9diter? \u00bfY a-t-il une limite de temps sp\u00e9cifique? Ans: Guru Siyag conseille 15 minutes de m\u00e9ditation aux d\u00e9butants. La dur\u00e9e peut \u00eatre augment\u00e9e jusqu&#8217;\u00e0 30 minutes en hiver et dans les climats froids. La Kundalini est une forme d&#8217;\u00e9nergie tr\u00e8s puissante qui g\u00e9n\u00e8re de la chaleur dans le corps pendant la pratique. Cette chaleur accrue ne cause pas d&#8217;inconfort en hiver comme elle pourrait le faire en \u00e9t\u00e9. Q3. Combien de fois dois-je m\u00e9diter par jour? Ans: Gurudev conseille aux disciples de m\u00e9diter au moins deux fois \u2014 matin et soir. Si vous vivez dans un climat froid, vous pouvez m\u00e9diter quatre \u00e0 cinq fois par jour et prolonger la dur\u00e9e \u00e0 30 minutes. Q4. Dois-je r\u00e9gler une alarme pour la dur\u00e9e d\u00e9sir\u00e9e avant de m&#8217;asseoir pour m\u00e9diter? Ans: Vous n&#8217;avez pas besoin de r\u00e9gler une alarme, sauf si vous le jugez n\u00e9cessaire. Tout ce que vous avez \u00e0 faire avant de commencer la m\u00e9ditation est de prier Gurudev de vous aider \u00e0 m\u00e9diter pendant la dur\u00e9e d\u00e9sir\u00e9e (15, 20, 30 minutes). Vous sortirez alors de l&#8217;\u00e9tat m\u00e9ditatif au moment pr\u00e9cis que vous avez fix\u00e9. Cependant, si votre m\u00e9ditation s&#8217;interrompt avant la limite ou se prolonge au-del\u00e0 occasionnellement, ne vous inqui\u00e9tez pas. Votre routine de m\u00e9ditation fonctionnera comme une horloge avec votre progression sur le chemin spirituel. Q5. \u00bfPuis-je interrompre ma m\u00e9ditation si je dois m\u2019occuper de quelque chose d\u2019urgent? Ans: Oui, vous le pouvez. Dans ce cas, reprenez la m\u00e9ditation apr\u00e8s avoir termin\u00e9 la t\u00e2che. Q6. \u00bfPuis-je m\u00e9diter imm\u00e9diatement apr\u00e8s un repa? Cela me causera-t-il du tort? Ans: \u00c9vitez de m\u00e9diter imm\u00e9diatement apr\u00e8s un repa. Il n&#8217;est pas conseill\u00e9 de m\u00e9diter le ventre plein. M\u00e9ditez 3 \u00e0 4 heures apr\u00e8s un repa. Si vous m\u00e9ditez le ventre plein et ressentez un pranayama (mouvements respiratoires) ou un shirshasan (\u00e9quilibre sur la t\u00eate), vous pourriez avoir la naus\u00e9e. Q7. Dois-je faire un am\u00e9nagement sp\u00e9cial pour m&#8217;asseoir afin de pratiquer la m\u00e9ditation GSY? Ans: Non, il n&#8217;y a pas d&#8217;am\u00e9nagement assis prescrit pour la m\u00e9ditation GSY. S&#8217;asseoir en tailleur sur le sol est conseill\u00e9 mais pas obligatoire. Sur le sol, on peut s&#8217;asseoir sur une surface dure ou un tapis \u2014 aucune restriction. On peut s&#8217;asseoir sur une chaise, un canap\u00e9 ou un lit, selon le confort. Pour un d\u00e9butant (quelqu&#8217;un de nouveau au GSY et \u00e0 la spiritualit\u00e9 en g\u00e9n\u00e9ral), il n&#8217;est pas conseill\u00e9 de s&#8217;adosser \u00e0 un mur ou un support, ni de s&#8217;allonger pour m\u00e9diter. Le corps du pratiquant doit \u00eatre libre pour exp\u00e9rimenter les postures et kriyas yogiques pendant la m\u00e9ditation. Par exemple, s&#8217;incliner en avant ou en arri\u00e8re est courant pendant la m\u00e9ditation, et un support dorsal pourrait emp\u00eacher le pratiquant de vivre cette kriya. Le pratiquant pourrait sentir sa t\u00eate lourde si la kriya est obstru\u00e9e. C&#8217;est pourquoi, pendant les sessions de groupe, on demande aux pratiquants de garder une distance entre eux pour permettre des mouvements corporels libres. L&#8217;endroit de m\u00e9ditation peut \u00eatre chang\u00e9 aussi souvent qu&#8217;on le souhaite. Note: Si un handicap physique ou une douleur aigu\u00eb emp\u00eache le pratiquant de s&#8217;asseoir droit ou sans support, on peut m\u00e9diter dans la position el plus adapt\u00e9e ou confortable (par ex. allong\u00e9). Q8. Dois-je me tourner dans une direction particuli\u00e8re, comme l&#8217;est ou l&#8217;ouest, pour pratiquer la m\u00e9ditation GSY? Ans: Non, vous n&#8217;avez pas \u00e0 vous tourner dans une direction sp\u00e9cifique. Vous pouvez vous orienter comme vous voulez. La gr\u00e2ce de Gurudev est omnipr\u00e9sente dans toutes les directions. Q9. Le pratiquant doit-il s&#8217;asseoir dans un endroit calme ou isol\u00e9 pour m\u00e9diter? Ans: Un endroit calme est pr\u00e9f\u00e9rable mais pas obligatoire. Progressivement, vous pourrez m\u00e9diter n&#8217;importe o\u00f9 avec une pratique r\u00e9guli\u00e8re. Souvent, les d\u00e9butants ont du mal \u00e0 se concentrer dans un lieu bruyant. Quelqu&#8217;un qui parle fort \u00e0 proximit\u00e9, le bruit de la circulation, les klaxons, la TV\/radio \u00e0 fond, les bruits de chantier, la pluie sur le toit, le tic-tac des horloges, le vent fort, etc., peuvent facilement distraire un d\u00e9butant. Cependant, continuez la m\u00e9ditation sans perdre patience. Avec la pratique r\u00e9guli\u00e8re, les bruits externes ne vous d\u00e9rangeront plus, et vous pourrez m\u00e9diter dans n&#8217;importe quelle situation. Q10. \u00bfPuis-je participer \u00e0 une m\u00e9ditation de groupe avec d\u2019autres disciples? Ans: Oui. Pendant la m\u00e9ditation de groupe, assurez-vous de laisser de l&#8217;espace autour de vous pour permettre les kriyas yogiques involontaires libres. La m\u00e9ditation de groupe est b\u00e9n\u00e9fique car elle permet aux participants de partager leurs exp\u00e9riences, ce qui renforce leur foi et leur enthousiasme pour la pratique spirituelle. Q11. Quel est l&#8217;\u00e2ge appropri\u00e9 pour commencer la pratique du GSY? Ans: Il n&#8217;y a pas d&#8217;\u00e2ge sp\u00e9cifique \u2014 d\u00e8s qu&#8217;un enfant comprend la m\u00e9thode de m\u00e9ditation et la prononciation du mantra, il\/elle peut commencer le GSY. Enfants, jeunes, adultes d&#8217;\u00e2ge moyen et personnes \u00e2g\u00e9es peuvent pratiquer. Q12. Dois-je m&#8217;habiller d&#8217;une mani\u00e8re particuli\u00e8re pour m\u00e9diter? Ans: Non, portez n&#8217;importe quel v\u00eatement confortable pour la m\u00e9ditation. Q13. Si je suis accro \u00e0 l&#8217;alcool, au tabac, aux drogues intoxicantes\/substances ou \u00e0 certains aliments comme la viande, dois-je abandonner mes habitudes avant de commencer le GSY? Ans: Non, vous n&#8217;avez pas \u00e0 abandonner vos habitudes pour commencer. La divine Kundalini Shakti \u00e9veill\u00e9e par le GSY conna\u00eet les secrets les plus intimes de votre corps, ce dont il a besoin et ce qui lui est nocif. Avec la m\u00e9ditation r\u00e9guli\u00e8re, la Kundalini active change positivement vos Vrittis ou tendances, de sorte que les habitudes nocives vous quittent d&#8217;elles-m\u00eames sans effort volontaire. Q14. \u00bfLa Diksha Mantra (initiation) du Yoga de Guru Siyag (GSY) est-elle payante? \u00bfY a-t-il un processus d\u2019inscription pr\u00e9alable pour recevoir la Diksha? Ans: La Diksha Mantra GSY est compl\u00e8tement gratuite. Pour recevoir la Diksha, le chercheur n&#8217;a pas \u00e0 passer par un processus d&#8217;inscription. Q15. Le GSY est-il r\u00e9serv\u00e9 aux adeptes d&#8217;une religion\/croyance particuli\u00e8re? Ans: Non. Le GSY [&hellip;]<\/p>\n","protected":false},"author":2,"featured_media":0,"parent":0,"menu_order":0,"comment_status":"closed","ping_status":"closed","template":"","meta":{"footnotes":""},"class_list":["post-1557","page","type-page","status-publish","hentry"],"aioseo_notices":[],"ams_acf":[],"_links":{"self":[{"href":"https:\/\/gurusiyagyoga.org\/fr\/wp-json\/wp\/v2\/pages\/1557","targetHints":{"allow":["GET"]}}],"collection":[{"href":"https:\/\/gurusiyagyoga.org\/fr\/wp-json\/wp\/v2\/pages"}],"about":[{"href":"https:\/\/gurusiyagyoga.org\/fr\/wp-json\/wp\/v2\/types\/page"}],"author":[{"embeddable":true,"href":"https:\/\/gurusiyagyoga.org\/fr\/wp-json\/wp\/v2\/users\/2"}],"replies":[{"embeddable":true,"href":"https:\/\/gurusiyagyoga.org\/fr\/wp-json\/wp\/v2\/comments?post=1557"}],"version-history":[{"count":3,"href":"https:\/\/gurusiyagyoga.org\/fr\/wp-json\/wp\/v2\/pages\/1557\/revisions"}],"predecessor-version":[{"id":1667,"href":"https:\/\/gurusiyagyoga.org\/fr\/wp-json\/wp\/v2\/pages\/1557\/revisions\/1667"}],"wp:attachment":[{"href":"https:\/\/gurusiyagyoga.org\/fr\/wp-json\/wp\/v2\/media?parent=1557"}],"curies":[{"name":"wp","href":"https:\/\/api.w.org\/{rel}","templated":true}]}}