{"id":1561,"date":"2026-01-27T13:26:38","date_gmt":"2026-01-27T07:56:38","guid":{"rendered":"https:\/\/gurusiyagyoga.org\/fr\/?page_id=1561"},"modified":"2026-02-01T17:12:36","modified_gmt":"2026-02-01T11:42:36","slug":"brief","status":"publish","type":"page","link":"https:\/\/gurusiyagyoga.org\/fr\/brief\/","title":{"rendered":"6.1 GSY en bref"},"content":{"rendered":"<div>\n<p><span style=\"color: #ff0000;\"><b><span lang=\"ES\">\u00bfQui est un Guru?<\/span><\/b><\/span><\/p>\n<\/div>\n<div>\n<p><span lang=\"ES\">\u00abLe Guru n&#8217;est pas seulement l&#8217;individu que vous voyez dans un corps mortel. Son corps mortel fanera et dispara\u00eetra un jour. Mais le Guru est la force divine qui ne meurt jamais; il est \u00e9ternel et sans \u00e2ge. Le Guru grandit \u00e0 l&#8217;int\u00e9rieur (les profondeurs int\u00e9rieures de la conscience du chercheur). Dans la science yogique, le temps et l&#8217;espace n&#8217;ont pas de valeur. Tu es en moi; et je suis en toi. Quand tu te souviens de moi, tu me trouveras en toi. Si un Guru est authentique, il est omnipr\u00e9sent \u2014 pr\u00e9sent simultan\u00e9ment partout; il n&#8217;est pas limit\u00e9 par temps et espace.\u00bb<\/span><\/p>\n<\/div>\n<div>\n<p>&nbsp;<\/p>\n<p><span style=\"color: #0000ff;\"><b><span lang=\"ES\">Qu&#8217;est-ce que le GSY?<\/span><\/b><\/span><\/p>\n<\/div>\n<div>\n<p><span lang=\"ES\">La pratique du GSY provient d&#8217;une ancienne forme de Yoga connue sous le nom de \u00abSiddha Yoga\u00bb. En raison du grand nombre d&#8217;\u00e9coles de yoga qui ont prolif\u00e9r\u00e9 en Occident, le terme \u00abYoga\u00bb signifie aujourd&#8217;hui exercice physique ou processus pour renforcer le corps. Cependant, \u00abYoga\u00bb d\u00e9signe en r\u00e9alit\u00e9 une \u00abUnion avec le Supr\u00eame\u00bb. Le mot Siddha signifie \u00abparfait\u00bb, \u00abaccompli\u00bb ou \u00abempower\u00e9\u00bb. Le Siddha Yoga est le moyen d&#8217;atteindre le Yoga (union) sans effort. Ce Yoga ne peut \u00eatre r\u00e9alis\u00e9 que par la gr\u00e2ce du Guru Siddha (accompli), sans effort du disciple.<\/span><\/p>\n<\/div>\n<div>\n<p><span lang=\"ES\">Le Siddha Yoga est un don \u00e0 l&#8217;humanit\u00e9 par la secte ancienne Nath de la tradition yogique. L&#8217;ancien sage Matsyendra Nath obtint la connaissance du Yoga il y a des milliers d&#8217;ann\u00e9es directement de Lord Shiva dans l&#8217;abode c\u00e9leste dans l&#8217;Himalaya. <\/span><span lang=\"EN-US\">Lord Shiva demanda \u00e0 Matsyendra Nath de diffuser cette connaissance yogique \u00e0 toute l&#8217;humanit\u00e9 pour son \u00e9volution spirituelle. Depuis, ce syst\u00e8me yogique, plein de connaissance et sagesse, est transmis de g\u00e9n\u00e9ration en g\u00e9n\u00e9ration par la tradition guru-disciple. Il est si complet qu&#8217;il int\u00e8gre tous les syst\u00e8mes yogiques: Bhakti Yoga, Karma Yoga, Raj Yoga, Kriya Yoga, Gyan Yoga, Laya Yoga, Bhava Yoga, Hatha Yoga, etc. Il est donc aussi appel\u00e9 Purna Yoga (Yoga complet) ou Maha Yoga (grand Yoga).<\/span><\/p>\n<\/div>\n<div>\n<p><span lang=\"EN-US\">Le Siddha Yoga est le moyen par lequel le Yoga (union) peut \u00eatre atteint sans effort. <\/span><span lang=\"ES\">Ce Yoga ne peut \u00eatre r\u00e9alis\u00e9 que par la gr\u00e2ce du Guru Siddha (accompli), sans aucun effort volontaire de la part du disciple. <\/span><span lang=\"EN-US\">\u00ab Sans effort \u00bb signifie ici que le disciple n&#8217;a qu&#8217;\u00e0 pratiquer, sans fixer d&#8217;objectifs sp\u00e9cifiques \u00e0 atteindre. <\/span><span lang=\"ES\">La transformation spirituelle se produira d&#8217;elle-m\u00eame.<\/span><\/p>\n<\/div>\n<div>\n<p>&nbsp;<\/p>\n<p><span style=\"color: #0000ff;\"><b><span lang=\"ES\">Qu\u2019implique la pratique du Siddha yoga selon la technique du Guru Siyag (SYGS)?\u00a0 <\/span><\/b><\/span><\/p>\n<\/div>\n<div>\n<p><span lang=\"ES\">La pratique du Siddha yoga du Guru Siyag (SYGS en fran\u00e7ais et GSSY en anglais) inclue le chant (r\u00e9p\u00e9tition mentale) d\u2019un mantra divin et la m\u00e9ditation. Le Guru Siyag initie le chercheur au Siddha yoga du Guru Siyag (SYGS) en tant que disciple en lui donnant un mantra\u2014 un mot de pouvoir divin \u2014 \u00e0 chanter silencieusement 24 heures sur 24. Il lui enseigne \u00e9galement une m\u00e9thode de m\u00e9ditation. Le chant du mantra (J\u0101pa) devient involontaire quand il est r\u00e9p\u00e9t\u00e9 constamment sur une p\u00e9riode de temps. Cela d\u00e9pend toutefois de l\u2019intensit\u00e9, de la foi et de la sinc\u00e9rit\u00e9 avec laquelle le mantra est chant\u00e9. Dans certains cas, le chant devient involontaire apr\u00e8s juste une semaine de pratique tandis que dans d\u2019autres cas, cela prend des semaines voire des mois. En dehors du chant du mantra, il est demand\u00e9 au disciple de m\u00e9diter durant 15 minutes, deux \u00e0 trois fois par jour.<\/span><\/p>\n<\/div>\n<div>\n<p>&nbsp;<\/p>\n<p><span style=\"color: #0000ff;\"><b><span lang=\"ES\">Importance du GSY<\/span><\/b><\/span><\/p>\n<\/div>\n<div>\n<p><span lang=\"ES\">Voici un court extrait du discours de Gurudev en 1999. Il y parle de ce qu&#8217;est le Yoga, sp\u00e9cifiquement l&#8217;histoire et effets de sa secte, Siddha Yoga. \u00c0 el fin, son message \u00e0 la jeunesse et comment ils transformeront via Yoga. <\/span><\/p>\n<\/div>\n<div>\n<p>&nbsp;<\/p>\n<p><span style=\"color: #0000ff;\"><b><span lang=\"ES\">Guru Siyag sur le Yoga: <\/span><\/b><\/span><\/p>\n<p><span lang=\"ES\">\u00abComment d\u00e9finissez-vous le yoga? Le sage Patanjali, dans le deuxi\u00e8me aphorisme de son trait\u00e9 Yoga Sutra, d\u00e9finit simplement le yoga comme \u00abla neutralisation des tendances int\u00e9rieures de l&#8217;esprit appel\u00e9es Vrittis\u00bb. Tant que l&#8217;esprit, instable et erratique, ne devient pas calme et stable, le chercheur ne peut ni m\u00e9diter ni exp\u00e9rimenter le yoga (union avec la conscience supr\u00eame). Dans la pratique du Siddha Yoga dont je parle, c&#8217;est le Guru qui subtilement emp\u00eache subtilement l&#8217;esprit du disciple de vagabonder, le calme et le rend vide de pens\u00e9es.<\/span><\/p>\n<\/div>\n<div>\n<p><span lang=\"ES\">\u00abLa secte Nath de la tradition yogique que nous suivons (via Siddha Yoga) est men\u00e9e par neuf Nath (yogis asc\u00e8tes) immortels. Machhindra Nathji fut le premier dans le panth\u00e9on des grands Gurus quand l&#8217;\u00e9poque actuelle de Kaliyuga commen\u00e7a il y a des millions d&#8217;ann\u00e9es.<\/span><\/p>\n<\/div>\n<div>\n<p><span lang=\"ES\">\u00abGorakhnathji fut un disciple de Machhindranathji. Gorakhnathji compara les V\u00e9das au Kalpataru (arbre mythique exau\u00e7ant souhaits) et d\u00e9crivit le Yoga comme \u00able fruit immortel des V\u00e9das\u00bb. La pratique du Siddha Yoga lib\u00e8re le pratiquant du triumvirat d&#8217;afflictions: physiques, mentales et spirituelles. Aucune affliction n&#8217;existe au-del\u00e0 de ces trois grandes cat\u00e9gories. La pratique du Siddha Yoga a lib\u00e9r\u00e9 des centaines de milliers de pratiquants de toutes sortes de maladies physiques.<\/span><\/p>\n<\/div>\n<div>\n<p><span lang=\"EN-US\">\u00ab Cette transformation (\u00e9limination triple affliction) repose sur philosophie tangible. Ce n&#8217;est pas invention imagination cr\u00e9ative. Je sais que certains utilisent fiction en philosophie yogique car conseils th\u00e9oriques sans exp\u00e9rience pratique. Certains \u00ab Gurus \u00bb vont jusqu&#8217;\u00e0 dire que Kundalini s&#8217;\u00e9veille apr\u00e8s 20 ans Yoga! Je dis: \u00abQuelle garantie Guru\/disciple vivent 20 ans? Pourquoi trimer 20 ans pour ce qu&#8217;on peut atteindre aujourd&#8217;hui? Pourquoi pas\u2019 conscience spirituelle ici\/maintenant? Ce discours 20 ans est absurdit\u00e9 totale. \u00bb<\/span><\/p>\n<\/div>\n<div>\n<p>&nbsp;<\/p>\n<p><span style=\"color: #ff0000;\"><b><span lang=\"EN-US\">Message \u00e0 la jeunesse<\/span><\/b><\/span><\/p>\n<\/div>\n<div>\n<p><span lang=\"EN-US\">\u00abL&#8217;enfance ou l&#8217;adolescence est le bon moment pours commencer votre voyage spirituel. <\/span><span lang=\"ES\">Il est n\u00e9cessaire de passer par une transformation spirituelle jeune. Pr\u00e8s de 90% de mes disciples sont des jeunes.<\/span><\/p>\n<\/div>\n<div>\n<p><span lang=\"ES\">J&#8217;ai une ferme conviction qu&#8217;une r\u00e9volution spirituelle (\u00e9veil) ne peut avoir lieu dans le monde que si la jeunesse devient spirituellement consciente. C&#8217;est la jeunesse qui inaugurera une transformation dans le monde. La jeunesse l&#8217;a fait par le pass\u00e9, et le fera \u00e0 l&#8217;avenir.\u00bb<\/span><\/p>\n<\/div>\n","protected":false},"excerpt":{"rendered":"<p>\u00bfQui est un Guru? \u00abLe Guru n&#8217;est pas seulement l&#8217;individu que vous voyez dans un corps mortel. Son corps mortel fanera et dispara\u00eetra un jour. Mais le Guru est la force divine qui ne meurt jamais; il est \u00e9ternel et sans \u00e2ge. Le Guru grandit \u00e0 l&#8217;int\u00e9rieur (les profondeurs int\u00e9rieures de la conscience du chercheur). Dans la science yogique, le temps et l&#8217;espace n&#8217;ont pas de valeur. Tu es en moi; et je suis en toi. Quand tu te souviens de moi, tu me trouveras en toi. Si un Guru est authentique, il est omnipr\u00e9sent \u2014 pr\u00e9sent simultan\u00e9ment partout; il n&#8217;est pas limit\u00e9 par temps et espace.\u00bb &nbsp; Qu&#8217;est-ce que le GSY? La pratique du GSY provient d&#8217;une ancienne forme de Yoga connue sous le nom de \u00abSiddha Yoga\u00bb. En raison du grand nombre d&#8217;\u00e9coles de yoga qui ont prolif\u00e9r\u00e9 en Occident, le terme \u00abYoga\u00bb signifie aujourd&#8217;hui exercice physique ou processus pour renforcer le corps. Cependant, \u00abYoga\u00bb d\u00e9signe en r\u00e9alit\u00e9 une \u00abUnion avec le Supr\u00eame\u00bb. Le mot Siddha signifie \u00abparfait\u00bb, \u00abaccompli\u00bb ou \u00abempower\u00e9\u00bb. Le Siddha Yoga est le moyen d&#8217;atteindre le Yoga (union) sans effort. Ce Yoga ne peut \u00eatre r\u00e9alis\u00e9 que par la gr\u00e2ce du Guru Siddha (accompli), sans effort du disciple. Le Siddha Yoga est un don \u00e0 l&#8217;humanit\u00e9 par la secte ancienne Nath de la tradition yogique. L&#8217;ancien sage Matsyendra Nath obtint la connaissance du Yoga il y a des milliers d&#8217;ann\u00e9es directement de Lord Shiva dans l&#8217;abode c\u00e9leste dans l&#8217;Himalaya. Lord Shiva demanda \u00e0 Matsyendra Nath de diffuser cette connaissance yogique \u00e0 toute l&#8217;humanit\u00e9 pour son \u00e9volution spirituelle. Depuis, ce syst\u00e8me yogique, plein de connaissance et sagesse, est transmis de g\u00e9n\u00e9ration en g\u00e9n\u00e9ration par la tradition guru-disciple. Il est si complet qu&#8217;il int\u00e8gre tous les syst\u00e8mes yogiques: Bhakti Yoga, Karma Yoga, Raj Yoga, Kriya Yoga, Gyan Yoga, Laya Yoga, Bhava Yoga, Hatha Yoga, etc. Il est donc aussi appel\u00e9 Purna Yoga (Yoga complet) ou Maha Yoga (grand Yoga). Le Siddha Yoga est le moyen par lequel le Yoga (union) peut \u00eatre atteint sans effort. Ce Yoga ne peut \u00eatre r\u00e9alis\u00e9 que par la gr\u00e2ce du Guru Siddha (accompli), sans aucun effort volontaire de la part du disciple. \u00ab Sans effort \u00bb signifie ici que le disciple n&#8217;a qu&#8217;\u00e0 pratiquer, sans fixer d&#8217;objectifs sp\u00e9cifiques \u00e0 atteindre. La transformation spirituelle se produira d&#8217;elle-m\u00eame. &nbsp; Qu\u2019implique la pratique du Siddha yoga selon la technique du Guru Siyag (SYGS)?\u00a0 La pratique du Siddha yoga du Guru Siyag (SYGS en fran\u00e7ais et GSSY en anglais) inclue le chant (r\u00e9p\u00e9tition mentale) d\u2019un mantra divin et la m\u00e9ditation. Le Guru Siyag initie le chercheur au Siddha yoga du Guru Siyag (SYGS) en tant que disciple en lui donnant un mantra\u2014 un mot de pouvoir divin \u2014 \u00e0 chanter silencieusement 24 heures sur 24. Il lui enseigne \u00e9galement une m\u00e9thode de m\u00e9ditation. Le chant du mantra (J\u0101pa) devient involontaire quand il est r\u00e9p\u00e9t\u00e9 constamment sur une p\u00e9riode de temps. Cela d\u00e9pend toutefois de l\u2019intensit\u00e9, de la foi et de la sinc\u00e9rit\u00e9 avec laquelle le mantra est chant\u00e9. Dans certains cas, le chant devient involontaire apr\u00e8s juste une semaine de pratique tandis que dans d\u2019autres cas, cela prend des semaines voire des mois. En dehors du chant du mantra, il est demand\u00e9 au disciple de m\u00e9diter durant 15 minutes, deux \u00e0 trois fois par jour. &nbsp; Importance du GSY Voici un court extrait du discours de Gurudev en 1999. Il y parle de ce qu&#8217;est le Yoga, sp\u00e9cifiquement l&#8217;histoire et effets de sa secte, Siddha Yoga. \u00c0 el fin, son message \u00e0 la jeunesse et comment ils transformeront via Yoga. &nbsp; Guru Siyag sur le Yoga: \u00abComment d\u00e9finissez-vous le yoga? Le sage Patanjali, dans le deuxi\u00e8me aphorisme de son trait\u00e9 Yoga Sutra, d\u00e9finit simplement le yoga comme \u00abla neutralisation des tendances int\u00e9rieures de l&#8217;esprit appel\u00e9es Vrittis\u00bb. Tant que l&#8217;esprit, instable et erratique, ne devient pas calme et stable, le chercheur ne peut ni m\u00e9diter ni exp\u00e9rimenter le yoga (union avec la conscience supr\u00eame). Dans la pratique du Siddha Yoga dont je parle, c&#8217;est le Guru qui subtilement emp\u00eache subtilement l&#8217;esprit du disciple de vagabonder, le calme et le rend vide de pens\u00e9es. \u00abLa secte Nath de la tradition yogique que nous suivons (via Siddha Yoga) est men\u00e9e par neuf Nath (yogis asc\u00e8tes) immortels. Machhindra Nathji fut le premier dans le panth\u00e9on des grands Gurus quand l&#8217;\u00e9poque actuelle de Kaliyuga commen\u00e7a il y a des millions d&#8217;ann\u00e9es. \u00abGorakhnathji fut un disciple de Machhindranathji. Gorakhnathji compara les V\u00e9das au Kalpataru (arbre mythique exau\u00e7ant souhaits) et d\u00e9crivit le Yoga comme \u00able fruit immortel des V\u00e9das\u00bb. La pratique du Siddha Yoga lib\u00e8re le pratiquant du triumvirat d&#8217;afflictions: physiques, mentales et spirituelles. Aucune affliction n&#8217;existe au-del\u00e0 de ces trois grandes cat\u00e9gories. La pratique du Siddha Yoga a lib\u00e9r\u00e9 des centaines de milliers de pratiquants de toutes sortes de maladies physiques. \u00ab Cette transformation (\u00e9limination triple affliction) repose sur philosophie tangible. Ce n&#8217;est pas invention imagination cr\u00e9ative. Je sais que certains utilisent fiction en philosophie yogique car conseils th\u00e9oriques sans exp\u00e9rience pratique. Certains \u00ab Gurus \u00bb vont jusqu&#8217;\u00e0 dire que Kundalini s&#8217;\u00e9veille apr\u00e8s 20 ans Yoga! Je dis: \u00abQuelle garantie Guru\/disciple vivent 20 ans? Pourquoi trimer 20 ans pour ce qu&#8217;on peut atteindre aujourd&#8217;hui? Pourquoi pas\u2019 conscience spirituelle ici\/maintenant? Ce discours 20 ans est absurdit\u00e9 totale. \u00bb &nbsp; Message \u00e0 la jeunesse \u00abL&#8217;enfance ou l&#8217;adolescence est le bon moment pours commencer votre voyage spirituel. Il est n\u00e9cessaire de passer par une transformation spirituelle jeune. Pr\u00e8s de 90% de mes disciples sont des jeunes. J&#8217;ai une ferme conviction qu&#8217;une r\u00e9volution spirituelle (\u00e9veil) ne peut avoir lieu dans le monde que si la jeunesse devient spirituellement consciente. C&#8217;est la jeunesse qui inaugurera une transformation dans le monde. La jeunesse l&#8217;a fait par le pass\u00e9, et le fera \u00e0 l&#8217;avenir.\u00bb<\/p>\n","protected":false},"author":2,"featured_media":0,"parent":0,"menu_order":0,"comment_status":"closed","ping_status":"closed","template":"","meta":{"footnotes":""},"class_list":["post-1561","page","type-page","status-publish","hentry"],"aioseo_notices":[],"ams_acf":[],"_links":{"self":[{"href":"https:\/\/gurusiyagyoga.org\/fr\/wp-json\/wp\/v2\/pages\/1561","targetHints":{"allow":["GET"]}}],"collection":[{"href":"https:\/\/gurusiyagyoga.org\/fr\/wp-json\/wp\/v2\/pages"}],"about":[{"href":"https:\/\/gurusiyagyoga.org\/fr\/wp-json\/wp\/v2\/types\/page"}],"author":[{"embeddable":true,"href":"https:\/\/gurusiyagyoga.org\/fr\/wp-json\/wp\/v2\/users\/2"}],"replies":[{"embeddable":true,"href":"https:\/\/gurusiyagyoga.org\/fr\/wp-json\/wp\/v2\/comments?post=1561"}],"version-history":[{"count":3,"href":"https:\/\/gurusiyagyoga.org\/fr\/wp-json\/wp\/v2\/pages\/1561\/revisions"}],"predecessor-version":[{"id":1605,"href":"https:\/\/gurusiyagyoga.org\/fr\/wp-json\/wp\/v2\/pages\/1561\/revisions\/1605"}],"wp:attachment":[{"href":"https:\/\/gurusiyagyoga.org\/fr\/wp-json\/wp\/v2\/media?parent=1561"}],"curies":[{"name":"wp","href":"https:\/\/api.w.org\/{rel}","templated":true}]}}