{"id":1565,"date":"2026-01-27T13:28:32","date_gmt":"2026-01-27T07:58:32","guid":{"rendered":"https:\/\/gurusiyagyoga.org\/fr\/?page_id=1565"},"modified":"2026-02-01T17:23:56","modified_gmt":"2026-02-01T11:53:56","slug":"shaktipat","status":"publish","type":"page","link":"https:\/\/gurusiyagyoga.org\/fr\/shaktipat\/","title":{"rendered":"6.3 Initiation au Shaktipat"},"content":{"rendered":"<p style=\"font-weight: 400;\"><span style=\"color: #ff0000;\"><strong>What is Shaktipat Diksha <\/strong><\/span><\/p>\n<p style=\"font-weight: 400;\"><span style=\"color: #0000ff;\"><strong>Qu&#8217;est-ce que le Shaktipat Diksha?<\/strong><\/span><\/p>\n<p style=\"font-weight: 400;\">Guru Siyag initie ses disciple\u2019s au Siddha Yoga en \u00e9veillant leur Kundalini par un processus d&#8217;initiation appel\u00e9 Shaktipat Diksha. Un Guru Siddha peut transmettre le Shaktipat de quatre mani\u00e8res: par le contact physique, par la vue, par la parole divine et par une ferme r\u00e9solution. Guru Siyag offre la Diksha par la parole divine (mantra).<\/p>\n<p style=\"font-weight: 400;\">Shaktipat est un terme sanskrit qui combine deux mots: Shakti (\u00e9nergie divine f\u00e9minine) et Pat (tomber). Shaktipat signifie litt\u00e9ralement transition d&#8217;\u00e9nergie divine. Les pratiquants de yoga interpr\u00e8tent souvent le Shaktipat comme la transmission de l&#8217;\u00e9nergie divine du Guru dans le corps du chercheur. Selon Guru Siyag, cette compr\u00e9hension est r\u00e9ductrice. En effet, les \u00e9critures yogiques reconnaissent que la Kundalini est pr\u00e9sente en chaque \u00eatre humain, bien qu&#8217;elle demeure dormante. Il n&#8217;est donc pas question de transmission de la Shakti d&#8217;une personne \u00e0 une autre. Dans le Shaktipat, le gourou agit comme un simple catalyseur en utilisant sa force divine pour \u00e9veiller la Kundalini.<\/p>\n<p style=\"font-weight: 400;\">Comme l&#8217;explique Guru Siyag: \u00abIl ne s&#8217;agit pas d&#8217;un apport mat\u00e9riel du Guru au chercheur. La m\u00e9thode de Diksha que j&#8217;utilise a \u00e9t\u00e9 transmise \u00e0 l&#8217;humanit\u00e9 par l&#8217;\u00e9cole Nath, au sein de la tradition yogique. Elle s&#8217;appelle \u00ab\u00a0Shaktipat\u00a0\u00bb. Shaktipat ne signifie pas\u2019 que le chercheur re\u00e7oive une force ext\u00e9rieure par l&#8217;interm\u00e9diaire du Guru (contrairement \u00e0 une croyance r\u00e9pandue). Pour simplifier, Shaktipat, c&#8217;est comme utiliser une lampe allum\u00e9e pour allumer une lampe \u00e9teinte. Vous \u00eates comme la lampe \u00e9teinte, qui poss\u00e8de tout le n\u00e9cessaire: la m\u00e8che et l&#8217;huile. Il vous suffit d&#8217;une autre source de lumi\u00e8re pours allumer la flamme de votre lampe. Une fois connect\u00e9 \u00e0 cette source, vous deviendrez vous-m\u00eame lumi\u00e8re. C&#8217;est ainsi que je d\u00e9cris le processus de Shaktipat dans son ensemble. \u00bb<\/p>\n<p style=\"font-weight: 400;\">Shaktipat est un acte d&#8217;immense gr\u00e2ce (Anugraha) de la part du Guru. Guru Siyag affirme que si les actions humaines sont toujours motiv\u00e9es, Shaktipat, lui, est totalement d\u00e9pourvu d&#8217;intention.<\/p>\n<p style=\"font-weight: 400;\">\n<p style=\"font-weight: 400;\"><span style=\"color: #0000ff;\"><strong>Diverses m\u00e9thodes d&#8217;initiation au Shaktipat<\/strong><\/span><\/p>\n<p style=\"font-weight: 400;\">Un ma\u00eetre Siddha peut initier le Shaktipat selon quatre m\u00e9thodes:<\/p>\n<ul>\n<li><span style=\"color: #008000;\"><strong>Le contact physique:<\/strong><\/span> Un ma\u00eetre Siddha peut \u00e9veiller la Kundalini par un simple contact avec le pratiquant. Il peut le faire en posant sa main sur sa t\u00eate ou en touchant l&#8217;Ajnachakra ou le Muladhara (\u00e0 la base de la colonne vert\u00e9brale). Selon le Mahabharata, texte mythologique, Krishna initia son d\u00e9vot pr\u00e9f\u00e9r\u00e9, Arjuna, au yoga en l&#8217;enla\u00e7ant et en le serrant contre son c\u0153ur un instant. Il initia \u00e9galement un autre d\u00e9vot l\u00e9gendaire, Dhruva, en effleurant sa joue de sa conque.<\/li>\n<li><span style=\"color: #008000;\"><strong>Par le regard:<\/strong> <\/span>Un ma\u00eetre Siddha peut initier le pratiquant d&#8217;un simple regard. La litt\u00e9rature spirituelle indienne regorge d&#8217;anecdotes relatant comment des ma\u00eetres Siddha ont \u00e9veill\u00e9 la Kundalini de leurs disciples par un regard compatissant.<\/li>\n<li><span style=\"color: #008000;\"><strong>Parole divine:<\/strong><\/span> Un ma\u00eetre Siddha peut \u00e9veiller la Kundalini d&#8217;un chercheur en lui transmettant une parole divine ou un puissant mantra \u00e0 r\u00e9citer. Cette parole est divine car elle est impr\u00e9gn\u00e9e de la conscience cosmique incarn\u00e9e par le ma\u00eetre.<\/li>\n<li><span style=\"color: #008000;\"><strong>R\u00e9solution ferme:<\/strong><\/span> Il s&#8217;agit du mode d&#8217;\u00e9veil de la Kundalini le plus rare, car l&#8217;initiative revient au chercheur et non au ma\u00eetre. Le chercheur, dans cette m\u00e9thode, ne sollicite pas d&#8217;initiation formelle aupr\u00e8s du ma\u00eetre. Il prend simplement une r\u00e9solution in\u00e9branlable, appel\u00e9e Sankalpa, pour \u00eatre initi\u00e9 par le ma\u00eetre qu&#8217;il souhaite suivre. Le ma\u00eetre \u00e9tant l&#8217;incarnation m\u00eame de la conscience cosmique divine, la r\u00e9solution du chercheur est instantan\u00e9ment per\u00e7ue. Le Sankalpa est la manifestation de la d\u00e9votion totale du chercheur, de l&#8217;abandon de son ego au ma\u00eetre. Cette d\u00e9votion \u00e9tant la condition essentielle pour recevoir la gr\u00e2ce divine, le ma\u00eetre a le devoir d&#8217;initier le chercheur qui formule un tel Sankalpa. Le Mahabharata relate un cas exceptionnel o\u00f9 Eklavya, l&#8217;archer l\u00e9gendaire, fut initi\u00e9 au yoga en adressant simplement une pri\u00e8re fervente devant une idole qu&#8217;il avait sculpt\u00e9e \u00e0 l&#8217;image du gourou Dronacharya, implorant sa bienveillance. La pri\u00e8re d&#8217;Eklavya \u00e9tait si sinc\u00e8re que la conscience de Dronacharya ne put que r\u00e9pondre positivement, bien qu&#8217;il ne f\u00fbt ni physiquement pr\u00e9sent ni conscient de la d\u00e9termination d&#8217;Eklavya.<\/li>\n<\/ul>\n","protected":false},"excerpt":{"rendered":"<p>What is Shaktipat Diksha Qu&#8217;est-ce que le Shaktipat Diksha? Guru Siyag initie ses disciple\u2019s au Siddha Yoga en \u00e9veillant leur Kundalini par un processus d&#8217;initiation appel\u00e9 Shaktipat Diksha. Un Guru Siddha peut transmettre le Shaktipat de quatre mani\u00e8res: par le contact physique, par la vue, par la parole divine et par une ferme r\u00e9solution. Guru Siyag offre la Diksha par la parole divine (mantra). Shaktipat est un terme sanskrit qui combine deux mots: Shakti (\u00e9nergie divine f\u00e9minine) et Pat (tomber). Shaktipat signifie litt\u00e9ralement transition d&#8217;\u00e9nergie divine. Les pratiquants de yoga interpr\u00e8tent souvent le Shaktipat comme la transmission de l&#8217;\u00e9nergie divine du Guru dans le corps du chercheur. Selon Guru Siyag, cette compr\u00e9hension est r\u00e9ductrice. En effet, les \u00e9critures yogiques reconnaissent que la Kundalini est pr\u00e9sente en chaque \u00eatre humain, bien qu&#8217;elle demeure dormante. Il n&#8217;est donc pas question de transmission de la Shakti d&#8217;une personne \u00e0 une autre. Dans le Shaktipat, le gourou agit comme un simple catalyseur en utilisant sa force divine pour \u00e9veiller la Kundalini. Comme l&#8217;explique Guru Siyag: \u00abIl ne s&#8217;agit pas d&#8217;un apport mat\u00e9riel du Guru au chercheur. La m\u00e9thode de Diksha que j&#8217;utilise a \u00e9t\u00e9 transmise \u00e0 l&#8217;humanit\u00e9 par l&#8217;\u00e9cole Nath, au sein de la tradition yogique. Elle s&#8217;appelle \u00ab\u00a0Shaktipat\u00a0\u00bb. Shaktipat ne signifie pas\u2019 que le chercheur re\u00e7oive une force ext\u00e9rieure par l&#8217;interm\u00e9diaire du Guru (contrairement \u00e0 une croyance r\u00e9pandue). Pour simplifier, Shaktipat, c&#8217;est comme utiliser une lampe allum\u00e9e pour allumer une lampe \u00e9teinte. Vous \u00eates comme la lampe \u00e9teinte, qui poss\u00e8de tout le n\u00e9cessaire: la m\u00e8che et l&#8217;huile. Il vous suffit d&#8217;une autre source de lumi\u00e8re pours allumer la flamme de votre lampe. Une fois connect\u00e9 \u00e0 cette source, vous deviendrez vous-m\u00eame lumi\u00e8re. C&#8217;est ainsi que je d\u00e9cris le processus de Shaktipat dans son ensemble. \u00bb Shaktipat est un acte d&#8217;immense gr\u00e2ce (Anugraha) de la part du Guru. Guru Siyag affirme que si les actions humaines sont toujours motiv\u00e9es, Shaktipat, lui, est totalement d\u00e9pourvu d&#8217;intention. Diverses m\u00e9thodes d&#8217;initiation au Shaktipat Un ma\u00eetre Siddha peut initier le Shaktipat selon quatre m\u00e9thodes: Le contact physique: Un ma\u00eetre Siddha peut \u00e9veiller la Kundalini par un simple contact avec le pratiquant. Il peut le faire en posant sa main sur sa t\u00eate ou en touchant l&#8217;Ajnachakra ou le Muladhara (\u00e0 la base de la colonne vert\u00e9brale). Selon le Mahabharata, texte mythologique, Krishna initia son d\u00e9vot pr\u00e9f\u00e9r\u00e9, Arjuna, au yoga en l&#8217;enla\u00e7ant et en le serrant contre son c\u0153ur un instant. Il initia \u00e9galement un autre d\u00e9vot l\u00e9gendaire, Dhruva, en effleurant sa joue de sa conque. Par le regard: Un ma\u00eetre Siddha peut initier le pratiquant d&#8217;un simple regard. La litt\u00e9rature spirituelle indienne regorge d&#8217;anecdotes relatant comment des ma\u00eetres Siddha ont \u00e9veill\u00e9 la Kundalini de leurs disciples par un regard compatissant. Parole divine: Un ma\u00eetre Siddha peut \u00e9veiller la Kundalini d&#8217;un chercheur en lui transmettant une parole divine ou un puissant mantra \u00e0 r\u00e9citer. Cette parole est divine car elle est impr\u00e9gn\u00e9e de la conscience cosmique incarn\u00e9e par le ma\u00eetre. R\u00e9solution ferme: Il s&#8217;agit du mode d&#8217;\u00e9veil de la Kundalini le plus rare, car l&#8217;initiative revient au chercheur et non au ma\u00eetre. Le chercheur, dans cette m\u00e9thode, ne sollicite pas d&#8217;initiation formelle aupr\u00e8s du ma\u00eetre. Il prend simplement une r\u00e9solution in\u00e9branlable, appel\u00e9e Sankalpa, pour \u00eatre initi\u00e9 par le ma\u00eetre qu&#8217;il souhaite suivre. Le ma\u00eetre \u00e9tant l&#8217;incarnation m\u00eame de la conscience cosmique divine, la r\u00e9solution du chercheur est instantan\u00e9ment per\u00e7ue. Le Sankalpa est la manifestation de la d\u00e9votion totale du chercheur, de l&#8217;abandon de son ego au ma\u00eetre. Cette d\u00e9votion \u00e9tant la condition essentielle pour recevoir la gr\u00e2ce divine, le ma\u00eetre a le devoir d&#8217;initier le chercheur qui formule un tel Sankalpa. Le Mahabharata relate un cas exceptionnel o\u00f9 Eklavya, l&#8217;archer l\u00e9gendaire, fut initi\u00e9 au yoga en adressant simplement une pri\u00e8re fervente devant une idole qu&#8217;il avait sculpt\u00e9e \u00e0 l&#8217;image du gourou Dronacharya, implorant sa bienveillance. La pri\u00e8re d&#8217;Eklavya \u00e9tait si sinc\u00e8re que la conscience de Dronacharya ne put que r\u00e9pondre positivement, bien qu&#8217;il ne f\u00fbt ni physiquement pr\u00e9sent ni conscient de la d\u00e9termination d&#8217;Eklavya.<\/p>\n","protected":false},"author":2,"featured_media":0,"parent":0,"menu_order":0,"comment_status":"closed","ping_status":"closed","template":"","meta":{"footnotes":""},"class_list":["post-1565","page","type-page","status-publish","hentry"],"aioseo_notices":[],"ams_acf":[],"_links":{"self":[{"href":"https:\/\/gurusiyagyoga.org\/fr\/wp-json\/wp\/v2\/pages\/1565","targetHints":{"allow":["GET"]}}],"collection":[{"href":"https:\/\/gurusiyagyoga.org\/fr\/wp-json\/wp\/v2\/pages"}],"about":[{"href":"https:\/\/gurusiyagyoga.org\/fr\/wp-json\/wp\/v2\/types\/page"}],"author":[{"embeddable":true,"href":"https:\/\/gurusiyagyoga.org\/fr\/wp-json\/wp\/v2\/users\/2"}],"replies":[{"embeddable":true,"href":"https:\/\/gurusiyagyoga.org\/fr\/wp-json\/wp\/v2\/comments?post=1565"}],"version-history":[{"count":2,"href":"https:\/\/gurusiyagyoga.org\/fr\/wp-json\/wp\/v2\/pages\/1565\/revisions"}],"predecessor-version":[{"id":1608,"href":"https:\/\/gurusiyagyoga.org\/fr\/wp-json\/wp\/v2\/pages\/1565\/revisions\/1608"}],"wp:attachment":[{"href":"https:\/\/gurusiyagyoga.org\/fr\/wp-json\/wp\/v2\/media?parent=1565"}],"curies":[{"name":"wp","href":"https:\/\/api.w.org\/{rel}","templated":true}]}}