{"id":1569,"date":"2026-01-27T13:30:11","date_gmt":"2026-01-27T08:00:11","guid":{"rendered":"https:\/\/gurusiyagyoga.org\/fr\/?page_id=1569"},"modified":"2026-02-01T17:29:37","modified_gmt":"2026-02-01T11:59:37","slug":"ajapa","status":"publish","type":"page","link":"https:\/\/gurusiyagyoga.org\/fr\/ajapa\/","title":{"rendered":"6.5 Ajapa Japa"},"content":{"rendered":"<p style=\"font-weight: 400;\"><span style=\"color: #ff0000;\"><strong>Qu&#8217;est-ce que l&#8217;Ajapa Japa?<\/strong><\/span><\/p>\n<p style=\"font-weight: 400;\">Ce terme sanskrit se traduit litt\u00e9ralement par \u00able chant qui n&#8217;est pas chant\u00e9\u00bb. Lorsqu&#8217;un pratiquant r\u00e9cite le mantra enseign\u00e9 par Guru Siyag avec constance pendant quelques semaines, le Japa (r\u00e9citation mentale) du mantra devient naturel et se produit involontairement. Le pratiquant n&#8217;a qu&#8217;\u00e0 y pr\u00eater attention. Cet \u00e9tat est appel\u00e9 Ajapa Japa. Les Kriyas sont induites par la Kundalini sans la volont\u00e9 ni l&#8217;effort du pratiquant. De m\u00eame, l&#8217;Ajapa Japa est l&#8217;une des nombreuses exp\u00e9riences divines provoqu\u00e9es par la Kundalini. L&#8217;Ajapa Japa est v\u00e9cu par tous ceux qui r\u00e9citent le mantra de Guru Siyag avec d\u00e9vouement et r\u00e9gularit\u00e9. La dur\u00e9e de cette exp\u00e9rience (depuis le d\u00e9but de la r\u00e9citation) est variable et diff\u00e8re pour chaque individu. Ce qui est certain, c&#8217;est que cette exp\u00e9rience est v\u00e9cue par ceux qui r\u00e9citent le mantra constamment, aussi souvent que possible, tout au long de la journ\u00e9e (voir notre article pr\u00e9c\u00e9dent sur la r\u00e9citation continue). Si l&#8217;on interrompt la r\u00e9citation pendant quelques jours, la pratique devient irr\u00e9guli\u00e8re et il faut d&#8217;autant plus de temps au pratiquant pour exp\u00e9rimenter l&#8217;Ajapa Japa.<\/p>\n<p style=\"font-weight: 400;\">Japa signifie la r\u00e9citation d&#8217;un mantra. C&#8217;est le premier et principal outil que le pratiquant utilise sur le chemin spirituel pour atteindre un niveau de conscience sup\u00e9rieur et le but ultime du Moksha.<\/p>\n<p style=\"font-weight: 400;\">Le pratiquant doit r\u00e9p\u00e9ter le mantra avec constance durant les premi\u00e8res \u00e9tapes de sa pratique. Ceci a pour but d&#8217;ancrer dans son esprit la conscience du mantra et de la force divine qu&#8217;il repr\u00e9sente. La r\u00e9citation soutenue conduit progressivement \u00e0 la r\u00e9p\u00e9tition du mantra sans effort conscient de la part du pratiquant. Il devient alors pleinement conscient de la pr\u00e9sence constante du mantra dans son esprit. Cela peut se produire en quelques semaines, selon la d\u00e9termination et la d\u00e9votion du pratiquant. On appelle cela l&#8217;Ajapa. Le pr\u00e9fixe \u00abA\u00bb devant le mot Japa signifie litt\u00e9ralement la r\u00e9citation qui se fait sans effort conscient du pratiquant.<\/p>\n<p style=\"font-weight: 400;\">L&#8217;Ajapa Japa est souvent qualifi\u00e9 de r\u00e9citation \u00abautomatique\u00bb. Cependant, \u00e0 ce stade, le pratiquant prend pleinement conscience de la parole divine, \u00e9ternellement pr\u00e9sente, qui impr\u00e8gne et r\u00e9sonne spontan\u00e9ment dans la conscience int\u00e9rieure de tous les \u00eatres. L&#8217;Ajapa Japa constitue un seuil essentiel, franchissant lequel le pratiquant acc\u00e8de \u00e0 des niveaux sup\u00e9rieurs de conscience spirituelle.<\/p>\n<p style=\"font-weight: 400;\">Pour atteindre ce stade, le disciple doit r\u00e9citer (r\u00e9p\u00e9ter mentalement) le mantra sans rel\u00e2che durant ses heures d&#8217;\u00e9veil, tout en vaquant \u00e0 ses occupations quotidiennes (manger, se laver, courir, conduire, cuisiner, etc.). La r\u00e9citation se faisant silencieusement, elle n&#8217;interrompt pas les activit\u00e9s du pratiquant et ne d\u00e9range pas son entourage. Lorsque le Japa est r\u00e9cit\u00e9 avec ferveur (et non m\u00e9caniquement), le pratiquant constate des changements significatifs dans sa personnalit\u00e9 d\u00e8s les premiers instants de la pratique.<\/p>\n<p style=\"font-weight: 400;\">\n<p style=\"font-weight: 400;\"><span style=\"color: #ff0000;\"><strong>Signes de l&#8217;Ajapa Japa<\/strong><\/span><\/p>\n<p style=\"font-weight: 400;\"><span style=\"color: #008000;\"><strong>Est-ce de l&#8217;Ajapa Japa? Comment en \u00eatre s\u00fbr?<\/strong><\/span><\/p>\n<p style=\"font-weight: 400;\">Deux signes confirment l&#8217;exp\u00e9rience de l&#8217;Ajapa Japa:<\/p>\n<ul>\n<li>Habituellement, lorsque nous sommes engag\u00e9s dans une activit\u00e9 qui requiert de la concentration mentale, il nous est impossible de r\u00e9citer le mantra. Cependant, lors de l&#8217;Ajapa Japa, la r\u00e9citation se poursuit malgr\u00e9 le fait que notre esprit soit ailleurs. C&#8217;est presque comme si, voyant le d\u00e9vouement du pratiquant, la Kundalini prenait elle-m\u00eame en charge la r\u00e9citation.<\/li>\n<li>Lorsque nous nous r\u00e9veillons au milieu de la nuit, nous prenons presque instantan\u00e9ment conscience que le mantra est r\u00e9cit\u00e9.<\/li>\n<\/ul>\n<p style=\"font-weight: 400;\">\n<p style=\"font-weight: 400;\"><span style=\"color: #008000;\"><strong>Que faire face \u00e0 cette exp\u00e9rience?<\/strong><\/span><\/p>\n<ul>\n<li>Avant tout: savourez-la! Lorsque les pratiquants abordent une exp\u00e9rience avec ouverture et joie (plut\u00f4t qu&#8217;avec suspicion et crainte), l&#8217;impact de cette gr\u00e2ce s&#8217;en trouve amplifi\u00e9. Dans le cas de l&#8217;Ajapa Japa, la positivit\u00e9 du chercheur conduit \u00e0 une exp\u00e9rience de joie profonde.<\/li>\n<li>Guru Siyag conseille \u00e0 ses disciples de se concentrer sur le chant 7 \u00e0 8 fois par jour. Il dit: \u00abLorsque vous r\u00e9citez inlassablement le mantra que je vous ai transmis, le chant devient involontaire. Vous ne pouvez l&#8217;arr\u00eater, m\u00eame en essayant. Vous aurez l&#8217;impression que quelqu&#8217;un en vous a pris en charge le chant et vous a lib\u00e9r\u00e9 de cet effort. Consacrez-vous \u00e0 ce chant 7 \u00e0 8 fois par jour. C&#8217;est tout. Vous n&#8217;avez besoin de modifier en rien votre mode de vie ni vos habitudes alimentaires. Rien n&#8217;est interdit. La transformation s&#8217;op\u00e9rera d&#8217;elle-m\u00eame.\u00bb<\/li>\n<\/ul>\n","protected":false},"excerpt":{"rendered":"<p>Qu&#8217;est-ce que l&#8217;Ajapa Japa? Ce terme sanskrit se traduit litt\u00e9ralement par \u00able chant qui n&#8217;est pas chant\u00e9\u00bb. Lorsqu&#8217;un pratiquant r\u00e9cite le mantra enseign\u00e9 par Guru Siyag avec constance pendant quelques semaines, le Japa (r\u00e9citation mentale) du mantra devient naturel et se produit involontairement. Le pratiquant n&#8217;a qu&#8217;\u00e0 y pr\u00eater attention. Cet \u00e9tat est appel\u00e9 Ajapa Japa. Les Kriyas sont induites par la Kundalini sans la volont\u00e9 ni l&#8217;effort du pratiquant. De m\u00eame, l&#8217;Ajapa Japa est l&#8217;une des nombreuses exp\u00e9riences divines provoqu\u00e9es par la Kundalini. L&#8217;Ajapa Japa est v\u00e9cu par tous ceux qui r\u00e9citent le mantra de Guru Siyag avec d\u00e9vouement et r\u00e9gularit\u00e9. La dur\u00e9e de cette exp\u00e9rience (depuis le d\u00e9but de la r\u00e9citation) est variable et diff\u00e8re pour chaque individu. Ce qui est certain, c&#8217;est que cette exp\u00e9rience est v\u00e9cue par ceux qui r\u00e9citent le mantra constamment, aussi souvent que possible, tout au long de la journ\u00e9e (voir notre article pr\u00e9c\u00e9dent sur la r\u00e9citation continue). Si l&#8217;on interrompt la r\u00e9citation pendant quelques jours, la pratique devient irr\u00e9guli\u00e8re et il faut d&#8217;autant plus de temps au pratiquant pour exp\u00e9rimenter l&#8217;Ajapa Japa. Japa signifie la r\u00e9citation d&#8217;un mantra. C&#8217;est le premier et principal outil que le pratiquant utilise sur le chemin spirituel pour atteindre un niveau de conscience sup\u00e9rieur et le but ultime du Moksha. Le pratiquant doit r\u00e9p\u00e9ter le mantra avec constance durant les premi\u00e8res \u00e9tapes de sa pratique. Ceci a pour but d&#8217;ancrer dans son esprit la conscience du mantra et de la force divine qu&#8217;il repr\u00e9sente. La r\u00e9citation soutenue conduit progressivement \u00e0 la r\u00e9p\u00e9tition du mantra sans effort conscient de la part du pratiquant. Il devient alors pleinement conscient de la pr\u00e9sence constante du mantra dans son esprit. Cela peut se produire en quelques semaines, selon la d\u00e9termination et la d\u00e9votion du pratiquant. On appelle cela l&#8217;Ajapa. Le pr\u00e9fixe \u00abA\u00bb devant le mot Japa signifie litt\u00e9ralement la r\u00e9citation qui se fait sans effort conscient du pratiquant. L&#8217;Ajapa Japa est souvent qualifi\u00e9 de r\u00e9citation \u00abautomatique\u00bb. Cependant, \u00e0 ce stade, le pratiquant prend pleinement conscience de la parole divine, \u00e9ternellement pr\u00e9sente, qui impr\u00e8gne et r\u00e9sonne spontan\u00e9ment dans la conscience int\u00e9rieure de tous les \u00eatres. L&#8217;Ajapa Japa constitue un seuil essentiel, franchissant lequel le pratiquant acc\u00e8de \u00e0 des niveaux sup\u00e9rieurs de conscience spirituelle. Pour atteindre ce stade, le disciple doit r\u00e9citer (r\u00e9p\u00e9ter mentalement) le mantra sans rel\u00e2che durant ses heures d&#8217;\u00e9veil, tout en vaquant \u00e0 ses occupations quotidiennes (manger, se laver, courir, conduire, cuisiner, etc.). La r\u00e9citation se faisant silencieusement, elle n&#8217;interrompt pas les activit\u00e9s du pratiquant et ne d\u00e9range pas son entourage. Lorsque le Japa est r\u00e9cit\u00e9 avec ferveur (et non m\u00e9caniquement), le pratiquant constate des changements significatifs dans sa personnalit\u00e9 d\u00e8s les premiers instants de la pratique. Signes de l&#8217;Ajapa Japa Est-ce de l&#8217;Ajapa Japa? Comment en \u00eatre s\u00fbr? Deux signes confirment l&#8217;exp\u00e9rience de l&#8217;Ajapa Japa: Habituellement, lorsque nous sommes engag\u00e9s dans une activit\u00e9 qui requiert de la concentration mentale, il nous est impossible de r\u00e9citer le mantra. Cependant, lors de l&#8217;Ajapa Japa, la r\u00e9citation se poursuit malgr\u00e9 le fait que notre esprit soit ailleurs. C&#8217;est presque comme si, voyant le d\u00e9vouement du pratiquant, la Kundalini prenait elle-m\u00eame en charge la r\u00e9citation. Lorsque nous nous r\u00e9veillons au milieu de la nuit, nous prenons presque instantan\u00e9ment conscience que le mantra est r\u00e9cit\u00e9. Que faire face \u00e0 cette exp\u00e9rience? Avant tout: savourez-la! Lorsque les pratiquants abordent une exp\u00e9rience avec ouverture et joie (plut\u00f4t qu&#8217;avec suspicion et crainte), l&#8217;impact de cette gr\u00e2ce s&#8217;en trouve amplifi\u00e9. Dans le cas de l&#8217;Ajapa Japa, la positivit\u00e9 du chercheur conduit \u00e0 une exp\u00e9rience de joie profonde. Guru Siyag conseille \u00e0 ses disciples de se concentrer sur le chant 7 \u00e0 8 fois par jour. Il dit: \u00abLorsque vous r\u00e9citez inlassablement le mantra que je vous ai transmis, le chant devient involontaire. Vous ne pouvez l&#8217;arr\u00eater, m\u00eame en essayant. Vous aurez l&#8217;impression que quelqu&#8217;un en vous a pris en charge le chant et vous a lib\u00e9r\u00e9 de cet effort. Consacrez-vous \u00e0 ce chant 7 \u00e0 8 fois par jour. C&#8217;est tout. Vous n&#8217;avez besoin de modifier en rien votre mode de vie ni vos habitudes alimentaires. Rien n&#8217;est interdit. La transformation s&#8217;op\u00e9rera d&#8217;elle-m\u00eame.\u00bb<\/p>\n","protected":false},"author":2,"featured_media":0,"parent":0,"menu_order":0,"comment_status":"closed","ping_status":"closed","template":"","meta":{"footnotes":""},"class_list":["post-1569","page","type-page","status-publish","hentry"],"aioseo_notices":[],"ams_acf":[],"_links":{"self":[{"href":"https:\/\/gurusiyagyoga.org\/fr\/wp-json\/wp\/v2\/pages\/1569","targetHints":{"allow":["GET"]}}],"collection":[{"href":"https:\/\/gurusiyagyoga.org\/fr\/wp-json\/wp\/v2\/pages"}],"about":[{"href":"https:\/\/gurusiyagyoga.org\/fr\/wp-json\/wp\/v2\/types\/page"}],"author":[{"embeddable":true,"href":"https:\/\/gurusiyagyoga.org\/fr\/wp-json\/wp\/v2\/users\/2"}],"replies":[{"embeddable":true,"href":"https:\/\/gurusiyagyoga.org\/fr\/wp-json\/wp\/v2\/comments?post=1569"}],"version-history":[{"count":2,"href":"https:\/\/gurusiyagyoga.org\/fr\/wp-json\/wp\/v2\/pages\/1569\/revisions"}],"predecessor-version":[{"id":1610,"href":"https:\/\/gurusiyagyoga.org\/fr\/wp-json\/wp\/v2\/pages\/1569\/revisions\/1610"}],"wp:attachment":[{"href":"https:\/\/gurusiyagyoga.org\/fr\/wp-json\/wp\/v2\/media?parent=1569"}],"curies":[{"name":"wp","href":"https:\/\/api.w.org\/{rel}","templated":true}]}}