{"id":1573,"date":"2026-01-27T13:31:57","date_gmt":"2026-01-27T08:01:57","guid":{"rendered":"https:\/\/gurusiyagyoga.org\/fr\/?page_id=1573"},"modified":"2026-02-01T17:31:33","modified_gmt":"2026-02-01T12:01:33","slug":"tribandh","status":"publish","type":"page","link":"https:\/\/gurusiyagyoga.org\/fr\/tribandh\/","title":{"rendered":"6.7 Tri-Bandh"},"content":{"rendered":"<ul>\n<li style=\"font-weight: 400;\">Le terme Nad, au sens courant, d\u00e9signe tout son. Il est cr\u00e9\u00e9 lorsqu&#8217;un objet entre en contact, frappe, frotte ou heurte un autre. Le tonnerre, le bruissement du vent, le chant des oiseaux, les m\u00e9lodies instrumentales ou vocales, le vrombissement des machines et bien d&#8217;autres sons naturels ou artificiels appartiennent \u00e0 cette cat\u00e9gorie de sons\u2019 physiques.<\/li>\n<li style=\"font-weight: 400;\">Cependant, dans la litt\u00e9rature et la pratique yogiques, le terme Nad rev\u00eat une signification diff\u00e9rente et particuli\u00e8re. Spirituellement, Nad est un son non frapp\u00e9, un son qui n&#8217;est pas le fruit de la friction entre des objets. C&#8217;est un son incessant qui impr\u00e8gne l&#8217;univers entier. Selon des textes anciens comme les V\u00e9das et les Upanishads, c&#8217;est de ce son Anahat (\u00e9ternel\/infini) que l&#8217;univers tout entier a \u00e9merg\u00e9. On dit m\u00eame que Nad est la manifestation du divin absolu sous la forme du son \u00abOm\u00bb. C&#8217;est ce son divin qui relie le chercheur aux plans de conscience sup\u00e9rieurs.<\/li>\n<li style=\"font-weight: 400;\">Apr\u00e8s avoir exp\u00e9riment\u00e9 l&#8217;\u00e9tape de l&#8217;AjapaJapa (chant involontaire), de nombreux pratiquants du yoga de Guru Siyag commencent \u00e0 percevoir un son particulier et continu dans une de leurs oreilles. Ce son \u00e9voque une infinit\u00e9 de sons naturels ou artificiels. Parmi les sons fr\u00e9quemment per\u00e7us, on trouve le chant des grillons, le bourdonnement des abeilles, les notes d&#8217;une fl\u00fbte, le jeu de la Veena (un instrument de musique indien \u00e0 cordes), le carillon des cloches, le choc des cymbales, etc. Ce son per\u00e7u par le pratiquant est appel\u00e9 Anahat Nad (son \u00e9ternel). Bien que ce Nad ressemble \u00e0 des sons courants de notre monde physique, il s&#8217;agit en r\u00e9alit\u00e9 d&#8217;une version subtile du son divin que repr\u00e9sente le mantra enseign\u00e9 par Gurudev (Vaikhari Vanior, la parole articul\u00e9e \u00e9tant la forme el plus manifeste de l&#8217;\u00e9nergie sonore divine). Ainsi, le pratiquant prend conscience du Nad, ou le ressent, plut\u00f4t que de l&#8217;entendre. Le Nad \u00e9tant une forme plus subtile du mantra de Gurudev, et l&#8217;ascension vers des plans de conscience plus subtils \u00e9tant toujours l&#8217;objectif du chercheur, le pratiquant doit interrompre le chant d\u00e8s que l&#8217;Anahat Nad commence. Avant d&#8217;arr\u00eater, il est important de s&#8217;assurer que le Nad est bien audible sans interruption et ne constitue pas une exp\u00e9rience br\u00e8ve. \u00c9coutez attentivement ce son pendant quelques jours. Si son intensit\u00e9 augmente et qu&#8217;il devient audible m\u00eame dans un environnement bruyant, sachez que vous entendez l&#8217;Anahat Nad.<\/li>\n<li style=\"font-weight: 400;\">Gurudev conseille \u00e0 ses disciples d&#8217;\u00e9couter ce Nad avec la plus grande attention possible. En l&#8217;\u00e9coutant avec concentration pendant de longues p\u00e9riodes, l&#8217;esprit du pratiquant, souvent agit\u00e9, s&#8217;harmonise avec ce son divin et finit par ne faire qu&#8217;un avec lui. Durant la m\u00e9ditation, le corps humain sert de canal pours recevoir et ressentir les vibrations provenant de plans subtils situ\u00e9s bien au-del\u00e0 de notre monde physique. Ainsi, le Nad que le chercheur entend \u00e0 son oreille n&#8217;est pas un son physique, mais un son subtil \u00e9manant de sa source divine originelle.<\/li>\n<li style=\"font-weight: 400;\">L&#8217;importance de Nad se r\u00e9v\u00e8le dans l&#8217;explication limpide de Gurudev sur le lien direct entre l&#8217;\u00e9volution spirituelle individuelle et la descente du divin dans la mati\u00e8re lors de la cr\u00e9ation de l&#8217;univers par le son \u00abOm\u00bb, le son non frapp\u00e9. La cr\u00e9ation de l&#8217;univers physique s&#8217;est d\u00e9roul\u00e9e en cinq \u00e9tapes successives, lorsque Om, le divin lui-m\u00eame, est descendu d&#8217;Akash (le ciel\/l&#8217;\u00e9ther), le plan le plus \u00e9lev\u00e9, \u00e0 travers Vayu (le vent), Agni (le feu) et Jal (l&#8217;eau), pour atteindre Prithvi (la terre). Chacun des cinq \u00e9l\u00e9ments descendants repr\u00e9sentait une forme plus grossi\u00e8re du divin que le pr\u00e9c\u00e9dent. Prithvi repr\u00e9sente la forme el plus grossi\u00e8re de la mati\u00e8re, o\u00f9 le divin s&#8217;incarne et rev\u00eat une myriade de formes, de l&#8217;humain aux plus petits insectes et germes.<\/li>\n<li style=\"font-weight: 400;\">Derri\u00e8re chaque \u00e9l\u00e9ment naturel se cache un \u00e9l\u00e9ment subtil appel\u00e9 Tanmatra. Ces Tanmatras nous conf\u00e8rent nos cinq sens physiques. Ainsi, le ciel poss\u00e8de Shabd (la parole), le mot ou le son divin, en tant qu&#8217;\u00e9l\u00e9ment subtil; le vent, Sparsh (le toucher); le feu, la perception (la vue); l&#8217;eau, Swad (le go\u00fbt) et la terre, Gandh (l&#8217;odorat). Ces sens physiques nous retiennent au plan mat\u00e9riel, ce qui nous fait oublier notre v\u00e9ritable nature divine et nous enlise dans l&#8217;illusion des joies et des peines.<\/li>\n<li style=\"font-weight: 400;\">Nous pouvons nous lib\u00e9rer de ce pi\u00e8ge, explique Gurudev, en inversant le processus de la descente divine dans la mati\u00e8re. Lorsque nous pratiquons la m\u00e9ditation par les mantras, notre Kundalini \u00e9veill\u00e9e nous aide \u00e0 nous \u00e9lever en conscience en ma\u00eetrisant chaque \u00e9l\u00e9ment et son sens physique associ\u00e9, pour finalement atteindre le sommet de l&#8217;\u00e9volution spirituelle dans le Sahasrara. Le Nad est alors le son divin dont nous sommes issus et c&#8217;est \u00e0 ce son divin que nous retournons, \u00e0 notre demeure originelle.<\/li>\n<\/ul>\n","protected":false},"excerpt":{"rendered":"<p>Le terme Nad, au sens courant, d\u00e9signe tout son. Il est cr\u00e9\u00e9 lorsqu&#8217;un objet entre en contact, frappe, frotte ou heurte un autre. Le tonnerre, le bruissement du vent, le chant des oiseaux, les m\u00e9lodies instrumentales ou vocales, le vrombissement des machines et bien d&#8217;autres sons naturels ou artificiels appartiennent \u00e0 cette cat\u00e9gorie de sons\u2019 physiques. Cependant, dans la litt\u00e9rature et la pratique yogiques, le terme Nad rev\u00eat une signification diff\u00e9rente et particuli\u00e8re. Spirituellement, Nad est un son non frapp\u00e9, un son qui n&#8217;est pas le fruit de la friction entre des objets. C&#8217;est un son incessant qui impr\u00e8gne l&#8217;univers entier. Selon des textes anciens comme les V\u00e9das et les Upanishads, c&#8217;est de ce son Anahat (\u00e9ternel\/infini) que l&#8217;univers tout entier a \u00e9merg\u00e9. On dit m\u00eame que Nad est la manifestation du divin absolu sous la forme du son \u00abOm\u00bb. C&#8217;est ce son divin qui relie le chercheur aux plans de conscience sup\u00e9rieurs. Apr\u00e8s avoir exp\u00e9riment\u00e9 l&#8217;\u00e9tape de l&#8217;AjapaJapa (chant involontaire), de nombreux pratiquants du yoga de Guru Siyag commencent \u00e0 percevoir un son particulier et continu dans une de leurs oreilles. Ce son \u00e9voque une infinit\u00e9 de sons naturels ou artificiels. Parmi les sons fr\u00e9quemment per\u00e7us, on trouve le chant des grillons, le bourdonnement des abeilles, les notes d&#8217;une fl\u00fbte, le jeu de la Veena (un instrument de musique indien \u00e0 cordes), le carillon des cloches, le choc des cymbales, etc. Ce son per\u00e7u par le pratiquant est appel\u00e9 Anahat Nad (son \u00e9ternel). Bien que ce Nad ressemble \u00e0 des sons courants de notre monde physique, il s&#8217;agit en r\u00e9alit\u00e9 d&#8217;une version subtile du son divin que repr\u00e9sente le mantra enseign\u00e9 par Gurudev (Vaikhari Vanior, la parole articul\u00e9e \u00e9tant la forme el plus manifeste de l&#8217;\u00e9nergie sonore divine). Ainsi, le pratiquant prend conscience du Nad, ou le ressent, plut\u00f4t que de l&#8217;entendre. Le Nad \u00e9tant une forme plus subtile du mantra de Gurudev, et l&#8217;ascension vers des plans de conscience plus subtils \u00e9tant toujours l&#8217;objectif du chercheur, le pratiquant doit interrompre le chant d\u00e8s que l&#8217;Anahat Nad commence. Avant d&#8217;arr\u00eater, il est important de s&#8217;assurer que le Nad est bien audible sans interruption et ne constitue pas une exp\u00e9rience br\u00e8ve. \u00c9coutez attentivement ce son pendant quelques jours. Si son intensit\u00e9 augmente et qu&#8217;il devient audible m\u00eame dans un environnement bruyant, sachez que vous entendez l&#8217;Anahat Nad. Gurudev conseille \u00e0 ses disciples d&#8217;\u00e9couter ce Nad avec la plus grande attention possible. En l&#8217;\u00e9coutant avec concentration pendant de longues p\u00e9riodes, l&#8217;esprit du pratiquant, souvent agit\u00e9, s&#8217;harmonise avec ce son divin et finit par ne faire qu&#8217;un avec lui. Durant la m\u00e9ditation, le corps humain sert de canal pours recevoir et ressentir les vibrations provenant de plans subtils situ\u00e9s bien au-del\u00e0 de notre monde physique. Ainsi, le Nad que le chercheur entend \u00e0 son oreille n&#8217;est pas un son physique, mais un son subtil \u00e9manant de sa source divine originelle. L&#8217;importance de Nad se r\u00e9v\u00e8le dans l&#8217;explication limpide de Gurudev sur le lien direct entre l&#8217;\u00e9volution spirituelle individuelle et la descente du divin dans la mati\u00e8re lors de la cr\u00e9ation de l&#8217;univers par le son \u00abOm\u00bb, le son non frapp\u00e9. La cr\u00e9ation de l&#8217;univers physique s&#8217;est d\u00e9roul\u00e9e en cinq \u00e9tapes successives, lorsque Om, le divin lui-m\u00eame, est descendu d&#8217;Akash (le ciel\/l&#8217;\u00e9ther), le plan le plus \u00e9lev\u00e9, \u00e0 travers Vayu (le vent), Agni (le feu) et Jal (l&#8217;eau), pour atteindre Prithvi (la terre). Chacun des cinq \u00e9l\u00e9ments descendants repr\u00e9sentait une forme plus grossi\u00e8re du divin que le pr\u00e9c\u00e9dent. Prithvi repr\u00e9sente la forme el plus grossi\u00e8re de la mati\u00e8re, o\u00f9 le divin s&#8217;incarne et rev\u00eat une myriade de formes, de l&#8217;humain aux plus petits insectes et germes. Derri\u00e8re chaque \u00e9l\u00e9ment naturel se cache un \u00e9l\u00e9ment subtil appel\u00e9 Tanmatra. Ces Tanmatras nous conf\u00e8rent nos cinq sens physiques. Ainsi, le ciel poss\u00e8de Shabd (la parole), le mot ou le son divin, en tant qu&#8217;\u00e9l\u00e9ment subtil; le vent, Sparsh (le toucher); le feu, la perception (la vue); l&#8217;eau, Swad (le go\u00fbt) et la terre, Gandh (l&#8217;odorat). Ces sens physiques nous retiennent au plan mat\u00e9riel, ce qui nous fait oublier notre v\u00e9ritable nature divine et nous enlise dans l&#8217;illusion des joies et des peines. Nous pouvons nous lib\u00e9rer de ce pi\u00e8ge, explique Gurudev, en inversant le processus de la descente divine dans la mati\u00e8re. Lorsque nous pratiquons la m\u00e9ditation par les mantras, notre Kundalini \u00e9veill\u00e9e nous aide \u00e0 nous \u00e9lever en conscience en ma\u00eetrisant chaque \u00e9l\u00e9ment et son sens physique associ\u00e9, pour finalement atteindre le sommet de l&#8217;\u00e9volution spirituelle dans le Sahasrara. Le Nad est alors le son divin dont nous sommes issus et c&#8217;est \u00e0 ce son divin que nous retournons, \u00e0 notre demeure originelle.<\/p>\n","protected":false},"author":2,"featured_media":0,"parent":0,"menu_order":0,"comment_status":"closed","ping_status":"closed","template":"","meta":{"footnotes":""},"class_list":["post-1573","page","type-page","status-publish","hentry"],"aioseo_notices":[],"ams_acf":[],"_links":{"self":[{"href":"https:\/\/gurusiyagyoga.org\/fr\/wp-json\/wp\/v2\/pages\/1573","targetHints":{"allow":["GET"]}}],"collection":[{"href":"https:\/\/gurusiyagyoga.org\/fr\/wp-json\/wp\/v2\/pages"}],"about":[{"href":"https:\/\/gurusiyagyoga.org\/fr\/wp-json\/wp\/v2\/types\/page"}],"author":[{"embeddable":true,"href":"https:\/\/gurusiyagyoga.org\/fr\/wp-json\/wp\/v2\/users\/2"}],"replies":[{"embeddable":true,"href":"https:\/\/gurusiyagyoga.org\/fr\/wp-json\/wp\/v2\/comments?post=1573"}],"version-history":[{"count":2,"href":"https:\/\/gurusiyagyoga.org\/fr\/wp-json\/wp\/v2\/pages\/1573\/revisions"}],"predecessor-version":[{"id":1611,"href":"https:\/\/gurusiyagyoga.org\/fr\/wp-json\/wp\/v2\/pages\/1573\/revisions\/1611"}],"wp:attachment":[{"href":"https:\/\/gurusiyagyoga.org\/fr\/wp-json\/wp\/v2\/media?parent=1573"}],"curies":[{"name":"wp","href":"https:\/\/api.w.org\/{rel}","templated":true}]}}