{"id":1575,"date":"2026-01-27T13:32:50","date_gmt":"2026-01-27T08:02:50","guid":{"rendered":"https:\/\/gurusiyagyoga.org\/fr\/?page_id=1575"},"modified":"2026-02-01T17:32:07","modified_gmt":"2026-02-01T12:02:07","slug":"khechri","status":"publish","type":"page","link":"https:\/\/gurusiyagyoga.org\/fr\/khechri\/","title":{"rendered":"6.8 Khechari Mudra"},"content":{"rendered":"<ul>\n<li>Gurudev d\u00e9crit le Khechari Mudra, sa signification et l&#8217;importance de la r\u00e9citation du mantra. Si les paroles de Gurudev vous inspirent, partagez ce message; merci de ne pas le copier-coller. En partageant cette publication, vous attirerez davantage de visiteurs sur notre page:<\/li>\n<li>\u00abUn mudra (geste spirituel) pratiqu\u00e9 par les sages est le Khechari Mudra. Dans ce mudra, la langue est tir\u00e9e vers l\u2019arri\u00e8re, en direction du palais, puis touche un point pr\u00e9cis. \u00c0 ce contact, une substance semblable \u00e0 du nectar est s\u00e9cr\u00e9t\u00e9e.<\/li>\n<li>Gorakshnathji (ancien Nath Yogi) d\u00e9signait cette substance sous le nom d\u2019Amrit (Ambroisie, Nectar ou \u00e9lixir de vie). De mani\u00e8re po\u00e9tique, il d\u00e9crivait le Khechari Mudra comme un puits renvers\u00e9 dans la sph\u00e8re c\u00e9leste, d\u2019o\u00f9 jaillit le nectar. Celui qui est conscient s\u2019en abreuve \u00e0 sati\u00e9t\u00e9, tandis que l\u2019inconscient a soif. Celui qui go\u00fbte \u00e0 cet Amrit acquiert la connaissance de son immortalit\u00e9. Et s\u2019il s\u2019agit bien d\u2019Amrit, la question de la renaissance ne se pose plus.\u00bb<\/li>\n<li>Saint Kabir a compar\u00e9 le corps \u00e0 un pot de terre rempli d&#8217;eau. Ce pot est immerg\u00e9 dans l&#8217;eau. Il y a donc de l&#8217;eau \u00e0 l&#8217;int\u00e9rieur et \u00e0 l&#8217;ext\u00e9rieur du pot. L&#8217;argile du pot se d\u00e9sagr\u00e8ge peu \u00e0 peu et bient\u00f4t le pot se brise compl\u00e8tement. D\u00e8s que le pot se brise, l&#8217;eau \u00e0 l&#8217;int\u00e9rieur et \u00e0 l&#8217;ext\u00e9rieur ne font plus qu&#8217;une. Cette r\u00e9alisation de l&#8217;unit\u00e9 n&#8217;arrive que par la gr\u00e2ce du Guru. Ce corps auquel vous tenez tant n&#8217;est qu&#8217;un pot qui finira par se briser. Si vous voulez vous lib\u00e9rer de ce cycle de vie et de mort, vous devez r\u00e9citer le mantra sans cesse.<\/li>\n<li>On dit aussi: \u00abDans le Kali Yuga (l&#8217;\u00c2ge du Mensonge), seul le chant du nom de Dieu peut vous guider vers le Moksha (la lib\u00e9ration).\u00bb Guru Nanak a dit que l&#8217;ivresse des drogues s&#8217;estompe le lendemain matin, mais que l&#8217;ivresse du chant ne s&#8217;estompe jamais. Saint Kabir a \u00e9galement dit que l&#8217;ivresse du chant ne s&#8217;estompe pas. Au contraire, la joie enivrante qu&#8217;il procure grandit chaque jour. Le mantra que je vous ai donn\u00e9 et que vous r\u00e9citerez vous procurera une joie enivrante. C&#8217;est une ivresse sans drogue.<\/li>\n<\/ul>\n","protected":false},"excerpt":{"rendered":"<p>Gurudev d\u00e9crit le Khechari Mudra, sa signification et l&#8217;importance de la r\u00e9citation du mantra. Si les paroles de Gurudev vous inspirent, partagez ce message; merci de ne pas le copier-coller. En partageant cette publication, vous attirerez davantage de visiteurs sur notre page: \u00abUn mudra (geste spirituel) pratiqu\u00e9 par les sages est le Khechari Mudra. Dans ce mudra, la langue est tir\u00e9e vers l\u2019arri\u00e8re, en direction du palais, puis touche un point pr\u00e9cis. \u00c0 ce contact, une substance semblable \u00e0 du nectar est s\u00e9cr\u00e9t\u00e9e. Gorakshnathji (ancien Nath Yogi) d\u00e9signait cette substance sous le nom d\u2019Amrit (Ambroisie, Nectar ou \u00e9lixir de vie). De mani\u00e8re po\u00e9tique, il d\u00e9crivait le Khechari Mudra comme un puits renvers\u00e9 dans la sph\u00e8re c\u00e9leste, d\u2019o\u00f9 jaillit le nectar. Celui qui est conscient s\u2019en abreuve \u00e0 sati\u00e9t\u00e9, tandis que l\u2019inconscient a soif. Celui qui go\u00fbte \u00e0 cet Amrit acquiert la connaissance de son immortalit\u00e9. Et s\u2019il s\u2019agit bien d\u2019Amrit, la question de la renaissance ne se pose plus.\u00bb Saint Kabir a compar\u00e9 le corps \u00e0 un pot de terre rempli d&#8217;eau. Ce pot est immerg\u00e9 dans l&#8217;eau. Il y a donc de l&#8217;eau \u00e0 l&#8217;int\u00e9rieur et \u00e0 l&#8217;ext\u00e9rieur du pot. L&#8217;argile du pot se d\u00e9sagr\u00e8ge peu \u00e0 peu et bient\u00f4t le pot se brise compl\u00e8tement. D\u00e8s que le pot se brise, l&#8217;eau \u00e0 l&#8217;int\u00e9rieur et \u00e0 l&#8217;ext\u00e9rieur ne font plus qu&#8217;une. Cette r\u00e9alisation de l&#8217;unit\u00e9 n&#8217;arrive que par la gr\u00e2ce du Guru. Ce corps auquel vous tenez tant n&#8217;est qu&#8217;un pot qui finira par se briser. Si vous voulez vous lib\u00e9rer de ce cycle de vie et de mort, vous devez r\u00e9citer le mantra sans cesse. On dit aussi: \u00abDans le Kali Yuga (l&#8217;\u00c2ge du Mensonge), seul le chant du nom de Dieu peut vous guider vers le Moksha (la lib\u00e9ration).\u00bb Guru Nanak a dit que l&#8217;ivresse des drogues s&#8217;estompe le lendemain matin, mais que l&#8217;ivresse du chant ne s&#8217;estompe jamais. Saint Kabir a \u00e9galement dit que l&#8217;ivresse du chant ne s&#8217;estompe pas. Au contraire, la joie enivrante qu&#8217;il procure grandit chaque jour. Le mantra que je vous ai donn\u00e9 et que vous r\u00e9citerez vous procurera une joie enivrante. C&#8217;est une ivresse sans drogue.<\/p>\n","protected":false},"author":2,"featured_media":0,"parent":0,"menu_order":0,"comment_status":"closed","ping_status":"closed","template":"","meta":{"footnotes":""},"class_list":["post-1575","page","type-page","status-publish","hentry"],"aioseo_notices":[],"ams_acf":[],"_links":{"self":[{"href":"https:\/\/gurusiyagyoga.org\/fr\/wp-json\/wp\/v2\/pages\/1575","targetHints":{"allow":["GET"]}}],"collection":[{"href":"https:\/\/gurusiyagyoga.org\/fr\/wp-json\/wp\/v2\/pages"}],"about":[{"href":"https:\/\/gurusiyagyoga.org\/fr\/wp-json\/wp\/v2\/types\/page"}],"author":[{"embeddable":true,"href":"https:\/\/gurusiyagyoga.org\/fr\/wp-json\/wp\/v2\/users\/2"}],"replies":[{"embeddable":true,"href":"https:\/\/gurusiyagyoga.org\/fr\/wp-json\/wp\/v2\/comments?post=1575"}],"version-history":[{"count":2,"href":"https:\/\/gurusiyagyoga.org\/fr\/wp-json\/wp\/v2\/pages\/1575\/revisions"}],"predecessor-version":[{"id":1612,"href":"https:\/\/gurusiyagyoga.org\/fr\/wp-json\/wp\/v2\/pages\/1575\/revisions\/1612"}],"wp:attachment":[{"href":"https:\/\/gurusiyagyoga.org\/fr\/wp-json\/wp\/v2\/media?parent=1575"}],"curies":[{"name":"wp","href":"https:\/\/api.w.org\/{rel}","templated":true}]}}