{"id":1577,"date":"2026-01-27T13:33:34","date_gmt":"2026-01-27T08:03:34","guid":{"rendered":"https:\/\/gurusiyagyoga.org\/fr\/?page_id=1577"},"modified":"2026-02-01T17:33:12","modified_gmt":"2026-02-01T12:03:12","slug":"siddhis","status":"publish","type":"page","link":"https:\/\/gurusiyagyoga.org\/fr\/siddhis\/","title":{"rendered":"6.9 Siddhi (Pouvoir divin)"},"content":{"rendered":"<ul>\n<li>Dan\u2019s son trait\u00e9 \u00ab Yoga Sutra \u00bb, au chapitre Vibhuti P\u0101da, le sage Patanjali a \u00e9num\u00e9r\u00e9 en d\u00e9tail divers Siddhis qu&#8217;un pratiquant spirituel peut atteindre s&#8217;il parvient \u00e0 franchir certains seuils essentiels de sa Sadhana (pratique spirituelle).<\/li>\n<li>Les siddhis sont souvent qualifi\u00e9s de \u00ab pouvoirs sp\u00e9ciaux \u00bb, mais cette interpr\u00e9tation est partielle. Au sens yogique pur, siddhi signifie connaissance intuitive. Lorsqu&#8217;un sadhaka (chercheur spirituel) a progress\u00e9 dans sa sadhana, il peut recevoir un siddhi. Chaque siddhi conf\u00e8re au pratiquant une capacit\u00e9 particuli\u00e8re \u00e0 accomplir des actions qui d\u00e9fient les lois connues de notre mond\u00e9 physique. Les siddhis \u2013 comme la capacit\u00e9 de r\u00e9tr\u00e9cir ou d&#8217;agrandir son corps, d&#8217;entendre des sons lointains, de faire appara\u00eetre des objets de nulle part, de marcher sur l&#8217;eau, de se m\u00e9tamorphoser \u2013 \u00e9voquent des exploits dignes des contes fantastiques. Cependant, il ne faut pas se limiter \u00e0 cette acception conventionnelle. Un siddhi ne signifie pas la capacit\u00e9 d&#8217;exercer un pouvoir ou un avantage sur autrui, ni de manipuler ou contr\u00f4ler el vie d&#8217;autrui de quelque mani\u00e8re que ce soit (comme c&#8217;est le cas avec la magie noire).<\/li>\n<li>\u00c0 mesure que le Sadhak pratique la r\u00e9citation de mantras et la m\u00e9ditation, sa conscience s&#8217;\u00e9veille et il prend de plus en plus conscience de son Soi v\u00e9ritable. Cette \u00e9volution conduit \u00e0 la r\u00e9v\u00e9lation de capacit\u00e9s latentes. Ces pouvoirs n&#8217;apparaissent pas soudainement chez le disciple par hasard; ils ont toujours \u00e9t\u00e9 pr\u00e9sents, mais on n&#8217;en prend conscience qu&#8217;avec l&#8217;accroissement de la conscience. Lorsque le Sadhak prend pleinement conscience qu&#8217;il n&#8217;est pas limit\u00e9 par le temps et l&#8217;espace (et donc par les contraintes terrestres), de nouvelles possibilit\u00e9s et capacit\u00e9s \u00e9mergent. La compagne de Sri Aurobindo, commun\u00e9ment appel\u00e9e la M\u00e8re, a m\u00eame affirm\u00e9 que les inventions modernes telles que les avions, les t\u00e9l\u00e9phones, les voitures, etc., r\u00e9sultent de la r\u00e9pression des pouvoirs inn\u00e9s de l&#8217;homme. Si l&#8217;homme \u00e9tait capable de r\u00e9aliser ces capacit\u00e9s apparemment \u00ab surhumaines \u00bb, ces m\u00e9canismes deviendraient superflus.<\/li>\n<li>La r\u00e9alisation des Siddhis ne doit cependant pas \u00eatre le but ultime du Sadhak. Elles ne constituent pas la destination, mais seulement des jalons sur le chemin. Lorsqu&#8217;ils atteignent les Siddhis, certains chercheurs, emplis d&#8217;orgueil, se croient \u00e0 tort ma\u00eetres d&#8217;un pouvoir particulier et cherchent \u00e0 l&#8217;afficher. Une telle illusion ne peut que mener \u00e0 la chute du pratiquant, car il devient la proie des constructions dualistes de son ego et s&#8217;\u00e9loigne de sa v\u00e9ritable finalit\u00e9: le Moksha. Cela ne signifie pas pour autant que les Siddhis sont mauvais et doivent \u00eatre rejet\u00e9s d\u00e8s leur manifestation. Au contraire, ils doivent \u00eatre consid\u00e9r\u00e9s comme une progression naturelle de la Sadhana et per\u00e7us comme des manifestations de la gr\u00e2ce divine. Pour \u00e9viter de succomber \u00e0 l&#8217;attrait des Siddhis, explique Guru Siyag, le pratiquant doit les aborder avec un respect d\u00e9tach\u00e9. De plus, le Sadhak doit utiliser les Siddhis comme des outils pour transcender l&#8217;ego et ses attachements.<\/li>\n<li>Pour d\u00e9velopper ce point, Guru Siyag \u00e9voque une siddhi appel\u00e9e Pratibha Gyana (clairvoyance)\u00a0: la capacit\u00e9 de voir et d\u2019entendre le pass\u00e9 et le futur illimit\u00e9s: \u00ab\u00a0En atteignant la Pratibha Gyana, le pratiquant, pendant la m\u00e9ditation ou en \u00e9tat de samadhi, est capable de voir et d\u2019entendre des \u00e9v\u00e9nements du pass\u00e9 et du futur illimit\u00e9s. Il peut voir et entendre par le troisi\u00e8me \u0153il. Ce n\u2019est que lorsque le troisi\u00e8me \u0153il, aussi appel\u00e9 la dixi\u00e8me porte, s\u2019ouvre que le yoga et la m\u00e9ditation peuvent avoir lieu. Rien ne peut se produire sans cela. M\u00eame la science admet que lorsqu\u2019un son est \u00e9mis, il ne dispara\u00eet jamais. Il existe dans l\u2019univers; il suffit de poss\u00e9der l\u2019instrument ad\u00e9quat pour capter sa vibration. La philosophie du yoga affirme que s\u2019il existe le mot et son son, alors celui qui a produit le son existe aussi. Le yoga affirme qu\u2019il est possible de voir et d\u2019entendre cet orateur parler. De m\u00eame que des sc\u00e8nes d\u2019un match de cricket sont rediffus\u00e9es \u00e0 la t\u00e9l\u00e9vision, des sc\u00e8nes du pass\u00e9 sont rejou\u00e9es pour le pratiquant pendant la m\u00e9ditation. Mais le pass\u00e9 est le pass\u00e9. Ce qui s\u2019est pass\u00e9, par exemple, dans\u2026 Le \u00abMahabharata\u00bb (\u00e9pop\u00e9e mythologique) est irr\u00e9versible. Mais celui qui le pratique peut conna\u00eetre avec certitude l&#8217;avenir.<\/li>\n<li>\u00abUne fois que vous aurez atteint le Pratibha Gyana, vous pourrez entrevoir la mort de plusieurs de vos connaissances, et elles mourront exactement de la m\u00eame mani\u00e8re que vous l&#8217;avez vue en vision. Si l&#8217;une d&#8217;entre elles meurt comme vous l&#8217;avez vu, vous pourrez l&#8217;attribuer \u00e0 une simple co\u00efncidence. Mais lorsque plusieurs d&#8217;entre elles mourront de la mani\u00e8re r\u00e9v\u00e9l\u00e9e dans votre vision m\u00e9ditative, alors une pens\u00e9e vous traversera l&#8217;esprit: \u00abJe ne suis pas immortel, je mourrai moi aussi.\u00bb\u00bb Vous verrez alors comment vous mourrez et l&#8217;\u00e2ge approximatif de votre d\u00e9c\u00e8s. Qui na\u00eet doit mourir, que ce soit \u00e0 20, 30, 50 ou 100 ans. Vous savez tous que la mort est in\u00e9vitable; il est impossible d&#8217;y \u00e9chapper. Alors pourquoi la craindre? M\u0101y\u0101 (l&#8217;illusion de la dualit\u00e9) a rendu la mort si terrifiante que personne ne veut accepter sa r\u00e9alit\u00e9. Mais la mort n&#8217;\u00e9pargne personne. Lorsque vous verrez votre propre mort, vous aurez peur. Jusqu&#8217;\u00e0 pr\u00e9sent, vous n&#8217;avez vu que la mort des autres et cela ne vous a gu\u00e8re affect\u00e9! Mais lorsque vous verrez la v\u00f4tre, tous vos actes, bons et mauvais, d\u00e9fileront devant vos yeux. Vous pouvez cacher des choses au monde, mais vous ne pourrez jamais vous cacher la v\u00e9rit\u00e9 \u00e0 vous-m\u00eame. Et alors, vous prierez Dieu sinc\u00e8rement: \u00ab\u00d4 Dieu, je sais que tu es bon, j&#8217;ai entendu dire que tu es tr\u00e8s bon. J&#8217;ai commis beaucoup d&#8217;erreurs; j&#8217;ai \u00e9t\u00e9 insens\u00e9. Pardonne-moi cette fois-ci; je ne r\u00e9p\u00e9terai plus cette erreur.\u00bb<\/li>\n<li>\u00abAvec toute sa concentration, le pratiquant prie Dieu. Puis son regard se tourne vers l\u2019int\u00e9rieur et il r\u00e9alise que l\u2019univers entier est en lui et que, si l\u2019univers est en lui, le cr\u00e9ateur de l\u2019univers l\u2019est aussi. Il prendra conscience du divin en lui. Et r\u00e9aliser le divin signifie se lib\u00e9rer du cycle des naissances et des morts. La m\u00e9ditation et les chants briseront le charme que M\u0101y\u0101 a jet\u00e9 sur vous et le myst\u00e8re de la mort vous sera r\u00e9v\u00e9l\u00e9. Et alors, vous commencerez \u00e0 percevoir la mort comme une gr\u00e2ce divine vous lib\u00e9rant du cycle des naissances et des morts. Vous accueillerez alors la mort et l\u2019accepterez sans aucune crainte.\u00a0\u00bb<\/li>\n<li>En substance, Guru Siyag affirme que la Pratibh Gyana peut servir \u00e0 r\u00e9aliser le Soi. Au lieu d\u2019\u00eatre un obstacle sur le chemin de la r\u00e9alisation, cette Siddhi devient un tremplin vers le but du Sadhak.<\/li>\n<\/ul>\n","protected":false},"excerpt":{"rendered":"<p>Dan\u2019s son trait\u00e9 \u00ab Yoga Sutra \u00bb, au chapitre Vibhuti P\u0101da, le sage Patanjali a \u00e9num\u00e9r\u00e9 en d\u00e9tail divers Siddhis qu&#8217;un pratiquant spirituel peut atteindre s&#8217;il parvient \u00e0 franchir certains seuils essentiels de sa Sadhana (pratique spirituelle). Les siddhis sont souvent qualifi\u00e9s de \u00ab pouvoirs sp\u00e9ciaux \u00bb, mais cette interpr\u00e9tation est partielle. Au sens yogique pur, siddhi signifie connaissance intuitive. Lorsqu&#8217;un sadhaka (chercheur spirituel) a progress\u00e9 dans sa sadhana, il peut recevoir un siddhi. Chaque siddhi conf\u00e8re au pratiquant une capacit\u00e9 particuli\u00e8re \u00e0 accomplir des actions qui d\u00e9fient les lois connues de notre mond\u00e9 physique. Les siddhis \u2013 comme la capacit\u00e9 de r\u00e9tr\u00e9cir ou d&#8217;agrandir son corps, d&#8217;entendre des sons lointains, de faire appara\u00eetre des objets de nulle part, de marcher sur l&#8217;eau, de se m\u00e9tamorphoser \u2013 \u00e9voquent des exploits dignes des contes fantastiques. Cependant, il ne faut pas se limiter \u00e0 cette acception conventionnelle. Un siddhi ne signifie pas la capacit\u00e9 d&#8217;exercer un pouvoir ou un avantage sur autrui, ni de manipuler ou contr\u00f4ler el vie d&#8217;autrui de quelque mani\u00e8re que ce soit (comme c&#8217;est le cas avec la magie noire). \u00c0 mesure que le Sadhak pratique la r\u00e9citation de mantras et la m\u00e9ditation, sa conscience s&#8217;\u00e9veille et il prend de plus en plus conscience de son Soi v\u00e9ritable. Cette \u00e9volution conduit \u00e0 la r\u00e9v\u00e9lation de capacit\u00e9s latentes. Ces pouvoirs n&#8217;apparaissent pas soudainement chez le disciple par hasard; ils ont toujours \u00e9t\u00e9 pr\u00e9sents, mais on n&#8217;en prend conscience qu&#8217;avec l&#8217;accroissement de la conscience. Lorsque le Sadhak prend pleinement conscience qu&#8217;il n&#8217;est pas limit\u00e9 par le temps et l&#8217;espace (et donc par les contraintes terrestres), de nouvelles possibilit\u00e9s et capacit\u00e9s \u00e9mergent. La compagne de Sri Aurobindo, commun\u00e9ment appel\u00e9e la M\u00e8re, a m\u00eame affirm\u00e9 que les inventions modernes telles que les avions, les t\u00e9l\u00e9phones, les voitures, etc., r\u00e9sultent de la r\u00e9pression des pouvoirs inn\u00e9s de l&#8217;homme. Si l&#8217;homme \u00e9tait capable de r\u00e9aliser ces capacit\u00e9s apparemment \u00ab surhumaines \u00bb, ces m\u00e9canismes deviendraient superflus. La r\u00e9alisation des Siddhis ne doit cependant pas \u00eatre le but ultime du Sadhak. Elles ne constituent pas la destination, mais seulement des jalons sur le chemin. Lorsqu&#8217;ils atteignent les Siddhis, certains chercheurs, emplis d&#8217;orgueil, se croient \u00e0 tort ma\u00eetres d&#8217;un pouvoir particulier et cherchent \u00e0 l&#8217;afficher. Une telle illusion ne peut que mener \u00e0 la chute du pratiquant, car il devient la proie des constructions dualistes de son ego et s&#8217;\u00e9loigne de sa v\u00e9ritable finalit\u00e9: le Moksha. Cela ne signifie pas pour autant que les Siddhis sont mauvais et doivent \u00eatre rejet\u00e9s d\u00e8s leur manifestation. Au contraire, ils doivent \u00eatre consid\u00e9r\u00e9s comme une progression naturelle de la Sadhana et per\u00e7us comme des manifestations de la gr\u00e2ce divine. Pour \u00e9viter de succomber \u00e0 l&#8217;attrait des Siddhis, explique Guru Siyag, le pratiquant doit les aborder avec un respect d\u00e9tach\u00e9. De plus, le Sadhak doit utiliser les Siddhis comme des outils pour transcender l&#8217;ego et ses attachements. Pour d\u00e9velopper ce point, Guru Siyag \u00e9voque une siddhi appel\u00e9e Pratibha Gyana (clairvoyance)\u00a0: la capacit\u00e9 de voir et d\u2019entendre le pass\u00e9 et le futur illimit\u00e9s: \u00ab\u00a0En atteignant la Pratibha Gyana, le pratiquant, pendant la m\u00e9ditation ou en \u00e9tat de samadhi, est capable de voir et d\u2019entendre des \u00e9v\u00e9nements du pass\u00e9 et du futur illimit\u00e9s. Il peut voir et entendre par le troisi\u00e8me \u0153il. Ce n\u2019est que lorsque le troisi\u00e8me \u0153il, aussi appel\u00e9 la dixi\u00e8me porte, s\u2019ouvre que le yoga et la m\u00e9ditation peuvent avoir lieu. Rien ne peut se produire sans cela. M\u00eame la science admet que lorsqu\u2019un son est \u00e9mis, il ne dispara\u00eet jamais. Il existe dans l\u2019univers; il suffit de poss\u00e9der l\u2019instrument ad\u00e9quat pour capter sa vibration. La philosophie du yoga affirme que s\u2019il existe le mot et son son, alors celui qui a produit le son existe aussi. Le yoga affirme qu\u2019il est possible de voir et d\u2019entendre cet orateur parler. De m\u00eame que des sc\u00e8nes d\u2019un match de cricket sont rediffus\u00e9es \u00e0 la t\u00e9l\u00e9vision, des sc\u00e8nes du pass\u00e9 sont rejou\u00e9es pour le pratiquant pendant la m\u00e9ditation. Mais le pass\u00e9 est le pass\u00e9. Ce qui s\u2019est pass\u00e9, par exemple, dans\u2026 Le \u00abMahabharata\u00bb (\u00e9pop\u00e9e mythologique) est irr\u00e9versible. Mais celui qui le pratique peut conna\u00eetre avec certitude l&#8217;avenir. \u00abUne fois que vous aurez atteint le Pratibha Gyana, vous pourrez entrevoir la mort de plusieurs de vos connaissances, et elles mourront exactement de la m\u00eame mani\u00e8re que vous l&#8217;avez vue en vision. Si l&#8217;une d&#8217;entre elles meurt comme vous l&#8217;avez vu, vous pourrez l&#8217;attribuer \u00e0 une simple co\u00efncidence. Mais lorsque plusieurs d&#8217;entre elles mourront de la mani\u00e8re r\u00e9v\u00e9l\u00e9e dans votre vision m\u00e9ditative, alors une pens\u00e9e vous traversera l&#8217;esprit: \u00abJe ne suis pas immortel, je mourrai moi aussi.\u00bb\u00bb Vous verrez alors comment vous mourrez et l&#8217;\u00e2ge approximatif de votre d\u00e9c\u00e8s. Qui na\u00eet doit mourir, que ce soit \u00e0 20, 30, 50 ou 100 ans. Vous savez tous que la mort est in\u00e9vitable; il est impossible d&#8217;y \u00e9chapper. Alors pourquoi la craindre? M\u0101y\u0101 (l&#8217;illusion de la dualit\u00e9) a rendu la mort si terrifiante que personne ne veut accepter sa r\u00e9alit\u00e9. Mais la mort n&#8217;\u00e9pargne personne. Lorsque vous verrez votre propre mort, vous aurez peur. Jusqu&#8217;\u00e0 pr\u00e9sent, vous n&#8217;avez vu que la mort des autres et cela ne vous a gu\u00e8re affect\u00e9! Mais lorsque vous verrez la v\u00f4tre, tous vos actes, bons et mauvais, d\u00e9fileront devant vos yeux. Vous pouvez cacher des choses au monde, mais vous ne pourrez jamais vous cacher la v\u00e9rit\u00e9 \u00e0 vous-m\u00eame. Et alors, vous prierez Dieu sinc\u00e8rement: \u00ab\u00d4 Dieu, je sais que tu es bon, j&#8217;ai entendu dire que tu es tr\u00e8s bon. J&#8217;ai commis beaucoup d&#8217;erreurs; j&#8217;ai \u00e9t\u00e9 insens\u00e9. Pardonne-moi cette fois-ci; je ne r\u00e9p\u00e9terai plus cette erreur.\u00bb \u00abAvec toute sa concentration, le pratiquant prie Dieu. Puis son regard se tourne vers l\u2019int\u00e9rieur et il r\u00e9alise que l\u2019univers entier est en lui et que, si l\u2019univers est en lui, le cr\u00e9ateur de l\u2019univers l\u2019est aussi. Il prendra conscience du divin en lui. Et r\u00e9aliser le divin signifie se lib\u00e9rer du cycle des naissances et des morts. La m\u00e9ditation et les chants briseront le charme que M\u0101y\u0101 a jet\u00e9 sur vous et [&hellip;]<\/p>\n","protected":false},"author":2,"featured_media":0,"parent":0,"menu_order":0,"comment_status":"closed","ping_status":"closed","template":"","meta":{"footnotes":""},"class_list":["post-1577","page","type-page","status-publish","hentry"],"aioseo_notices":[],"ams_acf":[],"_links":{"self":[{"href":"https:\/\/gurusiyagyoga.org\/fr\/wp-json\/wp\/v2\/pages\/1577","targetHints":{"allow":["GET"]}}],"collection":[{"href":"https:\/\/gurusiyagyoga.org\/fr\/wp-json\/wp\/v2\/pages"}],"about":[{"href":"https:\/\/gurusiyagyoga.org\/fr\/wp-json\/wp\/v2\/types\/page"}],"author":[{"embeddable":true,"href":"https:\/\/gurusiyagyoga.org\/fr\/wp-json\/wp\/v2\/users\/2"}],"replies":[{"embeddable":true,"href":"https:\/\/gurusiyagyoga.org\/fr\/wp-json\/wp\/v2\/comments?post=1577"}],"version-history":[{"count":2,"href":"https:\/\/gurusiyagyoga.org\/fr\/wp-json\/wp\/v2\/pages\/1577\/revisions"}],"predecessor-version":[{"id":1613,"href":"https:\/\/gurusiyagyoga.org\/fr\/wp-json\/wp\/v2\/pages\/1577\/revisions\/1613"}],"wp:attachment":[{"href":"https:\/\/gurusiyagyoga.org\/fr\/wp-json\/wp\/v2\/media?parent=1577"}],"curies":[{"name":"wp","href":"https:\/\/api.w.org\/{rel}","templated":true}]}}