{"id":1579,"date":"2026-01-27T13:34:16","date_gmt":"2026-01-27T08:04:16","guid":{"rendered":"https:\/\/gurusiyagyoga.org\/fr\/?page_id=1579"},"modified":"2026-02-01T17:34:21","modified_gmt":"2026-02-01T12:04:21","slug":"sanatan","status":"publish","type":"page","link":"https:\/\/gurusiyagyoga.org\/fr\/sanatan\/","title":{"rendered":"6.10 Aspect Sanatan"},"content":{"rendered":"<p style=\"font-weight: 400;\"><span style=\"color: #0000ff;\"><strong>Qu&#8217;est-ce que l&#8217;hindouisme?<\/strong><\/span><\/p>\n<p style=\"font-weight: 400;\">Extrait d&#8217;une conf\u00e9rence donn\u00e9e par Guru Siyag en 2000 sur l&#8217;hindouisme:<\/p>\n<p style=\"font-weight: 400;\">\u00abQu&#8217;est-ce que l&#8217;hindouisme? Si l&#8217;on nous posait cette question, nous r\u00e9pondrions simplement que nous sommes hindous. Mais\u2019s nous ne pouvons pas expliquer ce que signifie r\u00e9ellement \u00eatre hindou. \u00catre hindou, c&#8217;est \u00eatre un \u00eatre humain pleinement \u00e9volu\u00e9. Je sais que ce n&#8217;est plus le cas aujourd&#8217;hui. Mais c&#8217;est ainsi que notre philosophie religieuse interpr\u00e8te le sens de la foi hindoue. C&#8217;est la philosophie Advaita (non-duelle) que nous seuls avons offerte au monde. Toutes les autres religions se sont d\u00e9velopp\u00e9es sur la base de la dualit\u00e9, c&#8217;est-\u00e0-dire que Dieu et l&#8217;homme sont deux entit\u00e9s distinctes. Elles affirment qu&#8217;il est impossible \u00e0 l&#8217;homme de faire l&#8217;exp\u00e9rience directe de Dieu et de le r\u00e9aliser. Or, faire l&#8217;exp\u00e9rience directe de Dieu et le r\u00e9aliser est pr\u00e9cis\u00e9ment le but ultime de la philosophie hindoue. Sans la r\u00e9alisation de Dieu, el vie humaine ne peut \u00eatre compl\u00e8te.\u00bb&#8221;<\/p>\n<p style=\"font-weight: 400;\">La question est: \u00bfsi la philosophie Advaita offre la possibilit\u00e9 d\u2019une \u00e9volution compl\u00e8te de l\u2019homme, quel peut \u00eatre le processus ou la m\u00e9thode pour la r\u00e9aliser pratiquement? Seule la religion hindoue pose ce processus. Elle dit que l&#8217;homme na\u00eet deux fois dans une m\u00eame vie. La naissance biologique via parents est premi\u00e8re, physique. Quand il rencontre Guru et re\u00e7oit initiation spirituelle, c&#8217;est seconde naissance, spirituelle. (La pratique spirituelle sous guidance Guru marque processus exp\u00e9rimentation pratique principe non-dualit\u00e9). Quand personne re\u00e7oit Diksha Siddha Yoga et suit chemin spirituel, disciple atteint finalement Atma-Sakshatkar \u2014 r\u00e9alisation de soi. Disciple r\u00e9alise vrai soi (distinctement diff\u00e9rent perception soi individuel mat\u00e9riel).<\/p>\n<p style=\"font-weight: 400;\">\u00ab Aujourd&#8217;hui, connaissance livresque concept philosophique r\u00e9alisation soi pousse presque tous \u00e0 recourir Guru pour exp\u00e9rimenter pratiquement principe non-dualit\u00e9. Cependant, nous ne voyons diff\u00e9rence discernible mentalit\u00e9, comportement, routine vie pr\u00e9\/post-initiation Guru\/d\u00e9but vie spirituelle. \u00bb<\/p>\n<p style=\"font-weight: 400;\">Cependant, cela ne signifie pas que le concept hindou de la r\u00e9incarnation soit une pure invention. Ce concept est une r\u00e9alit\u00e9 (si le gourou est un \u00eatre v\u00e9ritablement \u00e9clair\u00e9, capable d&#8217;op\u00e9rer une transformation spirituelle chez son disciple). L&#8217;hindouisme est une religion v\u00e9ritablement universelle. Mes disciples sont issus de diff\u00e9rentes ethnies, castes, races, religions et nationalit\u00e9s. Or, si leurs origines peuvent diff\u00e9rer, ils partagent la m\u00eame constitution physique. Ainsi, malgr\u00e9 leurs diff\u00e9rences, tous vivent la m\u00eame transformation spirituelle. La philosophie hindoue ne pr\u00f4ne ni la conversion religieuse ni le pros\u00e9lytisme. Elle vise une transformation int\u00e9rieure, une m\u00e9tamorphose de l&#8217;individu (et non un changement d&#8217;identit\u00e9 ext\u00e9rieur, comme c&#8217;est le cas lorsqu&#8217;une personne change de religion). Je dis aux personnes d&#8217;autres confessions qui viennent me voir: \u00abNe renoncez pas \u00e0 votre religion, mais suivez la m\u00e9thode pratique que je vous enseigne pour \u00e9veiller votre \u00e9nergie int\u00e9rieure et transformer votre vie.\u00bb<\/p>\n","protected":false},"excerpt":{"rendered":"<p>Qu&#8217;est-ce que l&#8217;hindouisme? Extrait d&#8217;une conf\u00e9rence donn\u00e9e par Guru Siyag en 2000 sur l&#8217;hindouisme: \u00abQu&#8217;est-ce que l&#8217;hindouisme? Si l&#8217;on nous posait cette question, nous r\u00e9pondrions simplement que nous sommes hindous. Mais\u2019s nous ne pouvons pas expliquer ce que signifie r\u00e9ellement \u00eatre hindou. \u00catre hindou, c&#8217;est \u00eatre un \u00eatre humain pleinement \u00e9volu\u00e9. Je sais que ce n&#8217;est plus le cas aujourd&#8217;hui. Mais c&#8217;est ainsi que notre philosophie religieuse interpr\u00e8te le sens de la foi hindoue. C&#8217;est la philosophie Advaita (non-duelle) que nous seuls avons offerte au monde. Toutes les autres religions se sont d\u00e9velopp\u00e9es sur la base de la dualit\u00e9, c&#8217;est-\u00e0-dire que Dieu et l&#8217;homme sont deux entit\u00e9s distinctes. Elles affirment qu&#8217;il est impossible \u00e0 l&#8217;homme de faire l&#8217;exp\u00e9rience directe de Dieu et de le r\u00e9aliser. Or, faire l&#8217;exp\u00e9rience directe de Dieu et le r\u00e9aliser est pr\u00e9cis\u00e9ment le but ultime de la philosophie hindoue. Sans la r\u00e9alisation de Dieu, el vie humaine ne peut \u00eatre compl\u00e8te.\u00bb&#8221; La question est: \u00bfsi la philosophie Advaita offre la possibilit\u00e9 d\u2019une \u00e9volution compl\u00e8te de l\u2019homme, quel peut \u00eatre le processus ou la m\u00e9thode pour la r\u00e9aliser pratiquement? Seule la religion hindoue pose ce processus. Elle dit que l&#8217;homme na\u00eet deux fois dans une m\u00eame vie. La naissance biologique via parents est premi\u00e8re, physique. Quand il rencontre Guru et re\u00e7oit initiation spirituelle, c&#8217;est seconde naissance, spirituelle. (La pratique spirituelle sous guidance Guru marque processus exp\u00e9rimentation pratique principe non-dualit\u00e9). Quand personne re\u00e7oit Diksha Siddha Yoga et suit chemin spirituel, disciple atteint finalement Atma-Sakshatkar \u2014 r\u00e9alisation de soi. Disciple r\u00e9alise vrai soi (distinctement diff\u00e9rent perception soi individuel mat\u00e9riel). \u00ab Aujourd&#8217;hui, connaissance livresque concept philosophique r\u00e9alisation soi pousse presque tous \u00e0 recourir Guru pour exp\u00e9rimenter pratiquement principe non-dualit\u00e9. Cependant, nous ne voyons diff\u00e9rence discernible mentalit\u00e9, comportement, routine vie pr\u00e9\/post-initiation Guru\/d\u00e9but vie spirituelle. \u00bb Cependant, cela ne signifie pas que le concept hindou de la r\u00e9incarnation soit une pure invention. Ce concept est une r\u00e9alit\u00e9 (si le gourou est un \u00eatre v\u00e9ritablement \u00e9clair\u00e9, capable d&#8217;op\u00e9rer une transformation spirituelle chez son disciple). L&#8217;hindouisme est une religion v\u00e9ritablement universelle. Mes disciples sont issus de diff\u00e9rentes ethnies, castes, races, religions et nationalit\u00e9s. Or, si leurs origines peuvent diff\u00e9rer, ils partagent la m\u00eame constitution physique. Ainsi, malgr\u00e9 leurs diff\u00e9rences, tous vivent la m\u00eame transformation spirituelle. La philosophie hindoue ne pr\u00f4ne ni la conversion religieuse ni le pros\u00e9lytisme. Elle vise une transformation int\u00e9rieure, une m\u00e9tamorphose de l&#8217;individu (et non un changement d&#8217;identit\u00e9 ext\u00e9rieur, comme c&#8217;est le cas lorsqu&#8217;une personne change de religion). Je dis aux personnes d&#8217;autres confessions qui viennent me voir: \u00abNe renoncez pas \u00e0 votre religion, mais suivez la m\u00e9thode pratique que je vous enseigne pour \u00e9veiller votre \u00e9nergie int\u00e9rieure et transformer votre vie.\u00bb<\/p>\n","protected":false},"author":2,"featured_media":0,"parent":0,"menu_order":0,"comment_status":"closed","ping_status":"closed","template":"","meta":{"footnotes":""},"class_list":["post-1579","page","type-page","status-publish","hentry"],"aioseo_notices":[],"ams_acf":[],"_links":{"self":[{"href":"https:\/\/gurusiyagyoga.org\/fr\/wp-json\/wp\/v2\/pages\/1579","targetHints":{"allow":["GET"]}}],"collection":[{"href":"https:\/\/gurusiyagyoga.org\/fr\/wp-json\/wp\/v2\/pages"}],"about":[{"href":"https:\/\/gurusiyagyoga.org\/fr\/wp-json\/wp\/v2\/types\/page"}],"author":[{"embeddable":true,"href":"https:\/\/gurusiyagyoga.org\/fr\/wp-json\/wp\/v2\/users\/2"}],"replies":[{"embeddable":true,"href":"https:\/\/gurusiyagyoga.org\/fr\/wp-json\/wp\/v2\/comments?post=1579"}],"version-history":[{"count":2,"href":"https:\/\/gurusiyagyoga.org\/fr\/wp-json\/wp\/v2\/pages\/1579\/revisions"}],"predecessor-version":[{"id":1614,"href":"https:\/\/gurusiyagyoga.org\/fr\/wp-json\/wp\/v2\/pages\/1579\/revisions\/1614"}],"wp:attachment":[{"href":"https:\/\/gurusiyagyoga.org\/fr\/wp-json\/wp\/v2\/media?parent=1579"}],"curies":[{"name":"wp","href":"https:\/\/api.w.org\/{rel}","templated":true}]}}