{"id":1582,"date":"2026-01-27T13:34:56","date_gmt":"2026-01-27T08:04:56","guid":{"rendered":"https:\/\/gurusiyagyoga.org\/fr\/?page_id=1582"},"modified":"2026-02-01T17:35:57","modified_gmt":"2026-02-01T12:05:57","slug":"bio","status":"publish","type":"page","link":"https:\/\/gurusiyagyoga.org\/fr\/bio\/","title":{"rendered":"7.1 Biographie"},"content":{"rendered":"<p style=\"font-weight: 400;\"><span style=\"color: #0000ff;\"><strong>Jeunesse<\/strong><\/span><\/p>\n<p style=\"font-weight: 400;\">Guru Siyag est n\u00e9 le 24 novembre 1926 dans le village de Palana, \u00e0 25 kilom\u00e8tres au nord de Bikaner, dans l&#8217;\u00c9tat du Rajasthan (Inde). Apr\u00e8s avoir obtenu son dipl\u00f4me d&#8217;\u00e9tudes secondaires, il commen\u00e7a \u00e0 travailler comme employ\u00e9 aux Chemins de fer indiens \u00e0 l&#8217;\u00e2ge de 18 ans. Il se maria peu apr\u00e8s et fonda une famille. Au fil des ann\u00e9es, il eut cinq enfants: une fille et quatre gar\u00e7ons.<\/p>\n<p style=\"font-weight: 400;\">\n<p style=\"font-weight: 400;\"><span style=\"color: #0000ff;\"><strong>Transformation divine<\/strong><\/span><\/p>\n<p style=\"font-weight: 400;\">L&#8217;hiver 1968 marque un tournant d\u00e9cisif dans el vie de Guru Siyag. Sa vie monotone fut soudain boulevers\u00e9e par une peur inexplicable de la mort, sans aucune maladie. Un devin local informa Gurudev qu&#8217;il \u00e9tait sous Markesh Dasha \u2014 une constellation plan\u00e9taire jetant un sort mortel. Seule fa\u00e7on \u00e9chapper mort imminente, selon clercs hindous locaux: invoquer b\u00e9n\u00e9dictions D\u00e9esse Gayatri via rituel sp\u00e9cial. Gayatri, D\u00e9esse lumi\u00e8re cosmique, seule capable sauver griffes mort. Conseill\u00e9 Havan \u2014 rituel purificateur sacr\u00e9 impliquant c\u00e9r\u00e9monie feu \u2014 chantant Gayatri Mantra. Invocation compl\u00e8te\/protection divine: rituel quotidien jusqu&#8217;\u00e0 125 000 chants mantra.<\/p>\n<p style=\"font-weight: 400;\">Octobre 1968, Gurudev entame rituel s\u00e9rieusement pendant Navratri, festival 9 jours d\u00e9di\u00e9 Shakti divin f\u00e9minin. R\u00e9veil heures matinales quotidiennes, chant Gayatri Mantra sacr\u00e9 sur Havan. Pression panique illogique intense: rituel quotidien utmost sinc\u00e9rit\u00e9\/concentration. Trois mois pour compl\u00e9ter. R\u00e9trospectivement, Gurudev commente: force transformation divine l&#8217;a propuls\u00e9 peur artificielle changer vie mundane jusqu&#8217;alors, pousser chemin spirituel. Jour fin rituel, Gurudev couche pensant r\u00e9veil heure normale lendemain post-Gayatri ardu. Habitu\u00e9 lever t\u00f4t, r\u00e9veille t\u00f4t lendemain. Ouvrant yeux assis lit, int\u00e9rieur corps s&#8217;illumine lumi\u00e8re blanche immens\u00e9ment vive \u2014 incomparable soleil. Lumi\u00e8re illumine corps dedans. Ni chaude ni froide; vague paix apaisante. Immers\u00e9 joie\/beatitude inconnue. Lumi\u00e8re donne vision int\u00e9rieure. Gurudev voit: malgr\u00e9 lumi\u00e8re claire brillante dedans, pas trace organes \u2014 corps coquille vide!<\/p>\n<p style=\"font-weight: 400;\">Ayant travaill\u00e9 occasionnellement comme aide \u00e0 la morgue de l&#8217;h\u00f4pital ferroviaire, Gurudev connaissait l&#8217;emplacement des organes internes, des muscles et des os dans le corps humain. Pourtant, il ne pouvait rien voir \u00e0 l&#8217;int\u00e9rieur du sien!<\/p>\n<p style=\"font-weight: 400;\">Il per\u00e7ut bient\u00f4t un bourdonnement semblable \u00e0 celui d&#8217;un essaim de bourdons. En se concentrant sur ce son, il r\u00e9alisa qu&#8217;il \u00e9manait du centre de son nombril. \u00c0 sa grande surprise, ce bourdonnement n&#8217;\u00e9tait autre que le mantra Gayatri r\u00e9p\u00e9t\u00e9 \u00e0 une vitesse incroyable, lui donnant le son du vrombissement des abeilles! Il apprendrait bien plus tard que le mantra Gayatri, qu&#8217;il r\u00e9citait auparavant par un effort conscient, \u00e9tait d\u00e9sormais devenu un processus continu et automatique, le reliant d\u00e9finitivement \u00e0 la force divine.<\/p>\n<p style=\"font-weight: 400;\">La lumi\u00e8re divine apporta \u00e0 Gurudev une autre d\u00e9couverte. Il r\u00e9alisa que derri\u00e8re la fa\u00e7ade de son identit\u00e9 et de son existence dans le monde mat\u00e9riel, il \u00e9tait une entit\u00e9 tout \u00e0 fait diff\u00e9rente. Il n&#8217;\u00e9tait plus soumis \u00e0 ses limitations physiques et sa conscience personnelle ne se limitait plus au monde physique qu&#8217;il habitait. Il eut l&#8217;impression que son \u00eatre s&#8217;\u00e9tait tellement \u00e9tendu qu&#8217;il pouvait embrasser l&#8217;univers entier. En r\u00e9alit\u00e9, il se sentait \u00eatre l&#8217;univers et pouvait ressentir les vibrations de tous les \u00eatres, anim\u00e9s et inanim\u00e9s, comme si elles \u00e9taient siennes. Il comprit \u00e9galement, \u00e0 travers cette exp\u00e9rience unique, qu&#8217;il \u00e9tait en v\u00e9rit\u00e9 ce que les anciens sages v\u00e9diques appelaient Brahma: la force divine absolue, omnipr\u00e9sente, immuable et amorphe.<\/p>\n<p style=\"font-weight: 400;\">Alor\u2019s que Gurudev s&#8217;\u00e9merveillait de cette exp\u00e9rience extraordinaire et flottait sur des vagues de joie, de paix et d&#8217;amour, la vision fantastique prit fin aussi soudainement qu&#8217;elle \u00e9tait apparue. Le gargouillis de l&#8217;eau jaillissant d&#8217;un robinet ouvert dans la salle de bain le tira de sa profonde m\u00e9ditation.<\/p>\n<p style=\"font-weight: 400;\">Lorsqu&#8217;il consulta des pandits (sages) vers\u00e9s dans les \u00e9critures saintes au sujet de cette exp\u00e9rience particuli\u00e8re, on lui r\u00e9v\u00e9la qu&#8217;il avait effectivement re\u00e7u la b\u00e9n\u00e9diction de la d\u00e9esse Gayatri, un siddhi \u2013 un pouvoir divin sp\u00e9cial.<\/p>\n<p style=\"font-weight: 400;\">\n<p style=\"font-weight: 400;\"><span style=\"color: #0000ff;\"><strong>Rencontre avec Baba Gangainathji<\/strong><\/span><\/p>\n<p style=\"font-weight: 400;\">Pendant poursuites spirituelles mois suivants, Gurudev d\u00e9couvre philosophie Swami Vivekananda, figure spirituelle majeure XXe si\u00e8cle, revival h\u00e9ritage v\u00e9dique Inde, Am\u00e9rique, Europe. Vivekananda pr\u00f4ne fortement pratique philosophie v\u00e9dique via restauration syst\u00e8me Guru-disciple \u2014 seul chemin \u00e9volution spirituelle mondiale. Suivant conseil Vivekananda, Gurudev cherche Guru earnest. Parent sugg\u00e8re Baba Shri Gangainathji, yogi asc\u00e8te village Jamsar, 27 km nord Bikaner. Avril 1983, Gurudev visite ashram.<\/p>\n<p style=\"font-weight: 400;\">Rien d&#8217;extraordinaire lors de cette premi\u00e8re rencontre: un groupe de personnes s&#8217;\u00e9tait r\u00e9uni pour m\u00e9diter en pr\u00e9sence de Gangainathji. Gurudev, assis \u00e0 l&#8217;arri\u00e8re, observait simplement. Bien qu&#8217;il n&#8217;y ait eu aucun \u00e9change entre eux lors de cette premi\u00e8re rencontre, quelque chose incita Gurudev \u00e0 retourner \u00e0 l&#8217;ashram de Baba quelques jours plus tard. C&#8217;est lors de cette seconde visite que, tandis que Gurudev s&#8217;inclinait et touchait les pieds de Baba, le ma\u00eetre lui toucha la t\u00eate en signe de b\u00e9n\u00e9diction. \u00c0 cet instant, Gurudev ressentit une \u00e9nergie intense, comme un \u00e9clair le traversant. C&#8217;\u00e9tait la mani\u00e8re pour Baba de donner la Diksha (initiation) et de transmettre le titre de \u00abSiddha Guru\u00bb \u00e0 Guru Siyag.<\/p>\n<p style=\"font-weight: 400;\"><strong>\u00a0<\/strong><\/p>\n<p style=\"font-weight: 400;\"><span style=\"color: #0000ff;\"><strong>Gangainathji prend Samadhi<\/strong><\/span><\/p>\n<p style=\"font-weight: 400;\">31 d\u00e9cembre 1983, 5 h, Nord-Ouest Inde secou\u00e9 tremblement terre s\u00e9v\u00e8re. Gurudev apprend plus tard: moment pr\u00e9cis Baba Gangainathji quitte corps mortel. Conversation disciples ann\u00e9es apr\u00e8s: \u00abParfois, d\u00e9part \u00eatre \u00e9clair\u00e9 secoue terre exprimant chagrin. \u00bb<\/p>\n<p style=\"font-weight: 400;\">Jours apr\u00e8s, Gurudev marche route: jeune local l&#8217;appelle. Dit \u00e9trange: Baba Gangainathji harc\u00e8le visite site Samadhi Jamsar (monument fun\u00e9raire\/mausol\u00e9e). Gurudev objecte Baba mort, impossible rencontre; jeune: Baba appara\u00eet r\u00eaves commandant. Prenant appel divin, Gurudev visite Samadhi Baba, prie.<\/p>\n<p style=\"font-weight: 400;\">Principe cardinal v\u00e9dique: \u00e2me \u00e9ternelle, corps p\u00e9rit \u00e0 mort. Non-\u00e9clair\u00e9 meurt culmination karmas; \u00e9clair\u00e9 quitte corps consciemment\/intentionnellement temps\/lieu pr\u00e9cis. Tel Siddha Guru guide disciple\u2019s post-corps mortel. Site Samadhi saint r\u00e9v\u00e9r\u00e9 source b\u00e9n\u00e9dictions divines.<\/p>\n<p style=\"font-weight: 400;\"><strong>\u00a0<\/strong><\/p>\n<p style=\"font-weight: 400;\"><span style=\"color: #0000ff;\"><strong>Abandonnez-vous \u00e0 Guru Gangainathji<\/strong><\/span><\/p>\n<p style=\"font-weight: 400;\">J&#8217;ai v\u00e9cu une transformation radicale en m&#8217;abandonnant \u00e0 mon Guru Gangainathji. Vous aussi, vous pouvez vivre cette transformation. Toute l&#8217;humanit\u00e9 \u2013 hommes et femmes \u2013 peut la vivre. Pour cela, il vous suffit de comprendre qui vous \u00eates. Je vous r\u00e9v\u00e9lerai votre v\u00e9ritable nature afin que vous compreniez qui vous \u00eates. Vous n&#8217;\u00eates pas ce corps. Vous \u00eates l&#8217;\u00e2me immortelle. Le Sanatana Dharma affirme que la lib\u00e9ration est impossible sans un Guru illumin\u00e9. Mais la lib\u00e9ration n&#8217;est pas simple. Ce n&#8217;est pas un objet que le Guru vous tend \u00e0 votre premi\u00e8re rencontre. Le Guru vous montre simplement le chemin et vous assure que si vous le suivez, vous atteindrez votre but. Ce chemin consiste \u00e0 chanter le mantra divin. Dans ses aphorismes, Goswami Tulsidas d\u00e9clare qu&#8217;en ce Kali Yuga (l&#8217;actuel \u00c2ge du Mensonge), seul le chant du mantra divin permet de se lib\u00e9rer de la souffrance.<\/p>\n<p style=\"font-weight: 400;\"><strong>\u00a0<\/strong><\/p>\n<p style=\"font-weight: 400;\"><span style=\"color: #0000ff;\"><strong>Vision proph\u00e9tique<\/strong><\/span><\/p>\n<p style=\"font-weight: 400;\">En 1984, Gurudev fut t\u00e9moin d&#8217;un autre \u00e9v\u00e9nement \u00e9trange, dont les implications pourraient marquer l&#8217;humanit\u00e9 dans les ann\u00e9es \u00e0 venir. Une nuit, apr\u00e8s s&#8217;\u00eatre couch\u00e9, Guru Siyag eut une vision en r\u00eave. On lui montra un passage de ce qui lui sembla \u00eatre un livre sacr\u00e9, et une voix pronon\u00e7a: \u00abTu es cela; tu es cela.\u00bb Le lendemain matin, Gurudev m\u00e9dita sur cette \u00e9trange vision et tenta de comprendre s&#8217;il s&#8217;agissait d&#8217;une vision ou d&#8217;un simple r\u00eave, et ce que signifiaient les mots \u00abTu es cela\u00bb. Le passage \u00e9tant en hindi, Gurudev se souvint de quelques mots, mais ils restaient incompr\u00e9hensibles.<\/p>\n<p style=\"font-weight: 400;\">Quelques jours plus tard, Rajendra, le plus jeune fils de Gurudev, rapporta \u00e0 la maison un vieux livre us\u00e9. En rentrant de l&#8217;\u00e9cole, le jeune gar\u00e7on ressentit une \u00e9trange envie de le prendre lorsqu&#8217;il aper\u00e7ut le livre abandonn\u00e9 devant une maison au bord de la route. Gurudev, sans y pr\u00eater attention particuli\u00e8re, feuilleta les pages lorsqu&#8217;un passage l&#8217;interpella. C&#8217;\u00e9tait le m\u00eame passage que celui de son r\u00eave. Il relut le livre sans cesse pendant plusieurs jours, sans parvenir \u00e0 en comprendre le sens. Il put seulement en d\u00e9duire que ce livre, destin\u00e9 aux enfants, \u00e9tait illustr\u00e9 pour leur expliquer simplement la foi chr\u00e9tienne. N&#8217;\u00e9tant pas tr\u00e8s religieux lui-m\u00eame, Gurudev ne connaissait pas les \u00e9critures hindoues, et encore moins la philosophie des autres religions. Pour toute question, veuillez envoyer un courriel \u00e0 gssyworld@gmail.com ou appeler le (+91) 8369754399.<\/p>\n<p style=\"font-weight: 400;\">Gurudev se renseigna aupr\u00e8s de son entourage pour savoir si les chr\u00e9tiens suivaient un livre sacr\u00e9 comme les hindous suivaient la Bhagavad-Gita. C&#8217;est ainsi qu&#8217;il entendit parler de la Bible. On lui expliqua que le passage du livre saint qui lui \u00e9tait apparu en vision faisait partie de l&#8217;\u00c9vangile selon Jean, et que ce qu&#8217;il avait vu en r\u00eave correspondait aux chapitres 15:26-27 et 16:7-15. Plus tard, un ami lui offrit une version abr\u00e9g\u00e9e de la Bible en hindi. Cela lui donna un aper\u00e7u du christianisme.<\/p>\n<p style=\"font-weight: 400;\">Il parvint \u00e0 emprunter un exemplaire de la Bible en anglais \u00e0 un ami qui enseignait dans une facult\u00e9 de droit locale. La lecture de la Bible en anglais ne lui apporta pas plus d\u2019aide; il ne trouva pas le passage qu&#8217;il cherchait. Abandonnant ses recherches, Gurudev rendit le livre et laissa tomber le sujet, pensant que l&#8217;\u00e9pisode \u00e9tait clos. Mais il n&#8217;en fut rien. Son d\u00e9sir int\u00e9rieur revint, plus intense que jamais. Se posant de nouvelles questions, il apprit quelque chose de surprenant; Le christianisme \u00e9tait divis\u00e9 en de nombreuses sectes, dont les deux principales \u00e9taient le catholicisme et le protestantisme. Alors que la Bible qu&#8217;il avait lue auparavant \u00e9tait celle des catholiques, celle des protestants contenait le passage des \u00c9vangiles de saint Jean qui lui avait \u00e9t\u00e9 montr\u00e9 en r\u00eave.<\/p>\n<p style=\"font-weight: 400;\">Gurudev parvint \u00e0 se procurer un exemplaire de la Bible protestante et lut l&#8217;\u00c9vangile qu&#8217;on l&#8217;incitait sans cesse \u00e0 lire. Le passage concern\u00e9 contenait une proph\u00e9tie de J\u00e9sus lui-m\u00eame annon\u00e7ant la venue du Consolateur. Ce dernier, proph\u00e9tisait-il, sauverait de la mort certaine les seuls fid\u00e8les, \u00a1tandis que le reste de l\u2019humanit\u00e9 subirait un terrible ch\u00e2timent divin lors d\u2019une catastrophe mondiale provoqu\u00e9e par la guerre et la famine au XXIe si\u00e8cle! Gurudev apprit plus tard que l&#8217;Ancien Testament contenait des proph\u00e9ties similaires du proph\u00e8te Malachie concernant la venue du Messie, qu&#8217;il nomme E-li&#8217;jah. La lecture de ces proph\u00e9ties dans les \u00c9critures lui fit comprendre qu&#8217;elles \u00e9taient li\u00e9es aux enseignements de Krishna dans la Bhagavad-Gita, des milliers d&#8217;ann\u00e9es avant la naissance du christianisme et du juda\u00efsme.<\/p>\n<p style=\"font-weight: 400;\"><strong>\u00a0<\/strong><\/p>\n<p style=\"font-weight: 400;\"><span style=\"color: #0000ff;\"><strong>El vie d&#8217;un Siddhaguru<\/strong><\/span><\/p>\n<p style=\"font-weight: 400;\">Quelques ann\u00e9es plus tard, Gurudev re\u00e7ut un Adesh (ordre divin) de Gangainathji lui enjoignant de quitter son emploi aux chemins de fer et de se consacrer pleinement \u00e0 la mission spirituelle. Gurudev prit sa retraite anticip\u00e9e le 30 juin 1986, pr\u00e8s de sept ans avant l&#8217;\u00e2ge de la retraite. Il d\u00e9clara plus tard: \u00abAuparavant, je travaillais pour les chemins de fer; maintenant, je sers mon Guru. C&#8217;est un engagement \u00e0 vie que je ne pourrai jamais abandonner. J&#8217;ai enti\u00e8rement confi\u00e9 \u00e0 Gangainathji le soin des besoins mat\u00e9riels de ma famille. Je suis le fid\u00e8le serviteur de mon Guru; tout ce que je gagnerai ou perdrai dans cette mission sera conforme \u00e0 Sa volont\u00e9.\u00bb Pour toute question, veuillez envoyer un courriel \u00e0 gssyworld@gmail.com ou appeler le (+91)\u00a08369754399.<\/p>\n<p style=\"font-weight: 400;\">Baba dirige aussi Guru Siyag initier gens Siddha Yoga disciples. Gurudev commences 1990 Diksha programmes initialement Jodhpur\/autres villes Rajasthan. Venant Gurudev disciples: changement positif \u00e9tonnant vies; maladies\/afflictions chroniques gu\u00e9ries, \u00e9veil spirituel via chant mantra divin donn\u00e9 programmes + m\u00e9ditation. Parole unique Siddha Yoga\/pouvoirs gu\u00e9rison Gurudev se r\u00e9pand feu sauvage: invit\u00e9 autres villes\/bourgs Diksha. Depuis, voyages villes Inde, Isra\u00ebl, \u00c9tats-Unis; milliers sur chemin \u00c9volution Spirituelle\/sant\u00e9.<\/p>\n<p style=\"font-weight: 400;\">Cependant, Gurudev: mi-mission. Croit: jusqu&#8217;\u00e0 toucher globe h\u00e9misph\u00e8re ouest motiver chemin spirituel Baba Gangainathji, pas paix\/prosp\u00e9rit\u00e9 mondiale r\u00e9elle. \u00ab Spiritualisme Est doit unir mat\u00e9rialisme Ouest, sans quoi monde jamais fin conflits\/discordes. Union spirituelle Est\/Ouest accomplir pour paix durable \u00bb, dit Gurudev.<\/p>\n","protected":false},"excerpt":{"rendered":"<p>Jeunesse Guru Siyag est n\u00e9 le 24 novembre 1926 dans le village de Palana, \u00e0 25 kilom\u00e8tres au nord de Bikaner, dans l&#8217;\u00c9tat du Rajasthan (Inde). Apr\u00e8s avoir obtenu son dipl\u00f4me d&#8217;\u00e9tudes secondaires, il commen\u00e7a \u00e0 travailler comme employ\u00e9 aux Chemins de fer indiens \u00e0 l&#8217;\u00e2ge de 18 ans. Il se maria peu apr\u00e8s et fonda une famille. Au fil des ann\u00e9es, il eut cinq enfants: une fille et quatre gar\u00e7ons. Transformation divine L&#8217;hiver 1968 marque un tournant d\u00e9cisif dans el vie de Guru Siyag. Sa vie monotone fut soudain boulevers\u00e9e par une peur inexplicable de la mort, sans aucune maladie. Un devin local informa Gurudev qu&#8217;il \u00e9tait sous Markesh Dasha \u2014 une constellation plan\u00e9taire jetant un sort mortel. Seule fa\u00e7on \u00e9chapper mort imminente, selon clercs hindous locaux: invoquer b\u00e9n\u00e9dictions D\u00e9esse Gayatri via rituel sp\u00e9cial. Gayatri, D\u00e9esse lumi\u00e8re cosmique, seule capable sauver griffes mort. Conseill\u00e9 Havan \u2014 rituel purificateur sacr\u00e9 impliquant c\u00e9r\u00e9monie feu \u2014 chantant Gayatri Mantra. Invocation compl\u00e8te\/protection divine: rituel quotidien jusqu&#8217;\u00e0 125 000 chants mantra. Octobre 1968, Gurudev entame rituel s\u00e9rieusement pendant Navratri, festival 9 jours d\u00e9di\u00e9 Shakti divin f\u00e9minin. R\u00e9veil heures matinales quotidiennes, chant Gayatri Mantra sacr\u00e9 sur Havan. Pression panique illogique intense: rituel quotidien utmost sinc\u00e9rit\u00e9\/concentration. Trois mois pour compl\u00e9ter. R\u00e9trospectivement, Gurudev commente: force transformation divine l&#8217;a propuls\u00e9 peur artificielle changer vie mundane jusqu&#8217;alors, pousser chemin spirituel. Jour fin rituel, Gurudev couche pensant r\u00e9veil heure normale lendemain post-Gayatri ardu. Habitu\u00e9 lever t\u00f4t, r\u00e9veille t\u00f4t lendemain. Ouvrant yeux assis lit, int\u00e9rieur corps s&#8217;illumine lumi\u00e8re blanche immens\u00e9ment vive \u2014 incomparable soleil. Lumi\u00e8re illumine corps dedans. Ni chaude ni froide; vague paix apaisante. Immers\u00e9 joie\/beatitude inconnue. Lumi\u00e8re donne vision int\u00e9rieure. Gurudev voit: malgr\u00e9 lumi\u00e8re claire brillante dedans, pas trace organes \u2014 corps coquille vide! Ayant travaill\u00e9 occasionnellement comme aide \u00e0 la morgue de l&#8217;h\u00f4pital ferroviaire, Gurudev connaissait l&#8217;emplacement des organes internes, des muscles et des os dans le corps humain. Pourtant, il ne pouvait rien voir \u00e0 l&#8217;int\u00e9rieur du sien! Il per\u00e7ut bient\u00f4t un bourdonnement semblable \u00e0 celui d&#8217;un essaim de bourdons. En se concentrant sur ce son, il r\u00e9alisa qu&#8217;il \u00e9manait du centre de son nombril. \u00c0 sa grande surprise, ce bourdonnement n&#8217;\u00e9tait autre que le mantra Gayatri r\u00e9p\u00e9t\u00e9 \u00e0 une vitesse incroyable, lui donnant le son du vrombissement des abeilles! Il apprendrait bien plus tard que le mantra Gayatri, qu&#8217;il r\u00e9citait auparavant par un effort conscient, \u00e9tait d\u00e9sormais devenu un processus continu et automatique, le reliant d\u00e9finitivement \u00e0 la force divine. La lumi\u00e8re divine apporta \u00e0 Gurudev une autre d\u00e9couverte. Il r\u00e9alisa que derri\u00e8re la fa\u00e7ade de son identit\u00e9 et de son existence dans le monde mat\u00e9riel, il \u00e9tait une entit\u00e9 tout \u00e0 fait diff\u00e9rente. Il n&#8217;\u00e9tait plus soumis \u00e0 ses limitations physiques et sa conscience personnelle ne se limitait plus au monde physique qu&#8217;il habitait. Il eut l&#8217;impression que son \u00eatre s&#8217;\u00e9tait tellement \u00e9tendu qu&#8217;il pouvait embrasser l&#8217;univers entier. En r\u00e9alit\u00e9, il se sentait \u00eatre l&#8217;univers et pouvait ressentir les vibrations de tous les \u00eatres, anim\u00e9s et inanim\u00e9s, comme si elles \u00e9taient siennes. Il comprit \u00e9galement, \u00e0 travers cette exp\u00e9rience unique, qu&#8217;il \u00e9tait en v\u00e9rit\u00e9 ce que les anciens sages v\u00e9diques appelaient Brahma: la force divine absolue, omnipr\u00e9sente, immuable et amorphe. Alor\u2019s que Gurudev s&#8217;\u00e9merveillait de cette exp\u00e9rience extraordinaire et flottait sur des vagues de joie, de paix et d&#8217;amour, la vision fantastique prit fin aussi soudainement qu&#8217;elle \u00e9tait apparue. Le gargouillis de l&#8217;eau jaillissant d&#8217;un robinet ouvert dans la salle de bain le tira de sa profonde m\u00e9ditation. Lorsqu&#8217;il consulta des pandits (sages) vers\u00e9s dans les \u00e9critures saintes au sujet de cette exp\u00e9rience particuli\u00e8re, on lui r\u00e9v\u00e9la qu&#8217;il avait effectivement re\u00e7u la b\u00e9n\u00e9diction de la d\u00e9esse Gayatri, un siddhi \u2013 un pouvoir divin sp\u00e9cial. Rencontre avec Baba Gangainathji Pendant poursuites spirituelles mois suivants, Gurudev d\u00e9couvre philosophie Swami Vivekananda, figure spirituelle majeure XXe si\u00e8cle, revival h\u00e9ritage v\u00e9dique Inde, Am\u00e9rique, Europe. Vivekananda pr\u00f4ne fortement pratique philosophie v\u00e9dique via restauration syst\u00e8me Guru-disciple \u2014 seul chemin \u00e9volution spirituelle mondiale. Suivant conseil Vivekananda, Gurudev cherche Guru earnest. Parent sugg\u00e8re Baba Shri Gangainathji, yogi asc\u00e8te village Jamsar, 27 km nord Bikaner. Avril 1983, Gurudev visite ashram. Rien d&#8217;extraordinaire lors de cette premi\u00e8re rencontre: un groupe de personnes s&#8217;\u00e9tait r\u00e9uni pour m\u00e9diter en pr\u00e9sence de Gangainathji. Gurudev, assis \u00e0 l&#8217;arri\u00e8re, observait simplement. Bien qu&#8217;il n&#8217;y ait eu aucun \u00e9change entre eux lors de cette premi\u00e8re rencontre, quelque chose incita Gurudev \u00e0 retourner \u00e0 l&#8217;ashram de Baba quelques jours plus tard. C&#8217;est lors de cette seconde visite que, tandis que Gurudev s&#8217;inclinait et touchait les pieds de Baba, le ma\u00eetre lui toucha la t\u00eate en signe de b\u00e9n\u00e9diction. \u00c0 cet instant, Gurudev ressentit une \u00e9nergie intense, comme un \u00e9clair le traversant. C&#8217;\u00e9tait la mani\u00e8re pour Baba de donner la Diksha (initiation) et de transmettre le titre de \u00abSiddha Guru\u00bb \u00e0 Guru Siyag. \u00a0 Gangainathji prend Samadhi 31 d\u00e9cembre 1983, 5 h, Nord-Ouest Inde secou\u00e9 tremblement terre s\u00e9v\u00e8re. Gurudev apprend plus tard: moment pr\u00e9cis Baba Gangainathji quitte corps mortel. Conversation disciples ann\u00e9es apr\u00e8s: \u00abParfois, d\u00e9part \u00eatre \u00e9clair\u00e9 secoue terre exprimant chagrin. \u00bb Jours apr\u00e8s, Gurudev marche route: jeune local l&#8217;appelle. Dit \u00e9trange: Baba Gangainathji harc\u00e8le visite site Samadhi Jamsar (monument fun\u00e9raire\/mausol\u00e9e). Gurudev objecte Baba mort, impossible rencontre; jeune: Baba appara\u00eet r\u00eaves commandant. Prenant appel divin, Gurudev visite Samadhi Baba, prie. Principe cardinal v\u00e9dique: \u00e2me \u00e9ternelle, corps p\u00e9rit \u00e0 mort. Non-\u00e9clair\u00e9 meurt culmination karmas; \u00e9clair\u00e9 quitte corps consciemment\/intentionnellement temps\/lieu pr\u00e9cis. Tel Siddha Guru guide disciple\u2019s post-corps mortel. Site Samadhi saint r\u00e9v\u00e9r\u00e9 source b\u00e9n\u00e9dictions divines. \u00a0 Abandonnez-vous \u00e0 Guru Gangainathji J&#8217;ai v\u00e9cu une transformation radicale en m&#8217;abandonnant \u00e0 mon Guru Gangainathji. Vous aussi, vous pouvez vivre cette transformation. Toute l&#8217;humanit\u00e9 \u2013 hommes et femmes \u2013 peut la vivre. Pour cela, il vous suffit de comprendre qui vous \u00eates. Je vous r\u00e9v\u00e9lerai votre v\u00e9ritable nature afin que vous compreniez qui vous \u00eates. Vous n&#8217;\u00eates pas ce corps. Vous \u00eates l&#8217;\u00e2me immortelle. Le Sanatana Dharma affirme que la lib\u00e9ration est impossible sans un Guru illumin\u00e9. Mais la lib\u00e9ration n&#8217;est pas simple. Ce n&#8217;est pas un objet que le Guru vous tend \u00e0 votre premi\u00e8re rencontre. Le Guru vous [&hellip;]<\/p>\n","protected":false},"author":2,"featured_media":0,"parent":0,"menu_order":0,"comment_status":"closed","ping_status":"closed","template":"","meta":{"footnotes":""},"class_list":["post-1582","page","type-page","status-publish","hentry"],"aioseo_notices":[],"ams_acf":[],"_links":{"self":[{"href":"https:\/\/gurusiyagyoga.org\/fr\/wp-json\/wp\/v2\/pages\/1582","targetHints":{"allow":["GET"]}}],"collection":[{"href":"https:\/\/gurusiyagyoga.org\/fr\/wp-json\/wp\/v2\/pages"}],"about":[{"href":"https:\/\/gurusiyagyoga.org\/fr\/wp-json\/wp\/v2\/types\/page"}],"author":[{"embeddable":true,"href":"https:\/\/gurusiyagyoga.org\/fr\/wp-json\/wp\/v2\/users\/2"}],"replies":[{"embeddable":true,"href":"https:\/\/gurusiyagyoga.org\/fr\/wp-json\/wp\/v2\/comments?post=1582"}],"version-history":[{"count":2,"href":"https:\/\/gurusiyagyoga.org\/fr\/wp-json\/wp\/v2\/pages\/1582\/revisions"}],"predecessor-version":[{"id":1615,"href":"https:\/\/gurusiyagyoga.org\/fr\/wp-json\/wp\/v2\/pages\/1582\/revisions\/1615"}],"wp:attachment":[{"href":"https:\/\/gurusiyagyoga.org\/fr\/wp-json\/wp\/v2\/media?parent=1582"}],"curies":[{"name":"wp","href":"https:\/\/api.w.org\/{rel}","templated":true}]}}