{"id":1584,"date":"2026-01-27T13:35:34","date_gmt":"2026-01-27T08:05:34","guid":{"rendered":"https:\/\/gurusiyagyoga.org\/fr\/?page_id=1584"},"modified":"2026-02-01T17:37:16","modified_gmt":"2026-02-01T12:07:16","slug":"empowered","status":"publish","type":"page","link":"https:\/\/gurusiyagyoga.org\/fr\/empowered\/","title":{"rendered":"7.2 Guru Siyag investi de pouvoir"},"content":{"rendered":"<ul>\n<li style=\"font-weight: 400;\">Le mot \u00abSamarth\u00bb signifie investi de pouvoir (ou capable) et \u00abSatguru\u00bb d\u00e9signe un v\u00e9ritable Guru. \u00abSamarth Satguru\u00bb est un titre conf\u00e9r\u00e9 \u00e0 un Guru investi de pouvoir divin, capable de guider un disciple initi\u00e9 sur le chemin spirituel menant \u00e0 la r\u00e9alisation du Soi. Un tel Guru montre la voie el plus directe et el plus concr\u00e8te pour r\u00e9aliser le Divin, sans exiger des disciples qu&#8217;ils se rendent dans un lieu de culte, qu&#8217;ils accomplissent des rites, des rituels ou des pratiques ritualistes, ni qu&#8217;ils participent \u00e0 des d\u00e9bats et des sermons st\u00e9riles sur la spiritualit\u00e9 et la r\u00e9alisation de Dieu. Le Samarth Satguru n&#8217;impose aucune restriction aux chercheurs. Tel le soleil, il rayonne pour l&#8217;univers entier et ne fait aucune discrimination entre les chercheurs, ne les jugeant pas sur la base de leur personnalit\u00e9 pass\u00e9e ou pr\u00e9sente, de leur religion, de leur sexe, de leur origine ethnique, de leur orientation sexuelle ou de leur statut social. Le pouvoir divin d&#8217;un Samarth Satguru, tel que le Guru Siyag, transcende les limites du temps et de l&#8217;espace. Toute personne, o\u00f9 qu\u2019elle soit dans le monde, peut recevoir les b\u00e9n\u00e9dictions de Guru Siyag et vivre une transformation en pratiquant sinc\u00e8rement la m\u00e9ditation par mantra du Yoga de Guru Siyag (GSY).<\/li>\n<li style=\"font-weight: 400;\">Le Guru n&#8217;est pas seulement l&#8217;\u00eatre physique que nous voyons \u00e0 l&#8217;ext\u00e9rieur. Il est en chacun de nous. Guru Siyag l\u2019explique: \u00abQui est un Guru? Un Guru n&#8217;est pas simplement l&#8217;individu que vous voyez dans un corps mortel. Son corps mortel se fl\u00e9trira et dispara\u00eetra un jour. Mais le Guru (est la force divine qui) ne meurt jamais; il est \u00e9ternel et sans \u00e2ge. Le Guru grandit \u00e0 l&#8217;int\u00e9rieur (dans les profondeurs de la conscience du chercheur). Dans notre science yogique, le temps et l&#8217;espace n&#8217;ont aucune valeur. Vous \u00eates en moi; et je suis en vous. Chaque fois que vous vous souvenez de moi, vous me trouverez en vous. Si un Guru est authentique, il est omnipr\u00e9sent (il est pr\u00e9sent simultan\u00e9ment partout; il n&#8217;est pas limit\u00e9 par le temps et l&#8217;espace).<\/li>\n<li style=\"font-weight: 400;\">\u00abLorsque vous m&#8217;\u00e9coutez ici, vous absorbez mon \u00e9nergie. Mon \u00e9nergie consciente divine est \u00e9mise \u00e0 chaque instant par ma voix, mes yeux et chaque pore de mon \u00eatre. Cette \u00e9nergie sera \u00e9mise tant que ce corps existera.\u00bb Que vous soyez illettr\u00e9, loin de chez vous ou souffrant atrocement, si vous me priez en disant: \u00abS\u2019il vous pla\u00eet, aidez-moi\u00bb, cette pri\u00e8re est suffisamment forte et puissante pour me parvenir. S\u2019agenouiller, me supplier ou me couvrir de cadeaux ne me sera d\u2019aucune utilit\u00e9.<\/li>\n<\/ul>\n","protected":false},"excerpt":{"rendered":"<p>Le mot \u00abSamarth\u00bb signifie investi de pouvoir (ou capable) et \u00abSatguru\u00bb d\u00e9signe un v\u00e9ritable Guru. \u00abSamarth Satguru\u00bb est un titre conf\u00e9r\u00e9 \u00e0 un Guru investi de pouvoir divin, capable de guider un disciple initi\u00e9 sur le chemin spirituel menant \u00e0 la r\u00e9alisation du Soi. Un tel Guru montre la voie el plus directe et el plus concr\u00e8te pour r\u00e9aliser le Divin, sans exiger des disciples qu&#8217;ils se rendent dans un lieu de culte, qu&#8217;ils accomplissent des rites, des rituels ou des pratiques ritualistes, ni qu&#8217;ils participent \u00e0 des d\u00e9bats et des sermons st\u00e9riles sur la spiritualit\u00e9 et la r\u00e9alisation de Dieu. Le Samarth Satguru n&#8217;impose aucune restriction aux chercheurs. Tel le soleil, il rayonne pour l&#8217;univers entier et ne fait aucune discrimination entre les chercheurs, ne les jugeant pas sur la base de leur personnalit\u00e9 pass\u00e9e ou pr\u00e9sente, de leur religion, de leur sexe, de leur origine ethnique, de leur orientation sexuelle ou de leur statut social. Le pouvoir divin d&#8217;un Samarth Satguru, tel que le Guru Siyag, transcende les limites du temps et de l&#8217;espace. Toute personne, o\u00f9 qu\u2019elle soit dans le monde, peut recevoir les b\u00e9n\u00e9dictions de Guru Siyag et vivre une transformation en pratiquant sinc\u00e8rement la m\u00e9ditation par mantra du Yoga de Guru Siyag (GSY). Le Guru n&#8217;est pas seulement l&#8217;\u00eatre physique que nous voyons \u00e0 l&#8217;ext\u00e9rieur. Il est en chacun de nous. Guru Siyag l\u2019explique: \u00abQui est un Guru? Un Guru n&#8217;est pas simplement l&#8217;individu que vous voyez dans un corps mortel. Son corps mortel se fl\u00e9trira et dispara\u00eetra un jour. Mais le Guru (est la force divine qui) ne meurt jamais; il est \u00e9ternel et sans \u00e2ge. Le Guru grandit \u00e0 l&#8217;int\u00e9rieur (dans les profondeurs de la conscience du chercheur). Dans notre science yogique, le temps et l&#8217;espace n&#8217;ont aucune valeur. Vous \u00eates en moi; et je suis en vous. Chaque fois que vous vous souvenez de moi, vous me trouverez en vous. Si un Guru est authentique, il est omnipr\u00e9sent (il est pr\u00e9sent simultan\u00e9ment partout; il n&#8217;est pas limit\u00e9 par le temps et l&#8217;espace). \u00abLorsque vous m&#8217;\u00e9coutez ici, vous absorbez mon \u00e9nergie. Mon \u00e9nergie consciente divine est \u00e9mise \u00e0 chaque instant par ma voix, mes yeux et chaque pore de mon \u00eatre. Cette \u00e9nergie sera \u00e9mise tant que ce corps existera.\u00bb Que vous soyez illettr\u00e9, loin de chez vous ou souffrant atrocement, si vous me priez en disant: \u00abS\u2019il vous pla\u00eet, aidez-moi\u00bb, cette pri\u00e8re est suffisamment forte et puissante pour me parvenir. S\u2019agenouiller, me supplier ou me couvrir de cadeaux ne me sera d\u2019aucune utilit\u00e9.<\/p>\n","protected":false},"author":2,"featured_media":0,"parent":0,"menu_order":0,"comment_status":"closed","ping_status":"closed","template":"","meta":{"footnotes":""},"class_list":["post-1584","page","type-page","status-publish","hentry"],"aioseo_notices":[],"ams_acf":[],"_links":{"self":[{"href":"https:\/\/gurusiyagyoga.org\/fr\/wp-json\/wp\/v2\/pages\/1584","targetHints":{"allow":["GET"]}}],"collection":[{"href":"https:\/\/gurusiyagyoga.org\/fr\/wp-json\/wp\/v2\/pages"}],"about":[{"href":"https:\/\/gurusiyagyoga.org\/fr\/wp-json\/wp\/v2\/types\/page"}],"author":[{"embeddable":true,"href":"https:\/\/gurusiyagyoga.org\/fr\/wp-json\/wp\/v2\/users\/2"}],"replies":[{"embeddable":true,"href":"https:\/\/gurusiyagyoga.org\/fr\/wp-json\/wp\/v2\/comments?post=1584"}],"version-history":[{"count":2,"href":"https:\/\/gurusiyagyoga.org\/fr\/wp-json\/wp\/v2\/pages\/1584\/revisions"}],"predecessor-version":[{"id":1616,"href":"https:\/\/gurusiyagyoga.org\/fr\/wp-json\/wp\/v2\/pages\/1584\/revisions\/1616"}],"wp:attachment":[{"href":"https:\/\/gurusiyagyoga.org\/fr\/wp-json\/wp\/v2\/media?parent=1584"}],"curies":[{"name":"wp","href":"https:\/\/api.w.org\/{rel}","templated":true}]}}