{"id":1586,"date":"2026-01-27T13:38:50","date_gmt":"2026-01-27T08:08:50","guid":{"rendered":"https:\/\/gurusiyagyoga.org\/fr\/?page_id=1586"},"modified":"2026-02-01T17:39:25","modified_gmt":"2026-02-01T12:09:25","slug":"significance","status":"publish","type":"page","link":"https:\/\/gurusiyagyoga.org\/fr\/significance\/","title":{"rendered":"7.3 Importance de m\u00e9diter \u00e0 travers la photographie"},"content":{"rendered":"<ul>\n<li>Guru Siyag est un Siddha: un ma\u00eetre spirituel ayant atteint les deux \u00e9tats divins, Sagun (Dieu sous sa forme et ses qualit\u00e9s visibles) et Nirgun (Dieu dans l\u2019\u00e9tat invisible, sans Gunas ni attributs). Les pouvoirs divins de Gurudev ne se limitent pas \u00e0 son corps. Ils existent partout dans l\u2019univers sous une forme invisible et subtile; ainsi, m\u00e9diter sur sa photographie a le m\u00eame impact que sa pr\u00e9sence physique. M\u00e9diter sur l\u2019image de Guru Siyag est une invocation de sa gr\u00e2ce. Guru Siyag dit: \u00ab\u00a0Le Guru est une force d\u2019attraction. Ce corps n\u2019est pas le Guru. Ce corps mourra dans quelques ann\u00e9es. Le Guru est en vous. La science du yoga ne tient pas compte du temps et de l\u2019espace. Je suis en vous et vous \u00eates en moi. O\u00f9 que vous soyez et quand vous vous souvenez de moi, je serai pr\u00e9sent. Si un Guru est un v\u00e9ritable Guru, alors il est omnipr\u00e9sent.\u00bb<\/li>\n<li>Lorsqu&#8217;un chercheur re\u00e7oit l&#8217;initiation au mantra (Diksha) de Gurudev, que ce soit en personne ou par le biais de la t\u00e9l\u00e9vision, d&#8217;un CD ou d&#8217;une vid\u00e9o envoy\u00e9e par courriel, et qu&#8217;il devient disciple, il \u00e9tablit un contact permanent avec Gurudev sur un plan subtil. Gurudev est ainsi toujours pr\u00e9sent aupr\u00e8s du disciple, qu&#8217;il soit pr\u00e8s de lui ou loin. La pr\u00e9sence protectrice et les conseils de Gurudev sont toujours accessibles au disciple lorsqu&#8217;il se souvient de lui ou le prie int\u00e9rieurement. C&#8217;est pourquoi une simple image ou photo de Gurudev est aussi efficace que sa b\u00e9n\u00e9diction en personne.<\/li>\n<\/ul>\n","protected":false},"excerpt":{"rendered":"<p>Guru Siyag est un Siddha: un ma\u00eetre spirituel ayant atteint les deux \u00e9tats divins, Sagun (Dieu sous sa forme et ses qualit\u00e9s visibles) et Nirgun (Dieu dans l\u2019\u00e9tat invisible, sans Gunas ni attributs). Les pouvoirs divins de Gurudev ne se limitent pas \u00e0 son corps. Ils existent partout dans l\u2019univers sous une forme invisible et subtile; ainsi, m\u00e9diter sur sa photographie a le m\u00eame impact que sa pr\u00e9sence physique. M\u00e9diter sur l\u2019image de Guru Siyag est une invocation de sa gr\u00e2ce. Guru Siyag dit: \u00ab\u00a0Le Guru est une force d\u2019attraction. Ce corps n\u2019est pas le Guru. Ce corps mourra dans quelques ann\u00e9es. Le Guru est en vous. La science du yoga ne tient pas compte du temps et de l\u2019espace. Je suis en vous et vous \u00eates en moi. O\u00f9 que vous soyez et quand vous vous souvenez de moi, je serai pr\u00e9sent. Si un Guru est un v\u00e9ritable Guru, alors il est omnipr\u00e9sent.\u00bb Lorsqu&#8217;un chercheur re\u00e7oit l&#8217;initiation au mantra (Diksha) de Gurudev, que ce soit en personne ou par le biais de la t\u00e9l\u00e9vision, d&#8217;un CD ou d&#8217;une vid\u00e9o envoy\u00e9e par courriel, et qu&#8217;il devient disciple, il \u00e9tablit un contact permanent avec Gurudev sur un plan subtil. Gurudev est ainsi toujours pr\u00e9sent aupr\u00e8s du disciple, qu&#8217;il soit pr\u00e8s de lui ou loin. La pr\u00e9sence protectrice et les conseils de Gurudev sont toujours accessibles au disciple lorsqu&#8217;il se souvient de lui ou le prie int\u00e9rieurement. C&#8217;est pourquoi une simple image ou photo de Gurudev est aussi efficace que sa b\u00e9n\u00e9diction en personne.<\/p>\n","protected":false},"author":2,"featured_media":0,"parent":0,"menu_order":0,"comment_status":"closed","ping_status":"closed","template":"","meta":{"footnotes":""},"class_list":["post-1586","page","type-page","status-publish","hentry"],"aioseo_notices":[],"ams_acf":[],"_links":{"self":[{"href":"https:\/\/gurusiyagyoga.org\/fr\/wp-json\/wp\/v2\/pages\/1586","targetHints":{"allow":["GET"]}}],"collection":[{"href":"https:\/\/gurusiyagyoga.org\/fr\/wp-json\/wp\/v2\/pages"}],"about":[{"href":"https:\/\/gurusiyagyoga.org\/fr\/wp-json\/wp\/v2\/types\/page"}],"author":[{"embeddable":true,"href":"https:\/\/gurusiyagyoga.org\/fr\/wp-json\/wp\/v2\/users\/2"}],"replies":[{"embeddable":true,"href":"https:\/\/gurusiyagyoga.org\/fr\/wp-json\/wp\/v2\/comments?post=1586"}],"version-history":[{"count":2,"href":"https:\/\/gurusiyagyoga.org\/fr\/wp-json\/wp\/v2\/pages\/1586\/revisions"}],"predecessor-version":[{"id":1617,"href":"https:\/\/gurusiyagyoga.org\/fr\/wp-json\/wp\/v2\/pages\/1586\/revisions\/1617"}],"wp:attachment":[{"href":"https:\/\/gurusiyagyoga.org\/fr\/wp-json\/wp\/v2\/media?parent=1586"}],"curies":[{"name":"wp","href":"https:\/\/api.w.org\/{rel}","templated":true}]}}