{"id":39,"date":"2016-03-25T15:46:25","date_gmt":"2016-03-25T10:16:25","guid":{"rendered":"http:\/\/gurusiyagyoga.com\/fr\/?page_id=39"},"modified":"2021-09-08T15:39:14","modified_gmt":"2021-09-08T10:09:14","slug":"contact-us","status":"publish","type":"page","link":"https:\/\/gurusiyagyoga.org\/fr\/contact-us\/","title":{"rendered":"Contactez nous"},"content":{"rendered":"<h4><strong>Nous n&#8217;avons pas d&#8217;adresse physique:<\/strong><\/h4>\n<p>Il y a longtemps et \u00e0 plusieurs reprises, lorsqu&#8217;on a demand\u00e9 \u00e0 Guru Siyag quelle \u00e9tait la meilleure fa\u00e7on de promouvoir son Yoga, il a dit : &#8220;Partagez le site internet avec les gens. Mon corps physique ne peut aller qu&#8217;\u00e0 quelques endroits, mais le site internet peut diffuser le message de la mission loin, et \u00e0 grande \u00e9chelle&#8221;. Guru Siyag \u00e9tait un Guru moderne en ce sens qu&#8217;il avait bien conscience du r\u00e9tr\u00e9cissement du monde. Il savait que la technologie relierait les humains entre eux. Il a encourag\u00e9 ses disciples \u00e0 utiliser Internet pour que les gens s\u2019int\u00e9ressent au GSY. Les nombreuses pages de m\u00e9dias sociaux et les sites web du GSY aident les disciples du monde entier \u00e0 rester en contact les uns avec les autres.<\/p>\n<p>Alors qu\u2019il promouvait sa mission, Guru Siyag s\u2019est assur\u00e9 que ses disciples \u00e9taient compl\u00e8tement ind\u00e9pendants : il a fortement mis l&#8217;accent sur l&#8217;\u00e9tablissement d&#8217;une relation avec le Guru int\u00e9rieur et sur le fait de ne pas d\u00e9pendre d&#8217;une personne ou d&#8217;un corps pour le progr\u00e8s spirituel. Il a dit que la force divine de la Kundalini (tout comme les autres forces naturelles que sont la lumi\u00e8re, le vent, la pluie, etc.) n&#8217;a pas besoin d&#8217;un bureau ou d&#8217;une institution pour faire son travail et qu&#8217;elle ne peut pas \u00eatre li\u00e9e par eux. Associer une vision aussi vaste que celle-ci \u00e0 une structure serait limiter l\u2019\u00e9tendue de la mission de Guru Siyag \u00e0 notre emplacement g\u00e9ographique imm\u00e9diat. Les disciples de Guru Siyag ne sont pas confin\u00e9s par les r\u00e8gles ou les bureaux d\u2019une organisation quelconque, mais sont libres de pratiquer et de promouvoir son yoga n&#8217;importe o\u00f9 dans le monde.<\/p>\n<p>Envoyez-nous un email \/ message ou appelez-nous :<\/p>\n<p>Courriel : gssyworld@gmail.com ou par t\u00e9l\u00e9phone<\/p>\n<p>(+91)8369754399 (anglais seulement)<\/p>\n<p>(+91)7976251916,<\/p>\n<p>(+91)9468623528 (Whatsapp)<\/p>\n<p>(+1)248525253793 (USA),<\/p>\n\n<div class=\"wpcf7 no-js\" id=\"wpcf7-f1387-o1\" lang=\"en-US\" dir=\"ltr\" data-wpcf7-id=\"1387\">\n<div class=\"screen-reader-response\"><p role=\"status\" aria-live=\"polite\" aria-atomic=\"true\"><\/p> <ul><\/ul><\/div>\n<form action=\"\/fr\/wp-json\/wp\/v2\/pages\/39#wpcf7-f1387-o1\" method=\"post\" class=\"wpcf7-form init\" aria-label=\"Contact form\" novalidate=\"novalidate\" data-status=\"init\">\n<fieldset class=\"hidden-fields-container\"><input type=\"hidden\" name=\"_wpcf7\" value=\"1387\" \/><input type=\"hidden\" name=\"_wpcf7_version\" value=\"6.1.5\" \/><input type=\"hidden\" name=\"_wpcf7_locale\" value=\"en_US\" \/><input type=\"hidden\" name=\"_wpcf7_unit_tag\" value=\"wpcf7-f1387-o1\" \/><input type=\"hidden\" name=\"_wpcf7_container_post\" value=\"0\" \/><input type=\"hidden\" name=\"_wpcf7_posted_data_hash\" value=\"\" \/>\n<\/fieldset>\n<p><label> Your Email (required)<br \/>\n<span class=\"wpcf7-form-control-wrap\" data-name=\"your-email\"><input size=\"40\" maxlength=\"400\" class=\"wpcf7-form-control wpcf7-email wpcf7-validates-as-required wpcf7-text wpcf7-validates-as-email\" aria-required=\"true\" aria-invalid=\"false\" value=\"\" type=\"email\" name=\"your-email\" \/><\/span> <\/label>\n<\/p>\n<p><label> Subject<br \/>\n<span class=\"wpcf7-form-control-wrap\" data-name=\"your-subject\"><input size=\"40\" maxlength=\"400\" class=\"wpcf7-form-control wpcf7-text\" aria-invalid=\"false\" value=\"\" type=\"text\" name=\"your-subject\" \/><\/span> <\/label>\n<\/p>\n<p><label> Your Message<br \/>\n<span class=\"wpcf7-form-control-wrap\" data-name=\"your-message\"><textarea cols=\"40\" rows=\"10\" maxlength=\"2000\" class=\"wpcf7-form-control wpcf7-textarea\" aria-invalid=\"false\" name=\"your-message\"><\/textarea><\/span> <\/label>\n<\/p>\n<p><input class=\"wpcf7-form-control wpcf7-submit has-spinner\" type=\"submit\" value=\"Send\" \/>\n<\/p><div class=\"wpcf7-response-output\" aria-hidden=\"true\"><\/div>\n<\/form>\n<\/div>\n\n","protected":false},"excerpt":{"rendered":"<p>Nous n&#8217;avons pas d&#8217;adresse physique: Il y a longtemps et \u00e0 plusieurs reprises, lorsqu&#8217;on a demand\u00e9 \u00e0 Guru Siyag quelle \u00e9tait la meilleure fa\u00e7on de promouvoir son Yoga, il a dit : &#8220;Partagez le site internet avec les gens. Mon corps physique ne peut aller qu&#8217;\u00e0 quelques endroits, mais le site internet peut diffuser le message de la mission loin, et \u00e0 grande \u00e9chelle&#8221;. Guru Siyag \u00e9tait un Guru moderne en ce sens qu&#8217;il avait bien conscience du r\u00e9tr\u00e9cissement du monde. Il savait que la technologie relierait les humains entre eux. Il a encourag\u00e9 ses disciples \u00e0 utiliser Internet pour que les gens s\u2019int\u00e9ressent au GSY. Les nombreuses pages de m\u00e9dias sociaux et les sites web du GSY aident les disciples du monde entier \u00e0 rester en contact les uns avec les autres. Alors qu\u2019il promouvait sa mission, Guru Siyag s\u2019est assur\u00e9 que ses disciples \u00e9taient compl\u00e8tement ind\u00e9pendants : il a fortement mis l&#8217;accent sur l&#8217;\u00e9tablissement d&#8217;une relation avec le Guru int\u00e9rieur et sur le fait de ne pas d\u00e9pendre d&#8217;une personne ou d&#8217;un corps pour le progr\u00e8s spirituel. Il a dit que la force divine de la Kundalini (tout comme les autres forces naturelles que sont la lumi\u00e8re, le vent, la pluie, etc.) n&#8217;a pas besoin d&#8217;un bureau ou d&#8217;une institution pour faire son travail et qu&#8217;elle ne peut pas \u00eatre li\u00e9e par eux. Associer une vision aussi vaste que celle-ci \u00e0 une structure serait limiter l\u2019\u00e9tendue de la mission de Guru Siyag \u00e0 notre emplacement g\u00e9ographique imm\u00e9diat. Les disciples de Guru Siyag ne sont pas confin\u00e9s par les r\u00e8gles ou les bureaux d\u2019une organisation quelconque, mais sont libres de pratiquer et de promouvoir son yoga n&#8217;importe o\u00f9 dans le monde. Envoyez-nous un email \/ message ou appelez-nous : Courriel : gssyworld@gmail.com ou par t\u00e9l\u00e9phone (+91)8369754399 (anglais seulement) (+91)7976251916, (+91)9468623528 (Whatsapp) (+1)248525253793 (USA),<\/p>\n","protected":false},"author":1,"featured_media":0,"parent":0,"menu_order":0,"comment_status":"closed","ping_status":"closed","template":"","meta":{"footnotes":""},"class_list":["post-39","page","type-page","status-publish","hentry"],"aioseo_notices":[],"ams_acf":[],"_links":{"self":[{"href":"https:\/\/gurusiyagyoga.org\/fr\/wp-json\/wp\/v2\/pages\/39","targetHints":{"allow":["GET"]}}],"collection":[{"href":"https:\/\/gurusiyagyoga.org\/fr\/wp-json\/wp\/v2\/pages"}],"about":[{"href":"https:\/\/gurusiyagyoga.org\/fr\/wp-json\/wp\/v2\/types\/page"}],"author":[{"embeddable":true,"href":"https:\/\/gurusiyagyoga.org\/fr\/wp-json\/wp\/v2\/users\/1"}],"replies":[{"embeddable":true,"href":"https:\/\/gurusiyagyoga.org\/fr\/wp-json\/wp\/v2\/comments?post=39"}],"version-history":[{"count":8,"href":"https:\/\/gurusiyagyoga.org\/fr\/wp-json\/wp\/v2\/pages\/39\/revisions"}],"predecessor-version":[{"id":1388,"href":"https:\/\/gurusiyagyoga.org\/fr\/wp-json\/wp\/v2\/pages\/39\/revisions\/1388"}],"wp:attachment":[{"href":"https:\/\/gurusiyagyoga.org\/fr\/wp-json\/wp\/v2\/media?parent=39"}],"curies":[{"name":"wp","href":"https:\/\/api.w.org\/{rel}","templated":true}]}}