{"id":84,"date":"2016-03-26T16:55:42","date_gmt":"2016-03-26T11:25:42","guid":{"rendered":"http:\/\/gurusiyagyoga.com\/fr\/?page_id=84"},"modified":"2021-09-08T15:39:00","modified_gmt":"2021-09-08T10:09:00","slug":"receive-mantra","status":"publish","type":"page","link":"https:\/\/gurusiyagyoga.org\/fr\/receive-mantra\/","title":{"rendered":"COMMENT RECEVOIR LE MANTRA PAR LA DIKSHA"},"content":{"rendered":"<ul>\n<li style=\"font-weight: 400;\"><span style=\"font-weight: 400;\">Avant de demander le mantra<\/span><span style=\"font-weight: 400;\">:<\/span><a href=\"https:\/\/www.youtube.com\/playlist?list=PLAJcw8yYavkeg4nIbEE3u69WFwoYQBJD9\"><span style=\"font-weight: 400;\"> voir les vid\u00e9os pr\u00e9-mantra<\/span><\/a><\/li>\n<li style=\"font-weight: 400;\"><span style=\"font-weight: 400;\">Le mantra donn\u00e9 dans la vid\u00e9o peut \u00e9galement \u00eatre re\u00e7u par courrier \u00e9lectronique sous forme de \u00a0clip vid\u00e9o court en envoyant un courriel avec l\u2019objet \u201cMantra request ou Demande de mantra\u201d \u00e0 l\u2019adresse mail : gssyworld@gmail.com ou whatsapp (+91)9468623528.<\/span><\/li>\n<\/ul>\n","protected":false},"excerpt":{"rendered":"<p>Avant de demander le mantra: voir les vid\u00e9os pr\u00e9-mantra Le mantra donn\u00e9 dans la vid\u00e9o peut \u00e9galement \u00eatre re\u00e7u par courrier \u00e9lectronique sous forme de \u00a0clip vid\u00e9o court en envoyant un courriel avec l\u2019objet \u201cMantra request ou Demande de mantra\u201d \u00e0 l\u2019adresse mail : gssyworld@gmail.com ou whatsapp (+91)9468623528.<\/p>\n","protected":false},"author":1,"featured_media":0,"parent":0,"menu_order":0,"comment_status":"closed","ping_status":"closed","template":"","meta":{"footnotes":""},"class_list":["post-84","page","type-page","status-publish","hentry"],"aioseo_notices":[],"ams_acf":[],"_links":{"self":[{"href":"https:\/\/gurusiyagyoga.org\/fr\/wp-json\/wp\/v2\/pages\/84","targetHints":{"allow":["GET"]}}],"collection":[{"href":"https:\/\/gurusiyagyoga.org\/fr\/wp-json\/wp\/v2\/pages"}],"about":[{"href":"https:\/\/gurusiyagyoga.org\/fr\/wp-json\/wp\/v2\/types\/page"}],"author":[{"embeddable":true,"href":"https:\/\/gurusiyagyoga.org\/fr\/wp-json\/wp\/v2\/users\/1"}],"replies":[{"embeddable":true,"href":"https:\/\/gurusiyagyoga.org\/fr\/wp-json\/wp\/v2\/comments?post=84"}],"version-history":[{"count":6,"href":"https:\/\/gurusiyagyoga.org\/fr\/wp-json\/wp\/v2\/pages\/84\/revisions"}],"predecessor-version":[{"id":1361,"href":"https:\/\/gurusiyagyoga.org\/fr\/wp-json\/wp\/v2\/pages\/84\/revisions\/1361"}],"wp:attachment":[{"href":"https:\/\/gurusiyagyoga.org\/fr\/wp-json\/wp\/v2\/media?parent=84"}],"curies":[{"name":"wp","href":"https:\/\/api.w.org\/{rel}","templated":true}]}}