{"id":31,"date":"2018-09-04T10:51:10","date_gmt":"2018-09-04T10:51:10","guid":{"rendered":"https:\/\/gurusiyagyoga.org\/hu\/?page_id=31"},"modified":"2021-09-08T17:00:00","modified_gmt":"2021-09-08T17:00:00","slug":"contact","status":"publish","type":"page","link":"https:\/\/gurusiyagyoga.org\/hu\/contact\/","title":{"rendered":"L\u00e9pjen kapcsolatba vel\u00fcnk"},"content":{"rendered":"<pre id=\"tw-target-text\" class=\"tw-data-text tw-ta tw-text-medium\" dir=\"ltr\" data-placeholder=\"Translation\" data-fulltext=\"\"><span lang=\"hu\">K\u00e9rj\u00fck, k\u00fcldj\u00f6n egy e-mailt \/ \u00fczenetet, vagy h\u00edvjon minket:<\/span><\/pre>\n<p>email : \u00a0<a href=\"mailto:gssyworld@gmail.com\">gssyworld@gmail.com<\/a>\u00a0\u00a0<span lang=\"hu\">vagy\u00a0<\/span><span lang=\"hu\">h\u00edv\u00e1s<\/span><\/p>\n<p>(+91)8369754399 (<span lang=\"hu\">csak angolul<\/span>)<\/p>\n<p>(+91)9468623528 (Whatsapp)<\/p>\n<p>(+1)2485253793 (USA),<\/p>\n\n<div class=\"wpcf7 no-js\" id=\"wpcf7-f7-o1\" lang=\"en-US\" dir=\"ltr\" data-wpcf7-id=\"7\">\n<div class=\"screen-reader-response\"><p role=\"status\" aria-live=\"polite\" aria-atomic=\"true\"><\/p> <ul><\/ul><\/div>\n<form action=\"\/hu\/wp-json\/wp\/v2\/pages\/31#wpcf7-f7-o1\" method=\"post\" class=\"wpcf7-form init\" aria-label=\"Contact form\" novalidate=\"novalidate\" data-status=\"init\">\n<fieldset class=\"hidden-fields-container\"><input type=\"hidden\" name=\"_wpcf7\" value=\"7\" \/><input type=\"hidden\" name=\"_wpcf7_version\" value=\"6.1.5\" \/><input type=\"hidden\" name=\"_wpcf7_locale\" value=\"en_US\" \/><input type=\"hidden\" name=\"_wpcf7_unit_tag\" value=\"wpcf7-f7-o1\" \/><input type=\"hidden\" name=\"_wpcf7_container_post\" value=\"0\" \/><input type=\"hidden\" name=\"_wpcf7_posted_data_hash\" value=\"\" \/>\n<\/fieldset>\n<p><label> Your Email (required)<br \/>\n<span class=\"wpcf7-form-control-wrap\" data-name=\"your-email\"><input size=\"40\" maxlength=\"400\" class=\"wpcf7-form-control wpcf7-email wpcf7-validates-as-required wpcf7-text wpcf7-validates-as-email\" aria-required=\"true\" aria-invalid=\"false\" value=\"\" type=\"email\" name=\"your-email\" \/><\/span> <\/label>\n<\/p>\n<p><label> Subject<br \/>\n<span class=\"wpcf7-form-control-wrap\" data-name=\"your-subject\"><input size=\"40\" maxlength=\"400\" class=\"wpcf7-form-control wpcf7-text\" aria-invalid=\"false\" value=\"\" type=\"text\" name=\"your-subject\" \/><\/span> <\/label>\n<\/p>\n<p><label> Your Message<br \/>\n<span class=\"wpcf7-form-control-wrap\" data-name=\"your-message\"><textarea cols=\"40\" rows=\"10\" maxlength=\"2000\" class=\"wpcf7-form-control wpcf7-textarea\" aria-invalid=\"false\" name=\"your-message\"><\/textarea><\/span> <\/label>\n<\/p>\n<p><input class=\"wpcf7-form-control wpcf7-submit has-spinner\" type=\"submit\" value=\"Send\" \/>\n<\/p><div class=\"wpcf7-response-output\" aria-hidden=\"true\"><\/div>\n<\/form>\n<\/div>\n\n","protected":false},"excerpt":{"rendered":"<p>K\u00e9rj\u00fck, k\u00fcldj\u00f6n egy e-mailt \/ \u00fczenetet, vagy h\u00edvjon minket: email : \u00a0gssyworld@gmail.com\u00a0\u00a0vagy\u00a0h\u00edv\u00e1s (+91)8369754399 (csak angolul) (+91)9468623528 (Whatsapp) (+1)2485253793 (USA),<\/p>\n","protected":false},"author":2,"featured_media":0,"parent":0,"menu_order":0,"comment_status":"closed","ping_status":"closed","template":"","meta":{"footnotes":""},"class_list":["post-31","page","type-page","status-publish","hentry"],"aioseo_notices":[],"ams_acf":[],"_links":{"self":[{"href":"https:\/\/gurusiyagyoga.org\/hu\/wp-json\/wp\/v2\/pages\/31","targetHints":{"allow":["GET"]}}],"collection":[{"href":"https:\/\/gurusiyagyoga.org\/hu\/wp-json\/wp\/v2\/pages"}],"about":[{"href":"https:\/\/gurusiyagyoga.org\/hu\/wp-json\/wp\/v2\/types\/page"}],"author":[{"embeddable":true,"href":"https:\/\/gurusiyagyoga.org\/hu\/wp-json\/wp\/v2\/users\/2"}],"replies":[{"embeddable":true,"href":"https:\/\/gurusiyagyoga.org\/hu\/wp-json\/wp\/v2\/comments?post=31"}],"version-history":[{"count":3,"href":"https:\/\/gurusiyagyoga.org\/hu\/wp-json\/wp\/v2\/pages\/31\/revisions"}],"predecessor-version":[{"id":171,"href":"https:\/\/gurusiyagyoga.org\/hu\/wp-json\/wp\/v2\/pages\/31\/revisions\/171"}],"wp:attachment":[{"href":"https:\/\/gurusiyagyoga.org\/hu\/wp-json\/wp\/v2\/media?parent=31"}],"curies":[{"name":"wp","href":"https:\/\/api.w.org\/{rel}","templated":true}]}}