{"id":320,"date":"2026-01-28T14:34:26","date_gmt":"2026-01-28T14:34:26","guid":{"rendered":"https:\/\/gurusiyagyoga.org\/hu\/?page_id=320"},"modified":"2026-02-04T10:10:03","modified_gmt":"2026-02-04T10:10:03","slug":"uniqueness","status":"publish","type":"page","link":"https:\/\/gurusiyagyoga.org\/hu\/uniqueness\/","title":{"rendered":"2. Egyedis\u00e9g"},"content":{"rendered":"<ul style=\"font-weight: 400;\">\n<li>A gyakorl\u00f3k b\u00e1rmilyen \u00e9letm\u00f3dot k\u00f6vethetnek. A GSY nem k\u00f6veteli meg a gyakorl\u00f3kt\u00f3l, hogy b\u00e1rmilyen m\u00f3don v\u00e1ltoztass\u00e1k meg \u00e9letm\u00f3djukat.<\/li>\n<li>Nem \u00edr el\u0151 \u00e9trendi korl\u00e1toz\u00e1sokat.<\/li>\n<li>Guru Siyag nem \u00edr el\u0151 erk\u00f6lcsi magatart\u00e1si k\u00f3dexet, amit a tan\u00edtv\u00e1nynak be kell tartania. Szerinte ilyen rendszer felesleges. Guru Siyag azt mondja, hogy ha a tan\u00edtv\u00e1nyok komolyan v\u00e9gzik a gyakorlatot, a benn\u00fck l\u00e9v\u0151 Guru elkezd isteni \u00fatmutat\u00e1st adni, ami el\u0151mozd\u00edtja lelki fejl\u0151d\u00e9s\u00fcket.<\/li>\n<li>A gyakorlat nem foglal ritu\u00e1l\u00e9kat, ritu\u00e1lis gyakorlatokat, szok\u00e1sokat \u00e9s \u00e1ldozatokat (k\u00f3kuszok, t\u00f6mj\u00e9n, vir\u00e1gok stb.).<\/li>\n<li>A vil\u00e1g b\u00e1rmely r\u00e9sz\u00e9n l\u00e9v\u0151 keres\u0151 m\u00e9ly medit\u00e1ci\u00f3t \u00e9lhet \u00e1t puszt\u00e1n Guru Siyag fot\u00f3j\u00e1ra medit\u00e1lva.<\/li>\n<li>Nem ragaszkodik ahhoz, hogy a keres\u0151k szem\u00e9lyesen tal\u00e1lkozzanak vele a beavat\u00e1s\u00e9rt.<\/li>\n<li>Beavat\u00e1s vide\u00f3\/audio CD-n, TV-k\u00f6zvet\u00edt\u00e9sen vagy internetes vide\u00f3n kereszt\u00fcl ugyanolyan hat\u00e9kony, mint szem\u00e9lyesen.<\/li>\n<li>Ha egy keres\u0151 valamilyen okb\u00f3l (gyakorl\u00f3 fiatal gyerek, eszm\u00e9letlen vagy ment\u00e1lisan fogyat\u00e9kos) nem k\u00e9pes Guru Siyag mantr\u00e1j\u00e1t mantr\u00e1zni \u00e9s medit\u00e1lni, b\u00e1rmely m\u00e1s beavatott k\u00f6zeli rokon vagy bar\u00e1t mantr\u00e1zhat \u00e9s v\u00e9gezheti a gyakorlatot helyette.<\/li>\n<li>Nem k\u00edn\u00e1l tanfolyamokat vagy tart \u00f3r\u00e1kat.<\/li>\n<li>Teljesen ingyenes<\/li>\n<li>GSY-hez nincs sz\u00fcks\u00e9g regisztr\u00e1ci\u00f3ra.<\/li>\n<li>Nem k\u00e9r aj\u00e1nd\u00e9kot k\u00e9szp\u00e9nzben vagy term\u00e9szetben a GSY beavat\u00e1s\u00e9rt a keres\u0151kt\u0151l.<\/li>\n<li>Nem korl\u00e1tozza tan\u00edtv\u00e1nyait abban, hogy m\u00e1s Gurukat vagy gyakorlatokat k\u00f6vessenek a beavat\u00e1s ut\u00e1n. Tov\u00e1bbi k\u00e9rd\u00e9sek eset\u00e9n e-mail: <a href=\"mailto:gssyworld@gmail.com\">gssyworld@gmail.com<\/a> vagy WhatsApp: (+91) 9468623528 vagy h\u00edv\u00e1s: (+91)8369754399<\/li>\n<li>Nem ad vall\u00e1si pr\u00e9dik\u00e1ci\u00f3kat. Csak a GSY filoz\u00f3fi\u00e1j\u00e1t magyar\u00e1zza.<\/li>\n<li>Nem \u00e1rul\/kin\u00e1l gy\u00f3gyszert, f\u0171szereket vagy b\u00e1rmilyen term\u00e9ket.<\/li>\n<li>B\u00e1rmely fajhoz, vall\u00e1shoz, nemzetis\u00e9ghez, kaszt\u00e9hoz, hitvall\u00e1shoz vagy nemhez tartoz\u00f3 keres\u0151k sz\u00edvesen l\u00e1tottak a GSY k\u00f6z\u00f6ss\u00e9g\u00e9ben.<\/li>\n<\/ul>\n","protected":false},"excerpt":{"rendered":"<p>A gyakorl\u00f3k b\u00e1rmilyen \u00e9letm\u00f3dot k\u00f6vethetnek. A GSY nem k\u00f6veteli meg a gyakorl\u00f3kt\u00f3l, hogy b\u00e1rmilyen m\u00f3don v\u00e1ltoztass\u00e1k meg \u00e9letm\u00f3djukat. Nem \u00edr el\u0151 \u00e9trendi korl\u00e1toz\u00e1sokat. Guru Siyag nem \u00edr el\u0151 erk\u00f6lcsi magatart\u00e1si k\u00f3dexet, amit a tan\u00edtv\u00e1nynak be kell tartania. Szerinte ilyen rendszer felesleges. Guru Siyag azt mondja, hogy ha a tan\u00edtv\u00e1nyok komolyan v\u00e9gzik a gyakorlatot, a benn\u00fck l\u00e9v\u0151 Guru elkezd isteni \u00fatmutat\u00e1st adni, ami el\u0151mozd\u00edtja lelki fejl\u0151d\u00e9s\u00fcket. A gyakorlat nem foglal ritu\u00e1l\u00e9kat, ritu\u00e1lis gyakorlatokat, szok\u00e1sokat \u00e9s \u00e1ldozatokat (k\u00f3kuszok, t\u00f6mj\u00e9n, vir\u00e1gok stb.). A vil\u00e1g b\u00e1rmely r\u00e9sz\u00e9n l\u00e9v\u0151 keres\u0151 m\u00e9ly medit\u00e1ci\u00f3t \u00e9lhet \u00e1t puszt\u00e1n Guru Siyag fot\u00f3j\u00e1ra medit\u00e1lva. Nem ragaszkodik ahhoz, hogy a keres\u0151k szem\u00e9lyesen tal\u00e1lkozzanak vele a beavat\u00e1s\u00e9rt. Beavat\u00e1s vide\u00f3\/audio CD-n, TV-k\u00f6zvet\u00edt\u00e9sen vagy internetes vide\u00f3n kereszt\u00fcl ugyanolyan hat\u00e9kony, mint szem\u00e9lyesen. Ha egy keres\u0151 valamilyen okb\u00f3l (gyakorl\u00f3 fiatal gyerek, eszm\u00e9letlen vagy ment\u00e1lisan fogyat\u00e9kos) nem k\u00e9pes Guru Siyag mantr\u00e1j\u00e1t mantr\u00e1zni \u00e9s medit\u00e1lni, b\u00e1rmely m\u00e1s beavatott k\u00f6zeli rokon vagy bar\u00e1t mantr\u00e1zhat \u00e9s v\u00e9gezheti a gyakorlatot helyette. Nem k\u00edn\u00e1l tanfolyamokat vagy tart \u00f3r\u00e1kat. Teljesen ingyenes GSY-hez nincs sz\u00fcks\u00e9g regisztr\u00e1ci\u00f3ra. Nem k\u00e9r aj\u00e1nd\u00e9kot k\u00e9szp\u00e9nzben vagy term\u00e9szetben a GSY beavat\u00e1s\u00e9rt a keres\u0151kt\u0151l. Nem korl\u00e1tozza tan\u00edtv\u00e1nyait abban, hogy m\u00e1s Gurukat vagy gyakorlatokat k\u00f6vessenek a beavat\u00e1s ut\u00e1n. Tov\u00e1bbi k\u00e9rd\u00e9sek eset\u00e9n e-mail: gssyworld@gmail.com vagy WhatsApp: (+91) 9468623528 vagy h\u00edv\u00e1s: (+91)8369754399 Nem ad vall\u00e1si pr\u00e9dik\u00e1ci\u00f3kat. Csak a GSY filoz\u00f3fi\u00e1j\u00e1t magyar\u00e1zza. Nem \u00e1rul\/kin\u00e1l gy\u00f3gyszert, f\u0171szereket vagy b\u00e1rmilyen term\u00e9ket. B\u00e1rmely fajhoz, vall\u00e1shoz, nemzetis\u00e9ghez, kaszt\u00e9hoz, hitvall\u00e1shoz vagy nemhez tartoz\u00f3 keres\u0151k sz\u00edvesen l\u00e1tottak a GSY k\u00f6z\u00f6ss\u00e9g\u00e9ben.<\/p>\n","protected":false},"author":2,"featured_media":0,"parent":0,"menu_order":0,"comment_status":"closed","ping_status":"closed","template":"","meta":{"footnotes":""},"class_list":["post-320","page","type-page","status-publish","hentry"],"aioseo_notices":[],"ams_acf":[],"_links":{"self":[{"href":"https:\/\/gurusiyagyoga.org\/hu\/wp-json\/wp\/v2\/pages\/320","targetHints":{"allow":["GET"]}}],"collection":[{"href":"https:\/\/gurusiyagyoga.org\/hu\/wp-json\/wp\/v2\/pages"}],"about":[{"href":"https:\/\/gurusiyagyoga.org\/hu\/wp-json\/wp\/v2\/types\/page"}],"author":[{"embeddable":true,"href":"https:\/\/gurusiyagyoga.org\/hu\/wp-json\/wp\/v2\/users\/2"}],"replies":[{"embeddable":true,"href":"https:\/\/gurusiyagyoga.org\/hu\/wp-json\/wp\/v2\/comments?post=320"}],"version-history":[{"count":2,"href":"https:\/\/gurusiyagyoga.org\/hu\/wp-json\/wp\/v2\/pages\/320\/revisions"}],"predecessor-version":[{"id":374,"href":"https:\/\/gurusiyagyoga.org\/hu\/wp-json\/wp\/v2\/pages\/320\/revisions\/374"}],"wp:attachment":[{"href":"https:\/\/gurusiyagyoga.org\/hu\/wp-json\/wp\/v2\/media?parent=320"}],"curies":[{"name":"wp","href":"https:\/\/api.w.org\/{rel}","templated":true}]}}