{"id":324,"date":"2026-01-28T14:35:57","date_gmt":"2026-01-28T14:35:57","guid":{"rendered":"https:\/\/gurusiyagyoga.org\/hu\/?page_id=324"},"modified":"2026-02-04T10:12:25","modified_gmt":"2026-02-04T10:12:25","slug":"spiritual","status":"publish","type":"page","link":"https:\/\/gurusiyagyoga.org\/hu\/spiritual\/","title":{"rendered":"3.2 Spiritu\u00e1lis Oldal"},"content":{"rendered":"<ul>\n<li>A GSY Patanjali b\u00f6lcs J\u00f3ga Sz\u00fatr\u00e1ban kodifik\u00e1lt Asztangava (nyolc\u00e1g\u00fa \/ nyolclimb\u0171) j\u00f3ga filoz\u00f3fi\u00e1j\u00e1n alapul. A GSY gyakorl\u00e1sa k\u00f6nny\u0171 \u00e9s er\u0151fesz\u00edt\u00e9s n\u00e9lk\u00fcli megval\u00f3sul\u00e1st hoz ezeknek a nyolc limbnek.<\/li>\n<li>Tart\u00f3s gyakorl\u00e1s ut\u00e1n a mantrak\u00e1nt\u00e1l\u00e1s (ment\u00e1lis ism\u00e9tl\u00e9s) akaratlan lesz. Ezt Ajapa Dzsap\u00e1nak h\u00edvj\u00e1k. Ebben az \u00e1llapotban a gyakorl\u00f3 azt tapasztalja, hogy a mantr\u00e1t \u00f6nmag\u00e1t\u00f3l v\u00e9gtelen\u00fcl k\u00e1nt\u00e1lj\u00e1k benne, er\u0151fesz\u00edt\u00e9s n\u00e9lk\u00fcl.<\/li>\n<li>Amikor a keres\u0151 k\u00f6ny\u00f6rtelen\u00fcl k\u00e1nt\u00e1lja a mantr\u00e1t (vagy \u00e1t\u00e9li az Ajapa Dzsap\u00e1t), az isteni hangg\u00e1 alakul. Ezt Anhad Nad\u00e1nak h\u00edvj\u00e1k. A fizikai hang akkor keletkezik, ha egy t\u00e1rgy \u00fctk\u00f6zik a m\u00e1sikkal. Az Anhad Nada-nak nincs ilyen fizikai eredete; ez egy meg nem \u00fctk\u00f6z\u00f6tt, szakadatlan hang, amely az eg\u00e9sz univerzumot \u00e1thatja. A Nada-t a keres\u0151 egyik f\u00fcl\u00e9ben hallja, \u00e9s jelzi a spiritu\u00e1lis fejl\u0151d\u00e9s nagy k\u00fcsz\u00f6b\u00e9nek \u00e1tl\u00e9p\u00e9s\u00e9t. A GSY gyakorl\u00e1s\u00e1val a gyakorl\u00f3 sok isteni er\u0151t \u00e9r el. Ezek k\u00f6z\u00fcl az egyik a Pratibh Gj\u00e1na (Intuit\u00edv Tud\u00e1s). Amikor ezt a tud\u00e1st el\u00e9ri, a gyakorl\u00f3 k\u00e9pes el\u0151re l\u00e1tni \u00e9s hallani a korl\u00e1tlan j\u00f6v\u0151 \u00e9s m\u00falt esem\u00e9nyeit.<\/li>\n<li>Medit\u00e1ci\u00f3 alatt a keres\u0151k \u00e1t\u00e9lhetik a Khecshri Mudr\u00e1t, egy j\u00f3gikus testtart\u00e1st, ahol a nyelv h\u00e1trah\u00faz\u00f3dik \u00e9s meg\u00e9rinti a sz\u00e1jpadl\u00e1s egy pontj\u00e1t, amely Amrit-t, az isteni nekt\u00e1rt vagy az \u00e9let elix\u00edrj\u00e9t v\u00e1lasztja ki. Az Amrit er\u0151s\u00edti a test immunit\u00e1s\u00e1t \u00e9s megszabad\u00edtja a gyakorl\u00f3t a gy\u00f3gy\u00edthatatlan betegs\u00e9gekt\u0151l.<\/li>\n<li>A GSY gyakorl\u00e1sa megv\u00e1ltoztatja a gyakorl\u00f3 Vrittijeit (bels\u0151 hajlamait) Tamaszik-t\u00f3l (s\u00f6t\u00e9t, tompa, inakt\u00edv) Radzsaszik-on (lelkes, energikus) kereszt\u00fcl Szattvik-ig (pozit\u00edv, tiszta, megvil\u00e1gosult). A Vrittik \u00e1talakul\u00e1sa alapvet\u0151en a gyakorl\u00f3 szem\u00e9lyis\u00e9g\u00e9nek \u00f6sszess\u00e9g\u00e9beni v\u00e1ltoz\u00e1s\u00e1t jelenti.<\/li>\n<li>A gyakorl\u00f3 v\u00e9g\u00fcl el\u00e9ri a Moksa-t (kiszabadul\u00e1st az \u00e9let \u00e9s hal\u00e1l ciklus\u00e1b\u00f3l) \u00e9s isteni \u00e1talakul\u00e1st.<\/li>\n<\/ul>\n<p style=\"font-weight: 400;\"><strong>A k\u00e1nt\u00e1l\u00e1s m\u00e1moros \u00f6r\u00f6met hoz<\/strong><\/p>\n<p style=\"font-weight: 400;\">A \u201estressz\u201d, ez az \u00e1lland\u00f3an jelenl\u00e9v\u0151 \u00e9s gyakran b\u00e9n\u00edt\u00f3 betegs\u00e9g mindannyiunkat \u00e9rint. Al\u00e1bb Guru Siyag besz\u00e9l arr\u00f3l, hogyan enyh\u00edti a k\u00e1nt\u00e1l\u00e1s (Guru Siyag mantr\u00e1j\u00e1nak ment\u00e1lis ism\u00e9tl\u00e9se) a stresszt nagyon hat\u00e9konyan. Oszd meg b\u00e1tran (m\u00e1sold ki szem\u00e9lyes haszn\u00e1latra csak, k\u00e9rlek)! A vil\u00e1g minden t\u00e1j\u00e1n a betegs\u00e9gek 80%-\u00e1t stressz okozza. A Kali Juga tamaszik (negat\u00edv, s\u00f6t\u00e9t, tompa, inakt\u00edv) f\u00e1tylat bor\u00edtott az emberis\u00e9gre. Legyenek gazdagok vagy szeg\u00e9nyek, az emberek \u00e1lland\u00f3an hatalmas stressz alatt \u00e1llnak. Az orvostudom\u00e1ny k\u00e9ptelen kezelni a stresszt. Csak nyugtat\u00f3kat \u00edrnak fel az idegek megnyugtat\u00e1s\u00e1ra. Az \u00e9rz\u00e9kek elcsendesednek, a stressz mintha enyh\u00fclne, am\u00edg a gy\u00f3gyszer hat\u00e1sa tart. Miut\u00e1n a nyugtat\u00f3 m\u00e1mora elm\u00falik, a stressz \u00e9s a kapcsol\u00f3d\u00f3 betegs\u00e9gek visszat\u00e9rnek.<\/p>\n<ul>\n<li>Mi (Siddha J\u00f3ga filoz\u00f3fia) is \u00fagy v\u00e9lj\u00fck, hogy a stresszt m\u00e1morral kell kezelni. De a m\u00e1mornak nem anyagi, hanem szellemi eredet\u0171nek kell lennie. A Siddha J\u00f3g\u00e1ban a m\u00e1mort az Isten nev\u00e9nek k\u00e1nt\u00e1l\u00e1s\u00e1val (mantra k\u00e1nt\u00e1l\u00e1ssal) id\u00e9zz\u00fck el\u0151.<\/li>\n<li>Isten nev\u00e9nek k\u00e1nt\u00e1l\u00e1sa m\u00e1moros \u00f6r\u00f6met hoz. Ez t\u00e9ny, hogy ezt az \u00f6r\u00f6met Isten nev\u00e9nek k\u00e1nt\u00e1l\u00e1s\u00e1val lehet \u00e1t\u00e9lni. Indiai misztikusok \u00e9s szentek, mint Guru Nanak, ezt \u201enaam khumari\u201d-k\u00e9nt (k\u00e1nt\u00e1l\u00e1s \u00e1ltali m\u00e1mor) eml\u00edtik. Guru Nanak azt mondta, hogy a drogok \u00e1ltali m\u00e1mor m\u00e1snap reggel elm\u00falik, de a k\u00e1nt\u00e1l\u00e1s \u00e1ltali m\u00e1mor soha nem m\u00falik el. Egy m\u00e1sik indiai szent, Kabir, azt mondta, hogy a k\u00e1nt\u00e1l\u00e1s \u00e1ltali m\u00e1mor nem m\u00falik el. Ehelyett a m\u00e1moros \u00f6r\u00f6m napr\u00f3l napra n\u00f6vekszik. Az \u00e1ltalam adott mantr\u00e1ban Radha \u00e9s Krihsna isteni ereje van.<\/li>\n<li>Krisna a kilencedik \u00e9s teljes avat\u00e1r (testet \u00f6lt\u00e9s) volt. M\u00e9g egy avat\u00e1r j\u00f6n \u2013 Kalki. Sok vita van a vil\u00e1gon arr\u00f3l, hogy Kalki m\u00e1r \u00e9rkezett-e vagy sem. Sokan azt \u00e1ll\u00edtj\u00e1k, hogy \u0151k Kalkik. Akit egyetemes szinten elfogadnak, azt hirdetik meg Kalki Avat\u00e1rk\u00e9nt. Teh\u00e1t Isten nev\u00e9nek k\u00e1nt\u00e1l\u00e1sa m\u00e1moros \u00f6r\u00f6met hoz. A Bhagavad G\u00edt\u00e1ban Lord Sri Krisna ezt \u201eAnanda\u201d-k\u00e9nt (\u00f6r\u00f6m vagy boldogs\u00e1g) eml\u00edti. \u00d6t shloka (k\u00f6lt\u0151i vers) sz\u00f3l err\u0151l a G\u00edt\u00e1ban: az \u00f6t\u00f6dik fejezet 21. shlok\u00e1ja \u00e9s a hatodik fejezetb\u0151l n\u00e9gy \u2013 15, 21, 27, 28. T\u00f6bbf\u00e9lek\u00e9ppen utal az \u201eAnanda\u201d-ra: isteni ananda, az \u00e9rz\u00e9keket fel\u00fclm\u00fal\u00f3 ananda \u00e9s Istenre medit\u00e1l\u00e1sb\u00f3l sz\u00e1rmaz\u00f3 ananda. Am\u00edg az ember nem \u00e9li \u00e1t ezt az \u201eAnanda\u201d-t (\u00f6r\u00f6m\u00f6t vagy boldogs\u00e1got), nem tudja megk\u00fcl\u00f6nb\u00f6ztetni a sukh-t (boldogs\u00e1got) az ananda-t\u00f3l (\u00f6r\u00f6mt\u0151l vagy boldogs\u00e1gt\u00f3l).<\/li>\n<li>Am\u00edg valakinek van vagyona, nagy aut\u00f3ja, h\u00e1za \u00e9s csal\u00e1dja, boldog. De ha ak\u00e1r csak egyet elvesznek t\u0151le, a boldogs\u00e1ga elpusztul. Teh\u00e1t ha ez a materi\u00e1lis boldogs\u00e1g igazi boldogs\u00e1g, akkor mi\u00e9rt semmis\u00fcl meg ilyen k\u00f6nnyen? Ez a kisl\u00e1ny itt \u00fcl \u00e9s j\u00e1tszik, \u00e9lvezi mag\u00e1t. Nem \u00e9rdekli, amit mondok, ez\u00e9rt itt nem tal\u00e1l boldogs\u00e1got. Amikor 20-25 \u00e9ves lesz, m\u00e1st\u00f3l tal\u00e1l boldogs\u00e1got. Amikor 70-80 \u00e9ves lesz, mint \u00e9n, akkor teljesen m\u00e1sban tal\u00e1lja meg. Teh\u00e1t ez a \u201eboldogs\u00e1g\u201d, amit az emberek \u00fcld\u00f6znek, az \u00e9rz\u00e9kek \u00e1ltal l\u00e9trehozott. Nem \u201eAnanda\u201d (\u00f6r\u00f6m vagy boldogs\u00e1g).<\/li>\n<li>Az \u201eAnanda\u201d Akshay (elpuszt\u00edthatatlan). Nem \u201eKshaya\u201d (elpuszt\u00edthat\u00f3). Mint Kabir mondta: \u201eIsten nev\u00e9nek k\u00e1nt\u00e1l\u00e1sa \u00e1ltal adott m\u00e1moros \u00f6r\u00f6m napr\u00f3l napra n\u00f6vekszik. Az \u00e1ltalam adott mantra k\u00e1nt\u00e1l\u00e1sa \u201eAnanda\u201d-t (\u00d6r\u00f6m\u00f6t vagy boldogs\u00e1got) ad neked. Az \u201eAnanda\u201d teljesen megszabad\u00edt a stresszt\u0151l. Az \u201eAnanda\u201d \u00e9jjel-nappal veled marad, \u00e9s megszabad\u00edt a stresszt\u0151l \u00e9s a kapcsol\u00f3d\u00f3 betegs\u00e9gekt\u0151l. \u00c9s gy\u00f3gyszerfogyaszt\u00e1s n\u00e9lk\u00fcl. Az anyagtudom\u00e1ny orvosai ezt nagyon nehezen hiszik el.<\/li>\n<li>A Nyugatot arra tan\u00e1csolom, hogy ne csak az anyagra koncentr\u00e1ljon, hanem a \u201eszellemre\u201d is. Anyag plusz szellem vet v\u00e9get mindenfajta betegs\u00e9gnek.\u201d<\/li>\n<\/ul>\n","protected":false},"excerpt":{"rendered":"<p>A GSY Patanjali b\u00f6lcs J\u00f3ga Sz\u00fatr\u00e1ban kodifik\u00e1lt Asztangava (nyolc\u00e1g\u00fa \/ nyolclimb\u0171) j\u00f3ga filoz\u00f3fi\u00e1j\u00e1n alapul. A GSY gyakorl\u00e1sa k\u00f6nny\u0171 \u00e9s er\u0151fesz\u00edt\u00e9s n\u00e9lk\u00fcli megval\u00f3sul\u00e1st hoz ezeknek a nyolc limbnek. Tart\u00f3s gyakorl\u00e1s ut\u00e1n a mantrak\u00e1nt\u00e1l\u00e1s (ment\u00e1lis ism\u00e9tl\u00e9s) akaratlan lesz. Ezt Ajapa Dzsap\u00e1nak h\u00edvj\u00e1k. Ebben az \u00e1llapotban a gyakorl\u00f3 azt tapasztalja, hogy a mantr\u00e1t \u00f6nmag\u00e1t\u00f3l v\u00e9gtelen\u00fcl k\u00e1nt\u00e1lj\u00e1k benne, er\u0151fesz\u00edt\u00e9s n\u00e9lk\u00fcl. Amikor a keres\u0151 k\u00f6ny\u00f6rtelen\u00fcl k\u00e1nt\u00e1lja a mantr\u00e1t (vagy \u00e1t\u00e9li az Ajapa Dzsap\u00e1t), az isteni hangg\u00e1 alakul. Ezt Anhad Nad\u00e1nak h\u00edvj\u00e1k. A fizikai hang akkor keletkezik, ha egy t\u00e1rgy \u00fctk\u00f6zik a m\u00e1sikkal. Az Anhad Nada-nak nincs ilyen fizikai eredete; ez egy meg nem \u00fctk\u00f6z\u00f6tt, szakadatlan hang, amely az eg\u00e9sz univerzumot \u00e1thatja. A Nada-t a keres\u0151 egyik f\u00fcl\u00e9ben hallja, \u00e9s jelzi a spiritu\u00e1lis fejl\u0151d\u00e9s nagy k\u00fcsz\u00f6b\u00e9nek \u00e1tl\u00e9p\u00e9s\u00e9t. A GSY gyakorl\u00e1s\u00e1val a gyakorl\u00f3 sok isteni er\u0151t \u00e9r el. Ezek k\u00f6z\u00fcl az egyik a Pratibh Gj\u00e1na (Intuit\u00edv Tud\u00e1s). Amikor ezt a tud\u00e1st el\u00e9ri, a gyakorl\u00f3 k\u00e9pes el\u0151re l\u00e1tni \u00e9s hallani a korl\u00e1tlan j\u00f6v\u0151 \u00e9s m\u00falt esem\u00e9nyeit. Medit\u00e1ci\u00f3 alatt a keres\u0151k \u00e1t\u00e9lhetik a Khecshri Mudr\u00e1t, egy j\u00f3gikus testtart\u00e1st, ahol a nyelv h\u00e1trah\u00faz\u00f3dik \u00e9s meg\u00e9rinti a sz\u00e1jpadl\u00e1s egy pontj\u00e1t, amely Amrit-t, az isteni nekt\u00e1rt vagy az \u00e9let elix\u00edrj\u00e9t v\u00e1lasztja ki. Az Amrit er\u0151s\u00edti a test immunit\u00e1s\u00e1t \u00e9s megszabad\u00edtja a gyakorl\u00f3t a gy\u00f3gy\u00edthatatlan betegs\u00e9gekt\u0151l. A GSY gyakorl\u00e1sa megv\u00e1ltoztatja a gyakorl\u00f3 Vrittijeit (bels\u0151 hajlamait) Tamaszik-t\u00f3l (s\u00f6t\u00e9t, tompa, inakt\u00edv) Radzsaszik-on (lelkes, energikus) kereszt\u00fcl Szattvik-ig (pozit\u00edv, tiszta, megvil\u00e1gosult). A Vrittik \u00e1talakul\u00e1sa alapvet\u0151en a gyakorl\u00f3 szem\u00e9lyis\u00e9g\u00e9nek \u00f6sszess\u00e9g\u00e9beni v\u00e1ltoz\u00e1s\u00e1t jelenti. A gyakorl\u00f3 v\u00e9g\u00fcl el\u00e9ri a Moksa-t (kiszabadul\u00e1st az \u00e9let \u00e9s hal\u00e1l ciklus\u00e1b\u00f3l) \u00e9s isteni \u00e1talakul\u00e1st. A k\u00e1nt\u00e1l\u00e1s m\u00e1moros \u00f6r\u00f6met hoz A \u201estressz\u201d, ez az \u00e1lland\u00f3an jelenl\u00e9v\u0151 \u00e9s gyakran b\u00e9n\u00edt\u00f3 betegs\u00e9g mindannyiunkat \u00e9rint. Al\u00e1bb Guru Siyag besz\u00e9l arr\u00f3l, hogyan enyh\u00edti a k\u00e1nt\u00e1l\u00e1s (Guru Siyag mantr\u00e1j\u00e1nak ment\u00e1lis ism\u00e9tl\u00e9se) a stresszt nagyon hat\u00e9konyan. Oszd meg b\u00e1tran (m\u00e1sold ki szem\u00e9lyes haszn\u00e1latra csak, k\u00e9rlek)! A vil\u00e1g minden t\u00e1j\u00e1n a betegs\u00e9gek 80%-\u00e1t stressz okozza. A Kali Juga tamaszik (negat\u00edv, s\u00f6t\u00e9t, tompa, inakt\u00edv) f\u00e1tylat bor\u00edtott az emberis\u00e9gre. Legyenek gazdagok vagy szeg\u00e9nyek, az emberek \u00e1lland\u00f3an hatalmas stressz alatt \u00e1llnak. Az orvostudom\u00e1ny k\u00e9ptelen kezelni a stresszt. Csak nyugtat\u00f3kat \u00edrnak fel az idegek megnyugtat\u00e1s\u00e1ra. Az \u00e9rz\u00e9kek elcsendesednek, a stressz mintha enyh\u00fclne, am\u00edg a gy\u00f3gyszer hat\u00e1sa tart. Miut\u00e1n a nyugtat\u00f3 m\u00e1mora elm\u00falik, a stressz \u00e9s a kapcsol\u00f3d\u00f3 betegs\u00e9gek visszat\u00e9rnek. Mi (Siddha J\u00f3ga filoz\u00f3fia) is \u00fagy v\u00e9lj\u00fck, hogy a stresszt m\u00e1morral kell kezelni. De a m\u00e1mornak nem anyagi, hanem szellemi eredet\u0171nek kell lennie. A Siddha J\u00f3g\u00e1ban a m\u00e1mort az Isten nev\u00e9nek k\u00e1nt\u00e1l\u00e1s\u00e1val (mantra k\u00e1nt\u00e1l\u00e1ssal) id\u00e9zz\u00fck el\u0151. Isten nev\u00e9nek k\u00e1nt\u00e1l\u00e1sa m\u00e1moros \u00f6r\u00f6met hoz. Ez t\u00e9ny, hogy ezt az \u00f6r\u00f6met Isten nev\u00e9nek k\u00e1nt\u00e1l\u00e1s\u00e1val lehet \u00e1t\u00e9lni. Indiai misztikusok \u00e9s szentek, mint Guru Nanak, ezt \u201enaam khumari\u201d-k\u00e9nt (k\u00e1nt\u00e1l\u00e1s \u00e1ltali m\u00e1mor) eml\u00edtik. Guru Nanak azt mondta, hogy a drogok \u00e1ltali m\u00e1mor m\u00e1snap reggel elm\u00falik, de a k\u00e1nt\u00e1l\u00e1s \u00e1ltali m\u00e1mor soha nem m\u00falik el. Egy m\u00e1sik indiai szent, Kabir, azt mondta, hogy a k\u00e1nt\u00e1l\u00e1s \u00e1ltali m\u00e1mor nem m\u00falik el. Ehelyett a m\u00e1moros \u00f6r\u00f6m napr\u00f3l napra n\u00f6vekszik. Az \u00e1ltalam adott mantr\u00e1ban Radha \u00e9s Krihsna isteni ereje van. Krisna a kilencedik \u00e9s teljes avat\u00e1r (testet \u00f6lt\u00e9s) volt. M\u00e9g egy avat\u00e1r j\u00f6n \u2013 Kalki. Sok vita van a vil\u00e1gon arr\u00f3l, hogy Kalki m\u00e1r \u00e9rkezett-e vagy sem. Sokan azt \u00e1ll\u00edtj\u00e1k, hogy \u0151k Kalkik. Akit egyetemes szinten elfogadnak, azt hirdetik meg Kalki Avat\u00e1rk\u00e9nt. Teh\u00e1t Isten nev\u00e9nek k\u00e1nt\u00e1l\u00e1sa m\u00e1moros \u00f6r\u00f6met hoz. A Bhagavad G\u00edt\u00e1ban Lord Sri Krisna ezt \u201eAnanda\u201d-k\u00e9nt (\u00f6r\u00f6m vagy boldogs\u00e1g) eml\u00edti. \u00d6t shloka (k\u00f6lt\u0151i vers) sz\u00f3l err\u0151l a G\u00edt\u00e1ban: az \u00f6t\u00f6dik fejezet 21. shlok\u00e1ja \u00e9s a hatodik fejezetb\u0151l n\u00e9gy \u2013 15, 21, 27, 28. T\u00f6bbf\u00e9lek\u00e9ppen utal az \u201eAnanda\u201d-ra: isteni ananda, az \u00e9rz\u00e9keket fel\u00fclm\u00fal\u00f3 ananda \u00e9s Istenre medit\u00e1l\u00e1sb\u00f3l sz\u00e1rmaz\u00f3 ananda. Am\u00edg az ember nem \u00e9li \u00e1t ezt az \u201eAnanda\u201d-t (\u00f6r\u00f6m\u00f6t vagy boldogs\u00e1got), nem tudja megk\u00fcl\u00f6nb\u00f6ztetni a sukh-t (boldogs\u00e1got) az ananda-t\u00f3l (\u00f6r\u00f6mt\u0151l vagy boldogs\u00e1gt\u00f3l). Am\u00edg valakinek van vagyona, nagy aut\u00f3ja, h\u00e1za \u00e9s csal\u00e1dja, boldog. De ha ak\u00e1r csak egyet elvesznek t\u0151le, a boldogs\u00e1ga elpusztul. Teh\u00e1t ha ez a materi\u00e1lis boldogs\u00e1g igazi boldogs\u00e1g, akkor mi\u00e9rt semmis\u00fcl meg ilyen k\u00f6nnyen? Ez a kisl\u00e1ny itt \u00fcl \u00e9s j\u00e1tszik, \u00e9lvezi mag\u00e1t. Nem \u00e9rdekli, amit mondok, ez\u00e9rt itt nem tal\u00e1l boldogs\u00e1got. Amikor 20-25 \u00e9ves lesz, m\u00e1st\u00f3l tal\u00e1l boldogs\u00e1got. Amikor 70-80 \u00e9ves lesz, mint \u00e9n, akkor teljesen m\u00e1sban tal\u00e1lja meg. Teh\u00e1t ez a \u201eboldogs\u00e1g\u201d, amit az emberek \u00fcld\u00f6znek, az \u00e9rz\u00e9kek \u00e1ltal l\u00e9trehozott. Nem \u201eAnanda\u201d (\u00f6r\u00f6m vagy boldogs\u00e1g). Az \u201eAnanda\u201d Akshay (elpuszt\u00edthatatlan). Nem \u201eKshaya\u201d (elpuszt\u00edthat\u00f3). Mint Kabir mondta: \u201eIsten nev\u00e9nek k\u00e1nt\u00e1l\u00e1sa \u00e1ltal adott m\u00e1moros \u00f6r\u00f6m napr\u00f3l napra n\u00f6vekszik. Az \u00e1ltalam adott mantra k\u00e1nt\u00e1l\u00e1sa \u201eAnanda\u201d-t (\u00d6r\u00f6m\u00f6t vagy boldogs\u00e1got) ad neked. Az \u201eAnanda\u201d teljesen megszabad\u00edt a stresszt\u0151l. Az \u201eAnanda\u201d \u00e9jjel-nappal veled marad, \u00e9s megszabad\u00edt a stresszt\u0151l \u00e9s a kapcsol\u00f3d\u00f3 betegs\u00e9gekt\u0151l. \u00c9s gy\u00f3gyszerfogyaszt\u00e1s n\u00e9lk\u00fcl. Az anyagtudom\u00e1ny orvosai ezt nagyon nehezen hiszik el. A Nyugatot arra tan\u00e1csolom, hogy ne csak az anyagra koncentr\u00e1ljon, hanem a \u201eszellemre\u201d is. Anyag plusz szellem vet v\u00e9get mindenfajta betegs\u00e9gnek.\u201d<\/p>\n","protected":false},"author":2,"featured_media":0,"parent":0,"menu_order":0,"comment_status":"closed","ping_status":"closed","template":"","meta":{"footnotes":""},"class_list":["post-324","page","type-page","status-publish","hentry"],"aioseo_notices":[],"ams_acf":[],"_links":{"self":[{"href":"https:\/\/gurusiyagyoga.org\/hu\/wp-json\/wp\/v2\/pages\/324","targetHints":{"allow":["GET"]}}],"collection":[{"href":"https:\/\/gurusiyagyoga.org\/hu\/wp-json\/wp\/v2\/pages"}],"about":[{"href":"https:\/\/gurusiyagyoga.org\/hu\/wp-json\/wp\/v2\/types\/page"}],"author":[{"embeddable":true,"href":"https:\/\/gurusiyagyoga.org\/hu\/wp-json\/wp\/v2\/users\/2"}],"replies":[{"embeddable":true,"href":"https:\/\/gurusiyagyoga.org\/hu\/wp-json\/wp\/v2\/comments?post=324"}],"version-history":[{"count":2,"href":"https:\/\/gurusiyagyoga.org\/hu\/wp-json\/wp\/v2\/pages\/324\/revisions"}],"predecessor-version":[{"id":376,"href":"https:\/\/gurusiyagyoga.org\/hu\/wp-json\/wp\/v2\/pages\/324\/revisions\/376"}],"wp:attachment":[{"href":"https:\/\/gurusiyagyoga.org\/hu\/wp-json\/wp\/v2\/media?parent=324"}],"curies":[{"name":"wp","href":"https:\/\/api.w.org\/{rel}","templated":true}]}}