{"id":326,"date":"2026-01-28T14:36:39","date_gmt":"2026-01-28T14:36:39","guid":{"rendered":"https:\/\/gurusiyagyoga.org\/hu\/?page_id=326"},"modified":"2026-02-04T10:13:44","modified_gmt":"2026-02-04T10:13:44","slug":"method","status":"publish","type":"page","link":"https:\/\/gurusiyagyoga.org\/hu\/method\/","title":{"rendered":"4.1 A medit\u00e1ci\u00f3 m\u00f3dszere"},"content":{"rendered":"<p style=\"font-weight: 400;\">A medit\u00e1ci\u00f3 l\u00e9p\u00e9sr\u0151l l\u00e9p\u00e9sre t\u00f6rt\u00e9n\u0151 m\u00f3dszere a k\u00f6vetkez\u0151:<\/p>\n<ul>\n<li>\u00dclj k\u00e9nyelmes poz\u00edci\u00f3ba.<\/li>\n<li>Lotusz\u00fcl\u00e9sben a f\u00f6ld\u00f6n, sz\u00e9ken \/ kanap\u00e9n, vagy ha nem tudsz \u00fclni, fekve is medit\u00e1lhatsz stb.<\/li>\n<li>N\u00e9zd Guru Siyag k\u00e9p\u00e9t egy-k\u00e9t percig, am\u00edg meg nem jegyzed az arc\u00e1t. B\u00e1rmely Guru Siyag k\u00e9pet haszn\u00e1lhatsz. A k\u00e9p min\u0151s\u00e9ge (fekete-feh\u00e9r, nyomtatott, digit\u00e1lis stb.) nem befoly\u00e1solja a medit\u00e1ci\u00f3t.<\/li>\n<li>Ezut\u00e1n csukd be a szemed, \u00e9s mondd csendben Guru Siyag-nak: \u201eSeg\u00edts 15 percig medit\u00e1lnom.\u201d<\/li>\n<li>Szemed tov\u00e1bbra is csukva, k\u00e9pzeld el Guru Siyag arc\u00e1t az \u00c1gya csakr\u00e1n\u00e1l \u2013 a homlok k\u00f6zep\u00e9n (a szem\u00f6ld\u00f6k\u00f6k k\u00f6z\u00f6tti t\u00e9r f\u00f6l\u00f6tt kiss\u00e9). Ezt a pontot harmadik szemnek is h\u00edvj\u00e1k. M\u00e1s sz\u00f3val, pr\u00f3b\u00e1ld meg k\u00e9pzeletben Guru Siyag k\u00e9p\u00e9t a homlok k\u00f6zep\u00e9re vet\u00edteni \u00e9s ott tartani a figyelmedet.<\/li>\n<li>Az arcra gondolva ism\u00e9telj csendben (jap) 15 percig Guru Siyag \u00e1ltal adott mantr\u00e1t.<\/li>\n<li>Medit\u00e1ci\u00f3 alatt bizonyos automatikus j\u00f3gikus p\u00f3zokat vagy mozdulatokat tapasztalhatsz a testedben. Himbaud\u00edt\u00e1s, fejb\u00f3lint\u00e1s, fej gyors mozg\u00e1sa jobbr\u00f3l balra vagy ford\u00edtva, has felf\u00fav\u00f3d\u00e1sa vagy leereszked\u00e9se, tapsol\u00e1s, morg\u00e1s, ny\u00f6g\u00e9s vagy nevet\u00e9s el\u0151fordulhat sok esetben. Ne ess p\u00e1nikba vagy agg\u00f3dj. Ezek a tudattalan cselekv\u00e9sek isteni er\u0151 \u00e1ltal rendeltettek, sz\u00fcks\u00e9gesek a bels\u0151 tiszt\u00edt\u00e1shoz \u00e9s a tov\u00e1bbi el\u0151rehalad\u00e1s el\u0151k\u00e9sz\u00edt\u00e9s\u00e9hez.<\/li>\n<li>\u00c9rezhetsz vibr\u00e1ci\u00f3kat, l\u00e1thatsz er\u0151s f\u00e9nyeket, sz\u00edneket, s\u0151t v\u00edzi\u00f3kat vagy m\u00faltbeli \u00e9s j\u00f6v\u0151beli esem\u00e9nyek kinyilatkoztat\u00e1sait. Ezek jelei annak, hogy j\u00f3l haladsz a spiritu\u00e1lis \u00faton.<\/li>\n<li>Ha azonban nem tapasztalsz j\u00f3gikus p\u00f3zokat vagy v\u00edzi\u00f3kat, az nem jelenti, hogy nem haladsz. Val\u00f3sz\u00edn\u0171leg az \u00e9bredt isteni er\u0151 \u00fagy d\u00f6nt\u00f6tt, hogy neked nincs r\u00e1 sz\u00fcks\u00e9ged.<\/li>\n<li>Megfigyelheted, hogy a medit\u00e1ci\u00f3d pontosan akkor \u00e9r v\u00e9get, amikor el\u00e9rted a kit\u0171z\u00f6tt id\u0151t.<\/li>\n<\/ul>\n<p>&nbsp;<\/p>\n<p style=\"font-weight: 400;\"><strong>Fontos pontok medit\u00e1ci\u00f3 alatt<\/strong><\/p>\n<ul>\n<li>Gy\u0151z\u0151dj meg r\u00f3la, hogy k\u00e9nyelmes \u00e9s ellazult vagy, mert ez lehet\u0151v\u00e9 teszi, hogy az \u00e9bredt Kundalini \u00e1ltal kiv\u00e1ltott k\u00fcl\u00f6nb\u00f6z\u0151 j\u00f3ga \u00e1szan\u00e1k, kr\u00edj\u00e1k, bandh\u00e1k, mudr\u00e1k \u00e9s pr\u00e1naj\u00e1m\u00e1k szabadon t\u00f6rt\u00e9njenek akad\u00e1ly n\u00e9lk\u00fcl.<\/li>\n<li>Tartsd csukva a szemed medit\u00e1ci\u00f3 alatt.<\/li>\n<li>A medit\u00e1ci\u00f3t a nap b\u00e1rmely szak\u00e1ban \u00e9s b\u00e1rmely megfelel\u0151 helyen v\u00e9gezheted. B\u00e1rmely ir\u00e1nyba n\u00e9zhetsz.<\/li>\n<li>\u00dcres gyomorra vagy \u00e9tkez\u00e9s ut\u00e1n k\u00e9t \u00f3r\u00e1val medit\u00e1lj. \u00c9tkez\u00e9s ut\u00e1n azonnal medit\u00e1lva el\u00e1lmosodhatsz \u00e9s elszund\u00edthatsz. A gyors tudattalan j\u00f3gikus kr\u00edj\u00e1 \u00e9melyg\u00e9st okozhat, ha k\u00f6zvetlen\u00fcl \u00e9tkez\u00e9s ut\u00e1n medit\u00e1lsz.<\/li>\n<li>Ha nem tudod 15 percig elk\u00e9pzelni Gurudev arc\u00e1t az \u00c1gya csakr\u00e1n\u00e1l, ne agg\u00f3dj. Pr\u00f3b\u00e1ld meg p\u00e1r percig, ha ut\u00e1na elhalv\u00e1nyul, csak koncentr\u00e1lj az \u00c1gya csakr\u00e1ra \u00e9s japold a mantr\u00e1t.<\/li>\n<li>Gondolatok megjelen\u00e9se medit\u00e1ci\u00f3 alatt teljesen term\u00e9szetes. Min\u00e9l t\u00f6bbet japolsz a mantr\u00e1t a nap sor\u00e1n, ann\u00e1l jobban f\u00f3kusz\u00e1l\u00f3dik az elme a spiritu\u00e1lis gyakorlatra. Ez azt jelenti, hogy medit\u00e1ci\u00f3 alatt kevesebb gondolat zaklat. Ha gondolatok j\u00f6nnek, ne szak\u00edtsd meg a medit\u00e1ci\u00f3t. Folytasd, \u00e9s az elme hamarosan lecsillapul. Rendszeres gyakorl\u00e1ssal a koncentr\u00e1ci\u00f3d javul.<\/li>\n<li>Medit\u00e1ci\u00f3 alatt m\u00e1s \u00e9lm\u00e9nyek is lehetnek a testen, mint vibr\u00e1ci\u00f3k, elektromos \u00e1ram \u00e9rz\u00e9se a gerincoszlopban, forg\u00e1s, el\u0151rehajol\u00e1s vagy h\u00e1tra, f\u00f6ld\u00f6n gurul\u00e1s, fej gyors mozg\u00e1sa, tapsol\u00e1s, kiab\u00e1l\u00e1s, s\u00edr\u00e1s, nevet\u00e9s, \u00e9nekl\u00e9s stb. L\u00e1thatsz er\u0151s f\u00e9nyeket, \u00e9rezhetsz illatos szagot, hallhatsz cseng\u0151 hangokat, dobperg\u00e9st, mennyd\u00f6rg\u00e9st stb. Kiv\u00e9teles esetekben ijeszt\u0151 jeleneteket l\u00e1thatsz, mint \u00e1rv\u00edz vagy f\u00f6ldreng\u00e9s. Ne szak\u00edtsd meg a medit\u00e1ci\u00f3t izgalom, \u00f6r\u00f6m vagy f\u00e9lelem miatt. Az isteni Shakti Kundalini ezeket az \u00e9lm\u00e9nyeket a tested \u00e9s elm\u00e9d megtiszt\u00edt\u00e1s\u00e1ra id\u00e9zi el\u0151, hogy megszabad\u00edtson a betegs\u00e9gekt\u0151l\/f\u00fcgg\u0151s\u00e9gekt\u0151l \u00e9s biztos\u00edtsa spiritu\u00e1lis el\u0151rehalad\u00e1sodat.<\/li>\n<li>Ha egyik j\u00f3gikus mozg\u00e1st vagy \u00e9rz\u00e9st sem tapasztalod, ne szak\u00edtsd meg a medit\u00e1ci\u00f3t. Ezek hi\u00e1nya nem jelenti, hogy nem haladsz. N\u00e9ha ezek p\u00e1r nap vagy h\u00f3nap rendszeres gyakorlat ut\u00e1n kezd\u0151dnek.<\/li>\n<li>Naponta legal\u00e1bb k\u00e9tszeri medit\u00e1ci\u00f3 a halad\u00e1s kulcsa.<\/li>\n<li>Mantra n\u00e9lk\u00fcli medit\u00e1ci\u00f3 nem hoz eredm\u00e9nyt. Medit\u00e1ci\u00f3 alatt a mantra jap k\u00f6telez\u0151.<\/li>\n<li>A mantr\u00e1t \u00e9jjel-nappal japold. Ez azt jelenti, hogy japold fogmos\u00e1s, borotv\u00e1lkoz\u00e1s, f\u00fcrd\u00e9s, reggeli\/eb\u00e9d\/uzsonna\/vacsora k\u00f6zben, \u00fatk\u00f6zben buszon, vonaton, kocsiban, irod\u00e1ban vagy munkahelyen, s\u0151t TV n\u00e9z\u00e9s k\u00f6zben is. R\u00f6viden, japold k\u00f6ny\u00f6rtelen\u00fcl amennyit csak tudsz.<\/li>\n<li>Besz\u00e9lget\u00e9s k\u00f6zben neh\u00e9z lehet japni, de fejezd be a besz\u00e9lget\u00e9st \u00e9s folytasd.<\/li>\n<li>Mivel a mantra jap csendben (ment\u00e1lisan) t\u00f6rt\u00e9nik nyelv \u00e9s ajkak mozgat\u00e1sa n\u00e9lk\u00fcl, nem okoz t\u00e1rsadalmi kellemetlens\u00e9get. Nem zavar senkit az irod\u00e1ban, k\u00edv\u00fcl vagy otthon.<\/li>\n<\/ul>\n<p style=\"font-weight: 400;\">Ha \u00edgy folyamatosan 4-5 h\u00e9tig japolsz, a jap akaratlan lesz. Ezt h\u00edvj\u00e1k Ajapa Japnak \u2013 a jap, ami er\u0151fesz\u00edt\u00e9s n\u00e9lk\u00fcl t\u00f6rt\u00e9nik. Ekkor m\u00e1r nem kell japnod; a gurud elfogadja ezt a feladatot helyetted.<\/p>\n<p style=\"font-weight: 400;\">Tov\u00e1bbi k\u00e9rd\u00e9sek eset\u00e9n \u00edrj emailt <a href=\"mailto:gssyworld@gmail.com\">gssyworld@gmail.com<\/a> c\u00edmre, vagy WhatsApp (+91) 9468623528, h\u00edvj: (+91)8369754399.<\/p>\n","protected":false},"excerpt":{"rendered":"<p>A medit\u00e1ci\u00f3 l\u00e9p\u00e9sr\u0151l l\u00e9p\u00e9sre t\u00f6rt\u00e9n\u0151 m\u00f3dszere a k\u00f6vetkez\u0151: \u00dclj k\u00e9nyelmes poz\u00edci\u00f3ba. Lotusz\u00fcl\u00e9sben a f\u00f6ld\u00f6n, sz\u00e9ken \/ kanap\u00e9n, vagy ha nem tudsz \u00fclni, fekve is medit\u00e1lhatsz stb. N\u00e9zd Guru Siyag k\u00e9p\u00e9t egy-k\u00e9t percig, am\u00edg meg nem jegyzed az arc\u00e1t. B\u00e1rmely Guru Siyag k\u00e9pet haszn\u00e1lhatsz. A k\u00e9p min\u0151s\u00e9ge (fekete-feh\u00e9r, nyomtatott, digit\u00e1lis stb.) nem befoly\u00e1solja a medit\u00e1ci\u00f3t. Ezut\u00e1n csukd be a szemed, \u00e9s mondd csendben Guru Siyag-nak: \u201eSeg\u00edts 15 percig medit\u00e1lnom.\u201d Szemed tov\u00e1bbra is csukva, k\u00e9pzeld el Guru Siyag arc\u00e1t az \u00c1gya csakr\u00e1n\u00e1l \u2013 a homlok k\u00f6zep\u00e9n (a szem\u00f6ld\u00f6k\u00f6k k\u00f6z\u00f6tti t\u00e9r f\u00f6l\u00f6tt kiss\u00e9). Ezt a pontot harmadik szemnek is h\u00edvj\u00e1k. M\u00e1s sz\u00f3val, pr\u00f3b\u00e1ld meg k\u00e9pzeletben Guru Siyag k\u00e9p\u00e9t a homlok k\u00f6zep\u00e9re vet\u00edteni \u00e9s ott tartani a figyelmedet. Az arcra gondolva ism\u00e9telj csendben (jap) 15 percig Guru Siyag \u00e1ltal adott mantr\u00e1t. Medit\u00e1ci\u00f3 alatt bizonyos automatikus j\u00f3gikus p\u00f3zokat vagy mozdulatokat tapasztalhatsz a testedben. Himbaud\u00edt\u00e1s, fejb\u00f3lint\u00e1s, fej gyors mozg\u00e1sa jobbr\u00f3l balra vagy ford\u00edtva, has felf\u00fav\u00f3d\u00e1sa vagy leereszked\u00e9se, tapsol\u00e1s, morg\u00e1s, ny\u00f6g\u00e9s vagy nevet\u00e9s el\u0151fordulhat sok esetben. Ne ess p\u00e1nikba vagy agg\u00f3dj. Ezek a tudattalan cselekv\u00e9sek isteni er\u0151 \u00e1ltal rendeltettek, sz\u00fcks\u00e9gesek a bels\u0151 tiszt\u00edt\u00e1shoz \u00e9s a tov\u00e1bbi el\u0151rehalad\u00e1s el\u0151k\u00e9sz\u00edt\u00e9s\u00e9hez. \u00c9rezhetsz vibr\u00e1ci\u00f3kat, l\u00e1thatsz er\u0151s f\u00e9nyeket, sz\u00edneket, s\u0151t v\u00edzi\u00f3kat vagy m\u00faltbeli \u00e9s j\u00f6v\u0151beli esem\u00e9nyek kinyilatkoztat\u00e1sait. Ezek jelei annak, hogy j\u00f3l haladsz a spiritu\u00e1lis \u00faton. Ha azonban nem tapasztalsz j\u00f3gikus p\u00f3zokat vagy v\u00edzi\u00f3kat, az nem jelenti, hogy nem haladsz. Val\u00f3sz\u00edn\u0171leg az \u00e9bredt isteni er\u0151 \u00fagy d\u00f6nt\u00f6tt, hogy neked nincs r\u00e1 sz\u00fcks\u00e9ged. Megfigyelheted, hogy a medit\u00e1ci\u00f3d pontosan akkor \u00e9r v\u00e9get, amikor el\u00e9rted a kit\u0171z\u00f6tt id\u0151t. &nbsp; Fontos pontok medit\u00e1ci\u00f3 alatt Gy\u0151z\u0151dj meg r\u00f3la, hogy k\u00e9nyelmes \u00e9s ellazult vagy, mert ez lehet\u0151v\u00e9 teszi, hogy az \u00e9bredt Kundalini \u00e1ltal kiv\u00e1ltott k\u00fcl\u00f6nb\u00f6z\u0151 j\u00f3ga \u00e1szan\u00e1k, kr\u00edj\u00e1k, bandh\u00e1k, mudr\u00e1k \u00e9s pr\u00e1naj\u00e1m\u00e1k szabadon t\u00f6rt\u00e9njenek akad\u00e1ly n\u00e9lk\u00fcl. Tartsd csukva a szemed medit\u00e1ci\u00f3 alatt. A medit\u00e1ci\u00f3t a nap b\u00e1rmely szak\u00e1ban \u00e9s b\u00e1rmely megfelel\u0151 helyen v\u00e9gezheted. B\u00e1rmely ir\u00e1nyba n\u00e9zhetsz. \u00dcres gyomorra vagy \u00e9tkez\u00e9s ut\u00e1n k\u00e9t \u00f3r\u00e1val medit\u00e1lj. \u00c9tkez\u00e9s ut\u00e1n azonnal medit\u00e1lva el\u00e1lmosodhatsz \u00e9s elszund\u00edthatsz. A gyors tudattalan j\u00f3gikus kr\u00edj\u00e1 \u00e9melyg\u00e9st okozhat, ha k\u00f6zvetlen\u00fcl \u00e9tkez\u00e9s ut\u00e1n medit\u00e1lsz. Ha nem tudod 15 percig elk\u00e9pzelni Gurudev arc\u00e1t az \u00c1gya csakr\u00e1n\u00e1l, ne agg\u00f3dj. Pr\u00f3b\u00e1ld meg p\u00e1r percig, ha ut\u00e1na elhalv\u00e1nyul, csak koncentr\u00e1lj az \u00c1gya csakr\u00e1ra \u00e9s japold a mantr\u00e1t. Gondolatok megjelen\u00e9se medit\u00e1ci\u00f3 alatt teljesen term\u00e9szetes. Min\u00e9l t\u00f6bbet japolsz a mantr\u00e1t a nap sor\u00e1n, ann\u00e1l jobban f\u00f3kusz\u00e1l\u00f3dik az elme a spiritu\u00e1lis gyakorlatra. Ez azt jelenti, hogy medit\u00e1ci\u00f3 alatt kevesebb gondolat zaklat. Ha gondolatok j\u00f6nnek, ne szak\u00edtsd meg a medit\u00e1ci\u00f3t. Folytasd, \u00e9s az elme hamarosan lecsillapul. Rendszeres gyakorl\u00e1ssal a koncentr\u00e1ci\u00f3d javul. Medit\u00e1ci\u00f3 alatt m\u00e1s \u00e9lm\u00e9nyek is lehetnek a testen, mint vibr\u00e1ci\u00f3k, elektromos \u00e1ram \u00e9rz\u00e9se a gerincoszlopban, forg\u00e1s, el\u0151rehajol\u00e1s vagy h\u00e1tra, f\u00f6ld\u00f6n gurul\u00e1s, fej gyors mozg\u00e1sa, tapsol\u00e1s, kiab\u00e1l\u00e1s, s\u00edr\u00e1s, nevet\u00e9s, \u00e9nekl\u00e9s stb. L\u00e1thatsz er\u0151s f\u00e9nyeket, \u00e9rezhetsz illatos szagot, hallhatsz cseng\u0151 hangokat, dobperg\u00e9st, mennyd\u00f6rg\u00e9st stb. Kiv\u00e9teles esetekben ijeszt\u0151 jeleneteket l\u00e1thatsz, mint \u00e1rv\u00edz vagy f\u00f6ldreng\u00e9s. Ne szak\u00edtsd meg a medit\u00e1ci\u00f3t izgalom, \u00f6r\u00f6m vagy f\u00e9lelem miatt. Az isteni Shakti Kundalini ezeket az \u00e9lm\u00e9nyeket a tested \u00e9s elm\u00e9d megtiszt\u00edt\u00e1s\u00e1ra id\u00e9zi el\u0151, hogy megszabad\u00edtson a betegs\u00e9gekt\u0151l\/f\u00fcgg\u0151s\u00e9gekt\u0151l \u00e9s biztos\u00edtsa spiritu\u00e1lis el\u0151rehalad\u00e1sodat. Ha egyik j\u00f3gikus mozg\u00e1st vagy \u00e9rz\u00e9st sem tapasztalod, ne szak\u00edtsd meg a medit\u00e1ci\u00f3t. Ezek hi\u00e1nya nem jelenti, hogy nem haladsz. N\u00e9ha ezek p\u00e1r nap vagy h\u00f3nap rendszeres gyakorlat ut\u00e1n kezd\u0151dnek. Naponta legal\u00e1bb k\u00e9tszeri medit\u00e1ci\u00f3 a halad\u00e1s kulcsa. Mantra n\u00e9lk\u00fcli medit\u00e1ci\u00f3 nem hoz eredm\u00e9nyt. Medit\u00e1ci\u00f3 alatt a mantra jap k\u00f6telez\u0151. A mantr\u00e1t \u00e9jjel-nappal japold. Ez azt jelenti, hogy japold fogmos\u00e1s, borotv\u00e1lkoz\u00e1s, f\u00fcrd\u00e9s, reggeli\/eb\u00e9d\/uzsonna\/vacsora k\u00f6zben, \u00fatk\u00f6zben buszon, vonaton, kocsiban, irod\u00e1ban vagy munkahelyen, s\u0151t TV n\u00e9z\u00e9s k\u00f6zben is. R\u00f6viden, japold k\u00f6ny\u00f6rtelen\u00fcl amennyit csak tudsz. Besz\u00e9lget\u00e9s k\u00f6zben neh\u00e9z lehet japni, de fejezd be a besz\u00e9lget\u00e9st \u00e9s folytasd. Mivel a mantra jap csendben (ment\u00e1lisan) t\u00f6rt\u00e9nik nyelv \u00e9s ajkak mozgat\u00e1sa n\u00e9lk\u00fcl, nem okoz t\u00e1rsadalmi kellemetlens\u00e9get. Nem zavar senkit az irod\u00e1ban, k\u00edv\u00fcl vagy otthon. Ha \u00edgy folyamatosan 4-5 h\u00e9tig japolsz, a jap akaratlan lesz. Ezt h\u00edvj\u00e1k Ajapa Japnak \u2013 a jap, ami er\u0151fesz\u00edt\u00e9s n\u00e9lk\u00fcl t\u00f6rt\u00e9nik. Ekkor m\u00e1r nem kell japnod; a gurud elfogadja ezt a feladatot helyetted. Tov\u00e1bbi k\u00e9rd\u00e9sek eset\u00e9n \u00edrj emailt gssyworld@gmail.com c\u00edmre, vagy WhatsApp (+91) 9468623528, h\u00edvj: (+91)8369754399.<\/p>\n","protected":false},"author":2,"featured_media":0,"parent":0,"menu_order":0,"comment_status":"closed","ping_status":"closed","template":"","meta":{"footnotes":""},"class_list":["post-326","page","type-page","status-publish","hentry"],"aioseo_notices":[],"ams_acf":[],"_links":{"self":[{"href":"https:\/\/gurusiyagyoga.org\/hu\/wp-json\/wp\/v2\/pages\/326","targetHints":{"allow":["GET"]}}],"collection":[{"href":"https:\/\/gurusiyagyoga.org\/hu\/wp-json\/wp\/v2\/pages"}],"about":[{"href":"https:\/\/gurusiyagyoga.org\/hu\/wp-json\/wp\/v2\/types\/page"}],"author":[{"embeddable":true,"href":"https:\/\/gurusiyagyoga.org\/hu\/wp-json\/wp\/v2\/users\/2"}],"replies":[{"embeddable":true,"href":"https:\/\/gurusiyagyoga.org\/hu\/wp-json\/wp\/v2\/comments?post=326"}],"version-history":[{"count":3,"href":"https:\/\/gurusiyagyoga.org\/hu\/wp-json\/wp\/v2\/pages\/326\/revisions"}],"predecessor-version":[{"id":378,"href":"https:\/\/gurusiyagyoga.org\/hu\/wp-json\/wp\/v2\/pages\/326\/revisions\/378"}],"wp:attachment":[{"href":"https:\/\/gurusiyagyoga.org\/hu\/wp-json\/wp\/v2\/media?parent=326"}],"curies":[{"name":"wp","href":"https:\/\/api.w.org\/{rel}","templated":true}]}}