{"id":328,"date":"2026-01-28T14:37:27","date_gmt":"2026-01-28T14:37:27","guid":{"rendered":"https:\/\/gurusiyagyoga.org\/hu\/?page_id=328"},"modified":"2026-02-04T10:16:35","modified_gmt":"2026-02-04T10:16:35","slug":"mantra","status":"publish","type":"page","link":"https:\/\/gurusiyagyoga.org\/hu\/mantra\/","title":{"rendered":"4.2 Hogyan kapd meg a mantr\u00e1t"},"content":{"rendered":"<p style=\"font-weight: 400;\">K\u00fcldj emailt <a href=\"mailto:gssyworld@gmail.com\">gssyworld@gmail.com<\/a> c\u00edmre \u201eMantra Request\u201d t\u00e1rgyal, vagy WhatsApp (+91)9468623528<\/p>\n<p style=\"font-weight: 400;\">Tov\u00e1bbi k\u00e9rd\u00e9sek eset\u00e9n email <a href=\"mailto:gssyworld@gmail.com\">gssyworld@gmail.com<\/a> vagy h\u00edvj: (+91)8369754399<\/p>\n","protected":false},"excerpt":{"rendered":"<p>K\u00fcldj emailt gssyworld@gmail.com c\u00edmre \u201eMantra Request\u201d t\u00e1rgyal, vagy WhatsApp (+91)9468623528 Tov\u00e1bbi k\u00e9rd\u00e9sek eset\u00e9n email gssyworld@gmail.com vagy h\u00edvj: (+91)8369754399<\/p>\n","protected":false},"author":2,"featured_media":0,"parent":0,"menu_order":0,"comment_status":"closed","ping_status":"closed","template":"","meta":{"footnotes":""},"class_list":["post-328","page","type-page","status-publish","hentry"],"aioseo_notices":[],"ams_acf":[],"_links":{"self":[{"href":"https:\/\/gurusiyagyoga.org\/hu\/wp-json\/wp\/v2\/pages\/328","targetHints":{"allow":["GET"]}}],"collection":[{"href":"https:\/\/gurusiyagyoga.org\/hu\/wp-json\/wp\/v2\/pages"}],"about":[{"href":"https:\/\/gurusiyagyoga.org\/hu\/wp-json\/wp\/v2\/types\/page"}],"author":[{"embeddable":true,"href":"https:\/\/gurusiyagyoga.org\/hu\/wp-json\/wp\/v2\/users\/2"}],"replies":[{"embeddable":true,"href":"https:\/\/gurusiyagyoga.org\/hu\/wp-json\/wp\/v2\/comments?post=328"}],"version-history":[{"count":2,"href":"https:\/\/gurusiyagyoga.org\/hu\/wp-json\/wp\/v2\/pages\/328\/revisions"}],"predecessor-version":[{"id":379,"href":"https:\/\/gurusiyagyoga.org\/hu\/wp-json\/wp\/v2\/pages\/328\/revisions\/379"}],"wp:attachment":[{"href":"https:\/\/gurusiyagyoga.org\/hu\/wp-json\/wp\/v2\/media?parent=328"}],"curies":[{"name":"wp","href":"https:\/\/api.w.org\/{rel}","templated":true}]}}