{"id":339,"date":"2026-01-28T14:41:53","date_gmt":"2026-01-28T14:41:53","guid":{"rendered":"https:\/\/gurusiyagyoga.org\/hu\/?page_id=339"},"modified":"2026-02-04T10:28:30","modified_gmt":"2026-02-04T10:28:30","slug":"brief","status":"publish","type":"page","link":"https:\/\/gurusiyagyoga.org\/hu\/brief\/","title":{"rendered":"6.1 GSY R\u00f6viden"},"content":{"rendered":"<p style=\"font-weight: 400;\"><strong>\u00dczenet a fiatalokhoz<\/strong><\/p>\n<p style=\"font-weight: 400;\">A gyermekkor vagy a serd\u00fcl\u0151kor a megfelel\u0151 id\u0151 a spiritu\u00e1lis \u00fat kezdet\u00e9hez. Sz\u00fcks\u00e9ges fiatal korban \u00e1tesni a spiritu\u00e1lis \u00e1talakul\u00e1son. Tan\u00edtv\u00e1nyaim k\u00f6zel 90%-a fiatal.<\/p>\n<p style=\"font-weight: 400;\">Er\u0151sen hiszem, hogy a vil\u00e1gban nem k\u00f6vetkezhet be spiritu\u00e1lis forradalom (\u00e9bred\u00e9s), am\u00edg a fiatalok spiritu\u00e1lisan tudatosakk\u00e1 nem v\u00e1lnak. A fiatalok azok, akik v\u00e1ltoz\u00e1st hoznak a vil\u00e1gba. A fiatalok megtett\u00e9k a m\u00faltban, \u00e9s meg fogj\u00e1k tenni a j\u00f6v\u0151ben is.<\/p>\n<p style=\"font-weight: 400;\">\n<p style=\"font-weight: 400;\"><strong>\u00bfMi az a GSY?<\/strong><\/p>\n<p style=\"font-weight: 400;\">A GSY gyakorlata az \u0151si \u201eSiddha Yoga\u201d form\u00e1b\u00f3l ered. A Nyugaton gombam\u00f3d szaporod\u00f3 sz\u00e1mos j\u00f3ga iskola miatt a \u201ej\u00f3ga\u201d kifejez\u00e9s ma m\u00e1r testi gyakorlatot vagy a test er\u0151s\u00edt\u00e9s\u00e9nek folyamat\u00e1t jelenti. A \u201ej\u00f3ga\u201d azonban val\u00f3j\u00e1ban a \u201eLegfels\u0151bbel val\u00f3 egyes\u00fcl\u00e9st\u201d jelenti. A \u201eSiddha\u201d sz\u00f3 \u201et\u00f6k\u00e9leteset\u201d, \u201eelk\u00e9sz\u00fcltet\u201d vagy \u201emeghatalmazottat\u201d jelent. A Siddha J\u00f3ga az a eszk\u00f6z, amellyel a j\u00f3ga (egyes\u00fcl\u00e9s) er\u0151fesz\u00edt\u00e9s n\u00e9lk\u00fcl el\u00e9rhet\u0151. Ezt a j\u00f3g\u00e1t csak a Siddha (T\u00f6k\u00e9letes) Gur\u00fa kegy\u00e9b\u0151l lehet megval\u00f3s\u00edtani, an\u00e9lk\u00fcl, hogy a tan\u00edtv\u00e1ny b\u00e1rmilyen er\u0151fesz\u00edt\u00e9st tenne.<\/p>\n<p style=\"font-weight: 400;\">A Siddha J\u00f3g\u00e1t az \u0151si Nath szekta adom\u00e1nyozta az emberis\u00e9gnek a j\u00f3ga hagyom\u00e1nyb\u00f3l. Az \u0151si b\u00f6lcs Matsyendra Nath ezres \u00e9vek \u00f3ta k\u00f6zvetlen\u00fcl Lord Siva-t\u00f3l kapta a j\u00f3ga tud\u00e1s\u00e1t a Himal\u00e1j\u00e1ban l\u00e9v\u0151 mennyei tart\u00f3zkod\u00e1si helyen. Lord Siva azt k\u00e9rte Matsyendra Nath-t\u00f3l, hogy terjessze ezt a j\u00f3ga tud\u00e1st az eg\u00e9sz emberis\u00e9gnek spiritu\u00e1lis fejl\u0151d\u00e9s\u00fck \u00e9rdek\u00e9ben. Az\u00f3ta ez a tud\u00e1s- \u00e9s b\u00f6lcsess\u00e9gteljes j\u00f3ga rendszer nemzed\u00e9kr\u0151l nemzed\u00e9kre sz\u00e1ll a gur\u00fa-tan\u00edtv\u00e1ny hagyom\u00e1nyban. Olyan \u00e1tfog\u00f3, hogy be\u00e9p\u00edti az \u00f6sszes j\u00f3ga rendszert, mint Bhakti J\u00f3ga, Karma J\u00f3ga, Raj J\u00f3ga, Kriya J\u00f3ga, Gyan J\u00f3ga, Laya J\u00f3ga, Bhava J\u00f3ga, Hatha J\u00f3ga stb. Ez\u00e9rt Purna J\u00f3ga (teljes j\u00f3ga) vagy Maha J\u00f3ga (nagyszer\u0171 j\u00f3ga) n\u00e9ven is h\u00edvj\u00e1k.<\/p>\n<p style=\"font-weight: 400;\">A Siddha J\u00f3ga az a eszk\u00f6z, amellyel a j\u00f3ga (egyes\u00fcl\u00e9s) er\u0151fesz\u00edt\u00e9s n\u00e9lk\u00fcl el\u00e9rhet\u0151. Ezt a j\u00f3g\u00e1t csak a Siddha (T\u00f6k\u00e9letes) Gur\u00fa kegy\u00e9b\u0151l lehet megval\u00f3s\u00edtani, an\u00e9lk\u00fcl, hogy a tan\u00edtv\u00e1ny sz\u00e1nd\u00e9kos er\u0151fesz\u00edt\u00e9st tenne. Az \u201eer\u0151fesz\u00edt\u00e9s n\u00e9lk\u00fcli\u201d itt azt jelenti, hogy a tan\u00edtv\u00e1nynak csak a gyakorlatot kell v\u00e9geznie, nem kell konkr\u00e9t c\u00e9lokat kit\u0171znie. A spiritu\u00e1lis \u00e1talakul\u00e1s mag\u00e1t\u00f3l bek\u00f6vetkezik.<\/p>\n<p style=\"font-weight: 400;\">\n<p style=\"font-weight: 400;\"><strong>Mit foglal mag\u00e1ban a GSY gyakorlata?<\/strong><\/p>\n<p style=\"font-weight: 400;\">A GSY gyakorlata isteni mantr\u00e1z\u00e1st (ment\u00e1lis ism\u00e9tl\u00e9st) \u00e9s medit\u00e1ci\u00f3t tartalmaz. Guru Siyag beavatja a keres\u0151t GSY-be tan\u00edtv\u00e1nyk\u00e9nt egy mantr\u00e1val \u2013 isteni sz\u00f3val \u2013, amit csendben, \u00e9jjel-nappal kell ism\u00e9telnie, \u00e9s megtan\u00edtja a medit\u00e1ci\u00f3 m\u00f3dj\u00e1t. A mantr\u00e1z\u00e1s (Japa) akaratlan lesz, ha bizonyos id\u0151n kereszt\u00fcl folyamatosan ism\u00e9tlik. Ez azonban k\u00f6zvetlen\u00fcl f\u00fcgg a mantr\u00e1z\u00e1s intenzit\u00e1s\u00e1t\u00f3l, hit\u00e9t\u0151l \u00e9s \u0151szintes\u00e9g\u00e9t\u0151l. Egyes esetekben m\u00e1r egy h\u00e9t gyakorl\u00e1s ut\u00e1n akaratlan lesz, m\u00e1s esetekben k\u00e9t h\u00e9t vagy ak\u00e1r n\u00e9h\u00e1ny h\u00f3nap is kellhet. A mantr\u00e1z\u00e1s mellett a tan\u00edtv\u00e1nynak naponta 2-3 alkalommal, mindegyik 15 percig medit\u00e1lnia kell. A medit\u00e1ci\u00f3 \u00e9s mantr\u00e1z\u00e1s egy\u00fctt \u00e9breszti fel a praticiens test\u00e9ben szunnyad\u00f3 Kundalinit, egy energiaer\u0151t, ami akaratlan j\u00f3ga \u00e1szan\u00e1kat, kriy\u00e1kat, bandh\u00e1kat, pr\u00e1naj\u00e1m\u00e1kat \u00e9s mudr\u00e1kat id\u00e9z el\u0151.<\/p>\n<p style=\"font-weight: 400;\"><strong>\u00a0<\/strong><\/p>\n<p style=\"font-weight: 400;\"><strong>A GSY fontoss\u00e1ga<\/strong><\/p>\n<p style=\"font-weight: 400;\">\u00cdme egy kis r\u00e9szlet Gurudev 1999-es besz\u00e9d\u00e9b\u0151l. Itt besz\u00e9l arr\u00f3l, mi a j\u00f3ga, k\u00fcl\u00f6n\u00f6s tekintettel a szekt\u00e1ja, a Siddha J\u00f3ga t\u00f6rt\u00e9nelm\u00e9r\u0151l \u00e9s hat\u00e1sair\u00f3l. V\u00e9g\u00fcl \u00fczenete a fiataloknak \u00e9s arr\u00f3l, hogyan hozz\u00e1k el a v\u00e1ltoz\u00e1st a j\u00f3ga r\u00e9v\u00e9n.<\/p>\n<p style=\"font-weight: 400;\"><strong>\u00a0<\/strong><\/p>\n<p style=\"font-weight: 400;\"><strong>Guru Siyag a j\u00f3g\u00e1r\u00f3l<\/strong><\/p>\n<p style=\"font-weight: 400;\">\u201eHogyan hat\u00e1rozz\u00e1tok meg a j\u00f3g\u00e1t? A b\u00f6lcs Patanjali a J\u00f3ga Sz\u00fatr\u00e1ja m\u00e1sodik aforizm\u00e1j\u00e1ban egyszer\u0171en \u00fagy defini\u00e1lja a j\u00f3g\u00e1t, mint \u201eaz elme bels\u0151 tendenci\u00e1inak, a Vrittiknek a semleges\u00edt\u00e9s\u00e9t\u201d. Am\u00edg az elme, ami szesz\u00e9lyes \u00e9s ide-oda szaladg\u00e1l, nyugodt \u00e9s stabil nem lesz, a keres\u0151 sem medit\u00e1lhat, sem nem tapasztalhatja meg a j\u00f3g\u00e1t (a legfels\u0151bb tudattal val\u00f3 egyes\u00fcl\u00e9st). A Siddha J\u00f3ga gyakorl\u00e1s\u00e1ban, amir\u0151l besz\u00e9lek, a Gur\u00fa finoman megakad\u00e1lyozza, hogy a tan\u00edtv\u00e1ny elm\u00e9je elkalandozzon, megnyugtatja azt \u00e9s gondolatmentess\u00e9 teszi.<br \/>\nA Nath szekta, amit k\u00f6vet\u00fcnk (Siddha J\u00f3ga r\u00e9v\u00e9n), kilenc halhatatlan Nath (aszk\u00e9ta j\u00f3gik) vezeti. Machhindra Nathji volt az els\u0151 a nagy Gur\u00fak panteonj\u00e1ban, amikor a jelenlegi Kaliyuga korszak milli\u00f3 \u00e9vek ezel\u0151tt elkezd\u0151d\u00f6tt.<\/p>\n<p style=\"font-weight: 400;\">Gorakhnathji Machhindranathji egyik tan\u00edtv\u00e1nya volt. Gorakhnathji a V\u00e9d\u00e1kat a Kalpataruhoz (m\u00edtoszi k\u00edv\u00e1ns\u00e1got beteljes\u00edt\u0151 f\u00e1j\u00e1hoz) hasonl\u00edtotta, \u00e9s a j\u00f3g\u00e1t a \u201eV\u00e9d\u00e1k halhatatlan gy\u00fcm\u00f6lcs\u00e9nek\u201d nevezte. A Siddha J\u00f3ga gyakorlata megszabad\u00edtja a praticienst a h\u00e1romszoros szenved\u00e9st\u0151l: fizikai, ment\u00e1lis \u00e9s spiritu\u00e1lis. Nincs szenved\u00e9s ezeken a h\u00e1rom sz\u00e9les kateg\u00f3ri\u00e1n t\u00fal. A Siddha J\u00f3ga gyakorlata sz\u00e1zezreket szabad\u00edtott meg mindenf\u00e9le fizikai betegs\u00e9gekt\u0151l \u00e9s bajokt\u00f3l.<\/p>\n<p style=\"font-weight: 400;\">Ez az \u00e1talakul\u00e1s (a h\u00e1rmas szenved\u00e9s megsz\u00fcntet\u00e9s\u00e9vel) k\u00e9zzelfoghat\u00f3 filoz\u00f3fi\u00e1n alapul. Nem valaki k\u00e9pzelet\u00e9nek sz\u00fclem\u00e9nye. Tudom, hogy egyesek kital\u00e1ci\u00f3kat haszn\u00e1lnak a yogikus filoz\u00f3fi\u00e1ban, mert tan\u00e1csuk puszt\u00e1n elm\u00e9leti \u00e9s gyakorlati tapasztalat hi\u00e1nyzik. Egyes \u201eGur\u00fak\u201d m\u00e9g azt is \u00e1ll\u00edtj\u00e1k, hogy a Kundalini 20 \u00e9v j\u00f3ga gyakorl\u00e1ssal \u00e9bred fel! Erre azt mondom: \u00bfMi a garancia arra, hogy egy Gur\u00fa \u00e9s tan\u00edtv\u00e1nya 20 \u00e9vig \u00e9l? Mi\u00e9rt gy\u00f6t\u00f6rj\u00fck magunkat 20 \u00e9vig az\u00e9rt, amit ma el\u00e9rhet\u00fcnk? Mi\u00e9rt ne szerezz\u00fck meg a spiritu\u00e1lis tudatoss\u00e1got itt \u00e9s most? Ez a 20 \u00e9ves besz\u00e9d teljes butas\u00e1g.\u201d<\/p>\n<p style=\"font-weight: 400;\"><strong>\u00a0<\/strong><\/p>\n<p style=\"font-weight: 400;\"><strong>Ki az a Gur\u00fa?<\/strong><\/p>\n<p style=\"font-weight: 400;\">A Gur\u00fa nem csak az az egy\u00e9n, akit haland\u00f3 testben l\u00e1tsz. Haland\u00f3 teste elpuszul \u00e9s v\u00e9get \u00e9r egy nap. De a Gur\u00fa az isteni er\u0151, ami soha nem hal meg; \u00f6r\u00f6k \u00e9s id\u0151tlen. A Gur\u00fa bel\u00fcl n\u00f6vekszik (a keres\u0151 tudat\u00e1nak bels\u0151 m\u00e9lys\u00e9geiben). A yogikus tudom\u00e1nyban az id\u0151nek \u00e9s t\u00e9rnek nincs \u00e9rt\u00e9ke. Te bennem vagy; \u00e9s \u00e9n benned. B\u00e1rmikor megeml\u00e9kezel r\u00f3lam, megtal\u00e1lsz magadban. Ha egy Gur\u00fa igazi, akkor minden\u00fctt jelen van \u2013 egyszerre mindenhol jelen van; nem korl\u00e1tozz\u00e1k az id\u0151 \u00e9s t\u00e9r hat\u00e1rai.<\/p>\n","protected":false},"excerpt":{"rendered":"<p>\u00dczenet a fiatalokhoz A gyermekkor vagy a serd\u00fcl\u0151kor a megfelel\u0151 id\u0151 a spiritu\u00e1lis \u00fat kezdet\u00e9hez. Sz\u00fcks\u00e9ges fiatal korban \u00e1tesni a spiritu\u00e1lis \u00e1talakul\u00e1son. Tan\u00edtv\u00e1nyaim k\u00f6zel 90%-a fiatal. Er\u0151sen hiszem, hogy a vil\u00e1gban nem k\u00f6vetkezhet be spiritu\u00e1lis forradalom (\u00e9bred\u00e9s), am\u00edg a fiatalok spiritu\u00e1lisan tudatosakk\u00e1 nem v\u00e1lnak. A fiatalok azok, akik v\u00e1ltoz\u00e1st hoznak a vil\u00e1gba. A fiatalok megtett\u00e9k a m\u00faltban, \u00e9s meg fogj\u00e1k tenni a j\u00f6v\u0151ben is. \u00bfMi az a GSY? A GSY gyakorlata az \u0151si \u201eSiddha Yoga\u201d form\u00e1b\u00f3l ered. A Nyugaton gombam\u00f3d szaporod\u00f3 sz\u00e1mos j\u00f3ga iskola miatt a \u201ej\u00f3ga\u201d kifejez\u00e9s ma m\u00e1r testi gyakorlatot vagy a test er\u0151s\u00edt\u00e9s\u00e9nek folyamat\u00e1t jelenti. A \u201ej\u00f3ga\u201d azonban val\u00f3j\u00e1ban a \u201eLegfels\u0151bbel val\u00f3 egyes\u00fcl\u00e9st\u201d jelenti. A \u201eSiddha\u201d sz\u00f3 \u201et\u00f6k\u00e9leteset\u201d, \u201eelk\u00e9sz\u00fcltet\u201d vagy \u201emeghatalmazottat\u201d jelent. A Siddha J\u00f3ga az a eszk\u00f6z, amellyel a j\u00f3ga (egyes\u00fcl\u00e9s) er\u0151fesz\u00edt\u00e9s n\u00e9lk\u00fcl el\u00e9rhet\u0151. Ezt a j\u00f3g\u00e1t csak a Siddha (T\u00f6k\u00e9letes) Gur\u00fa kegy\u00e9b\u0151l lehet megval\u00f3s\u00edtani, an\u00e9lk\u00fcl, hogy a tan\u00edtv\u00e1ny b\u00e1rmilyen er\u0151fesz\u00edt\u00e9st tenne. A Siddha J\u00f3g\u00e1t az \u0151si Nath szekta adom\u00e1nyozta az emberis\u00e9gnek a j\u00f3ga hagyom\u00e1nyb\u00f3l. Az \u0151si b\u00f6lcs Matsyendra Nath ezres \u00e9vek \u00f3ta k\u00f6zvetlen\u00fcl Lord Siva-t\u00f3l kapta a j\u00f3ga tud\u00e1s\u00e1t a Himal\u00e1j\u00e1ban l\u00e9v\u0151 mennyei tart\u00f3zkod\u00e1si helyen. Lord Siva azt k\u00e9rte Matsyendra Nath-t\u00f3l, hogy terjessze ezt a j\u00f3ga tud\u00e1st az eg\u00e9sz emberis\u00e9gnek spiritu\u00e1lis fejl\u0151d\u00e9s\u00fck \u00e9rdek\u00e9ben. Az\u00f3ta ez a tud\u00e1s- \u00e9s b\u00f6lcsess\u00e9gteljes j\u00f3ga rendszer nemzed\u00e9kr\u0151l nemzed\u00e9kre sz\u00e1ll a gur\u00fa-tan\u00edtv\u00e1ny hagyom\u00e1nyban. Olyan \u00e1tfog\u00f3, hogy be\u00e9p\u00edti az \u00f6sszes j\u00f3ga rendszert, mint Bhakti J\u00f3ga, Karma J\u00f3ga, Raj J\u00f3ga, Kriya J\u00f3ga, Gyan J\u00f3ga, Laya J\u00f3ga, Bhava J\u00f3ga, Hatha J\u00f3ga stb. Ez\u00e9rt Purna J\u00f3ga (teljes j\u00f3ga) vagy Maha J\u00f3ga (nagyszer\u0171 j\u00f3ga) n\u00e9ven is h\u00edvj\u00e1k. A Siddha J\u00f3ga az a eszk\u00f6z, amellyel a j\u00f3ga (egyes\u00fcl\u00e9s) er\u0151fesz\u00edt\u00e9s n\u00e9lk\u00fcl el\u00e9rhet\u0151. Ezt a j\u00f3g\u00e1t csak a Siddha (T\u00f6k\u00e9letes) Gur\u00fa kegy\u00e9b\u0151l lehet megval\u00f3s\u00edtani, an\u00e9lk\u00fcl, hogy a tan\u00edtv\u00e1ny sz\u00e1nd\u00e9kos er\u0151fesz\u00edt\u00e9st tenne. Az \u201eer\u0151fesz\u00edt\u00e9s n\u00e9lk\u00fcli\u201d itt azt jelenti, hogy a tan\u00edtv\u00e1nynak csak a gyakorlatot kell v\u00e9geznie, nem kell konkr\u00e9t c\u00e9lokat kit\u0171znie. A spiritu\u00e1lis \u00e1talakul\u00e1s mag\u00e1t\u00f3l bek\u00f6vetkezik. Mit foglal mag\u00e1ban a GSY gyakorlata? A GSY gyakorlata isteni mantr\u00e1z\u00e1st (ment\u00e1lis ism\u00e9tl\u00e9st) \u00e9s medit\u00e1ci\u00f3t tartalmaz. Guru Siyag beavatja a keres\u0151t GSY-be tan\u00edtv\u00e1nyk\u00e9nt egy mantr\u00e1val \u2013 isteni sz\u00f3val \u2013, amit csendben, \u00e9jjel-nappal kell ism\u00e9telnie, \u00e9s megtan\u00edtja a medit\u00e1ci\u00f3 m\u00f3dj\u00e1t. A mantr\u00e1z\u00e1s (Japa) akaratlan lesz, ha bizonyos id\u0151n kereszt\u00fcl folyamatosan ism\u00e9tlik. Ez azonban k\u00f6zvetlen\u00fcl f\u00fcgg a mantr\u00e1z\u00e1s intenzit\u00e1s\u00e1t\u00f3l, hit\u00e9t\u0151l \u00e9s \u0151szintes\u00e9g\u00e9t\u0151l. Egyes esetekben m\u00e1r egy h\u00e9t gyakorl\u00e1s ut\u00e1n akaratlan lesz, m\u00e1s esetekben k\u00e9t h\u00e9t vagy ak\u00e1r n\u00e9h\u00e1ny h\u00f3nap is kellhet. A mantr\u00e1z\u00e1s mellett a tan\u00edtv\u00e1nynak naponta 2-3 alkalommal, mindegyik 15 percig medit\u00e1lnia kell. A medit\u00e1ci\u00f3 \u00e9s mantr\u00e1z\u00e1s egy\u00fctt \u00e9breszti fel a praticiens test\u00e9ben szunnyad\u00f3 Kundalinit, egy energiaer\u0151t, ami akaratlan j\u00f3ga \u00e1szan\u00e1kat, kriy\u00e1kat, bandh\u00e1kat, pr\u00e1naj\u00e1m\u00e1kat \u00e9s mudr\u00e1kat id\u00e9z el\u0151. \u00a0 A GSY fontoss\u00e1ga \u00cdme egy kis r\u00e9szlet Gurudev 1999-es besz\u00e9d\u00e9b\u0151l. Itt besz\u00e9l arr\u00f3l, mi a j\u00f3ga, k\u00fcl\u00f6n\u00f6s tekintettel a szekt\u00e1ja, a Siddha J\u00f3ga t\u00f6rt\u00e9nelm\u00e9r\u0151l \u00e9s hat\u00e1sair\u00f3l. V\u00e9g\u00fcl \u00fczenete a fiataloknak \u00e9s arr\u00f3l, hogyan hozz\u00e1k el a v\u00e1ltoz\u00e1st a j\u00f3ga r\u00e9v\u00e9n. \u00a0 Guru Siyag a j\u00f3g\u00e1r\u00f3l \u201eHogyan hat\u00e1rozz\u00e1tok meg a j\u00f3g\u00e1t? A b\u00f6lcs Patanjali a J\u00f3ga Sz\u00fatr\u00e1ja m\u00e1sodik aforizm\u00e1j\u00e1ban egyszer\u0171en \u00fagy defini\u00e1lja a j\u00f3g\u00e1t, mint \u201eaz elme bels\u0151 tendenci\u00e1inak, a Vrittiknek a semleges\u00edt\u00e9s\u00e9t\u201d. Am\u00edg az elme, ami szesz\u00e9lyes \u00e9s ide-oda szaladg\u00e1l, nyugodt \u00e9s stabil nem lesz, a keres\u0151 sem medit\u00e1lhat, sem nem tapasztalhatja meg a j\u00f3g\u00e1t (a legfels\u0151bb tudattal val\u00f3 egyes\u00fcl\u00e9st). A Siddha J\u00f3ga gyakorl\u00e1s\u00e1ban, amir\u0151l besz\u00e9lek, a Gur\u00fa finoman megakad\u00e1lyozza, hogy a tan\u00edtv\u00e1ny elm\u00e9je elkalandozzon, megnyugtatja azt \u00e9s gondolatmentess\u00e9 teszi. A Nath szekta, amit k\u00f6vet\u00fcnk (Siddha J\u00f3ga r\u00e9v\u00e9n), kilenc halhatatlan Nath (aszk\u00e9ta j\u00f3gik) vezeti. Machhindra Nathji volt az els\u0151 a nagy Gur\u00fak panteonj\u00e1ban, amikor a jelenlegi Kaliyuga korszak milli\u00f3 \u00e9vek ezel\u0151tt elkezd\u0151d\u00f6tt. Gorakhnathji Machhindranathji egyik tan\u00edtv\u00e1nya volt. Gorakhnathji a V\u00e9d\u00e1kat a Kalpataruhoz (m\u00edtoszi k\u00edv\u00e1ns\u00e1got beteljes\u00edt\u0151 f\u00e1j\u00e1hoz) hasonl\u00edtotta, \u00e9s a j\u00f3g\u00e1t a \u201eV\u00e9d\u00e1k halhatatlan gy\u00fcm\u00f6lcs\u00e9nek\u201d nevezte. A Siddha J\u00f3ga gyakorlata megszabad\u00edtja a praticienst a h\u00e1romszoros szenved\u00e9st\u0151l: fizikai, ment\u00e1lis \u00e9s spiritu\u00e1lis. Nincs szenved\u00e9s ezeken a h\u00e1rom sz\u00e9les kateg\u00f3ri\u00e1n t\u00fal. A Siddha J\u00f3ga gyakorlata sz\u00e1zezreket szabad\u00edtott meg mindenf\u00e9le fizikai betegs\u00e9gekt\u0151l \u00e9s bajokt\u00f3l. Ez az \u00e1talakul\u00e1s (a h\u00e1rmas szenved\u00e9s megsz\u00fcntet\u00e9s\u00e9vel) k\u00e9zzelfoghat\u00f3 filoz\u00f3fi\u00e1n alapul. Nem valaki k\u00e9pzelet\u00e9nek sz\u00fclem\u00e9nye. Tudom, hogy egyesek kital\u00e1ci\u00f3kat haszn\u00e1lnak a yogikus filoz\u00f3fi\u00e1ban, mert tan\u00e1csuk puszt\u00e1n elm\u00e9leti \u00e9s gyakorlati tapasztalat hi\u00e1nyzik. Egyes \u201eGur\u00fak\u201d m\u00e9g azt is \u00e1ll\u00edtj\u00e1k, hogy a Kundalini 20 \u00e9v j\u00f3ga gyakorl\u00e1ssal \u00e9bred fel! Erre azt mondom: \u00bfMi a garancia arra, hogy egy Gur\u00fa \u00e9s tan\u00edtv\u00e1nya 20 \u00e9vig \u00e9l? Mi\u00e9rt gy\u00f6t\u00f6rj\u00fck magunkat 20 \u00e9vig az\u00e9rt, amit ma el\u00e9rhet\u00fcnk? Mi\u00e9rt ne szerezz\u00fck meg a spiritu\u00e1lis tudatoss\u00e1got itt \u00e9s most? Ez a 20 \u00e9ves besz\u00e9d teljes butas\u00e1g.\u201d \u00a0 Ki az a Gur\u00fa? A Gur\u00fa nem csak az az egy\u00e9n, akit haland\u00f3 testben l\u00e1tsz. Haland\u00f3 teste elpuszul \u00e9s v\u00e9get \u00e9r egy nap. De a Gur\u00fa az isteni er\u0151, ami soha nem hal meg; \u00f6r\u00f6k \u00e9s id\u0151tlen. A Gur\u00fa bel\u00fcl n\u00f6vekszik (a keres\u0151 tudat\u00e1nak bels\u0151 m\u00e9lys\u00e9geiben). A yogikus tudom\u00e1nyban az id\u0151nek \u00e9s t\u00e9rnek nincs \u00e9rt\u00e9ke. Te bennem vagy; \u00e9s \u00e9n benned. B\u00e1rmikor megeml\u00e9kezel r\u00f3lam, megtal\u00e1lsz magadban. Ha egy Gur\u00fa igazi, akkor minden\u00fctt jelen van \u2013 egyszerre mindenhol jelen van; nem korl\u00e1tozz\u00e1k az id\u0151 \u00e9s t\u00e9r hat\u00e1rai.<\/p>\n","protected":false},"author":2,"featured_media":0,"parent":0,"menu_order":0,"comment_status":"closed","ping_status":"closed","template":"","meta":{"footnotes":""},"class_list":["post-339","page","type-page","status-publish","hentry"],"aioseo_notices":[],"ams_acf":[],"_links":{"self":[{"href":"https:\/\/gurusiyagyoga.org\/hu\/wp-json\/wp\/v2\/pages\/339","targetHints":{"allow":["GET"]}}],"collection":[{"href":"https:\/\/gurusiyagyoga.org\/hu\/wp-json\/wp\/v2\/pages"}],"about":[{"href":"https:\/\/gurusiyagyoga.org\/hu\/wp-json\/wp\/v2\/types\/page"}],"author":[{"embeddable":true,"href":"https:\/\/gurusiyagyoga.org\/hu\/wp-json\/wp\/v2\/users\/2"}],"replies":[{"embeddable":true,"href":"https:\/\/gurusiyagyoga.org\/hu\/wp-json\/wp\/v2\/comments?post=339"}],"version-history":[{"count":2,"href":"https:\/\/gurusiyagyoga.org\/hu\/wp-json\/wp\/v2\/pages\/339\/revisions"}],"predecessor-version":[{"id":384,"href":"https:\/\/gurusiyagyoga.org\/hu\/wp-json\/wp\/v2\/pages\/339\/revisions\/384"}],"wp:attachment":[{"href":"https:\/\/gurusiyagyoga.org\/hu\/wp-json\/wp\/v2\/media?parent=339"}],"curies":[{"name":"wp","href":"https:\/\/api.w.org\/{rel}","templated":true}]}}