{"id":343,"date":"2026-01-28T14:43:17","date_gmt":"2026-01-28T14:43:17","guid":{"rendered":"https:\/\/gurusiyagyoga.org\/hu\/?page_id=343"},"modified":"2026-02-04T10:30:29","modified_gmt":"2026-02-04T10:30:29","slug":"shaktipat","status":"publish","type":"page","link":"https:\/\/gurusiyagyoga.org\/hu\/shaktipat\/","title":{"rendered":"6.3 Shaktipat Beavat\u00e1s"},"content":{"rendered":"<p style=\"font-weight: 400;\"><strong>Mi a Shaktipat Diksha?<\/strong><\/p>\n<p style=\"font-weight: 400;\">Guru Siyag tan\u00edtv\u00e1nyait a Siddha J\u00f3ga bevezet\u00e9s\u00e9vel ind\u00edtja el, a Kundalini \u00e9breszt\u00e9s\u00e9vel egy olyan folyamat r\u00e9v\u00e9n, amelyet Shaktipat Diksh\u00e1nak neveznek. Egy Siddha Gurunak n\u00e9gy m\u00f3dja van a Shaktipat ad\u00e1s\u00e1ra: fizikai \u00e9rint\u00e9s, tekintettel, isteni sz\u00f3val \u00e9s er\u0151s elhat\u00e1roz\u00e1ssal. Guru Siyag a Diksh\u00e1t isteni sz\u00f3val (mantr\u00e1val) adja.<\/p>\n<p style=\"font-weight: 400;\">A Shaktipat egy szanszkrit kifejez\u00e9s, amely k\u00e9t sz\u00f3b\u00f3l \u00e1ll \u2013 Shakti (n\u0151i isteni energia) \u00e9s Pat (leesni). A Shaktipat sz\u00f3 szerint az isteni energia \u00e1tad\u00e1s\u00e1t jelenti. A j\u00f3gagyakorl\u00f3k gyakran \u00fagy \u00e9rtelmezik a Shaktipat-ot, mint a Gurunak az isteni energi\u00e1j\u00e1nak \u00e1tad\u00e1s\u00e1t a keres\u0151 test\u00e9be. Guru Siyag szerint ez korl\u00e1tozott meg\u00e9rt\u00e9se a folyamatnak. Ez az\u00e9rt van, mert a j\u00f3gikus szent\u00edr\u00e1sokban elismert t\u00e9ny, hogy a Kundalini jelen van minden emberi testben, b\u00e1r \u00e1lm\u00e1ban fekszik. Teh\u00e1t nincs sz\u00f3 arr\u00f3l, hogy Shakti \u00e1tad\u00e1sra ker\u00fclne egyik emberr\u0151l a m\u00e1sikra. A Shaktipat-ban a Guru csup\u00e1n kataliz\u00e1tork\u00e9nt m\u0171k\u00f6dik, isteni erej\u00e9vel fel\u00e9bresztve a Kundalini-t.<\/p>\n<p style=\"font-weight: 400;\">Ahogy Guru Siyag elmagyar\u00e1zza: \u201eNem \u00fagy van, hogy a Guru valamit bele\u00f6nt a keres\u0151 test\u00e9be. Az \u00e1ltalam haszn\u00e1lt Diksha m\u00f3dszer az emberis\u00e9gnek aj\u00e1nd\u00e9kozva sz\u00e1rmazik a Nath szektust\u00f3l a j\u00f3gikus hagyom\u00e1nyban. Ezt h\u00edvj\u00e1k &#8216;Shaktipat&#8217;-nak. A Shaktipat nem azt jelenti, hogy a keres\u0151 k\u00fcls\u0151 er\u0151t kap a Gurut\u00f3l (ahogy \u00e1ltal\u00e1nosan hiszik). Egyszer\u0171 anal\u00f3gi\u00e1val \u00e9lve, a Shaktipat olyan, mint egy \u00e9g\u0151 l\u00e1mp\u00e1val meggy\u00fajtani egy kialvatlant. Te olyan vagy, mint a kialvatlan l\u00e1mpa, amelyben minden megvan \u2013 kan\u00f3c \u00e9s olaj. Csak egy m\u00e1sik \u00e9g\u0151 forr\u00e1sra van sz\u00fcks\u00e9ged, hogy l\u00e1ngra lobbanjon a te l\u00e1mp\u00e1dban. Miut\u00e1n csatlakozol az \u00e9g\u0151 forr\u00e1shoz, te magad v\u00e1lsz f\u00e9nny\u00e9. \u00cdgy tudom sz\u00e9les k\u00f6rben le\u00edrni a Shaktipat folyamatot.\u201d<\/p>\n<p style=\"font-weight: 400;\">A Shaktipat a Guru r\u00e9sz\u00e9r\u0151l hatalmas kegyelem (Anugraha) cselekedete. Guru Siyag szerint m\u00edg az emberi cselekedetek mindig valamilyen sz\u00e1nd\u00e9kkal t\u00f6rt\u00e9nnek, a Shaktipat-ban semmilyen sz\u00e1nd\u00e9k sincs. Tov\u00e1bbi k\u00e9rd\u00e9sek eset\u00e9n \u00edrjon e-mailt: <a href=\"mailto:gssyworld@gmail.com\">gssyworld@gmail.com<\/a>vagy WhatsApp: (+91) 9468623528 vagy h\u00edvja: (+91)8369754399<\/p>\n<p style=\"font-weight: 400;\"><strong>\u00a0<\/strong><\/p>\n<p style=\"font-weight: 400;\"><strong>A Shaktipat k\u00fcl\u00f6nb\u00f6z\u0151 m\u00f3dszerei<\/strong><\/p>\n<p style=\"font-weight: 400;\">Egy Siddha Guru a Shaktipat-ot b\u00e1rmelyik k\u00f6vetkez\u0151 n\u00e9gy m\u00f3dszerrel v\u00e9gezheti el:<\/p>\n<ul>\n<li><strong>Fizikai \u00e9rint\u00e9s:<\/strong> Egy Siddha Guru egyszer\u0171en meg\u00e9rintve \u00e9bresztheti fel a Kundalini-t. Ezt megteheti a keres\u0151 fej\u00e9re t\u00e9ve a kez\u00e9t, vagy meg\u00e9rintve az Ajnachakr\u00e1t vagy a Muladhara-t (gerincoszlop t\u00f6ve). A mitol\u00f3giai sz\u00f6veg, a \u2018Mahabharata\u2019 szerint Lord Krishna a kedvenc bhakt\u00e1j\u00e1t, Arjunt a J\u00f3ga bevezet\u00e9s\u00e9vel ind\u00edtotta el \u00f6lel\u00e9s\u00e9vel \u00e9s a sz\u00edv\u00e9hez szor\u00edtva egy pillanatra. Krishna egy m\u00e1sik legend\u00e1s bhakt\u00e1t, Dhruv\u00e1t egy k\u00f6nny\u0171 \u00e9rint\u00e9ssel a kagyl\u00f3h\u00e9j\u00e1val az arc\u00e1n avatta be.<\/li>\n<li><strong>Tekintettel:<\/strong> Egy Siddha Guru egyszer\u0171en a keres\u0151 szem\u00e9be n\u00e9zve avathatja be. Az indiai spiritu\u00e1lis irodalom tele van anekdot\u00e1kkal k\u00fcl\u00f6nb\u00f6z\u0151 Siddha Gurukr\u00f3l, akik tan\u00edtv\u00e1nyaik Kundalini-j\u00e1t puszt\u00e1n k\u00f6ny\u00f6r\u00fcletes tekintettel \u00e9bresztett\u00e9k fel.<\/li>\n<li><strong>Isteni sz\u00f3:<\/strong> Egy Siddha Guru egy isteni sz\u00f3val vagy er\u0151s mantr\u00e1val \u00e9bresztheti fel a keres\u0151 Kundalini-j\u00e1t, amelyet k\u00e1nt\u00e1lni kell. Itt a sz\u00f3 isteni, mert a Guru megtestes\u00fclt kozmikus tudat\u00e1val van felt\u00f6ltve.<\/li>\n<li><strong>Er\u0151s elhat\u00e1roz\u00e1s:<\/strong> Ez a legritk\u00e1bb Kundalini \u00e9breszt\u00e9si m\u00f3d, mert itt a kezdem\u00e9nyez\u00e9s a keres\u0151n\u00e9l van, nem a Gurun\u00e1l. Ebben a m\u00f3dszerben a keres\u0151 nem k\u00e9r form\u00e1lis bevezet\u00e9st a Kundalini \u00e9breszt\u00e9s\u00e9re a Gurut\u00f3l. Csak egy megragadhatatlan elhat\u00e1roz\u00e1st tesz, amelyet Sankalp\u00e1nak neveznek, hogy beavass\u00e1k \u0151t a k\u00f6vetni k\u00edv\u00e1nt Gurut\u00f3l. Mivel a Guru a kozmikus isteni tudat megtestes\u00fcl\u00e9se, a keres\u0151 er\u0151s elhat\u00e1roz\u00e1sa azonnal el\u00e9ri a Gurut. A Sankalpa a keres\u0151 teljes odaad\u00e1s\u00e1nak vagy eg\u00f3j\u00e1nak \u00e1tad\u00e1s\u00e1nak megnyilv\u00e1nul\u00e1sa a Gurunak. Mivel ez az odaad\u00e1s a legfontosabb kvalifik\u00e1ci\u00f3 az isteni kegyelem fogad\u00e1s\u00e1hoz, a Guru k\u00f6teles bevezetni a keres\u0151t, aki ilyen Sankalp\u00e1t tesz. A \u2018Mahabharata\u2019 eml\u00edt egy ritka esetet, amelyben Eklavya, a legend\u00e1s \u00edj\u00e1sz, a J\u00f3ga bevezet\u00e9s\u00e9t kapta puszt\u00e1n egy hat\u00e1rozott k\u00f6ny\u00f6rg\u00e9ssel egy Guru Dronacharya m\u00e1solatak\u00e9nt k\u00e9sz\u00fclt b\u00e1lv\u00e1ny el\u0151tt, hogy r\u00e9szes\u00edtse bevezet\u00e9sben. Eklavya k\u00f6ny\u00f6rg\u00e9se olyan intenz\u00edven \u0151szinte volt, hogy Guru Dronacharya tudat\u00e1nak pozit\u00edvan kellett reag\u00e1lnia r\u00e1, b\u00e1r nem volt szem\u00e9lyesen jelen, \u00e9s nem tudott Eklavya elhat\u00e1roz\u00e1s\u00e1r\u00f3l.<\/li>\n<\/ul>\n","protected":false},"excerpt":{"rendered":"<p>Mi a Shaktipat Diksha? Guru Siyag tan\u00edtv\u00e1nyait a Siddha J\u00f3ga bevezet\u00e9s\u00e9vel ind\u00edtja el, a Kundalini \u00e9breszt\u00e9s\u00e9vel egy olyan folyamat r\u00e9v\u00e9n, amelyet Shaktipat Diksh\u00e1nak neveznek. Egy Siddha Gurunak n\u00e9gy m\u00f3dja van a Shaktipat ad\u00e1s\u00e1ra: fizikai \u00e9rint\u00e9s, tekintettel, isteni sz\u00f3val \u00e9s er\u0151s elhat\u00e1roz\u00e1ssal. Guru Siyag a Diksh\u00e1t isteni sz\u00f3val (mantr\u00e1val) adja. A Shaktipat egy szanszkrit kifejez\u00e9s, amely k\u00e9t sz\u00f3b\u00f3l \u00e1ll \u2013 Shakti (n\u0151i isteni energia) \u00e9s Pat (leesni). A Shaktipat sz\u00f3 szerint az isteni energia \u00e1tad\u00e1s\u00e1t jelenti. A j\u00f3gagyakorl\u00f3k gyakran \u00fagy \u00e9rtelmezik a Shaktipat-ot, mint a Gurunak az isteni energi\u00e1j\u00e1nak \u00e1tad\u00e1s\u00e1t a keres\u0151 test\u00e9be. Guru Siyag szerint ez korl\u00e1tozott meg\u00e9rt\u00e9se a folyamatnak. Ez az\u00e9rt van, mert a j\u00f3gikus szent\u00edr\u00e1sokban elismert t\u00e9ny, hogy a Kundalini jelen van minden emberi testben, b\u00e1r \u00e1lm\u00e1ban fekszik. Teh\u00e1t nincs sz\u00f3 arr\u00f3l, hogy Shakti \u00e1tad\u00e1sra ker\u00fclne egyik emberr\u0151l a m\u00e1sikra. A Shaktipat-ban a Guru csup\u00e1n kataliz\u00e1tork\u00e9nt m\u0171k\u00f6dik, isteni erej\u00e9vel fel\u00e9bresztve a Kundalini-t. Ahogy Guru Siyag elmagyar\u00e1zza: \u201eNem \u00fagy van, hogy a Guru valamit bele\u00f6nt a keres\u0151 test\u00e9be. Az \u00e1ltalam haszn\u00e1lt Diksha m\u00f3dszer az emberis\u00e9gnek aj\u00e1nd\u00e9kozva sz\u00e1rmazik a Nath szektust\u00f3l a j\u00f3gikus hagyom\u00e1nyban. Ezt h\u00edvj\u00e1k &#8216;Shaktipat&#8217;-nak. A Shaktipat nem azt jelenti, hogy a keres\u0151 k\u00fcls\u0151 er\u0151t kap a Gurut\u00f3l (ahogy \u00e1ltal\u00e1nosan hiszik). Egyszer\u0171 anal\u00f3gi\u00e1val \u00e9lve, a Shaktipat olyan, mint egy \u00e9g\u0151 l\u00e1mp\u00e1val meggy\u00fajtani egy kialvatlant. Te olyan vagy, mint a kialvatlan l\u00e1mpa, amelyben minden megvan \u2013 kan\u00f3c \u00e9s olaj. Csak egy m\u00e1sik \u00e9g\u0151 forr\u00e1sra van sz\u00fcks\u00e9ged, hogy l\u00e1ngra lobbanjon a te l\u00e1mp\u00e1dban. Miut\u00e1n csatlakozol az \u00e9g\u0151 forr\u00e1shoz, te magad v\u00e1lsz f\u00e9nny\u00e9. \u00cdgy tudom sz\u00e9les k\u00f6rben le\u00edrni a Shaktipat folyamatot.\u201d A Shaktipat a Guru r\u00e9sz\u00e9r\u0151l hatalmas kegyelem (Anugraha) cselekedete. Guru Siyag szerint m\u00edg az emberi cselekedetek mindig valamilyen sz\u00e1nd\u00e9kkal t\u00f6rt\u00e9nnek, a Shaktipat-ban semmilyen sz\u00e1nd\u00e9k sincs. Tov\u00e1bbi k\u00e9rd\u00e9sek eset\u00e9n \u00edrjon e-mailt: gssyworld@gmail.comvagy WhatsApp: (+91) 9468623528 vagy h\u00edvja: (+91)8369754399 \u00a0 A Shaktipat k\u00fcl\u00f6nb\u00f6z\u0151 m\u00f3dszerei Egy Siddha Guru a Shaktipat-ot b\u00e1rmelyik k\u00f6vetkez\u0151 n\u00e9gy m\u00f3dszerrel v\u00e9gezheti el: Fizikai \u00e9rint\u00e9s: Egy Siddha Guru egyszer\u0171en meg\u00e9rintve \u00e9bresztheti fel a Kundalini-t. Ezt megteheti a keres\u0151 fej\u00e9re t\u00e9ve a kez\u00e9t, vagy meg\u00e9rintve az Ajnachakr\u00e1t vagy a Muladhara-t (gerincoszlop t\u00f6ve). A mitol\u00f3giai sz\u00f6veg, a \u2018Mahabharata\u2019 szerint Lord Krishna a kedvenc bhakt\u00e1j\u00e1t, Arjunt a J\u00f3ga bevezet\u00e9s\u00e9vel ind\u00edtotta el \u00f6lel\u00e9s\u00e9vel \u00e9s a sz\u00edv\u00e9hez szor\u00edtva egy pillanatra. Krishna egy m\u00e1sik legend\u00e1s bhakt\u00e1t, Dhruv\u00e1t egy k\u00f6nny\u0171 \u00e9rint\u00e9ssel a kagyl\u00f3h\u00e9j\u00e1val az arc\u00e1n avatta be. Tekintettel: Egy Siddha Guru egyszer\u0171en a keres\u0151 szem\u00e9be n\u00e9zve avathatja be. Az indiai spiritu\u00e1lis irodalom tele van anekdot\u00e1kkal k\u00fcl\u00f6nb\u00f6z\u0151 Siddha Gurukr\u00f3l, akik tan\u00edtv\u00e1nyaik Kundalini-j\u00e1t puszt\u00e1n k\u00f6ny\u00f6r\u00fcletes tekintettel \u00e9bresztett\u00e9k fel. Isteni sz\u00f3: Egy Siddha Guru egy isteni sz\u00f3val vagy er\u0151s mantr\u00e1val \u00e9bresztheti fel a keres\u0151 Kundalini-j\u00e1t, amelyet k\u00e1nt\u00e1lni kell. Itt a sz\u00f3 isteni, mert a Guru megtestes\u00fclt kozmikus tudat\u00e1val van felt\u00f6ltve. Er\u0151s elhat\u00e1roz\u00e1s: Ez a legritk\u00e1bb Kundalini \u00e9breszt\u00e9si m\u00f3d, mert itt a kezdem\u00e9nyez\u00e9s a keres\u0151n\u00e9l van, nem a Gurun\u00e1l. Ebben a m\u00f3dszerben a keres\u0151 nem k\u00e9r form\u00e1lis bevezet\u00e9st a Kundalini \u00e9breszt\u00e9s\u00e9re a Gurut\u00f3l. Csak egy megragadhatatlan elhat\u00e1roz\u00e1st tesz, amelyet Sankalp\u00e1nak neveznek, hogy beavass\u00e1k \u0151t a k\u00f6vetni k\u00edv\u00e1nt Gurut\u00f3l. Mivel a Guru a kozmikus isteni tudat megtestes\u00fcl\u00e9se, a keres\u0151 er\u0151s elhat\u00e1roz\u00e1sa azonnal el\u00e9ri a Gurut. A Sankalpa a keres\u0151 teljes odaad\u00e1s\u00e1nak vagy eg\u00f3j\u00e1nak \u00e1tad\u00e1s\u00e1nak megnyilv\u00e1nul\u00e1sa a Gurunak. Mivel ez az odaad\u00e1s a legfontosabb kvalifik\u00e1ci\u00f3 az isteni kegyelem fogad\u00e1s\u00e1hoz, a Guru k\u00f6teles bevezetni a keres\u0151t, aki ilyen Sankalp\u00e1t tesz. A \u2018Mahabharata\u2019 eml\u00edt egy ritka esetet, amelyben Eklavya, a legend\u00e1s \u00edj\u00e1sz, a J\u00f3ga bevezet\u00e9s\u00e9t kapta puszt\u00e1n egy hat\u00e1rozott k\u00f6ny\u00f6rg\u00e9ssel egy Guru Dronacharya m\u00e1solatak\u00e9nt k\u00e9sz\u00fclt b\u00e1lv\u00e1ny el\u0151tt, hogy r\u00e9szes\u00edtse bevezet\u00e9sben. Eklavya k\u00f6ny\u00f6rg\u00e9se olyan intenz\u00edven \u0151szinte volt, hogy Guru Dronacharya tudat\u00e1nak pozit\u00edvan kellett reag\u00e1lnia r\u00e1, b\u00e1r nem volt szem\u00e9lyesen jelen, \u00e9s nem tudott Eklavya elhat\u00e1roz\u00e1s\u00e1r\u00f3l.<\/p>\n","protected":false},"author":2,"featured_media":0,"parent":0,"menu_order":0,"comment_status":"closed","ping_status":"closed","template":"","meta":{"footnotes":""},"class_list":["post-343","page","type-page","status-publish","hentry"],"aioseo_notices":[],"ams_acf":[],"_links":{"self":[{"href":"https:\/\/gurusiyagyoga.org\/hu\/wp-json\/wp\/v2\/pages\/343","targetHints":{"allow":["GET"]}}],"collection":[{"href":"https:\/\/gurusiyagyoga.org\/hu\/wp-json\/wp\/v2\/pages"}],"about":[{"href":"https:\/\/gurusiyagyoga.org\/hu\/wp-json\/wp\/v2\/types\/page"}],"author":[{"embeddable":true,"href":"https:\/\/gurusiyagyoga.org\/hu\/wp-json\/wp\/v2\/users\/2"}],"replies":[{"embeddable":true,"href":"https:\/\/gurusiyagyoga.org\/hu\/wp-json\/wp\/v2\/comments?post=343"}],"version-history":[{"count":2,"href":"https:\/\/gurusiyagyoga.org\/hu\/wp-json\/wp\/v2\/pages\/343\/revisions"}],"predecessor-version":[{"id":387,"href":"https:\/\/gurusiyagyoga.org\/hu\/wp-json\/wp\/v2\/pages\/343\/revisions\/387"}],"wp:attachment":[{"href":"https:\/\/gurusiyagyoga.org\/hu\/wp-json\/wp\/v2\/media?parent=343"}],"curies":[{"name":"wp","href":"https:\/\/api.w.org\/{rel}","templated":true}]}}