{"id":348,"date":"2026-01-28T14:44:41","date_gmt":"2026-01-28T14:44:41","guid":{"rendered":"https:\/\/gurusiyagyoga.org\/hu\/?page_id=348"},"modified":"2026-02-04T10:32:58","modified_gmt":"2026-02-04T10:32:58","slug":"ajapa","status":"publish","type":"page","link":"https:\/\/gurusiyagyoga.org\/hu\/ajapa\/","title":{"rendered":"6.5 Ajapa Japa"},"content":{"rendered":"<p style=\"font-weight: 400;\"><strong>\u00bfMi az Ajapa Dzsapa?<\/strong><\/p>\n<p style=\"font-weight: 400;\">Ez egy szanszkrit kifejez\u00e9s, amely sz\u00f3 szerint azt jelenti: \u201ea k\u00e1nt\u00e1l\u00e1s, amit nem k\u00e1nt\u00e1lnak\u201d. Ha a gyakorl\u00f3 k\u00f6vetkezetesen, n\u00e9h\u00e1ny h\u00e9tig k\u00e1nt\u00e1lja a Guru Siyag \u00e1ltal adott mantr\u00e1t, a mantrak\u00e1nt\u00e1l\u00e1s (ment\u00e1lis k\u00e1nt\u00e1l\u00e1s) er\u0151fesz\u00edt\u00e9s n\u00e9lk\u00fcliv\u00e9 v\u00e1lik, \u00e9s akaratlanul bel\u00fclr\u0151l k\u00e1nt\u00e1l\u00f3dik. A keres\u0151nek csak figyelm\u00e9t kell r\u00e1 ir\u00e1ny\u00edtania. Ezt az \u00e1llapotot Ajapa Dzsap\u00e1nak nevezik. A kriy\u00e1kat a Kundalini id\u00e9zi el\u0151 a gyakorl\u00f3 akarata vagy er\u0151fesz\u00edt\u00e9se n\u00e9lk\u00fcl. Hasonl\u00f3k\u00e9ppen, az Ajapa Dzsapa a Kundalini \u00e1ltal kiv\u00e1ltott sz\u00e1mos isteni \u00e9lm\u00e9ny egyike. Az Ajapa Dzsap\u00e1t minden olyan gyakorl\u00f3 \u00e1t\u00e9li, aki kitart\u00f3an, k\u00f6vetkezetes id\u0151szakon kereszt\u00fcl k\u00e1nt\u00e1lja Guru Siyag mantr\u00e1j\u00e1t. Nincs meghat\u00e1rozott id\u0151tartam (a k\u00e1nt\u00e1l\u00e1s kezdet\u00e9t\u0151l), amelyen bel\u00fcl ez az \u00e9lm\u00e9ny bek\u00f6vetkezik; ez egy\u00e9nt\u0151l f\u00fcgg\u0151en v\u00e1ltozik. Ami bizonyos, hogy azok a gyakorl\u00f3k \u00e9lik \u00e1t, akik napk\u00f6zben min\u00e9l t\u00f6bbet, folyamatosan k\u00e1nt\u00e1lnak (l\u00e1sd kor\u00e1bbi bejegyz\u00e9s\u00fcnket a nap k\u00f6r\u00fcli k\u00e1nt\u00e1l\u00e1sr\u00f3l). Ha n\u00e9h\u00e1ny napos sz\u00fcnetet tart a k\u00e1nt\u00e1l\u00e1sban, a gyakorlat k\u00f6vetkezetes n\u00e9lk\u00fcli, \u00e9s ez annyival hosszabb id\u0151t vesz ig\u00e9nybe az Ajapa Dzsapa \u00e1t\u00e9l\u00e9s\u00e9ig.<\/p>\n<p style=\"font-weight: 400;\">A <strong>Dzsa<\/strong>pa azt jelenti, hogy mantr\u00e1t k\u00e1nt\u00e1lnak. Ez a gyakorl\u00f3 els\u0151 \u00e9s legfontosabb eszk\u00f6ze a spiritu\u00e1lis \u00faton a magasabb tudatoss\u00e1g el\u00e9r\u00e9s\u00e9hez, az ultimat\u00edv c\u00e9l, a <strong>Moksa<\/strong> fel\u00e9.<\/p>\n<p style=\"font-weight: 400;\">A gyakorl\u00f3nak a kezdeti szakaszokban k\u00f6ny\u00f6rtelen\u00fcl kell ism\u00e9telnie a mantr\u00e1t. Ezt az\u00e9rt teszik, hogy a gyakorl\u00f3 elm\u00e9j\u00e9ben megalapozza a mantr\u00e1ra \u00e9s az \u00e1ltala k\u00e9pviselt isteni er\u0151re val\u00f3 tudatoss\u00e1got. A kitart\u00f3 k\u00e1nt\u00e1l\u00e1s v\u00e9g\u00fcl odavezet, hogy a mantr\u00e1t a gyakorl\u00f3 tudatos er\u0151fesz\u00edt\u00e9se n\u00e9lk\u00fcl ism\u00e9telgeti. Ekkor teljesen tudatoss\u00e1 v\u00e1lik a mantr\u00e1nak az elm\u00e9j\u00e9ben val\u00f3 \u00e1lland\u00f3 jelenl\u00e9t\u00e9r\u0151l. Ez hetek alatt megt\u00f6rt\u00e9nhet, a gyakorl\u00f3 elhat\u00e1roz\u00e1s\u00e1t\u00f3l \u00e9s odaad\u00e1s\u00e1t\u00f3l f\u00fcgg\u0151en. Ezt h\u00edvj\u00e1k Ajapa Dzsap\u00e1nak. Az <strong>A<\/strong> el\u0151tag a <strong>Dzsa<\/strong>pa el\u0151tt sz\u00f3 szerint azt jelenti, hogy k\u00e1nt\u00e1l\u00e1s t\u00f6rt\u00e9nik a gyakorl\u00f3 saj\u00e1t tudatos er\u0151fesz\u00edt\u00e9se n\u00e9lk\u00fcl.<\/p>\n<p style=\"font-weight: 400;\">Az <strong>Ajapa Dzsap\u00e1t<\/strong> \u00e1ltal\u00e1ban \u201eautomatikus\u201d k\u00e1nt\u00e1l\u00e1snak nevezik. Azonban ami val\u00f3j\u00e1ban t\u00f6rt\u00e9nik ebben a szakaszban, az az, hogy a gyakorl\u00f3 teljesen tudatoss\u00e1 v\u00e1lik az isteni sz\u00f3r\u00f3l, amely \u00f6r\u00f6kk\u00e9 jelen van, \u00e9s spont\u00e1n \u00e1thatja \u00e9s rezon\u00e1l minden l\u00e9ny bels\u0151 tudatoss\u00e1g\u00e1ban. Az <strong>Ajapa Dzsapa<\/strong> l\u00e9tfontoss\u00e1g\u00fa k\u00fcsz\u00f6b, amely ut\u00e1n a gyakorl\u00f3 a spiritu\u00e1lis tudatoss\u00e1g magasabb szintjeire l\u00e9p. Tov\u00e1bbi k\u00e9rd\u00e9sek eset\u00e9n \u00edrjon e-mailt a <a href=\"mailto:gssyworld@gmail.com\">gssyworld@gmail.com<\/a>c\u00edmre, vagy WhatsApp-on (+91) 9468623528, vagy h\u00edvja a (+91)8369754399 sz\u00e1mot.<\/p>\n<p style=\"font-weight: 400;\">Ahhoz, hogy ezt a \u00e1llapotot \u00e1t\u00e9lje, a tan\u00edtv\u00e1nynak k\u00f6ny\u00f6rtelen\u00fcl kell (ment\u00e1lisan ism\u00e9telnie) a mantr\u00e1t \u00e9brenl\u00e9t k\u00f6zben, mik\u00f6zben a szok\u00e1sos teend\u0151it \u00e9s tev\u00e9kenys\u00e9geit v\u00e9gzi (ev\u00e9s, f\u00fcrd\u00e9s, fut\u00e1s, vezet\u00e9s, f\u0151z\u00e9s stb.). Mivel a k\u00e1nt\u00e1l\u00e1s csendben t\u00f6rt\u00e9nik az elm\u00e9j\u00e9ben, nem szak\u00edtja meg a gyakorl\u00f3 tev\u00e9kenys\u00e9geit, \u00e9s nem zavar m\u00e1sokat k\u00f6r\u00fcl\u00f6tte. Ha a <strong>Dzsa<\/strong>pa \u0151szinte (nem mechanikus), a gyakorl\u00f3 hamar jelent\u0151s v\u00e1ltoz\u00e1sokat \u00e9szlel a szem\u00e9lyis\u00e9g\u00e9ben.<\/p>\n<p style=\"font-weight: 400;\">\n<p style=\"font-weight: 400;\"><strong>Az Ajapa Dzsapa jelei<\/strong><\/p>\n<p style=\"font-weight: 400;\"><strong>Ez Ajapa Dzsapa? <\/strong><strong>Hogyan lehet biztos lenni benne?<\/strong><\/p>\n<p style=\"font-weight: 400;\">K\u00e9t jel igazolja az Ajapa Dzsapa \u00e9lm\u00e9ny\u00e9t:<\/p>\n<ul>\n<li>\u00c1ltal\u00e1ban, ha b\u00e1rmilyen ment\u00e1lis \u00f6sszpontos\u00edt\u00e1st ig\u00e9nyl\u0151 tev\u00e9kenys\u00e9gben vagyunk, nem lehets\u00e9ges mantr\u00e1t k\u00e1nt\u00e1lni. Azonban amikor az Ajapa Dzsapa bek\u00f6vetkezik, a k\u00e1nt\u00e1l\u00e1s folytat\u00f3dik, mik\u00f6zben az elme m\u00e1shol van elfoglalva. Majdnem \u00fagy t\u0171nik, mintha a Kundalini, l\u00e1tva a gyakorl\u00f3 kitart\u00e1s\u00e1t, \u00e1tvenn\u00e9 a k\u00e1nt\u00e1l\u00e1s felel\u0151ss\u00e9g\u00e9t maga.<\/li>\n<li>Amikor \u00e9jszaka a k\u00f6zep\u00e9n fel\u00e9bred\u00fcnk, szinte azonnal tudatoss\u00e1 v\u00e1lunk, hogy a mantr\u00e1t k\u00e1nt\u00e1lj\u00e1k.<\/li>\n<\/ul>\n<p style=\"font-weight: 400;\">\n<p style=\"font-weight: 400;\"><strong>Mit tegy\u00fcnk, ha ez az \u00e9lm\u00e9ny bek\u00f6vetkezik?<\/strong><\/p>\n<ul>\n<li>Els\u0151 \u00e9s legfontosabb: \u00a1\u00e9lvezze! Ha a gyakorl\u00f3k nyitotts\u00e1ggal \u00e9s boldogs\u00e1ggal fogadj\u00e1k az \u00e9lm\u00e9nyt (gyan\u00fa \u00e9s f\u00e9lelem helyett), annak kegy hat\u00e1sa n\u0151. Az Ajapa Dzsapa eset\u00e9ben a keres\u0151 pozit\u00edv hozz\u00e1\u00e1ll\u00e1sa m\u00e9ly \u00f6r\u00f6m \u00e9lm\u00e9ny\u00e9hez vezet.<\/li>\n<li>Guru Siyag azt tan\u00e1csolja a tan\u00edtv\u00e1nyoknak, hogy naponta 7-8 alkalommal figyeljenek a k\u00e1nt\u00e1l\u00e1sra. Azt mondja: \u201eHa k\u00f6ny\u00f6rtelen\u00fcl k\u00e1nt\u00e1lj\u00e1tok a mantr\u00e1t, amit \u00e9n adtam, a k\u00e1nt\u00e1l\u00e1s akaratlan lesz. Nem tudj\u00e1tok meg\u00e1ll\u00edtani, m\u00e9g ha pr\u00f3b\u00e1lj\u00e1tok is. \u00dagy \u00e9rzitek, mintha valaki a bels\u0151 l\u00e9nyetekben \u00e1tv\u00e1llalta volna a k\u00e1nt\u00e1l\u00e1s k\u00f6teless\u00e9g\u00e9t, \u00e9s felszabad\u00edtott titeket az er\u0151fesz\u00edt\u00e9st\u0151l. Napk\u00f6zben figyeljetek erre a k\u00e1nt\u00e1l\u00e1sra 7-8 alkalommal. Ennyi el\u00e9g. Nem kell megv\u00e1ltoztatnotok az \u00e9letm\u00f3dotokat vagy \u00e9tkez\u00e9si szok\u00e1saitokat. Semmi sem tiltott. A transzform\u00e1ci\u00f3 mag\u00e1t\u00f3l megt\u00f6rt\u00e9nik.\u201d<\/li>\n<\/ul>\n","protected":false},"excerpt":{"rendered":"<p>\u00bfMi az Ajapa Dzsapa? Ez egy szanszkrit kifejez\u00e9s, amely sz\u00f3 szerint azt jelenti: \u201ea k\u00e1nt\u00e1l\u00e1s, amit nem k\u00e1nt\u00e1lnak\u201d. Ha a gyakorl\u00f3 k\u00f6vetkezetesen, n\u00e9h\u00e1ny h\u00e9tig k\u00e1nt\u00e1lja a Guru Siyag \u00e1ltal adott mantr\u00e1t, a mantrak\u00e1nt\u00e1l\u00e1s (ment\u00e1lis k\u00e1nt\u00e1l\u00e1s) er\u0151fesz\u00edt\u00e9s n\u00e9lk\u00fcliv\u00e9 v\u00e1lik, \u00e9s akaratlanul bel\u00fclr\u0151l k\u00e1nt\u00e1l\u00f3dik. A keres\u0151nek csak figyelm\u00e9t kell r\u00e1 ir\u00e1ny\u00edtania. Ezt az \u00e1llapotot Ajapa Dzsap\u00e1nak nevezik. A kriy\u00e1kat a Kundalini id\u00e9zi el\u0151 a gyakorl\u00f3 akarata vagy er\u0151fesz\u00edt\u00e9se n\u00e9lk\u00fcl. Hasonl\u00f3k\u00e9ppen, az Ajapa Dzsapa a Kundalini \u00e1ltal kiv\u00e1ltott sz\u00e1mos isteni \u00e9lm\u00e9ny egyike. Az Ajapa Dzsap\u00e1t minden olyan gyakorl\u00f3 \u00e1t\u00e9li, aki kitart\u00f3an, k\u00f6vetkezetes id\u0151szakon kereszt\u00fcl k\u00e1nt\u00e1lja Guru Siyag mantr\u00e1j\u00e1t. Nincs meghat\u00e1rozott id\u0151tartam (a k\u00e1nt\u00e1l\u00e1s kezdet\u00e9t\u0151l), amelyen bel\u00fcl ez az \u00e9lm\u00e9ny bek\u00f6vetkezik; ez egy\u00e9nt\u0151l f\u00fcgg\u0151en v\u00e1ltozik. Ami bizonyos, hogy azok a gyakorl\u00f3k \u00e9lik \u00e1t, akik napk\u00f6zben min\u00e9l t\u00f6bbet, folyamatosan k\u00e1nt\u00e1lnak (l\u00e1sd kor\u00e1bbi bejegyz\u00e9s\u00fcnket a nap k\u00f6r\u00fcli k\u00e1nt\u00e1l\u00e1sr\u00f3l). Ha n\u00e9h\u00e1ny napos sz\u00fcnetet tart a k\u00e1nt\u00e1l\u00e1sban, a gyakorlat k\u00f6vetkezetes n\u00e9lk\u00fcli, \u00e9s ez annyival hosszabb id\u0151t vesz ig\u00e9nybe az Ajapa Dzsapa \u00e1t\u00e9l\u00e9s\u00e9ig. A Dzsapa azt jelenti, hogy mantr\u00e1t k\u00e1nt\u00e1lnak. Ez a gyakorl\u00f3 els\u0151 \u00e9s legfontosabb eszk\u00f6ze a spiritu\u00e1lis \u00faton a magasabb tudatoss\u00e1g el\u00e9r\u00e9s\u00e9hez, az ultimat\u00edv c\u00e9l, a Moksa fel\u00e9. A gyakorl\u00f3nak a kezdeti szakaszokban k\u00f6ny\u00f6rtelen\u00fcl kell ism\u00e9telnie a mantr\u00e1t. Ezt az\u00e9rt teszik, hogy a gyakorl\u00f3 elm\u00e9j\u00e9ben megalapozza a mantr\u00e1ra \u00e9s az \u00e1ltala k\u00e9pviselt isteni er\u0151re val\u00f3 tudatoss\u00e1got. A kitart\u00f3 k\u00e1nt\u00e1l\u00e1s v\u00e9g\u00fcl odavezet, hogy a mantr\u00e1t a gyakorl\u00f3 tudatos er\u0151fesz\u00edt\u00e9se n\u00e9lk\u00fcl ism\u00e9telgeti. Ekkor teljesen tudatoss\u00e1 v\u00e1lik a mantr\u00e1nak az elm\u00e9j\u00e9ben val\u00f3 \u00e1lland\u00f3 jelenl\u00e9t\u00e9r\u0151l. Ez hetek alatt megt\u00f6rt\u00e9nhet, a gyakorl\u00f3 elhat\u00e1roz\u00e1s\u00e1t\u00f3l \u00e9s odaad\u00e1s\u00e1t\u00f3l f\u00fcgg\u0151en. Ezt h\u00edvj\u00e1k Ajapa Dzsap\u00e1nak. Az A el\u0151tag a Dzsapa el\u0151tt sz\u00f3 szerint azt jelenti, hogy k\u00e1nt\u00e1l\u00e1s t\u00f6rt\u00e9nik a gyakorl\u00f3 saj\u00e1t tudatos er\u0151fesz\u00edt\u00e9se n\u00e9lk\u00fcl. Az Ajapa Dzsap\u00e1t \u00e1ltal\u00e1ban \u201eautomatikus\u201d k\u00e1nt\u00e1l\u00e1snak nevezik. Azonban ami val\u00f3j\u00e1ban t\u00f6rt\u00e9nik ebben a szakaszban, az az, hogy a gyakorl\u00f3 teljesen tudatoss\u00e1 v\u00e1lik az isteni sz\u00f3r\u00f3l, amely \u00f6r\u00f6kk\u00e9 jelen van, \u00e9s spont\u00e1n \u00e1thatja \u00e9s rezon\u00e1l minden l\u00e9ny bels\u0151 tudatoss\u00e1g\u00e1ban. Az Ajapa Dzsapa l\u00e9tfontoss\u00e1g\u00fa k\u00fcsz\u00f6b, amely ut\u00e1n a gyakorl\u00f3 a spiritu\u00e1lis tudatoss\u00e1g magasabb szintjeire l\u00e9p. Tov\u00e1bbi k\u00e9rd\u00e9sek eset\u00e9n \u00edrjon e-mailt a gssyworld@gmail.comc\u00edmre, vagy WhatsApp-on (+91) 9468623528, vagy h\u00edvja a (+91)8369754399 sz\u00e1mot. Ahhoz, hogy ezt a \u00e1llapotot \u00e1t\u00e9lje, a tan\u00edtv\u00e1nynak k\u00f6ny\u00f6rtelen\u00fcl kell (ment\u00e1lisan ism\u00e9telnie) a mantr\u00e1t \u00e9brenl\u00e9t k\u00f6zben, mik\u00f6zben a szok\u00e1sos teend\u0151it \u00e9s tev\u00e9kenys\u00e9geit v\u00e9gzi (ev\u00e9s, f\u00fcrd\u00e9s, fut\u00e1s, vezet\u00e9s, f\u0151z\u00e9s stb.). Mivel a k\u00e1nt\u00e1l\u00e1s csendben t\u00f6rt\u00e9nik az elm\u00e9j\u00e9ben, nem szak\u00edtja meg a gyakorl\u00f3 tev\u00e9kenys\u00e9geit, \u00e9s nem zavar m\u00e1sokat k\u00f6r\u00fcl\u00f6tte. Ha a Dzsapa \u0151szinte (nem mechanikus), a gyakorl\u00f3 hamar jelent\u0151s v\u00e1ltoz\u00e1sokat \u00e9szlel a szem\u00e9lyis\u00e9g\u00e9ben. Az Ajapa Dzsapa jelei Ez Ajapa Dzsapa? Hogyan lehet biztos lenni benne? K\u00e9t jel igazolja az Ajapa Dzsapa \u00e9lm\u00e9ny\u00e9t: \u00c1ltal\u00e1ban, ha b\u00e1rmilyen ment\u00e1lis \u00f6sszpontos\u00edt\u00e1st ig\u00e9nyl\u0151 tev\u00e9kenys\u00e9gben vagyunk, nem lehets\u00e9ges mantr\u00e1t k\u00e1nt\u00e1lni. Azonban amikor az Ajapa Dzsapa bek\u00f6vetkezik, a k\u00e1nt\u00e1l\u00e1s folytat\u00f3dik, mik\u00f6zben az elme m\u00e1shol van elfoglalva. Majdnem \u00fagy t\u0171nik, mintha a Kundalini, l\u00e1tva a gyakorl\u00f3 kitart\u00e1s\u00e1t, \u00e1tvenn\u00e9 a k\u00e1nt\u00e1l\u00e1s felel\u0151ss\u00e9g\u00e9t maga. Amikor \u00e9jszaka a k\u00f6zep\u00e9n fel\u00e9bred\u00fcnk, szinte azonnal tudatoss\u00e1 v\u00e1lunk, hogy a mantr\u00e1t k\u00e1nt\u00e1lj\u00e1k. Mit tegy\u00fcnk, ha ez az \u00e9lm\u00e9ny bek\u00f6vetkezik? Els\u0151 \u00e9s legfontosabb: \u00a1\u00e9lvezze! Ha a gyakorl\u00f3k nyitotts\u00e1ggal \u00e9s boldogs\u00e1ggal fogadj\u00e1k az \u00e9lm\u00e9nyt (gyan\u00fa \u00e9s f\u00e9lelem helyett), annak kegy hat\u00e1sa n\u0151. Az Ajapa Dzsapa eset\u00e9ben a keres\u0151 pozit\u00edv hozz\u00e1\u00e1ll\u00e1sa m\u00e9ly \u00f6r\u00f6m \u00e9lm\u00e9ny\u00e9hez vezet. Guru Siyag azt tan\u00e1csolja a tan\u00edtv\u00e1nyoknak, hogy naponta 7-8 alkalommal figyeljenek a k\u00e1nt\u00e1l\u00e1sra. Azt mondja: \u201eHa k\u00f6ny\u00f6rtelen\u00fcl k\u00e1nt\u00e1lj\u00e1tok a mantr\u00e1t, amit \u00e9n adtam, a k\u00e1nt\u00e1l\u00e1s akaratlan lesz. Nem tudj\u00e1tok meg\u00e1ll\u00edtani, m\u00e9g ha pr\u00f3b\u00e1lj\u00e1tok is. \u00dagy \u00e9rzitek, mintha valaki a bels\u0151 l\u00e9nyetekben \u00e1tv\u00e1llalta volna a k\u00e1nt\u00e1l\u00e1s k\u00f6teless\u00e9g\u00e9t, \u00e9s felszabad\u00edtott titeket az er\u0151fesz\u00edt\u00e9st\u0151l. Napk\u00f6zben figyeljetek erre a k\u00e1nt\u00e1l\u00e1sra 7-8 alkalommal. Ennyi el\u00e9g. Nem kell megv\u00e1ltoztatnotok az \u00e9letm\u00f3dotokat vagy \u00e9tkez\u00e9si szok\u00e1saitokat. Semmi sem tiltott. A transzform\u00e1ci\u00f3 mag\u00e1t\u00f3l megt\u00f6rt\u00e9nik.\u201d<\/p>\n","protected":false},"author":2,"featured_media":0,"parent":0,"menu_order":0,"comment_status":"closed","ping_status":"closed","template":"","meta":{"footnotes":""},"class_list":["post-348","page","type-page","status-publish","hentry"],"aioseo_notices":[],"ams_acf":[],"_links":{"self":[{"href":"https:\/\/gurusiyagyoga.org\/hu\/wp-json\/wp\/v2\/pages\/348","targetHints":{"allow":["GET"]}}],"collection":[{"href":"https:\/\/gurusiyagyoga.org\/hu\/wp-json\/wp\/v2\/pages"}],"about":[{"href":"https:\/\/gurusiyagyoga.org\/hu\/wp-json\/wp\/v2\/types\/page"}],"author":[{"embeddable":true,"href":"https:\/\/gurusiyagyoga.org\/hu\/wp-json\/wp\/v2\/users\/2"}],"replies":[{"embeddable":true,"href":"https:\/\/gurusiyagyoga.org\/hu\/wp-json\/wp\/v2\/comments?post=348"}],"version-history":[{"count":2,"href":"https:\/\/gurusiyagyoga.org\/hu\/wp-json\/wp\/v2\/pages\/348\/revisions"}],"predecessor-version":[{"id":389,"href":"https:\/\/gurusiyagyoga.org\/hu\/wp-json\/wp\/v2\/pages\/348\/revisions\/389"}],"wp:attachment":[{"href":"https:\/\/gurusiyagyoga.org\/hu\/wp-json\/wp\/v2\/media?parent=348"}],"curies":[{"name":"wp","href":"https:\/\/api.w.org\/{rel}","templated":true}]}}