{"id":351,"date":"2026-01-28T14:45:30","date_gmt":"2026-01-28T14:45:30","guid":{"rendered":"https:\/\/gurusiyagyoga.org\/hu\/?page_id=351"},"modified":"2026-02-04T10:33:29","modified_gmt":"2026-02-04T10:33:29","slug":"nad","status":"publish","type":"page","link":"https:\/\/gurusiyagyoga.org\/hu\/nad\/","title":{"rendered":"6.6 Anahat Nada"},"content":{"rendered":"<p style=\"font-weight: 400;\">A <strong>Nada<\/strong> h\u00e9tk\u00f6znapi \u00e9rtelemben b\u00e1rmilyen hangot jelent. Akkor keletkezik, amikor egy t\u00e1rgy meg\u00e9rint, \u00fct, rebegtet vagy meg\u00fct egy m\u00e1sikat. A mennyd\u00f6rg\u00e9s az \u00e9gen, a sz\u00e9l suhog\u00e1sa, a madarak csivitel\u00e9se, hangszeres vagy \u00e9nekhangok, g\u00e9pek z\u00fag\u00e1sa \u00e9s sok m\u00e1s term\u00e9szetes vagy ember alkotta hang ebbe a fizikai hang kateg\u00f3ri\u00e1ba tartozik.<\/p>\n<p style=\"font-weight: 400;\">A <strong>Nada<\/strong> kifejez\u00e9snek azonban m\u00e1s, k\u00fcl\u00f6nleges jelent\u00e9se van a j\u00f3gikus irodalomban \u00e9s gyakorlatban. Spiritu\u00e1lis \u00e9rtelemben a <strong>Nada<\/strong> egy meg nem \u00fct\u00f6tt hang \u2013 egy hang, amely nem keletkezett t\u00e1rgyak s\u00farl\u00f3d\u00e1s\u00e1b\u00f3l. Ez egy sz\u00fcnet n\u00e9lk\u00fcli hang, amely az eg\u00e9sz univerzumot \u00e1thatja. Az \u0151si szent\u00edr\u00e1sok, mint a V\u00e9d\u00e1k \u00e9s Upanisadok szerint ebb\u0151l az <strong>Anahata<\/strong> (\u00f6r\u00f6k \/ v\u00e9gtelen) hangb\u00f3l j\u00f6tt l\u00e9tre az eg\u00e9sz univerzum. Val\u00f3j\u00e1ban azt is mondj\u00e1k, hogy a <strong>Nada<\/strong>maga az isteni abszol\u00fat megnyilv\u00e1nul\u00e1sa hang form\u00e1j\u00e1ban, az \u201e<strong>Om<\/strong>\u201d. Ez az isteni hang k\u00f6ti \u00f6ssze a keres\u0151t a tudatoss\u00e1g magasabb s\u00edkjaival.<\/p>\n<p style=\"font-weight: 400;\">Sokan Guru Siyag J\u00f3ga gyakorl\u00f3i k\u00f6z\u00fcl, miut\u00e1n \u00e1t\u00e9lt\u00e9k az <strong>Adzsapa Dzsap\u00e1t<\/strong> (akaratlan k\u00e1nt\u00e1l\u00e1s) szakasz\u00e1t, elkezdenek furcsa, sz\u00fcnet n\u00e9lk\u00fcli hangot hallani az egyik f\u00fcl\u00fckben. Ez a hang b\u00e1rmelyik v\u00e9gtelen v\u00e1ltozat\u00e1ra hasonl\u00edt a term\u00e9szetes vagy ember alkotta hangokra. N\u00e9h\u00e1ny gyakran tapasztalt hang: t\u00fccsk\u00f6k ciripel\u00e9se, dong\u00f3 m\u00e9hek z\u00fag\u00e1sa, fuvola hangjai, v\u00edna (h\u00faros indiai hangszer) penget\u00e9se, harangok kong\u00e1sa, cint\u00e1ny\u00e9rok csend\u00fcl\u00e9se stb. Ezt a hangot, amit a gyakorl\u00f3 hall, <strong>Anahata Nadnak<\/strong> (\u00f6r\u00f6k hang) h\u00edvj\u00e1k. B\u00e1r ez a <strong>Nada<\/strong> hasonl\u00edt a fizikai vil\u00e1gunkban hallott hangokra, val\u00f3j\u00e1ban az a finomabb v\u00e1ltozata az isteni hangnak, amit Gurudev mantr\u00e1ja k\u00e9pvisel (a <strong>Vaikhari Vani<\/strong> vagy artikul\u00e1lt sz\u00f3 az isteni hangenergia legdurv\u00e1bb form\u00e1ja). Teh\u00e1t a gyakorl\u00f3 val\u00f3j\u00e1ban tudatoss\u00e1 v\u00e1lik (vagy \u00e9rz\u00e9keli) a <strong>Nad\u00e1t<\/strong>, nem hallja sz\u00f3 szerint. Mivel a <strong>Nada<\/strong> Gurudev mantr\u00e1j\u00e1nak finomabb form\u00e1ja, \u00e9s a keres\u0151 t\u00f6rekv\u00e9se mindig a tudatoss\u00e1g finomabb s\u00edkjai fel\u00e9 haladni, a gyakorl\u00f3nak meg kell \u00e1ll\u00edtania a k\u00e1nt\u00e1l\u00e1st, amint az <strong>Anahata Nada<\/strong> elkezd\u0151dik. Miel\u0151tt abbahagyn\u00e1 a k\u00e1nt\u00e1l\u00e1st, fontos biztos\u00edtani, hogy a <strong>Nada<\/strong> val\u00f3ban sz\u00fcnet n\u00e9lk\u00fcl hallhat\u00f3 legyen, \u00e9s ne r\u00f6vid \u00e9lm\u00e9nyr\u0151l legyen sz\u00f3. Figyelmesen hallgassa a hangot n\u00e9h\u00e1ny napig. Ha a hang intenzit\u00e1sa n\u0151, \u00e9s zajos k\u00f6rnyezetben is hallhat\u00f3, akkor tudja, hogy ez az <strong>Anahata Nada<\/strong>.<\/p>\n<p style=\"font-weight: 400;\">Gurudev azt tan\u00e1csolja a tan\u00edtv\u00e1nyoknak, hogy figyelmesen hallgass\u00e1k ezt a <strong>Nad\u00e1t<\/strong> min\u00e9l t\u00f6bbet. Ha hossz\u00fa ideig koncentr\u00e1ltan hallgatja a <strong>Nad\u00e1t<\/strong>, a gyakorl\u00f3 ingadoz\u00f3 elm\u00e9je hangol\u00f3dik az isteni hangra, \u00e9s v\u00e9g\u00fcl eggy\u00e9 v\u00e1lik vele. Medit\u00e1ci\u00f3 alatt az emberi test m\u00e9diumk\u00e9nt m\u0171k\u00f6dik a finom s\u00edkokb\u00f3l sz\u00e1rmaz\u00f3 rezg\u00e9sek fogad\u00e1s\u00e1ra \u00e9s \u00e1t\u00e9l\u00e9s\u00e9re, amelyek messze t\u00fal vannak a fizikai vil\u00e1gunkon. Ez\u00e9rt a keres\u0151 f\u00fcl\u00e9ben hallott <strong>Nada<\/strong> nem fizikai hang, hanem finom hang, amely eredeti isteni forr\u00e1s\u00e1b\u00f3l \u00e1rad.<\/p>\n<p style=\"font-weight: 400;\">A <strong>Nada<\/strong> jelent\u0151s\u00e9g\u00e9t l\u00e1thatjuk Gurudev vil\u00e1gos magyar\u00e1zat\u00e1ban arr\u00f3l, hogyan kapcsol\u00f3dik egy\u00e9ni spiritu\u00e1lis evol\u00faci\u00f3nk az isteni leereszked\u00e9s\u00e9hez az anyagba, amikor az univerzum az \u201e<strong>Om<\/strong>\u201d, a meg nem \u00fct\u00f6tt hang r\u00e9v\u00e9n l\u00e9trej\u00f6tt. A fizikai univerzum l\u00e9trehoz\u00e1sa \u00f6t szekvenci\u00e1lis szakaszban t\u00f6rt\u00e9nt, amikor az <strong>Om<\/strong>, maga az isteni, az <strong>Akas<\/strong>b\u00f3l (\u00e9g \/ \u00e9ter), a legmagasabb s\u00edkb\u00f3l, a <strong>Vaju<\/strong>n (sz\u00e9l), <strong>Agni<\/strong>n (t\u0171z) \u00e9s <strong>Dzal<\/strong>on (v\u00edz) kereszt\u00fcl ereszkedett le a <strong>Prithvi<\/strong>re (f\u00f6ld). Mind az \u00f6t leereszked\u0151 elem durv\u00e1bb form\u00e1ja volt az isteninek, mint az el\u0151z\u0151. A <strong>Prithvi<\/strong> a legdurv\u00e1bb anyagforma, ahol az isteni letelepszik \u00e9s sz\u00e1mtalan form\u00e1t \u00f6lt \u2013 az embert\u0151l a legkisebb rovarokig \u00e9s cs\u00edr\u00e1kig.<\/p>\n<p style=\"font-weight: 400;\">Minden term\u00e9szetes elem m\u00f6g\u00f6tt van egy finom elem, a <strong>Tanmatra<\/strong>. Ezek a <strong>Tanmattr\u00e1k<\/strong>adj\u00e1k nek\u00fcnk az \u00f6t fizikai \u00e9rz\u00e9kszerv\u00fcnket. \u00cdgy az \u00e9gnek a <strong>Shabd<\/strong> (besz\u00e9d), az isteni sz\u00f3 vagy hang a finom eleme; a sz\u00e9lnek a <strong>Sparsh<\/strong> (tapint\u00e1s); a t\u0171znek a l\u00e1t\u00e1s; a v\u00edznek a <strong>Svad<\/strong>(\u00edz) \u00e9s a f\u00f6ldnek a <strong>Gandh<\/strong> (szag). Ezek a fizikai \u00e9rz\u00e9kek a materi\u00e1lis s\u00edkhoz k\u00f6tnek minket, emiatt elfelejtj\u00fck igazi isteni \u00f6nval\u00f3nkat, \u00e9s belemer\u00fcl\u00fcnk az \u00f6r\u00f6m\u00f6k \u00e9s szomor\u00fas\u00e1gok ill\u00fazi\u00f3j\u00e1ba.<\/p>\n<p style=\"font-weight: 400;\">Kijuthatunk ebb\u0151l a csapd\u00e1b\u00f3l, mondja Gurudev, az isteni leereszked\u00e9s anyagba ford\u00edtott folyamat\u00e1val. Amikor mantramedit\u00e1ci\u00f3t v\u00e9gz\u00fcnk, \u00e9bred\u0151 Kundalinink seg\u00edt a tudatoss\u00e1g emelked\u00e9s\u00e9ben minden elem \u00e9s fizikai \u00e9rz\u00e9k megh\u00f3d\u00edt\u00e1s\u00e1val, \u00e9s v\u00e9g\u00fcl el\u00e9rj\u00fck a spiritu\u00e1lis evol\u00faci\u00f3 cs\u00facs\u00e1t a <strong>Szahasr\u00e1r\u00e1ban<\/strong>. A <strong>Nada<\/strong> teh\u00e1t az a isteni hang, ahonnan leereszkedt\u00fcnk, \u00e9s ehhez a isteni hanghoz t\u00e9r\u00fcnk vissza, eredeti otthonunkba.<\/p>\n","protected":false},"excerpt":{"rendered":"<p>A Nada h\u00e9tk\u00f6znapi \u00e9rtelemben b\u00e1rmilyen hangot jelent. Akkor keletkezik, amikor egy t\u00e1rgy meg\u00e9rint, \u00fct, rebegtet vagy meg\u00fct egy m\u00e1sikat. A mennyd\u00f6rg\u00e9s az \u00e9gen, a sz\u00e9l suhog\u00e1sa, a madarak csivitel\u00e9se, hangszeres vagy \u00e9nekhangok, g\u00e9pek z\u00fag\u00e1sa \u00e9s sok m\u00e1s term\u00e9szetes vagy ember alkotta hang ebbe a fizikai hang kateg\u00f3ri\u00e1ba tartozik. A Nada kifejez\u00e9snek azonban m\u00e1s, k\u00fcl\u00f6nleges jelent\u00e9se van a j\u00f3gikus irodalomban \u00e9s gyakorlatban. Spiritu\u00e1lis \u00e9rtelemben a Nada egy meg nem \u00fct\u00f6tt hang \u2013 egy hang, amely nem keletkezett t\u00e1rgyak s\u00farl\u00f3d\u00e1s\u00e1b\u00f3l. Ez egy sz\u00fcnet n\u00e9lk\u00fcli hang, amely az eg\u00e9sz univerzumot \u00e1thatja. Az \u0151si szent\u00edr\u00e1sok, mint a V\u00e9d\u00e1k \u00e9s Upanisadok szerint ebb\u0151l az Anahata (\u00f6r\u00f6k \/ v\u00e9gtelen) hangb\u00f3l j\u00f6tt l\u00e9tre az eg\u00e9sz univerzum. Val\u00f3j\u00e1ban azt is mondj\u00e1k, hogy a Nadamaga az isteni abszol\u00fat megnyilv\u00e1nul\u00e1sa hang form\u00e1j\u00e1ban, az \u201eOm\u201d. Ez az isteni hang k\u00f6ti \u00f6ssze a keres\u0151t a tudatoss\u00e1g magasabb s\u00edkjaival. Sokan Guru Siyag J\u00f3ga gyakorl\u00f3i k\u00f6z\u00fcl, miut\u00e1n \u00e1t\u00e9lt\u00e9k az Adzsapa Dzsap\u00e1t (akaratlan k\u00e1nt\u00e1l\u00e1s) szakasz\u00e1t, elkezdenek furcsa, sz\u00fcnet n\u00e9lk\u00fcli hangot hallani az egyik f\u00fcl\u00fckben. Ez a hang b\u00e1rmelyik v\u00e9gtelen v\u00e1ltozat\u00e1ra hasonl\u00edt a term\u00e9szetes vagy ember alkotta hangokra. N\u00e9h\u00e1ny gyakran tapasztalt hang: t\u00fccsk\u00f6k ciripel\u00e9se, dong\u00f3 m\u00e9hek z\u00fag\u00e1sa, fuvola hangjai, v\u00edna (h\u00faros indiai hangszer) penget\u00e9se, harangok kong\u00e1sa, cint\u00e1ny\u00e9rok csend\u00fcl\u00e9se stb. Ezt a hangot, amit a gyakorl\u00f3 hall, Anahata Nadnak (\u00f6r\u00f6k hang) h\u00edvj\u00e1k. B\u00e1r ez a Nada hasonl\u00edt a fizikai vil\u00e1gunkban hallott hangokra, val\u00f3j\u00e1ban az a finomabb v\u00e1ltozata az isteni hangnak, amit Gurudev mantr\u00e1ja k\u00e9pvisel (a Vaikhari Vani vagy artikul\u00e1lt sz\u00f3 az isteni hangenergia legdurv\u00e1bb form\u00e1ja). Teh\u00e1t a gyakorl\u00f3 val\u00f3j\u00e1ban tudatoss\u00e1 v\u00e1lik (vagy \u00e9rz\u00e9keli) a Nad\u00e1t, nem hallja sz\u00f3 szerint. Mivel a Nada Gurudev mantr\u00e1j\u00e1nak finomabb form\u00e1ja, \u00e9s a keres\u0151 t\u00f6rekv\u00e9se mindig a tudatoss\u00e1g finomabb s\u00edkjai fel\u00e9 haladni, a gyakorl\u00f3nak meg kell \u00e1ll\u00edtania a k\u00e1nt\u00e1l\u00e1st, amint az Anahata Nada elkezd\u0151dik. Miel\u0151tt abbahagyn\u00e1 a k\u00e1nt\u00e1l\u00e1st, fontos biztos\u00edtani, hogy a Nada val\u00f3ban sz\u00fcnet n\u00e9lk\u00fcl hallhat\u00f3 legyen, \u00e9s ne r\u00f6vid \u00e9lm\u00e9nyr\u0151l legyen sz\u00f3. Figyelmesen hallgassa a hangot n\u00e9h\u00e1ny napig. Ha a hang intenzit\u00e1sa n\u0151, \u00e9s zajos k\u00f6rnyezetben is hallhat\u00f3, akkor tudja, hogy ez az Anahata Nada. Gurudev azt tan\u00e1csolja a tan\u00edtv\u00e1nyoknak, hogy figyelmesen hallgass\u00e1k ezt a Nad\u00e1t min\u00e9l t\u00f6bbet. Ha hossz\u00fa ideig koncentr\u00e1ltan hallgatja a Nad\u00e1t, a gyakorl\u00f3 ingadoz\u00f3 elm\u00e9je hangol\u00f3dik az isteni hangra, \u00e9s v\u00e9g\u00fcl eggy\u00e9 v\u00e1lik vele. Medit\u00e1ci\u00f3 alatt az emberi test m\u00e9diumk\u00e9nt m\u0171k\u00f6dik a finom s\u00edkokb\u00f3l sz\u00e1rmaz\u00f3 rezg\u00e9sek fogad\u00e1s\u00e1ra \u00e9s \u00e1t\u00e9l\u00e9s\u00e9re, amelyek messze t\u00fal vannak a fizikai vil\u00e1gunkon. Ez\u00e9rt a keres\u0151 f\u00fcl\u00e9ben hallott Nada nem fizikai hang, hanem finom hang, amely eredeti isteni forr\u00e1s\u00e1b\u00f3l \u00e1rad. A Nada jelent\u0151s\u00e9g\u00e9t l\u00e1thatjuk Gurudev vil\u00e1gos magyar\u00e1zat\u00e1ban arr\u00f3l, hogyan kapcsol\u00f3dik egy\u00e9ni spiritu\u00e1lis evol\u00faci\u00f3nk az isteni leereszked\u00e9s\u00e9hez az anyagba, amikor az univerzum az \u201eOm\u201d, a meg nem \u00fct\u00f6tt hang r\u00e9v\u00e9n l\u00e9trej\u00f6tt. A fizikai univerzum l\u00e9trehoz\u00e1sa \u00f6t szekvenci\u00e1lis szakaszban t\u00f6rt\u00e9nt, amikor az Om, maga az isteni, az Akasb\u00f3l (\u00e9g \/ \u00e9ter), a legmagasabb s\u00edkb\u00f3l, a Vajun (sz\u00e9l), Agnin (t\u0171z) \u00e9s Dzalon (v\u00edz) kereszt\u00fcl ereszkedett le a Prithvire (f\u00f6ld). Mind az \u00f6t leereszked\u0151 elem durv\u00e1bb form\u00e1ja volt az isteninek, mint az el\u0151z\u0151. A Prithvi a legdurv\u00e1bb anyagforma, ahol az isteni letelepszik \u00e9s sz\u00e1mtalan form\u00e1t \u00f6lt \u2013 az embert\u0151l a legkisebb rovarokig \u00e9s cs\u00edr\u00e1kig. Minden term\u00e9szetes elem m\u00f6g\u00f6tt van egy finom elem, a Tanmatra. Ezek a Tanmattr\u00e1kadj\u00e1k nek\u00fcnk az \u00f6t fizikai \u00e9rz\u00e9kszerv\u00fcnket. \u00cdgy az \u00e9gnek a Shabd (besz\u00e9d), az isteni sz\u00f3 vagy hang a finom eleme; a sz\u00e9lnek a Sparsh (tapint\u00e1s); a t\u0171znek a l\u00e1t\u00e1s; a v\u00edznek a Svad(\u00edz) \u00e9s a f\u00f6ldnek a Gandh (szag). Ezek a fizikai \u00e9rz\u00e9kek a materi\u00e1lis s\u00edkhoz k\u00f6tnek minket, emiatt elfelejtj\u00fck igazi isteni \u00f6nval\u00f3nkat, \u00e9s belemer\u00fcl\u00fcnk az \u00f6r\u00f6m\u00f6k \u00e9s szomor\u00fas\u00e1gok ill\u00fazi\u00f3j\u00e1ba. Kijuthatunk ebb\u0151l a csapd\u00e1b\u00f3l, mondja Gurudev, az isteni leereszked\u00e9s anyagba ford\u00edtott folyamat\u00e1val. Amikor mantramedit\u00e1ci\u00f3t v\u00e9gz\u00fcnk, \u00e9bred\u0151 Kundalinink seg\u00edt a tudatoss\u00e1g emelked\u00e9s\u00e9ben minden elem \u00e9s fizikai \u00e9rz\u00e9k megh\u00f3d\u00edt\u00e1s\u00e1val, \u00e9s v\u00e9g\u00fcl el\u00e9rj\u00fck a spiritu\u00e1lis evol\u00faci\u00f3 cs\u00facs\u00e1t a Szahasr\u00e1r\u00e1ban. A Nada teh\u00e1t az a isteni hang, ahonnan leereszkedt\u00fcnk, \u00e9s ehhez a isteni hanghoz t\u00e9r\u00fcnk vissza, eredeti otthonunkba.<\/p>\n","protected":false},"author":2,"featured_media":0,"parent":0,"menu_order":0,"comment_status":"closed","ping_status":"closed","template":"","meta":{"footnotes":""},"class_list":["post-351","page","type-page","status-publish","hentry"],"aioseo_notices":[],"ams_acf":[],"_links":{"self":[{"href":"https:\/\/gurusiyagyoga.org\/hu\/wp-json\/wp\/v2\/pages\/351","targetHints":{"allow":["GET"]}}],"collection":[{"href":"https:\/\/gurusiyagyoga.org\/hu\/wp-json\/wp\/v2\/pages"}],"about":[{"href":"https:\/\/gurusiyagyoga.org\/hu\/wp-json\/wp\/v2\/types\/page"}],"author":[{"embeddable":true,"href":"https:\/\/gurusiyagyoga.org\/hu\/wp-json\/wp\/v2\/users\/2"}],"replies":[{"embeddable":true,"href":"https:\/\/gurusiyagyoga.org\/hu\/wp-json\/wp\/v2\/comments?post=351"}],"version-history":[{"count":2,"href":"https:\/\/gurusiyagyoga.org\/hu\/wp-json\/wp\/v2\/pages\/351\/revisions"}],"predecessor-version":[{"id":390,"href":"https:\/\/gurusiyagyoga.org\/hu\/wp-json\/wp\/v2\/pages\/351\/revisions\/390"}],"wp:attachment":[{"href":"https:\/\/gurusiyagyoga.org\/hu\/wp-json\/wp\/v2\/media?parent=351"}],"curies":[{"name":"wp","href":"https:\/\/api.w.org\/{rel}","templated":true}]}}