{"id":356,"date":"2026-01-28T14:49:32","date_gmt":"2026-01-28T14:49:32","guid":{"rendered":"https:\/\/gurusiyagyoga.org\/hu\/?page_id=356"},"modified":"2026-02-04T10:34:58","modified_gmt":"2026-02-04T10:34:58","slug":"khechri","status":"publish","type":"page","link":"https:\/\/gurusiyagyoga.org\/hu\/khechri\/","title":{"rendered":"6.8 Khechari Mudra"},"content":{"rendered":"<p style=\"font-weight: 400;\">Saj\u00e1t szavaival Gurudev le\u00edrja a Khecari Mudr\u00e1t, annak jelent\u00e9s\u00e9t \u00e9s a mantrak\u00e1nt\u00e1l\u00e1s fontoss\u00e1g\u00e1t. Ha Gurudev szava inspir\u00e1l, oszd meg ezt a bejegyz\u00e9st; k\u00e9rlek, ne m\u00e1sold be. Ha megosztod a bejegyz\u00e9st, t\u00f6bben csatlakoznak az oldalunkhoz itt:<\/p>\n<p style=\"font-weight: 400;\">\u201eEgyfajta mudra (spiritu\u00e1lis gesztus), amit a gyakorl\u00f3k \u00e1t\u00e9lnek, a <strong>Khecari Mudra<\/strong>. Ebben a mudr\u00e1ban a nyelv h\u00e1trah\u00faz\u00f3dik a sz\u00e1jpadl\u00e1s fel\u00e9, \u00e9s meg\u00e9rinti ott egy pontot. Amikor meg\u00e9rinti ezt a pontot, nekt\u00e1r szer\u0171 anyag v\u00e1lik ki.<\/p>\n<p style=\"font-weight: 400;\">Goraksnathdzsi (\u0151si Nath J\u00f3gi) ezt az anyagot <strong>Amrit<\/strong>-nek (nekt\u00e1r \/ \u00e9let elix\u00edrje) nevezte. K\u00f6lt\u0151i form\u00e1ban a Khecari Mudr\u00e1t \u00fagy \u00edrta le, mint egy felford\u00edtott kutat a mennyei g\u00f6mbben, amely nekt\u00e1rt v\u00e1laszt ki. Aki tudatos, sz\u00edv\u00e9b\u0151l iszik, aki nem, szomjas marad. Aki megk\u00f3stolja ezt az Amritet, megkapja a tud\u00e1st, hogy halhatatlan. \u00c9s ha Amrit, a \u00fajj\u00e1sz\u00fclet\u00e9s k\u00e9rd\u00e9se nem mer\u00fcl fel.<\/p>\n<p style=\"font-weight: 400;\">Szent Kabir az emberi testet agyag ed\u00e9nyhez hasonl\u00edtotta, amely v\u00edzzel van tele. Ez az ed\u00e9ny v\u00edzbe van mer\u00edtve. Teh\u00e1t v\u00edz van az ed\u00e9nyben \u00e9s k\u00edv\u00fcl is. Az agyaged\u00e9ny agyaga fokozatosan felold\u00f3dik, \u00e9s hamarosan az ed\u00e9ny teljesen sz\u00e9tesik. Ahogy az ed\u00e9ny sz\u00e9tesik, a v\u00edz az ed\u00e9nyben \u00e9s k\u00edv\u00fcl egybefolyik. Ez az \u201eegys\u00e9g\u201d felismer\u00e9se csak a Guru kegy\u00e9vel t\u00f6rt\u00e9nik. Ez a test, amit annyira \u00e9rt\u00e9kelsz, nem m\u00e1s, mint egy ed\u00e9ny, amely egy id\u0151 ut\u00e1n sz\u00e9tesik. Ha meg akarsz szabadulni az \u00e9let \u00e9s hal\u00e1l ciklus\u00e1b\u00f3l, folyamatosan k\u00e1nt\u00e1ld a mantr\u00e1t.<\/p>\n<p style=\"font-weight: 400;\">Azt is mondj\u00e1k: \u201eKali Jug\u00e1ban (Hamis\u00e1g Kor\u00e1ban) csak az Isten nev\u00e9t k\u00e1nt\u00e1lni vezet a Moksa (felszabadul\u00e1s) fel\u00e9.\u201d Guru Nanak azt mondta, hogy a drogok m\u00e1mora m\u00e1snap elm\u00falik, de a k\u00e1nt\u00e1l\u00e1s m\u00e1mora nem. Szent Kabir is azt mondta, hogy a k\u00e1nt\u00e1l\u00e1s m\u00e1mora nem m\u00falik el. Ehelyett a m\u00e1moros \u00f6r\u00f6m napr\u00f3l napra n\u0151. A mantr\u00e1t, amit \u00e9n adtam nektek, m\u00e1moros \u00f6r\u00f6met fog adni. Ez drog n\u00e9lk\u00fcli m\u00e1mor.\u201d<\/p>\n","protected":false},"excerpt":{"rendered":"<p>Saj\u00e1t szavaival Gurudev le\u00edrja a Khecari Mudr\u00e1t, annak jelent\u00e9s\u00e9t \u00e9s a mantrak\u00e1nt\u00e1l\u00e1s fontoss\u00e1g\u00e1t. Ha Gurudev szava inspir\u00e1l, oszd meg ezt a bejegyz\u00e9st; k\u00e9rlek, ne m\u00e1sold be. Ha megosztod a bejegyz\u00e9st, t\u00f6bben csatlakoznak az oldalunkhoz itt: \u201eEgyfajta mudra (spiritu\u00e1lis gesztus), amit a gyakorl\u00f3k \u00e1t\u00e9lnek, a Khecari Mudra. Ebben a mudr\u00e1ban a nyelv h\u00e1trah\u00faz\u00f3dik a sz\u00e1jpadl\u00e1s fel\u00e9, \u00e9s meg\u00e9rinti ott egy pontot. Amikor meg\u00e9rinti ezt a pontot, nekt\u00e1r szer\u0171 anyag v\u00e1lik ki. Goraksnathdzsi (\u0151si Nath J\u00f3gi) ezt az anyagot Amrit-nek (nekt\u00e1r \/ \u00e9let elix\u00edrje) nevezte. K\u00f6lt\u0151i form\u00e1ban a Khecari Mudr\u00e1t \u00fagy \u00edrta le, mint egy felford\u00edtott kutat a mennyei g\u00f6mbben, amely nekt\u00e1rt v\u00e1laszt ki. Aki tudatos, sz\u00edv\u00e9b\u0151l iszik, aki nem, szomjas marad. Aki megk\u00f3stolja ezt az Amritet, megkapja a tud\u00e1st, hogy halhatatlan. \u00c9s ha Amrit, a \u00fajj\u00e1sz\u00fclet\u00e9s k\u00e9rd\u00e9se nem mer\u00fcl fel. Szent Kabir az emberi testet agyag ed\u00e9nyhez hasonl\u00edtotta, amely v\u00edzzel van tele. Ez az ed\u00e9ny v\u00edzbe van mer\u00edtve. Teh\u00e1t v\u00edz van az ed\u00e9nyben \u00e9s k\u00edv\u00fcl is. Az agyaged\u00e9ny agyaga fokozatosan felold\u00f3dik, \u00e9s hamarosan az ed\u00e9ny teljesen sz\u00e9tesik. Ahogy az ed\u00e9ny sz\u00e9tesik, a v\u00edz az ed\u00e9nyben \u00e9s k\u00edv\u00fcl egybefolyik. Ez az \u201eegys\u00e9g\u201d felismer\u00e9se csak a Guru kegy\u00e9vel t\u00f6rt\u00e9nik. Ez a test, amit annyira \u00e9rt\u00e9kelsz, nem m\u00e1s, mint egy ed\u00e9ny, amely egy id\u0151 ut\u00e1n sz\u00e9tesik. Ha meg akarsz szabadulni az \u00e9let \u00e9s hal\u00e1l ciklus\u00e1b\u00f3l, folyamatosan k\u00e1nt\u00e1ld a mantr\u00e1t. Azt is mondj\u00e1k: \u201eKali Jug\u00e1ban (Hamis\u00e1g Kor\u00e1ban) csak az Isten nev\u00e9t k\u00e1nt\u00e1lni vezet a Moksa (felszabadul\u00e1s) fel\u00e9.\u201d Guru Nanak azt mondta, hogy a drogok m\u00e1mora m\u00e1snap elm\u00falik, de a k\u00e1nt\u00e1l\u00e1s m\u00e1mora nem. Szent Kabir is azt mondta, hogy a k\u00e1nt\u00e1l\u00e1s m\u00e1mora nem m\u00falik el. Ehelyett a m\u00e1moros \u00f6r\u00f6m napr\u00f3l napra n\u0151. A mantr\u00e1t, amit \u00e9n adtam nektek, m\u00e1moros \u00f6r\u00f6met fog adni. Ez drog n\u00e9lk\u00fcli m\u00e1mor.\u201d<\/p>\n","protected":false},"author":2,"featured_media":0,"parent":0,"menu_order":0,"comment_status":"closed","ping_status":"closed","template":"","meta":{"footnotes":""},"class_list":["post-356","page","type-page","status-publish","hentry"],"aioseo_notices":[],"ams_acf":[],"_links":{"self":[{"href":"https:\/\/gurusiyagyoga.org\/hu\/wp-json\/wp\/v2\/pages\/356","targetHints":{"allow":["GET"]}}],"collection":[{"href":"https:\/\/gurusiyagyoga.org\/hu\/wp-json\/wp\/v2\/pages"}],"about":[{"href":"https:\/\/gurusiyagyoga.org\/hu\/wp-json\/wp\/v2\/types\/page"}],"author":[{"embeddable":true,"href":"https:\/\/gurusiyagyoga.org\/hu\/wp-json\/wp\/v2\/users\/2"}],"replies":[{"embeddable":true,"href":"https:\/\/gurusiyagyoga.org\/hu\/wp-json\/wp\/v2\/comments?post=356"}],"version-history":[{"count":2,"href":"https:\/\/gurusiyagyoga.org\/hu\/wp-json\/wp\/v2\/pages\/356\/revisions"}],"predecessor-version":[{"id":392,"href":"https:\/\/gurusiyagyoga.org\/hu\/wp-json\/wp\/v2\/pages\/356\/revisions\/392"}],"wp:attachment":[{"href":"https:\/\/gurusiyagyoga.org\/hu\/wp-json\/wp\/v2\/media?parent=356"}],"curies":[{"name":"wp","href":"https:\/\/api.w.org\/{rel}","templated":true}]}}