{"id":362,"date":"2026-01-28T14:51:04","date_gmt":"2026-01-28T14:51:04","guid":{"rendered":"https:\/\/gurusiyagyoga.org\/hu\/?page_id=362"},"modified":"2026-02-04T10:36:05","modified_gmt":"2026-02-04T10:36:05","slug":"sanatan","status":"publish","type":"page","link":"https:\/\/gurusiyagyoga.org\/hu\/sanatan\/","title":{"rendered":"6.10 Sanatan Oldal"},"content":{"rendered":"<p style=\"font-weight: 400;\"><strong>\u00bfMi a hindu dharma?<\/strong><\/p>\n<p style=\"font-weight: 400;\">Kivonat Guru Siyag 2000-ben tartott besz\u00e9d\u00e9b\u0151l a hinduizmust\u00f3l:<\/p>\n<p style=\"font-weight: 400;\">\u201eMi a hindu dharma? Ha valaki ezt a k\u00e9rd\u00e9st tenn\u00e9 fel nek\u00fcnk, egyszer\u0171en azt mondan\u00e1nk, hinduk vagyunk. De nem tudn\u00e1nk elmagyar\u00e1zni, mit jelent igaz\u00e1n hindunak lenni. Hindunak lenni azt jelenti: teljesen kifejlett ember lenni. Tudom; ma ez nem \u00edgy van. De ezt jelenti vall\u00e1si filoz\u00f3fi\u00e1nk szerint az, aki a hindu hitet k\u00f6veti. Ez az Advaita (nem-kett\u0151ss\u00e9g) filoz\u00f3fia, amit csak mi adtunk a vil\u00e1gnak. Minden m\u00e1s vall\u00e1s a kett\u0151ss\u00e9gen alapul, ami azt jelenti, hogy Isten \u00e9s ember k\u00e9t k\u00fcl\u00f6n\u00e1ll\u00f3 entit\u00e1s. Azt mondj\u00e1k, hogy az embernek lehetetlen k\u00f6zvetlen\u00fcl megtapasztalni \u00e9s felismerni Istent. De a hindu filoz\u00f3fia v\u00e9gs\u0151 c\u00e9lja \u00e9ppen Isten k\u00f6zvetlen megtapasztal\u00e1sa \u00e9s felismer\u00e9se. Isten felismer\u00e9se n\u00e9lk\u00fcl az emberi \u00e9let nem lehet teljes.<br \/>\nA k\u00e9rd\u00e9s az: \u00bfha az Advaita filoz\u00f3fia lehet\u0151s\u00e9get ad az ember teljes evol\u00faci\u00f3j\u00e1ra, mi lehet a folyamat vagy m\u00f3dszer annak gyakorlati megval\u00f3s\u00edt\u00e1s\u00e1ra? Csak a hindu vall\u00e1s \u00edrja le ezt a folyamatot. Azt mondja, hogy az ember k\u00e9tszer sz\u00fcletik ugyanabban az \u00e9letben. Az ember biol\u00f3giai sz\u00fclet\u00e9se sz\u00fclei \u00e1ltal az els\u0151, fizikai sz\u00fclet\u00e9s. Amikor tal\u00e1lkozik egy Guruval, \u00e9s beavat\u00e1st kap t\u0151le a spiritu\u00e1lis \u00e9letbe, az az ember m\u00e1sodik, spiritu\u00e1lis sz\u00fclet\u00e9se. (A Guru ir\u00e1ny\u00edt\u00e1s\u00e1val v\u00e9gzett spiritu\u00e1lis gyakorlat jelzi a nem-kett\u0151ss\u00e9g elv\u00e9nek gyakorlati megtapasztal\u00e1s\u00e1nak folyamat\u00e1t). Amikor valaki megkapja a Siddha J\u00f3ga Diksa-t \u00e9s k\u00f6veti a spiritu\u00e1lis utat, a tan\u00edtv\u00e1ny v\u00e9g\u00fcl el\u00e9ri az Atma-Sakshatkar-t \u2013 az \u00f6nmegval\u00f3s\u00edt\u00e1st. A tan\u00edtv\u00e1ny ekkor felismeri val\u00f3di \u00e9nj\u00e9t (\u00fagy, ahogy az anyagias egy\u00e9ni \u00e9nt\u0151l megk\u00fcl\u00f6nb\u00f6ztetetten \u00e9rz\u00e9keli mag\u00e1t).<\/p>\n<p style=\"font-weight: 400;\">Ma a filoz\u00f3fiai \u00f6nmegval\u00f3s\u00edt\u00e1s k\u00f6nyves tud\u00e1sa szinte mindannyiunkat arra \u00f6szt\u00f6n\u00f6z, hogy Gurut keress\u00fcnk a nem-kett\u0151ss\u00e9g elv\u00e9nek gyakorlati megtapasztal\u00e1s\u00e1ra. Azonban nem \u00e9szlelj\u00fck k\u00fcl\u00f6nbs\u00e9get ment\u00e1lis fel\u00e9p\u00edt\u00e9s\u00fcnkben, viselked\u00e9s\u00fcnkben \u00e9s mindennapi \u00e9letm\u00f3dunkban azel\u0151tt, hogy Gurut\u00f3l kaptunk volna beavat\u00e1st, \u00e9s azut\u00e1n, hogy elkezdt\u00fck a spiritu\u00e1lis \u00e9letet.<\/p>\n<p style=\"font-weight: 400;\">Ez azonban nem azt jelenti, hogy a hindu fogalom \u2013 miszerint az ember k\u00e9tszer sz\u00fcletik ugyanabban az \u00e9letben \u2013 valaki k\u00e9pzelet\u00e9nek sz\u00fclem\u00e9nye. Ez val\u00f3s\u00e1g (ha a Guru val\u00f3ban megvil\u00e1gosodott szem\u00e9ly, aki spiritu\u00e1lis \u00e1talakul\u00e1st hozhat tan\u00edtv\u00e1ny\u00e1ban). A hindu vall\u00e1s val\u00f3ban egyetemes vall\u00e1s az emberis\u00e9g sz\u00e1m\u00e1ra. Tan\u00edtv\u00e1nyaim k\u00fcl\u00f6nb\u00f6z\u0151 etnikumokb\u00f3l, kasztokb\u00f3l, fajokb\u00f3l, vall\u00e1sokb\u00f3l \u00e9s nemzetekb\u0151l sz\u00e1rmaznak. Az embereknek k\u00fcl\u00f6nb\u00f6z\u0151 h\u00e1tter\u00fck lehet, de ugyanaz a fizikai emberi test\u00f6sszet\u00e9tel\u00fck. Teh\u00e1t elt\u00e9r\u0151 h\u00e1tter\u00fck ellen\u00e9re ugyanazt a spiritu\u00e1lis \u00e1talakul\u00e1st \u00e9lik \u00e1t. A hindu filoz\u00f3fia nem hisz a vall\u00e1sv\u00e1lt\u00e1sban vagy hitt\u00e9r\u00edt\u00e9sben. Bels\u0151 v\u00e1ltoz\u00e1sr\u00f3l, \u00e1talakul\u00e1sr\u00f3l besz\u00e9l egy szem\u00e9lyben (nem k\u00fcls\u0151 identit\u00e1sv\u00e1lt\u00e1sr\u00f3l, mint amikor valaki egyik hitt\u0151l a m\u00e1sikhoz t\u00e9r \u00e1t). Azoknak a m\u00e1s vall\u00e1sokb\u00f3l \u00e9rkez\u0151knek, akik hozz\u00e1m j\u00f6nnek, azt mondom: \u2019Ne adj\u00e1tok fel vall\u00e1sotokat, hanem k\u00f6vess\u00e9tek a gyakorlati m\u00f3dszert, amit mutatok, hogy fel\u00e9bressz\u00e9tek bels\u0151 energi\u00e1tokat \u00e9s \u00e1talak\u00edts\u00e1tok \u00e9leteteket.\u2019\u201d<\/p>\n","protected":false},"excerpt":{"rendered":"<p>\u00bfMi a hindu dharma? Kivonat Guru Siyag 2000-ben tartott besz\u00e9d\u00e9b\u0151l a hinduizmust\u00f3l: \u201eMi a hindu dharma? Ha valaki ezt a k\u00e9rd\u00e9st tenn\u00e9 fel nek\u00fcnk, egyszer\u0171en azt mondan\u00e1nk, hinduk vagyunk. De nem tudn\u00e1nk elmagyar\u00e1zni, mit jelent igaz\u00e1n hindunak lenni. Hindunak lenni azt jelenti: teljesen kifejlett ember lenni. Tudom; ma ez nem \u00edgy van. De ezt jelenti vall\u00e1si filoz\u00f3fi\u00e1nk szerint az, aki a hindu hitet k\u00f6veti. Ez az Advaita (nem-kett\u0151ss\u00e9g) filoz\u00f3fia, amit csak mi adtunk a vil\u00e1gnak. Minden m\u00e1s vall\u00e1s a kett\u0151ss\u00e9gen alapul, ami azt jelenti, hogy Isten \u00e9s ember k\u00e9t k\u00fcl\u00f6n\u00e1ll\u00f3 entit\u00e1s. Azt mondj\u00e1k, hogy az embernek lehetetlen k\u00f6zvetlen\u00fcl megtapasztalni \u00e9s felismerni Istent. De a hindu filoz\u00f3fia v\u00e9gs\u0151 c\u00e9lja \u00e9ppen Isten k\u00f6zvetlen megtapasztal\u00e1sa \u00e9s felismer\u00e9se. Isten felismer\u00e9se n\u00e9lk\u00fcl az emberi \u00e9let nem lehet teljes. A k\u00e9rd\u00e9s az: \u00bfha az Advaita filoz\u00f3fia lehet\u0151s\u00e9get ad az ember teljes evol\u00faci\u00f3j\u00e1ra, mi lehet a folyamat vagy m\u00f3dszer annak gyakorlati megval\u00f3s\u00edt\u00e1s\u00e1ra? Csak a hindu vall\u00e1s \u00edrja le ezt a folyamatot. Azt mondja, hogy az ember k\u00e9tszer sz\u00fcletik ugyanabban az \u00e9letben. Az ember biol\u00f3giai sz\u00fclet\u00e9se sz\u00fclei \u00e1ltal az els\u0151, fizikai sz\u00fclet\u00e9s. Amikor tal\u00e1lkozik egy Guruval, \u00e9s beavat\u00e1st kap t\u0151le a spiritu\u00e1lis \u00e9letbe, az az ember m\u00e1sodik, spiritu\u00e1lis sz\u00fclet\u00e9se. (A Guru ir\u00e1ny\u00edt\u00e1s\u00e1val v\u00e9gzett spiritu\u00e1lis gyakorlat jelzi a nem-kett\u0151ss\u00e9g elv\u00e9nek gyakorlati megtapasztal\u00e1s\u00e1nak folyamat\u00e1t). Amikor valaki megkapja a Siddha J\u00f3ga Diksa-t \u00e9s k\u00f6veti a spiritu\u00e1lis utat, a tan\u00edtv\u00e1ny v\u00e9g\u00fcl el\u00e9ri az Atma-Sakshatkar-t \u2013 az \u00f6nmegval\u00f3s\u00edt\u00e1st. A tan\u00edtv\u00e1ny ekkor felismeri val\u00f3di \u00e9nj\u00e9t (\u00fagy, ahogy az anyagias egy\u00e9ni \u00e9nt\u0151l megk\u00fcl\u00f6nb\u00f6ztetetten \u00e9rz\u00e9keli mag\u00e1t). Ma a filoz\u00f3fiai \u00f6nmegval\u00f3s\u00edt\u00e1s k\u00f6nyves tud\u00e1sa szinte mindannyiunkat arra \u00f6szt\u00f6n\u00f6z, hogy Gurut keress\u00fcnk a nem-kett\u0151ss\u00e9g elv\u00e9nek gyakorlati megtapasztal\u00e1s\u00e1ra. Azonban nem \u00e9szlelj\u00fck k\u00fcl\u00f6nbs\u00e9get ment\u00e1lis fel\u00e9p\u00edt\u00e9s\u00fcnkben, viselked\u00e9s\u00fcnkben \u00e9s mindennapi \u00e9letm\u00f3dunkban azel\u0151tt, hogy Gurut\u00f3l kaptunk volna beavat\u00e1st, \u00e9s azut\u00e1n, hogy elkezdt\u00fck a spiritu\u00e1lis \u00e9letet. Ez azonban nem azt jelenti, hogy a hindu fogalom \u2013 miszerint az ember k\u00e9tszer sz\u00fcletik ugyanabban az \u00e9letben \u2013 valaki k\u00e9pzelet\u00e9nek sz\u00fclem\u00e9nye. Ez val\u00f3s\u00e1g (ha a Guru val\u00f3ban megvil\u00e1gosodott szem\u00e9ly, aki spiritu\u00e1lis \u00e1talakul\u00e1st hozhat tan\u00edtv\u00e1ny\u00e1ban). A hindu vall\u00e1s val\u00f3ban egyetemes vall\u00e1s az emberis\u00e9g sz\u00e1m\u00e1ra. Tan\u00edtv\u00e1nyaim k\u00fcl\u00f6nb\u00f6z\u0151 etnikumokb\u00f3l, kasztokb\u00f3l, fajokb\u00f3l, vall\u00e1sokb\u00f3l \u00e9s nemzetekb\u0151l sz\u00e1rmaznak. Az embereknek k\u00fcl\u00f6nb\u00f6z\u0151 h\u00e1tter\u00fck lehet, de ugyanaz a fizikai emberi test\u00f6sszet\u00e9tel\u00fck. Teh\u00e1t elt\u00e9r\u0151 h\u00e1tter\u00fck ellen\u00e9re ugyanazt a spiritu\u00e1lis \u00e1talakul\u00e1st \u00e9lik \u00e1t. A hindu filoz\u00f3fia nem hisz a vall\u00e1sv\u00e1lt\u00e1sban vagy hitt\u00e9r\u00edt\u00e9sben. Bels\u0151 v\u00e1ltoz\u00e1sr\u00f3l, \u00e1talakul\u00e1sr\u00f3l besz\u00e9l egy szem\u00e9lyben (nem k\u00fcls\u0151 identit\u00e1sv\u00e1lt\u00e1sr\u00f3l, mint amikor valaki egyik hitt\u0151l a m\u00e1sikhoz t\u00e9r \u00e1t). Azoknak a m\u00e1s vall\u00e1sokb\u00f3l \u00e9rkez\u0151knek, akik hozz\u00e1m j\u00f6nnek, azt mondom: \u2019Ne adj\u00e1tok fel vall\u00e1sotokat, hanem k\u00f6vess\u00e9tek a gyakorlati m\u00f3dszert, amit mutatok, hogy fel\u00e9bressz\u00e9tek bels\u0151 energi\u00e1tokat \u00e9s \u00e1talak\u00edts\u00e1tok \u00e9leteteket.\u2019\u201d<\/p>\n","protected":false},"author":2,"featured_media":0,"parent":0,"menu_order":0,"comment_status":"closed","ping_status":"closed","template":"","meta":{"footnotes":""},"class_list":["post-362","page","type-page","status-publish","hentry"],"aioseo_notices":[],"ams_acf":[],"_links":{"self":[{"href":"https:\/\/gurusiyagyoga.org\/hu\/wp-json\/wp\/v2\/pages\/362","targetHints":{"allow":["GET"]}}],"collection":[{"href":"https:\/\/gurusiyagyoga.org\/hu\/wp-json\/wp\/v2\/pages"}],"about":[{"href":"https:\/\/gurusiyagyoga.org\/hu\/wp-json\/wp\/v2\/types\/page"}],"author":[{"embeddable":true,"href":"https:\/\/gurusiyagyoga.org\/hu\/wp-json\/wp\/v2\/users\/2"}],"replies":[{"embeddable":true,"href":"https:\/\/gurusiyagyoga.org\/hu\/wp-json\/wp\/v2\/comments?post=362"}],"version-history":[{"count":2,"href":"https:\/\/gurusiyagyoga.org\/hu\/wp-json\/wp\/v2\/pages\/362\/revisions"}],"predecessor-version":[{"id":394,"href":"https:\/\/gurusiyagyoga.org\/hu\/wp-json\/wp\/v2\/pages\/362\/revisions\/394"}],"wp:attachment":[{"href":"https:\/\/gurusiyagyoga.org\/hu\/wp-json\/wp\/v2\/media?parent=362"}],"curies":[{"name":"wp","href":"https:\/\/api.w.org\/{rel}","templated":true}]}}