{"id":366,"date":"2026-01-28T14:52:46","date_gmt":"2026-01-28T14:52:46","guid":{"rendered":"https:\/\/gurusiyagyoga.org\/hu\/?page_id=366"},"modified":"2026-02-04T10:39:10","modified_gmt":"2026-02-04T10:39:10","slug":"empowered","status":"publish","type":"page","link":"https:\/\/gurusiyagyoga.org\/hu\/empowered\/","title":{"rendered":"7.2 Hatalommal Felruh\u00e1zott Guru Siyag"},"content":{"rendered":"<p style=\"font-weight: 400;\">A \u201eSamarth\u201d sz\u00f3 azt jelenti, er\u0151t kapott (vagy k\u00e9pes), a \u201eSatguru\u201d pedig az igazi guru. A \u201eSamarth Satguru\u201d c\u00edm egy isteni er\u0151vel felruh\u00e1zott gurura vonatkozik, aki k\u00e9pes vezeti a beavatott tan\u00edtv\u00e1nyt a spiritu\u00e1lis \u00faton, ami v\u00e9g\u00fcl a Self megval\u00f3s\u00edt\u00e1s\u00e1hoz vezet. Egy ilyen guru a legk\u00f6zvetlenebb \u00e9s legprakticikusabb utat mutatja a Divine megval\u00f3s\u00edt\u00e1s\u00e1hoz, an\u00e9lk\u00fcl, hogy a tan\u00edtv\u00e1nyoknak templomba kellene j\u00e1rniuk, r\u00edtusokban, ritu\u00e1l\u00e9kban r\u00e9szt venni\u00fck vagy \u00e9rtelmetlen vit\u00e1kban \u00e9s pr\u00e9dik\u00e1ci\u00f3kban r\u00e9szt venni\u00fck a spiritualit\u00e1sr\u00f3l \u00e9s Isten megval\u00f3s\u00edt\u00e1s\u00e1r\u00f3l. A Samarth Satguru nem tesz korl\u00e1toz\u00e1sokat a keres\u0151kre. Mint a nap, a Samarth Satguru az eg\u00e9sz univerzumot megvil\u00e1g\u00edtja, nem diszkrimin\u00e1l keres\u0151k k\u00f6z\u00f6tt, nem \u00edt\u00e9li meg \u0151ket m\u00faltjuk, jelenlegi szem\u00e9lyis\u00e9g\u00fck, vall\u00e1suk, nem\u00fck, fajuk, szexu\u00e1lis ir\u00e1nyults\u00e1guk vagy t\u00e1rsadalmi st\u00e1tuszuk alapj\u00e1n. Egy Samarth Satguru, mint Guru Siyag isteni ereje meghaladja az id\u0151 \u00e9s t\u00e9r hat\u00e1rait. B\u00e1rmely szem\u00e9ly a vil\u00e1g b\u00e1rmely pontj\u00e1n megkaphatja Guru Siyag \u00e1ld\u00e1s\u00e1t \u00e9s \u00e1talakul\u00e1st \u00e9lhet meg a Guru Siyag J\u00f3ga (GSY) mantra-medit\u00e1ci\u00f3 \u0151szinte gyakorl\u00e1s\u00e1val.<\/p>\n<p style=\"font-weight: 400;\">A guru nem csup\u00e1n a k\u00fcls\u0151 fizikai l\u00e9ny, akit l\u00e1tunk. \u0150 benn\u00fcnk van mindannyiunkban. Guru Siyag ezt \u00edgy magyar\u00e1zza: \u201eKi a guru? A guru nem csup\u00e1n az egy\u00e9n, akit haland\u00f3 testben l\u00e1tsz. Ez a haland\u00f3 test el fog t\u0171nni egy nap. De a guru (az isteni er\u0151) soha nem hal meg; \u00f6r\u00f6k \u00e9s id\u0151tlen. A guru bel\u00fcl n\u00f6vekszik (a keres\u0151 tudat\u00e1nak bels\u0151 m\u00e9lys\u00e9geiben). J\u00f3ga tudom\u00e1nyunkban az id\u0151nek \u00e9s t\u00e9rnek nincs \u00e9rt\u00e9ke. Te bennem vagy; \u00e9s \u00e9n benned. Valah\u00e1nyszor r\u00e1m gondolsz, megtal\u00e1lsz magadban. Ha a guru igazi, akkor minden\u00fctt jelenval\u00f3 (egyszerre mindenhol jelen van; nem korl\u00e1tozz\u00e1k \u0151t az id\u0151 \u00e9s t\u00e9r hat\u00e1rai).<\/p>\n<p style=\"font-weight: 400;\">\u201eAmikor itt hallgatsz engem, az \u00e9n energi\u00e1mat sz\u00edvod magadba. Az isteni tudatos energi\u00e1m minden pillanatban \u00e1rad a hangomon, szememen \u00e9s minden p\u00f3rusomon kereszt\u00fcl. Ez az energia \u00e1rad addig, am\u00edg ez a test l\u00e9tezik. Ak\u00e1r analfab\u00e9ta vagy, ak\u00e1r t\u00e1vol, ak\u00e1r er\u0151s f\u00e1jdalmaid vannak, ha im\u00e1dkozol hozz\u00e1m:\u00bb K\u00e9rlek, seg\u00edts nekem\u00ab, ez az ima el\u00e9g er\u0151s \u00e9s megfelel\u0151 ahhoz, hogy el\u00e9rjen hozz\u00e1m. Hajlong\u00e1s, k\u00f6ny\u00f6rg\u00e9s vagy aj\u00e1nd\u00e9kok \u2013 ezek nem seg\u00edtenek.\u201d<\/p>\n","protected":false},"excerpt":{"rendered":"<p>A \u201eSamarth\u201d sz\u00f3 azt jelenti, er\u0151t kapott (vagy k\u00e9pes), a \u201eSatguru\u201d pedig az igazi guru. A \u201eSamarth Satguru\u201d c\u00edm egy isteni er\u0151vel felruh\u00e1zott gurura vonatkozik, aki k\u00e9pes vezeti a beavatott tan\u00edtv\u00e1nyt a spiritu\u00e1lis \u00faton, ami v\u00e9g\u00fcl a Self megval\u00f3s\u00edt\u00e1s\u00e1hoz vezet. Egy ilyen guru a legk\u00f6zvetlenebb \u00e9s legprakticikusabb utat mutatja a Divine megval\u00f3s\u00edt\u00e1s\u00e1hoz, an\u00e9lk\u00fcl, hogy a tan\u00edtv\u00e1nyoknak templomba kellene j\u00e1rniuk, r\u00edtusokban, ritu\u00e1l\u00e9kban r\u00e9szt venni\u00fck vagy \u00e9rtelmetlen vit\u00e1kban \u00e9s pr\u00e9dik\u00e1ci\u00f3kban r\u00e9szt venni\u00fck a spiritualit\u00e1sr\u00f3l \u00e9s Isten megval\u00f3s\u00edt\u00e1s\u00e1r\u00f3l. A Samarth Satguru nem tesz korl\u00e1toz\u00e1sokat a keres\u0151kre. Mint a nap, a Samarth Satguru az eg\u00e9sz univerzumot megvil\u00e1g\u00edtja, nem diszkrimin\u00e1l keres\u0151k k\u00f6z\u00f6tt, nem \u00edt\u00e9li meg \u0151ket m\u00faltjuk, jelenlegi szem\u00e9lyis\u00e9g\u00fck, vall\u00e1suk, nem\u00fck, fajuk, szexu\u00e1lis ir\u00e1nyults\u00e1guk vagy t\u00e1rsadalmi st\u00e1tuszuk alapj\u00e1n. Egy Samarth Satguru, mint Guru Siyag isteni ereje meghaladja az id\u0151 \u00e9s t\u00e9r hat\u00e1rait. B\u00e1rmely szem\u00e9ly a vil\u00e1g b\u00e1rmely pontj\u00e1n megkaphatja Guru Siyag \u00e1ld\u00e1s\u00e1t \u00e9s \u00e1talakul\u00e1st \u00e9lhet meg a Guru Siyag J\u00f3ga (GSY) mantra-medit\u00e1ci\u00f3 \u0151szinte gyakorl\u00e1s\u00e1val. A guru nem csup\u00e1n a k\u00fcls\u0151 fizikai l\u00e9ny, akit l\u00e1tunk. \u0150 benn\u00fcnk van mindannyiunkban. Guru Siyag ezt \u00edgy magyar\u00e1zza: \u201eKi a guru? A guru nem csup\u00e1n az egy\u00e9n, akit haland\u00f3 testben l\u00e1tsz. Ez a haland\u00f3 test el fog t\u0171nni egy nap. De a guru (az isteni er\u0151) soha nem hal meg; \u00f6r\u00f6k \u00e9s id\u0151tlen. A guru bel\u00fcl n\u00f6vekszik (a keres\u0151 tudat\u00e1nak bels\u0151 m\u00e9lys\u00e9geiben). J\u00f3ga tudom\u00e1nyunkban az id\u0151nek \u00e9s t\u00e9rnek nincs \u00e9rt\u00e9ke. Te bennem vagy; \u00e9s \u00e9n benned. Valah\u00e1nyszor r\u00e1m gondolsz, megtal\u00e1lsz magadban. Ha a guru igazi, akkor minden\u00fctt jelenval\u00f3 (egyszerre mindenhol jelen van; nem korl\u00e1tozz\u00e1k \u0151t az id\u0151 \u00e9s t\u00e9r hat\u00e1rai). \u201eAmikor itt hallgatsz engem, az \u00e9n energi\u00e1mat sz\u00edvod magadba. Az isteni tudatos energi\u00e1m minden pillanatban \u00e1rad a hangomon, szememen \u00e9s minden p\u00f3rusomon kereszt\u00fcl. Ez az energia \u00e1rad addig, am\u00edg ez a test l\u00e9tezik. Ak\u00e1r analfab\u00e9ta vagy, ak\u00e1r t\u00e1vol, ak\u00e1r er\u0151s f\u00e1jdalmaid vannak, ha im\u00e1dkozol hozz\u00e1m:\u00bb K\u00e9rlek, seg\u00edts nekem\u00ab, ez az ima el\u00e9g er\u0151s \u00e9s megfelel\u0151 ahhoz, hogy el\u00e9rjen hozz\u00e1m. Hajlong\u00e1s, k\u00f6ny\u00f6rg\u00e9s vagy aj\u00e1nd\u00e9kok \u2013 ezek nem seg\u00edtenek.\u201d<\/p>\n","protected":false},"author":2,"featured_media":0,"parent":0,"menu_order":0,"comment_status":"closed","ping_status":"closed","template":"","meta":{"footnotes":""},"class_list":["post-366","page","type-page","status-publish","hentry"],"aioseo_notices":[],"ams_acf":[],"_links":{"self":[{"href":"https:\/\/gurusiyagyoga.org\/hu\/wp-json\/wp\/v2\/pages\/366","targetHints":{"allow":["GET"]}}],"collection":[{"href":"https:\/\/gurusiyagyoga.org\/hu\/wp-json\/wp\/v2\/pages"}],"about":[{"href":"https:\/\/gurusiyagyoga.org\/hu\/wp-json\/wp\/v2\/types\/page"}],"author":[{"embeddable":true,"href":"https:\/\/gurusiyagyoga.org\/hu\/wp-json\/wp\/v2\/users\/2"}],"replies":[{"embeddable":true,"href":"https:\/\/gurusiyagyoga.org\/hu\/wp-json\/wp\/v2\/comments?post=366"}],"version-history":[{"count":2,"href":"https:\/\/gurusiyagyoga.org\/hu\/wp-json\/wp\/v2\/pages\/366\/revisions"}],"predecessor-version":[{"id":396,"href":"https:\/\/gurusiyagyoga.org\/hu\/wp-json\/wp\/v2\/pages\/366\/revisions\/396"}],"wp:attachment":[{"href":"https:\/\/gurusiyagyoga.org\/hu\/wp-json\/wp\/v2\/media?parent=366"}],"curies":[{"name":"wp","href":"https:\/\/api.w.org\/{rel}","templated":true}]}}