{"id":368,"date":"2026-01-28T14:53:33","date_gmt":"2026-01-28T14:53:33","guid":{"rendered":"https:\/\/gurusiyagyoga.org\/hu\/?page_id=368"},"modified":"2026-02-04T10:39:53","modified_gmt":"2026-02-04T10:39:53","slug":"significance","status":"publish","type":"page","link":"https:\/\/gurusiyagyoga.org\/hu\/significance\/","title":{"rendered":"7.3 A Fot\u00f3 \u00c1ltali Medit\u00e1ci\u00f3 Fontoss\u00e1ga"},"content":{"rendered":"<p style=\"font-weight: 400;\">Guru Siyag siddha: spiritu\u00e1lis mester, aki el\u00e9rte mind a Sagun (Isten l\u00e1that\u00f3 form\u00e1ban \u00e9s tulajdons\u00e1gokkal), mind a Nirgun (Isten l\u00e1thatatlan \u00e1llapotban, gun\u00e1k vagy tulajdons\u00e1gok n\u00e9lk\u00fcl) isteni \u00e1llapotot. Gurudev isteni ereje nem korl\u00e1toz\u00f3dik a test\u00e9re. Isteni ereje az univerzum minden pontj\u00e1n jelen van l\u00e1thatatlan, finom form\u00e1ban, \u00edgy a fot\u00f3j\u00e1n val\u00f3 medit\u00e1ci\u00f3 ugyanolyan hat\u00e1s\u00fa, mint a szem\u00e9lyes jelenl\u00e9te. Guru Siyag k\u00e9p\u00e9n val\u00f3 medit\u00e1ci\u00f3 a kegy\u00e9nek megid\u00e9z\u00e9se. Guru Siyag ezt mondja: \u201eA guru gravit\u00e1ci\u00f3s er\u0151. Ez a test nem a guru. Ez a test n\u00e9h\u00e1ny \u00e9ven bel\u00fcl meghal. A guru benned van. A j\u00f3ga tudom\u00e1nya nem \u00e9rt\u00e9keli az id\u0151t \u00e9s teret. \u00c9n benned vagyok, \u00e9s te bennem. Valah\u00e1nyszor \u00e9s valahol r\u00e1m gondolsz, jelen leszek. Ha a guru igazi guru, akkor minden\u00fctt jelenval\u00f3.\u201d<\/p>\n<p style=\"font-weight: 400;\">Miut\u00e1n egy keres\u0151 megkapja a mantra diksa-t Gurudevot\u00f3l szem\u00e9lyesen vagy TV-n, CD-n vagy e-mail vide\u00f3n kereszt\u00fcl, \u00e9s tan\u00edtv\u00e1ny lesz, \u00e1lland\u00f3 kapcsolatot l\u00e9tes\u00edt Gurudevval a finom szinten. Gurudev ez\u00e9rt mindig jelen van a tan\u00edtv\u00e1nnyal, ak\u00e1r k\u00f6zel, ak\u00e1r t\u00e1vol. Gurudev v\u00e9delmez\u0151 jelenl\u00e9te \u00e9s \u00fatmutat\u00e1sa mindig el\u00e9rhet\u0151 a tan\u00edtv\u00e1ny sz\u00e1m\u00e1ra, valah\u00e1nyszor sz\u00edvb\u0151l eml\u00e9kezik r\u00e1 vagy im\u00e1dkozik Hozz\u00e1. Ez\u00e9rt egy egyszer\u0171 k\u00e9p vagy fot\u00f3 Gurudevr\u00f3l ugyanolyan hat\u00e9kony, mint ha szem\u00e9lyesen \u00e1ldan\u00e1 meg a tan\u00edtv\u00e1nyt.<\/p>\n","protected":false},"excerpt":{"rendered":"<p>Guru Siyag siddha: spiritu\u00e1lis mester, aki el\u00e9rte mind a Sagun (Isten l\u00e1that\u00f3 form\u00e1ban \u00e9s tulajdons\u00e1gokkal), mind a Nirgun (Isten l\u00e1thatatlan \u00e1llapotban, gun\u00e1k vagy tulajdons\u00e1gok n\u00e9lk\u00fcl) isteni \u00e1llapotot. Gurudev isteni ereje nem korl\u00e1toz\u00f3dik a test\u00e9re. Isteni ereje az univerzum minden pontj\u00e1n jelen van l\u00e1thatatlan, finom form\u00e1ban, \u00edgy a fot\u00f3j\u00e1n val\u00f3 medit\u00e1ci\u00f3 ugyanolyan hat\u00e1s\u00fa, mint a szem\u00e9lyes jelenl\u00e9te. Guru Siyag k\u00e9p\u00e9n val\u00f3 medit\u00e1ci\u00f3 a kegy\u00e9nek megid\u00e9z\u00e9se. Guru Siyag ezt mondja: \u201eA guru gravit\u00e1ci\u00f3s er\u0151. Ez a test nem a guru. Ez a test n\u00e9h\u00e1ny \u00e9ven bel\u00fcl meghal. A guru benned van. A j\u00f3ga tudom\u00e1nya nem \u00e9rt\u00e9keli az id\u0151t \u00e9s teret. \u00c9n benned vagyok, \u00e9s te bennem. Valah\u00e1nyszor \u00e9s valahol r\u00e1m gondolsz, jelen leszek. Ha a guru igazi guru, akkor minden\u00fctt jelenval\u00f3.\u201d Miut\u00e1n egy keres\u0151 megkapja a mantra diksa-t Gurudevot\u00f3l szem\u00e9lyesen vagy TV-n, CD-n vagy e-mail vide\u00f3n kereszt\u00fcl, \u00e9s tan\u00edtv\u00e1ny lesz, \u00e1lland\u00f3 kapcsolatot l\u00e9tes\u00edt Gurudevval a finom szinten. Gurudev ez\u00e9rt mindig jelen van a tan\u00edtv\u00e1nnyal, ak\u00e1r k\u00f6zel, ak\u00e1r t\u00e1vol. Gurudev v\u00e9delmez\u0151 jelenl\u00e9te \u00e9s \u00fatmutat\u00e1sa mindig el\u00e9rhet\u0151 a tan\u00edtv\u00e1ny sz\u00e1m\u00e1ra, valah\u00e1nyszor sz\u00edvb\u0151l eml\u00e9kezik r\u00e1 vagy im\u00e1dkozik Hozz\u00e1. Ez\u00e9rt egy egyszer\u0171 k\u00e9p vagy fot\u00f3 Gurudevr\u00f3l ugyanolyan hat\u00e9kony, mint ha szem\u00e9lyesen \u00e1ldan\u00e1 meg a tan\u00edtv\u00e1nyt.<\/p>\n","protected":false},"author":2,"featured_media":0,"parent":0,"menu_order":0,"comment_status":"closed","ping_status":"closed","template":"","meta":{"footnotes":""},"class_list":["post-368","page","type-page","status-publish","hentry"],"aioseo_notices":[],"ams_acf":[],"_links":{"self":[{"href":"https:\/\/gurusiyagyoga.org\/hu\/wp-json\/wp\/v2\/pages\/368","targetHints":{"allow":["GET"]}}],"collection":[{"href":"https:\/\/gurusiyagyoga.org\/hu\/wp-json\/wp\/v2\/pages"}],"about":[{"href":"https:\/\/gurusiyagyoga.org\/hu\/wp-json\/wp\/v2\/types\/page"}],"author":[{"embeddable":true,"href":"https:\/\/gurusiyagyoga.org\/hu\/wp-json\/wp\/v2\/users\/2"}],"replies":[{"embeddable":true,"href":"https:\/\/gurusiyagyoga.org\/hu\/wp-json\/wp\/v2\/comments?post=368"}],"version-history":[{"count":2,"href":"https:\/\/gurusiyagyoga.org\/hu\/wp-json\/wp\/v2\/pages\/368\/revisions"}],"predecessor-version":[{"id":397,"href":"https:\/\/gurusiyagyoga.org\/hu\/wp-json\/wp\/v2\/pages\/368\/revisions\/397"}],"wp:attachment":[{"href":"https:\/\/gurusiyagyoga.org\/hu\/wp-json\/wp\/v2\/media?parent=368"}],"curies":[{"name":"wp","href":"https:\/\/api.w.org\/{rel}","templated":true}]}}